{"id":2199,"date":"2025-03-27T18:40:45","date_gmt":"2025-03-27T20:40:45","guid":{"rendered":"https:\/\/tiekejai.eu\/?post_type=product&#038;p=2199"},"modified":"2025-03-27T18:57:52","modified_gmt":"2025-03-27T20:57:52","slug":"lista-narzedzi","status":"publish","type":"product","link":"https:\/\/tiekejai.eu\/pl\/dostawca-zaopatrzenie\/lista-narzedzi\/","title":{"rendered":"Lista ponad 1 000 narz\u0119dzi AI - najlepsze rozwi\u0105zania AI"},"content":{"rendered":"<p class=\"translation-block\" data-start=\"590\" data-end=\"858\">Technologie sztucznej inteligencji szybko si\u0119 rozwijaj\u0105 i staj\u0105 si\u0119 niezb\u0119dnym narz\u0119dziem w wielu bran\u017cach. <strong data-start=\"691\" data-end=\"744\">Startupy, ma\u0142e firmy i du\u017ce korporacje<\/strong> coraz cz\u0119\u015bciej si\u0119gaj\u0105 po rozwi\u0105zania AI w celu poprawy wydajno\u015bci, optymalizacji proces\u00f3w i redukcji koszt\u00f3w.<\/p>\n<p class=\"translation-block\" data-start=\"860\" data-end=\"1636\"><strong data-start=\"860\" data-end=\"889\">Lista ponad 1000 narz\u0119dzi AI<\/strong> zapewnia kompleksowy dost\u0119p do najnowszych aplikacji AI dla:<br data-start=\"955\" data-end=\"958\">\ud83d\udd39 <strong data-start=\"961\" data-end=\"1000\">Zautomatyzowanej obs\u0142ugi klienta<\/strong> - &lt;a href=&quot;http:\/\/startmsg.<strong>Chatboty sterowane przez sztuczn\u0105 inteligencj\u0119<\/strong><\/a>, centra obs\u0142ugi telefonicznej i osobi\u015bci asystenci.<br data-start=\"1069\" data-end=\"1072\">\ud83d\udd39 <strong data-start=\"1075\" data-end=\"1094\">Tworzenie tre\u015bci<\/strong> - generowane przez SI artyku\u0142y, obrazy, wideo i muzyka.<strong data-start=\"1160\" data-end=\"1163\">\ud83d\udd39 <strong data-start=\"1166\" data-end=\"1200\">Dla SEO i marketingu cyfrowego<\/strong> - AI pomaga tworzy\u0107 zoptymalizowane tre\u015bci, analizowa\u0107 s\u0142owa kluczowe i zarz\u0105dza\u0107 kampaniami reklamowymi.<br data-start=\"1299\" data-end=\"1302\">\ud83d\udd39 <strong data-start=\"1305\" data-end=\"1322\">E-commerce<\/strong> - systemy rekomendacji oparte na AI, automatyczna segmentacja klient\u00f3w i spersonalizowane oferty.<strong data-start=\"1414\" data-end=\"1417\">\ud83d\udd39 <strong data-start=\"1420\" data-end=\"1454\">Do analizy danych i prognozowania<\/strong> - sztuczna inteligencja pomaga firmom podejmowa\u0107 decyzje w oparciu o rzeczywiste dane.<strong data-start=\"1525\" data-end=\"1528\">\ud83d\udd39 <strong data-start=\"1531\" data-end=\"1574\">Programowanie i optymalizacja kodowania<\/strong> - kod generowany przez AI, korekcja b\u0142\u0119d\u00f3w i analiza wydajno\u015bci.<\/p>\n<h3 class=\"\" data-start=\"1638\" data-end=\"1683\"><strong data-start=\"1642\" data-end=\"1681\">Dla kogo przeznaczona jest ta lista narz\u0119dzi AI?<\/strong><\/h3>\n<p class=\"translation-block\" data-start=\"1684\" data-end=\"2224\">\u2705 <strong data-start=\"1686\" data-end=\"1697\">Biznes<\/strong> - Firmy mog\u0105 znale\u017a\u0107 narz\u0119dzia AI, kt\u00f3re pomog\u0105 im zwi\u0119kszy\u0107 sprzeda\u017c, poprawi\u0107 obs\u0142ug\u0119 klienta i zautomatyzowa\u0107 codzienne zadania.<br data-start=\"1831\" data-end=\"1834\">\u2705 <strong data-start=\"1836\" data-end=\"1856\">Dla tw\u00f3rc\u00f3w tre\u015bci<\/strong> - Sztuczna inteligencja mo\u017ce pom\u00f3c w generowaniu pomys\u0142\u00f3w, pisaniu artyku\u0142\u00f3w, tworzeniu grafik i edycji film\u00f3w.<br data-start=\"1953\" data-end=\"1956\">\u2705 <strong data-start=\"1958\" data-end=\"1986\">Marketerom<\/strong> - AI optymalizuje cyfrowe kampanie reklamowe, analizuje trendy rynkowe i pomaga w SEO.<br data-start=\"2085\" data-end=\"2088\">\u2705 <strong data-start=\"2090\" data-end=\"2109\">Dla deweloper\u00f3w<\/strong> - AI mo\u017ce przyspieszy\u0107 proces kodowania, zautomatyzowa\u0107 testowanie i u\u0142atwi\u0107 naprawianie b\u0142\u0119d\u00f3w.<\/p>\n<p class=\"translation-block\" data-start=\"2226\" data-end=\"2539\">&lt;1F680\u21a9 <strong data-start=\"2229\" data-end=\"2274\">Dlaczego warto kupi\u0107 t\u0119 list\u0119 narz\u0119dzi AI? <\/strong><br data-start=\"2274\" data-end=\"2277\">\u2714\ufe0f \u0141atwy dost\u0119p do najnowszych technologii AI.<br data-start=\"2326\" data-end=\"2329\">\u2714\ufe0f Oszcz\u0119dzaj czas na poszukiwaniu odpowiednich narz\u0119dzi dla swojej firmy.<br data-start=\"2394\" data-end=\"2397\">\u2714\ufe0f Zainspiruj si\u0119 tym, jak AI mo\u017ce usprawni\u0107 Twoje procesy pracy.<br data-start=\"2461\" data-end=\"2464\">\u2714\ufe0f Stale aktualizowana baza danych z najnowszymi rozwi\u0105zaniami.<\/p>\n<p class=\"translation-block\" data-start=\"2541\" data-end=\"2607\">\ud83d\uded2 <strong data-start=\"2544\" data-end=\"2605\">Zakup teraz i odkryj mo\u017cliwo\u015bci AI z <a href=\"http:\/\/tiekejai.eu\/pl\/\" target=\"_self\">Tiekejai.eu<\/a>!<\/strong>.<\/p>","protected":false},"excerpt":{"rendered":"<p>Kompleksowa lista ponad 1000 narz\u0119dzi AI, kt\u00f3re pomog\u0105 Ci znale\u017a\u0107 najlepsze rozwi\u0105zania dla Twojej firmy. Odkryj chatboty, systemy automatyzacji, narz\u0119dzia do generowania obraz\u00f3w, platformy do tworzenia tre\u015bci i wiele innych zaawansowanych technologii AI!<\/p>","protected":false},"featured_media":2201,"template":"","meta":{"_eb_attr":""},"product_brand":[],"product_cat":[46],"product_tag":[],"class_list":{"0":"post-2199","1":"product","2":"type-product","3":"status-publish","4":"has-post-thumbnail","6":"product_cat-tiekeju-sarasai","8":"first","9":"instock","10":"sale","11":"downloadable","12":"shipping-taxable","13":"purchasable","14":"product-type-simple"},"yoast_head":"<!-- This site is optimized with the Yoast SEO Premium plugin v23.6 (Yoast SEO v27.3) - https:\/\/yoast.com\/product\/yoast-seo-premium-wordpress\/ -->\n<title>\ud83d\udd0d 1,000+ AI \u012franki\u0173 s\u0105ra\u0161as | Dirbtinio intelekto sprendimai<\/title>\n<meta name=\"description\" content=\"Atraskite daugiau nei 1,000 pa\u017eangiausi\u0173 AI \u012franki\u0173 vienoje vietoje! Chatbot&#039;ai, turinio k\u016brimas, automatizavimas, duomen\u0173 analiz\u0117 \u2013 viskas, ko reikia\" \/>\n<meta name=\"robots\" content=\"index, follow, max-snippet:-1, max-image-preview:large, max-video-preview:-1\" \/>\n<link rel=\"canonical\" href=\"https:\/\/tiekejai.eu\/pl\/dostawca-zaopatrzenie\/lista-narzedzi\/\" \/>\n<meta property=\"og:locale\" content=\"pl_PL\" \/>\n<meta property=\"og:type\" content=\"article\" \/>\n<meta property=\"og:title\" content=\"1,000+ AI \u012eranki\u0173 S\u0105ra\u0161as \u2013 Geriausi dirbtinio intelekto sprendimai\" \/>\n<meta property=\"og:description\" content=\"Atraskite daugiau nei 1,000 pa\u017eangiausi\u0173 AI \u012franki\u0173 vienoje vietoje! Chatbot&#039;ai, turinio k\u016brimas, automatizavimas, duomen\u0173 analiz\u0117 \u2013 viskas, ko reikia\" \/>\n<meta property=\"og:url\" content=\"https:\/\/tiekejai.eu\/pl\/dostawca-zaopatrzenie\/lista-narzedzi\/\" \/>\n<meta property=\"og:site_name\" content=\"Tiekejai.eu\" \/>\n<meta property=\"article:publisher\" content=\"https:\/\/www.facebook.com\/tiekejai.eu\" \/>\n<meta property=\"article:modified_time\" content=\"2025-03-27T20:57:52+00:00\" \/>\n<meta property=\"og:image\" content=\"https:\/\/tiekejai.eu\/wp-content\/uploads\/2025\/03\/ai_irankiu_sarasas.png\" \/>\n\t<meta property=\"og:image:width\" content=\"1024\" \/>\n\t<meta property=\"og:image:height\" content=\"1024\" \/>\n\t<meta property=\"og:image:type\" content=\"image\/png\" \/>\n<meta name=\"twitter:card\" content=\"summary_large_image\" \/>\n<meta name=\"twitter:label1\" content=\"Szacowany czas czytania\" \/>\n\t<meta name=\"twitter:data1\" content=\"2 minuty\" \/>\n<script type=\"application\/ld+json\" class=\"yoast-schema-graph\">{\"@context\":\"https:\\\/\\\/schema.org\",\"@graph\":[{\"@type\":\"WebPage\",\"@id\":\"https:\\\/\\\/tiekejai.eu\\\/tiekeju-sarasai\\\/ai-irankiu-sarasas\\\/\",\"url\":\"https:\\\/\\\/tiekejai.eu\\\/tiekeju-sarasai\\\/ai-irankiu-sarasas\\\/\",\"name\":\"\ud83d\udd0d 1,000+ AI \u012franki\u0173 s\u0105ra\u0161as | Dirbtinio intelekto sprendimai\",\"isPartOf\":{\"@id\":\"https:\\\/\\\/tiekejai.eu\\\/#website\"},\"primaryImageOfPage\":{\"@id\":\"https:\\\/\\\/tiekejai.eu\\\/tiekeju-sarasai\\\/ai-irankiu-sarasas\\\/#primaryimage\"},\"image\":{\"@id\":\"https:\\\/\\\/tiekejai.eu\\\/tiekeju-sarasai\\\/ai-irankiu-sarasas\\\/#primaryimage\"},\"thumbnailUrl\":\"https:\\\/\\\/tiekejai.eu\\\/wp-content\\\/uploads\\\/2025\\\/03\\\/ai_irankiu_sarasas.png\",\"datePublished\":\"2025-03-27T20:40:45+00:00\",\"dateModified\":\"2025-03-27T20:57:52+00:00\",\"description\":\"Atraskite daugiau nei 1,000 pa\u017eangiausi\u0173 AI \u012franki\u0173 vienoje vietoje! Chatbot'ai, turinio k\u016brimas, automatizavimas, duomen\u0173 analiz\u0117 \u2013 viskas, ko reikia\",\"breadcrumb\":{\"@id\":\"https:\\\/\\\/tiekejai.eu\\\/tiekeju-sarasai\\\/ai-irankiu-sarasas\\\/#breadcrumb\"},\"inLanguage\":\"pl-PL\",\"potentialAction\":[{\"@type\":\"ReadAction\",\"target\":[\"https:\\\/\\\/tiekejai.eu\\\/tiekeju-sarasai\\\/ai-irankiu-sarasas\\\/\"]}]},{\"@type\":\"ImageObject\",\"inLanguage\":\"pl-PL\",\"@id\":\"https:\\\/\\\/tiekejai.eu\\\/tiekeju-sarasai\\\/ai-irankiu-sarasas\\\/#primaryimage\",\"url\":\"https:\\\/\\\/tiekejai.eu\\\/wp-content\\\/uploads\\\/2025\\\/03\\\/ai_irankiu_sarasas.png\",\"contentUrl\":\"https:\\\/\\\/tiekejai.eu\\\/wp-content\\\/uploads\\\/2025\\\/03\\\/ai_irankiu_sarasas.png\",\"width\":1024,\"height\":1024},{\"@type\":\"BreadcrumbList\",\"@id\":\"https:\\\/\\\/tiekejai.eu\\\/tiekeju-sarasai\\\/ai-irankiu-sarasas\\\/#breadcrumb\",\"itemListElement\":[{\"@type\":\"ListItem\",\"position\":1,\"name\":\"Home\",\"item\":\"https:\\\/\\\/tiekejai.eu\\\/\"},{\"@type\":\"ListItem\",\"position\":2,\"name\":\"Tiek\u0117j\u0173 s\u0105ra\u0161ai\",\"item\":\"https:\\\/\\\/tiekejai.eu\\\/tiekeju-sarasai\\\/\"},{\"@type\":\"ListItem\",\"position\":3,\"name\":\"1,000+ AI \u012eranki\u0173 S\u0105ra\u0161as \u2013 Geriausi dirbtinio intelekto sprendimai\"}]},{\"@type\":\"WebSite\",\"@id\":\"https:\\\/\\\/tiekejai.eu\\\/#website\",\"url\":\"https:\\\/\\\/tiekejai.eu\\\/\",\"name\":\"Tiekejai.eu\",\"description\":\"\",\"publisher\":{\"@id\":\"https:\\\/\\\/tiekejai.eu\\\/#organization\"},\"potentialAction\":[{\"@type\":\"SearchAction\",\"target\":{\"@type\":\"EntryPoint\",\"urlTemplate\":\"https:\\\/\\\/tiekejai.eu\\\/?s={search_term_string}\"},\"query-input\":{\"@type\":\"PropertyValueSpecification\",\"valueRequired\":true,\"valueName\":\"search_term_string\"}}],\"inLanguage\":\"pl-PL\"},{\"@type\":\"Organization\",\"@id\":\"https:\\\/\\\/tiekejai.eu\\\/#organization\",\"name\":\"Tiekejai.eu | Preki\u0173 tiek\u0117j\u0173 ir gamintoj\u0173 paie\u0161ka\",\"url\":\"https:\\\/\\\/tiekejai.eu\\\/\",\"logo\":{\"@type\":\"ImageObject\",\"inLanguage\":\"pl-PL\",\"@id\":\"https:\\\/\\\/tiekejai.eu\\\/#\\\/schema\\\/logo\\\/image\\\/\",\"url\":\"http:\\\/\\\/tiekejai.eu\\\/wp-content\\\/uploads\\\/2021\\\/03\\\/cropped-cropped-Logo-transparent-backround-1.png\",\"contentUrl\":\"http:\\\/\\\/tiekejai.eu\\\/wp-content\\\/uploads\\\/2021\\\/03\\\/cropped-cropped-Logo-transparent-backround-1.png\",\"width\":65,\"height\":67,\"caption\":\"Tiekejai.eu | Preki\u0173 tiek\u0117j\u0173 ir gamintoj\u0173 paie\u0161ka\"},\"image\":{\"@id\":\"https:\\\/\\\/tiekejai.eu\\\/#\\\/schema\\\/logo\\\/image\\\/\"},\"sameAs\":[\"https:\\\/\\\/www.facebook.com\\\/tiekejai.eu\"]}]}<\/script>\n<!-- \/ Yoast SEO Premium plugin. -->","yoast_head_json":{"title":"Lista ponad 1000 narz\u0119dzi AI | Rozwi\u0105zania sztucznej inteligencji","description":"Odkryj ponad 1000 najnowocze\u015bniejszych narz\u0119dzi AI w jednym miejscu! Chatboty, tworzenie tre\u015bci, automatyzacja, analiza danych - wszystko, czego potrzebujesz","robots":{"index":"index","follow":"follow","max-snippet":"max-snippet:-1","max-image-preview":"max-image-preview:large","max-video-preview":"max-video-preview:-1"},"canonical":"https:\/\/tiekejai.eu\/pl\/dostawca-zaopatrzenie\/lista-narzedzi\/","og_locale":"pl_PL","og_type":"article","og_title":"1,000+ AI \u012eranki\u0173 S\u0105ra\u0161as \u2013 Geriausi dirbtinio intelekto sprendimai","og_description":"Atraskite daugiau nei 1,000 pa\u017eangiausi\u0173 AI \u012franki\u0173 vienoje vietoje! Chatbot'ai, turinio k\u016brimas, automatizavimas, duomen\u0173 analiz\u0117 \u2013 viskas, ko reikia","og_url":"https:\/\/tiekejai.eu\/pl\/dostawca-zaopatrzenie\/lista-narzedzi\/","og_site_name":"Tiekejai.eu","article_publisher":"https:\/\/www.facebook.com\/tiekejai.eu","article_modified_time":"2025-03-27T20:57:52+00:00","og_image":[{"width":1024,"height":1024,"url":"https:\/\/tiekejai.eu\/wp-content\/uploads\/2025\/03\/ai_irankiu_sarasas.png","type":"image\/png"}],"twitter_card":"summary_large_image","twitter_misc":{"Szacowany czas czytania":"2 minuty"},"schema":{"@context":"https:\/\/schema.org","@graph":[{"@type":"WebPage","@id":"https:\/\/tiekejai.eu\/tiekeju-sarasai\/ai-irankiu-sarasas\/","url":"https:\/\/tiekejai.eu\/tiekeju-sarasai\/ai-irankiu-sarasas\/","name":"Lista ponad 1000 narz\u0119dzi AI | Rozwi\u0105zania sztucznej inteligencji","isPartOf":{"@id":"https:\/\/tiekejai.eu\/#website"},"primaryImageOfPage":{"@id":"https:\/\/tiekejai.eu\/tiekeju-sarasai\/ai-irankiu-sarasas\/#primaryimage"},"image":{"@id":"https:\/\/tiekejai.eu\/tiekeju-sarasai\/ai-irankiu-sarasas\/#primaryimage"},"thumbnailUrl":"https:\/\/tiekejai.eu\/wp-content\/uploads\/2025\/03\/ai_irankiu_sarasas.png","datePublished":"2025-03-27T20:40:45+00:00","dateModified":"2025-03-27T20:57:52+00:00","description":"Odkryj ponad 1000 najnowocze\u015bniejszych narz\u0119dzi AI w jednym miejscu! Chatboty, tworzenie tre\u015bci, automatyzacja, analiza danych - wszystko, czego potrzebujesz","breadcrumb":{"@id":"https:\/\/tiekejai.eu\/tiekeju-sarasai\/ai-irankiu-sarasas\/#breadcrumb"},"inLanguage":"pl-PL","potentialAction":[{"@type":"ReadAction","target":["https:\/\/tiekejai.eu\/tiekeju-sarasai\/ai-irankiu-sarasas\/"]}]},{"@type":"ImageObject","inLanguage":"pl-PL","@id":"https:\/\/tiekejai.eu\/tiekeju-sarasai\/ai-irankiu-sarasas\/#primaryimage","url":"https:\/\/tiekejai.eu\/wp-content\/uploads\/2025\/03\/ai_irankiu_sarasas.png","contentUrl":"https:\/\/tiekejai.eu\/wp-content\/uploads\/2025\/03\/ai_irankiu_sarasas.png","width":1024,"height":1024},{"@type":"BreadcrumbList","@id":"https:\/\/tiekejai.eu\/tiekeju-sarasai\/ai-irankiu-sarasas\/#breadcrumb","itemListElement":[{"@type":"ListItem","position":1,"name":"Home","item":"https:\/\/tiekejai.eu\/"},{"@type":"ListItem","position":2,"name":"Tiek\u0117j\u0173 s\u0105ra\u0161ai","item":"https:\/\/tiekejai.eu\/tiekeju-sarasai\/"},{"@type":"ListItem","position":3,"name":"1,000+ AI \u012eranki\u0173 S\u0105ra\u0161as \u2013 Geriausi dirbtinio intelekto sprendimai"}]},{"@type":"WebSite","@id":"https:\/\/tiekejai.eu\/#website","url":"https:\/\/tiekejai.eu\/","name":"Tiekejai.eu","description":"","publisher":{"@id":"https:\/\/tiekejai.eu\/#organization"},"potentialAction":[{"@type":"SearchAction","target":{"@type":"EntryPoint","urlTemplate":"https:\/\/tiekejai.eu\/?s={search_term_string}"},"query-input":{"@type":"PropertyValueSpecification","valueRequired":true,"valueName":"search_term_string"}}],"inLanguage":"pl-PL"},{"@type":"Organization","@id":"https:\/\/tiekejai.eu\/#organization","name":"tiekejai.eu | Wyszukiwanie dostawc\u00f3w i producent\u00f3w towar\u00f3w","url":"https:\/\/tiekejai.eu\/","logo":{"@type":"ImageObject","inLanguage":"pl-PL","@id":"https:\/\/tiekejai.eu\/#\/schema\/logo\/image\/","url":"http:\/\/tiekejai.eu\/wp-content\/uploads\/2021\/03\/cropped-cropped-Logo-transparent-backround-1.png","contentUrl":"http:\/\/tiekejai.eu\/wp-content\/uploads\/2021\/03\/cropped-cropped-Logo-transparent-backround-1.png","width":65,"height":67,"caption":"Tiekejai.eu | Preki\u0173 tiek\u0117j\u0173 ir gamintoj\u0173 paie\u0161ka"},"image":{"@id":"https:\/\/tiekejai.eu\/#\/schema\/logo\/image\/"},"sameAs":["https:\/\/www.facebook.com\/tiekejai.eu"]}]}},"_links":{"self":[{"href":"https:\/\/tiekejai.eu\/pl\/wp-json\/wp\/v2\/product\/2199","targetHints":{"allow":["GET"]}}],"collection":[{"href":"https:\/\/tiekejai.eu\/pl\/wp-json\/wp\/v2\/product"}],"about":[{"href":"https:\/\/tiekejai.eu\/pl\/wp-json\/wp\/v2\/types\/product"}],"version-history":[{"count":1,"href":"https:\/\/tiekejai.eu\/pl\/wp-json\/wp\/v2\/product\/2199\/revisions"}],"predecessor-version":[{"id":2202,"href":"https:\/\/tiekejai.eu\/pl\/wp-json\/wp\/v2\/product\/2199\/revisions\/2202"}],"wp:featuredmedia":[{"embeddable":true,"href":"https:\/\/tiekejai.eu\/pl\/wp-json\/wp\/v2\/media\/2201"}],"wp:attachment":[{"href":"https:\/\/tiekejai.eu\/pl\/wp-json\/wp\/v2\/media?parent=2199"}],"wp:term":[{"taxonomy":"product_brand","embeddable":true,"href":"https:\/\/tiekejai.eu\/pl\/wp-json\/wp\/v2\/product_brand?post=2199"},{"taxonomy":"product_cat","embeddable":true,"href":"https:\/\/tiekejai.eu\/pl\/wp-json\/wp\/v2\/product_cat?post=2199"},{"taxonomy":"product_tag","embeddable":true,"href":"https:\/\/tiekejai.eu\/pl\/wp-json\/wp\/v2\/product_tag?post=2199"}],"curies":[{"name":"wp","href":"https:\/\/api.w.org\/{rel}","templated":true}]}}