{"id":1943,"date":"2024-04-08T21:06:30","date_gmt":"2024-04-08T23:06:30","guid":{"rendered":"https:\/\/tiekejai.eu\/?post_type=product&#038;p=1943"},"modified":"2024-04-08T21:26:39","modified_gmt":"2024-04-08T23:26:39","slug":"dostawca-asystent-wyszkolony-di-asystent","status":"publish","type":"product","link":"https:\/\/tiekejai.eu\/pl\/dostawca-zaopatrzenie\/dostawca-asystent-wyszkolony-di-asystent\/","title":{"rendered":"Lista dostawc\u00f3w z przeszkolonym asystentem AI"},"content":{"rendered":"<p style=\"text-align: left;\" class=\"translation-block\"><strong>Wypr\u00f3buj nasz\u0105 ekskluzywn\u0105 ofert\u0119<\/strong>: pot\u0119\u017cnego i przeszkolonego asystenta <strong>ChatGPT<\/strong>, kt\u00f3ry wykorzystuje nasze dane biznesowe i obszern\u0105 list\u0119 <strong>2500+ dostawc\u00f3w<\/strong>.  Nasza <strong>lista dostawc\u00f3w droppship<\/strong> otworzy drzwi do ponad 2500 dostawc\u00f3w z r\u00f3\u017cnych kraj\u00f3w, w tym Litwy, \u0141otwy, Ukrainy, Polski, Niemiec, Turcji, USA, W\u0142och i innych, mo\u017cesz \u0142atwo znale\u017a\u0107 odpowiedniego partnera, filtruj\u0105c dostawc\u00f3w na li\u015bcie dostawc\u00f3w lub wypr\u00f3bowa\u0107 <strong>asystenta DI<\/strong>. Nasza platforma zapewnia nieograniczony dost\u0119p, tylko subskrypcja ChatGPT 4 jest wymagana do korzystania z naszego asystenta.<\/p>\n<p style=\"text-align: left;\" class=\"translation-block\">Rozpocz\u0119cie dzia\u0142alno\u015bci gospodarczej mo\u017ce by\u0107 sporym wyzwaniem, ale dzi\u0119ki odpowiednim narz\u0119dziom mo\u017cna pewnie stawia\u0107 pierwsze kroki. Rozumiemy, \u017ce znalezienie wiarygodnych dostawc\u00f3w lub partner\u00f3w jest jednym z najwi\u0119kszych wyzwa\u0144 dla nowych przedsi\u0119biorc\u00f3w. Dlatego opracowali\u015bmy wyj\u0105tkowe rozwi\u0105zanie, aby u\u0142atwi\u0107 to zadanie.<\/p>\n<p style=\"text-align: left;\" class=\"translation-block\">Nasza lista <strong>2500 dostawc\u00f3w<\/strong> jest przeznaczona zar\u00f3wno dla nowych, jak i do\u015bwiadczonych przedsi\u0119biorc\u00f3w, kt\u00f3rzy chc\u0105 rozszerzy\u0107 lub rozpocz\u0105\u0107 swoj\u0105 dzia\u0142alno\u015b\u0107. Znajdziesz tu dostawc\u00f3w z wielu kraj\u00f3w, w tym z Litwy, \u0141otwy, Ukrainy, Polski, Niemiec, Turcji, USA, W\u0142och i innych, oferuj\u0105cych szerok\u0105 gam\u0119 produkt\u00f3w. Od odzie\u017cy i elektroniki po artyku\u0142y gospodarstwa domowego i artyku\u0142y ogrodnicze, znajdziesz wszystko, czego potrzebujesz, aby Twoja firma odnios\u0142a sukces.<\/p>\n<p style=\"text-align: left;\" class=\"translation-block\">Nasz <strong>Asystent ChatGPT<\/strong> to kolejne narz\u0119dzie w Twoim arsenale. Wykorzystuje on zaawansowan\u0105 technologi\u0119 sztucznej inteligencji, aby zapewni\u0107 spersonalizowane rekomendacje i porady dotycz\u0105ce znalezienia idealnego dostawcy dla potrzeb Twojej firmy. Dzi\u0119ki asystentowi mo\u017cesz zadawa\u0107 pytania, wyszukiwa\u0107 dostawc\u00f3w wed\u0142ug kategorii, a nawet lokalizacji geograficznej, oszcz\u0119dzaj\u0105c czas i zasoby.<\/p>\n<p style=\"text-align: left;\" class=\"translation-block\">To po\u0142\u0105czenie rozszerzonej <strong>listy dostawc\u00f3w<\/strong> i osobistego <strong>asystenta AI<\/strong> stanowi doskona\u0142\u0105 podstaw\u0119 udanego start-upu. Nie tylko zapewnia potrzebne narz\u0119dzia i informacje, ale tak\u017ce zmniejsza ryzyko zwi\u0105zane z rozpocz\u0119ciem dzia\u0142alno\u015bci, pomagaj\u0105c w skutecznym i inteligentnym planowaniu zakup\u00f3w.<\/p>\n<p style=\"text-align: left;\">Nie pozw\u00f3l, aby wyzwania zwi\u0105zane z rozpocz\u0119ciem dzia\u0142alno\u015bci stan\u0119\u0142y na drodze Twoim marzeniom biznesowym. Dzi\u0119ki naszej li\u015bcie dostawc\u00f3w i asystentowi ChatGPT masz wszystko, czego potrzebujesz, aby rozpocz\u0105\u0107 dzia\u0142alno\u015b\u0107 z pewno\u015bci\u0105 siebie i zrobi\u0107 pierwsze kroki w kierunku sukcesu.<\/p>\n<p class=\"translation-block\"><strong>Demesio! Aby korzysta\u0107 z osobistego asystenta przeszkolonego przez dostawc\u00f3w.eu, musisz <a href=\"https:\/\/openai.com\" target=\"_self\">otworzy\u0107 subskrypcj\u0119<\/a><a href=\"https:\/\/openai.com\" target=\"_self\">i<\/a> plus! <\/strong>.<\/p>","protected":false},"excerpt":{"rendered":"<p style=\"text-align: left;\"><strong>Marzysz o zostaniu przedsi\u0119biorc\u0105? Pomo\u017cemy Ci je zrealizowa\u0107. Odkryj nasz\u0105 wyj\u0105tkow\u0105 ofert\u0119 dla pocz\u0105tkuj\u0105cych przedsi\u0119biorc\u00f3w: obszern\u0105 list\u0119 ponad 2500 dostawc\u00f3w i intuicyjnego asystenta ChatGPT. Nasza lista dostawc\u00f3w otwiera drzwi do szerokiego wyboru dostawc\u00f3w z ca\u0142ego \u015bwiata, podczas gdy nasz asystent ChatGPT zapewnia dost\u0119p do wskaz\u00f3wek i rekomendacji, kt\u00f3re pomog\u0105 Ci znale\u017a\u0107 odpowiedniego dostawc\u0119 dla Twojej firmy. Jest to idealne rozwi\u0105zanie dla tych, kt\u00f3rzy stawiaj\u0105 pierwsze kroki w \u015bwiecie biznesu i szukaj\u0105 wiarygodnych partner\u00f3w.<\/strong><\/p>","protected":false},"featured_media":1944,"template":"","meta":{"_eb_attr":""},"product_brand":[],"product_cat":[46],"product_tag":[],"class_list":{"0":"post-1943","1":"product","2":"type-product","3":"status-publish","4":"has-post-thumbnail","6":"product_cat-tiekeju-sarasai","8":"first","9":"instock","10":"sale","11":"downloadable","12":"virtual","13":"purchasable","14":"product-type-simple"},"yoast_head":"<!-- This site is optimized with the Yoast SEO Premium plugin v23.6 (Yoast SEO v27.3) - https:\/\/yoast.com\/product\/yoast-seo-premium-wordpress\/ -->\n<title>Tiek\u0117j\u0173 S\u0105ra\u0161as su apmokytu DI Asistentu - Tiekejai.eu<\/title>\n<meta name=\"description\" content=\"Atraskite tinkam\u0105 Tiek\u0117j\u0105 su M\u016bs\u0173 apmokytu ChatGPT asistentu dar lengviau nei anks\u010diau, arba nagrin\u0117jant tiek\u0117j\u0173 s\u0105ra\u0161us kuriuose vir\u0161 2500 tiek\u0117j\u0173\" \/>\n<meta name=\"robots\" content=\"index, follow, max-snippet:-1, max-image-preview:large, max-video-preview:-1\" \/>\n<link rel=\"canonical\" href=\"https:\/\/tiekejai.eu\/pl\/dostawca-zaopatrzenie\/dostawca-asystent-wyszkolony-di-asystent\/\" \/>\n<meta property=\"og:locale\" content=\"pl_PL\" \/>\n<meta property=\"og:type\" content=\"article\" \/>\n<meta property=\"og:title\" content=\"Tiek\u0117j\u0173 S\u0105ra\u0161as su apmokytu DI Asistentu\" \/>\n<meta property=\"og:description\" content=\"Atraskite tinkam\u0105 Tiek\u0117j\u0105 su M\u016bs\u0173 apmokytu ChatGPT asistentu dar lengviau nei anks\u010diau, arba nagrin\u0117jant tiek\u0117j\u0173 s\u0105ra\u0161us kuriuose vir\u0161 2500 tiek\u0117j\u0173\" \/>\n<meta property=\"og:url\" content=\"https:\/\/tiekejai.eu\/pl\/dostawca-zaopatrzenie\/dostawca-asystent-wyszkolony-di-asystent\/\" \/>\n<meta property=\"og:site_name\" content=\"Tiekejai.eu\" \/>\n<meta property=\"article:publisher\" content=\"https:\/\/www.facebook.com\/tiekejai.eu\" \/>\n<meta property=\"article:modified_time\" content=\"2024-04-08T23:26:39+00:00\" \/>\n<meta property=\"og:image\" content=\"https:\/\/tiekejai.eu\/wp-content\/uploads\/2024\/04\/2500_Tiekeju_Sarasas_apmokytas_DI_Asistentas.png\" \/>\n\t<meta property=\"og:image:width\" content=\"1024\" \/>\n\t<meta property=\"og:image:height\" content=\"1024\" \/>\n\t<meta property=\"og:image:type\" content=\"image\/png\" \/>\n<meta name=\"twitter:card\" content=\"summary_large_image\" \/>\n<meta name=\"twitter:label1\" content=\"Szacowany czas czytania\" \/>\n\t<meta name=\"twitter:data1\" content=\"2 minuty\" \/>\n<script type=\"application\/ld+json\" class=\"yoast-schema-graph\">{\"@context\":\"https:\\\/\\\/schema.org\",\"@graph\":[{\"@type\":\"WebPage\",\"@id\":\"https:\\\/\\\/tiekejai.eu\\\/tiekeju-sarasai\\\/tiekeju-sarasas-su-apmokytu-di-asistentu\\\/\",\"url\":\"https:\\\/\\\/tiekejai.eu\\\/tiekeju-sarasai\\\/tiekeju-sarasas-su-apmokytu-di-asistentu\\\/\",\"name\":\"Tiek\u0117j\u0173 S\u0105ra\u0161as su apmokytu DI Asistentu - Tiekejai.eu\",\"isPartOf\":{\"@id\":\"https:\\\/\\\/tiekejai.eu\\\/#website\"},\"primaryImageOfPage\":{\"@id\":\"https:\\\/\\\/tiekejai.eu\\\/tiekeju-sarasai\\\/tiekeju-sarasas-su-apmokytu-di-asistentu\\\/#primaryimage\"},\"image\":{\"@id\":\"https:\\\/\\\/tiekejai.eu\\\/tiekeju-sarasai\\\/tiekeju-sarasas-su-apmokytu-di-asistentu\\\/#primaryimage\"},\"thumbnailUrl\":\"https:\\\/\\\/tiekejai.eu\\\/wp-content\\\/uploads\\\/2024\\\/04\\\/2500_Tiekeju_Sarasas_apmokytas_DI_Asistentas.png\",\"datePublished\":\"2024-04-08T23:06:30+00:00\",\"dateModified\":\"2024-04-08T23:26:39+00:00\",\"description\":\"Atraskite tinkam\u0105 Tiek\u0117j\u0105 su M\u016bs\u0173 apmokytu ChatGPT asistentu dar lengviau nei anks\u010diau, arba nagrin\u0117jant tiek\u0117j\u0173 s\u0105ra\u0161us kuriuose vir\u0161 2500 tiek\u0117j\u0173\",\"breadcrumb\":{\"@id\":\"https:\\\/\\\/tiekejai.eu\\\/tiekeju-sarasai\\\/tiekeju-sarasas-su-apmokytu-di-asistentu\\\/#breadcrumb\"},\"inLanguage\":\"pl-PL\",\"potentialAction\":[{\"@type\":\"ReadAction\",\"target\":[\"https:\\\/\\\/tiekejai.eu\\\/tiekeju-sarasai\\\/tiekeju-sarasas-su-apmokytu-di-asistentu\\\/\"]}]},{\"@type\":\"ImageObject\",\"inLanguage\":\"pl-PL\",\"@id\":\"https:\\\/\\\/tiekejai.eu\\\/tiekeju-sarasai\\\/tiekeju-sarasas-su-apmokytu-di-asistentu\\\/#primaryimage\",\"url\":\"https:\\\/\\\/tiekejai.eu\\\/wp-content\\\/uploads\\\/2024\\\/04\\\/2500_Tiekeju_Sarasas_apmokytas_DI_Asistentas.png\",\"contentUrl\":\"https:\\\/\\\/tiekejai.eu\\\/wp-content\\\/uploads\\\/2024\\\/04\\\/2500_Tiekeju_Sarasas_apmokytas_DI_Asistentas.png\",\"width\":1024,\"height\":1024,\"caption\":\"Tyrin\u0117k tiek\u0117j\u0173 s\u0105ra\u0161\u0105 ir klausk asmeninio asistento pagalbos!\"},{\"@type\":\"BreadcrumbList\",\"@id\":\"https:\\\/\\\/tiekejai.eu\\\/tiekeju-sarasai\\\/tiekeju-sarasas-su-apmokytu-di-asistentu\\\/#breadcrumb\",\"itemListElement\":[{\"@type\":\"ListItem\",\"position\":1,\"name\":\"Home\",\"item\":\"https:\\\/\\\/tiekejai.eu\\\/\"},{\"@type\":\"ListItem\",\"position\":2,\"name\":\"Tiek\u0117j\u0173 s\u0105ra\u0161ai\",\"item\":\"https:\\\/\\\/tiekejai.eu\\\/tiekeju-sarasai\\\/\"},{\"@type\":\"ListItem\",\"position\":3,\"name\":\"Tiek\u0117j\u0173 S\u0105ra\u0161as su apmokytu DI Asistentu\"}]},{\"@type\":\"WebSite\",\"@id\":\"https:\\\/\\\/tiekejai.eu\\\/#website\",\"url\":\"https:\\\/\\\/tiekejai.eu\\\/\",\"name\":\"Tiekejai.eu\",\"description\":\"\",\"publisher\":{\"@id\":\"https:\\\/\\\/tiekejai.eu\\\/#organization\"},\"potentialAction\":[{\"@type\":\"SearchAction\",\"target\":{\"@type\":\"EntryPoint\",\"urlTemplate\":\"https:\\\/\\\/tiekejai.eu\\\/?s={search_term_string}\"},\"query-input\":{\"@type\":\"PropertyValueSpecification\",\"valueRequired\":true,\"valueName\":\"search_term_string\"}}],\"inLanguage\":\"pl-PL\"},{\"@type\":\"Organization\",\"@id\":\"https:\\\/\\\/tiekejai.eu\\\/#organization\",\"name\":\"Tiekejai.eu | Preki\u0173 tiek\u0117j\u0173 ir gamintoj\u0173 paie\u0161ka\",\"url\":\"https:\\\/\\\/tiekejai.eu\\\/\",\"logo\":{\"@type\":\"ImageObject\",\"inLanguage\":\"pl-PL\",\"@id\":\"https:\\\/\\\/tiekejai.eu\\\/#\\\/schema\\\/logo\\\/image\\\/\",\"url\":\"http:\\\/\\\/tiekejai.eu\\\/wp-content\\\/uploads\\\/2021\\\/03\\\/cropped-cropped-Logo-transparent-backround-1.png\",\"contentUrl\":\"http:\\\/\\\/tiekejai.eu\\\/wp-content\\\/uploads\\\/2021\\\/03\\\/cropped-cropped-Logo-transparent-backround-1.png\",\"width\":65,\"height\":67,\"caption\":\"Tiekejai.eu | Preki\u0173 tiek\u0117j\u0173 ir gamintoj\u0173 paie\u0161ka\"},\"image\":{\"@id\":\"https:\\\/\\\/tiekejai.eu\\\/#\\\/schema\\\/logo\\\/image\\\/\"},\"sameAs\":[\"https:\\\/\\\/www.facebook.com\\\/tiekejai.eu\"]}]}<\/script>\n<!-- \/ Yoast SEO Premium plugin. -->","yoast_head_json":{"title":"Lista dostawc\u00f3w z przeszkolonym asystentem AI - Tiekejai.eu","description":"Znajd\u017a odpowiedniego dostawc\u0119 z naszym przeszkolonym asystentem ChatGPT jeszcze \u0142atwiej ni\u017c wcze\u015bniej lub przegl\u0105daj\u0105c listy dostawc\u00f3w ponad 2500 dostawc\u00f3w.","robots":{"index":"index","follow":"follow","max-snippet":"max-snippet:-1","max-image-preview":"max-image-preview:large","max-video-preview":"max-video-preview:-1"},"canonical":"https:\/\/tiekejai.eu\/pl\/dostawca-zaopatrzenie\/dostawca-asystent-wyszkolony-di-asystent\/","og_locale":"pl_PL","og_type":"article","og_title":"Tiek\u0117j\u0173 S\u0105ra\u0161as su apmokytu DI Asistentu","og_description":"Atraskite tinkam\u0105 Tiek\u0117j\u0105 su M\u016bs\u0173 apmokytu ChatGPT asistentu dar lengviau nei anks\u010diau, arba nagrin\u0117jant tiek\u0117j\u0173 s\u0105ra\u0161us kuriuose vir\u0161 2500 tiek\u0117j\u0173","og_url":"https:\/\/tiekejai.eu\/pl\/dostawca-zaopatrzenie\/dostawca-asystent-wyszkolony-di-asystent\/","og_site_name":"Tiekejai.eu","article_publisher":"https:\/\/www.facebook.com\/tiekejai.eu","article_modified_time":"2024-04-08T23:26:39+00:00","og_image":[{"width":1024,"height":1024,"url":"https:\/\/tiekejai.eu\/wp-content\/uploads\/2024\/04\/2500_Tiekeju_Sarasas_apmokytas_DI_Asistentas.png","type":"image\/png"}],"twitter_card":"summary_large_image","twitter_misc":{"Szacowany czas czytania":"2 minuty"},"schema":{"@context":"https:\/\/schema.org","@graph":[{"@type":"WebPage","@id":"https:\/\/tiekejai.eu\/tiekeju-sarasai\/tiekeju-sarasas-su-apmokytu-di-asistentu\/","url":"https:\/\/tiekejai.eu\/tiekeju-sarasai\/tiekeju-sarasas-su-apmokytu-di-asistentu\/","name":"Lista dostawc\u00f3w z przeszkolonym asystentem AI - Tiekejai.eu","isPartOf":{"@id":"https:\/\/tiekejai.eu\/#website"},"primaryImageOfPage":{"@id":"https:\/\/tiekejai.eu\/tiekeju-sarasai\/tiekeju-sarasas-su-apmokytu-di-asistentu\/#primaryimage"},"image":{"@id":"https:\/\/tiekejai.eu\/tiekeju-sarasai\/tiekeju-sarasas-su-apmokytu-di-asistentu\/#primaryimage"},"thumbnailUrl":"https:\/\/tiekejai.eu\/wp-content\/uploads\/2024\/04\/2500_Tiekeju_Sarasas_apmokytas_DI_Asistentas.png","datePublished":"2024-04-08T23:06:30+00:00","dateModified":"2024-04-08T23:26:39+00:00","description":"Znajd\u017a odpowiedniego dostawc\u0119 z naszym przeszkolonym asystentem ChatGPT jeszcze \u0142atwiej ni\u017c wcze\u015bniej lub przegl\u0105daj\u0105c listy dostawc\u00f3w ponad 2500 dostawc\u00f3w.","breadcrumb":{"@id":"https:\/\/tiekejai.eu\/tiekeju-sarasai\/tiekeju-sarasas-su-apmokytu-di-asistentu\/#breadcrumb"},"inLanguage":"pl-PL","potentialAction":[{"@type":"ReadAction","target":["https:\/\/tiekejai.eu\/tiekeju-sarasai\/tiekeju-sarasas-su-apmokytu-di-asistentu\/"]}]},{"@type":"ImageObject","inLanguage":"pl-PL","@id":"https:\/\/tiekejai.eu\/tiekeju-sarasai\/tiekeju-sarasas-su-apmokytu-di-asistentu\/#primaryimage","url":"https:\/\/tiekejai.eu\/wp-content\/uploads\/2024\/04\/2500_Tiekeju_Sarasas_apmokytas_DI_Asistentas.png","contentUrl":"https:\/\/tiekejai.eu\/wp-content\/uploads\/2024\/04\/2500_Tiekeju_Sarasas_apmokytas_DI_Asistentas.png","width":1024,"height":1024,"caption":"Tyrin\u0117k tiek\u0117j\u0173 s\u0105ra\u0161\u0105 ir klausk asmeninio asistento pagalbos!"},{"@type":"BreadcrumbList","@id":"https:\/\/tiekejai.eu\/tiekeju-sarasai\/tiekeju-sarasas-su-apmokytu-di-asistentu\/#breadcrumb","itemListElement":[{"@type":"ListItem","position":1,"name":"Home","item":"https:\/\/tiekejai.eu\/"},{"@type":"ListItem","position":2,"name":"Tiek\u0117j\u0173 s\u0105ra\u0161ai","item":"https:\/\/tiekejai.eu\/tiekeju-sarasai\/"},{"@type":"ListItem","position":3,"name":"Tiek\u0117j\u0173 S\u0105ra\u0161as su apmokytu DI Asistentu"}]},{"@type":"WebSite","@id":"https:\/\/tiekejai.eu\/#website","url":"https:\/\/tiekejai.eu\/","name":"Tiekejai.eu","description":"","publisher":{"@id":"https:\/\/tiekejai.eu\/#organization"},"potentialAction":[{"@type":"SearchAction","target":{"@type":"EntryPoint","urlTemplate":"https:\/\/tiekejai.eu\/?s={search_term_string}"},"query-input":{"@type":"PropertyValueSpecification","valueRequired":true,"valueName":"search_term_string"}}],"inLanguage":"pl-PL"},{"@type":"Organization","@id":"https:\/\/tiekejai.eu\/#organization","name":"tiekejai.eu | Wyszukiwanie dostawc\u00f3w i producent\u00f3w towar\u00f3w","url":"https:\/\/tiekejai.eu\/","logo":{"@type":"ImageObject","inLanguage":"pl-PL","@id":"https:\/\/tiekejai.eu\/#\/schema\/logo\/image\/","url":"http:\/\/tiekejai.eu\/wp-content\/uploads\/2021\/03\/cropped-cropped-Logo-transparent-backround-1.png","contentUrl":"http:\/\/tiekejai.eu\/wp-content\/uploads\/2021\/03\/cropped-cropped-Logo-transparent-backround-1.png","width":65,"height":67,"caption":"Tiekejai.eu | Preki\u0173 tiek\u0117j\u0173 ir gamintoj\u0173 paie\u0161ka"},"image":{"@id":"https:\/\/tiekejai.eu\/#\/schema\/logo\/image\/"},"sameAs":["https:\/\/www.facebook.com\/tiekejai.eu"]}]}},"_links":{"self":[{"href":"https:\/\/tiekejai.eu\/pl\/wp-json\/wp\/v2\/product\/1943","targetHints":{"allow":["GET"]}}],"collection":[{"href":"https:\/\/tiekejai.eu\/pl\/wp-json\/wp\/v2\/product"}],"about":[{"href":"https:\/\/tiekejai.eu\/pl\/wp-json\/wp\/v2\/types\/product"}],"version-history":[{"count":2,"href":"https:\/\/tiekejai.eu\/pl\/wp-json\/wp\/v2\/product\/1943\/revisions"}],"predecessor-version":[{"id":1951,"href":"https:\/\/tiekejai.eu\/pl\/wp-json\/wp\/v2\/product\/1943\/revisions\/1951"}],"wp:featuredmedia":[{"embeddable":true,"href":"https:\/\/tiekejai.eu\/pl\/wp-json\/wp\/v2\/media\/1944"}],"wp:attachment":[{"href":"https:\/\/tiekejai.eu\/pl\/wp-json\/wp\/v2\/media?parent=1943"}],"wp:term":[{"taxonomy":"product_brand","embeddable":true,"href":"https:\/\/tiekejai.eu\/pl\/wp-json\/wp\/v2\/product_brand?post=1943"},{"taxonomy":"product_cat","embeddable":true,"href":"https:\/\/tiekejai.eu\/pl\/wp-json\/wp\/v2\/product_cat?post=1943"},{"taxonomy":"product_tag","embeddable":true,"href":"https:\/\/tiekejai.eu\/pl\/wp-json\/wp\/v2\/product_tag?post=1943"}],"curies":[{"name":"wp","href":"https:\/\/api.w.org\/{rel}","templated":true}]}}