{"id":1475,"date":"2023-07-08T17:25:14","date_gmt":"2023-07-08T19:25:14","guid":{"rendered":"https:\/\/tiekejai.eu\/?post_type=product&#038;p=1475"},"modified":"2023-09-18T19:25:29","modified_gmt":"2023-09-18T21:25:29","slug":"dostawcy-mebli","status":"publish","type":"product","link":"https:\/\/tiekejai.eu\/pl\/dostawca-zaopatrzenie\/dostawcy-mebli\/","title":{"rendered":"Dostawcy mebli"},"content":{"rendered":"","protected":false},"excerpt":{"rendered":"<p>Nasz <strong>dostawcy mebli<\/strong> Lista daje dost\u0119p do 64 dostawc\u00f3w z Polski, Niemiec, Wielkiej Brytanii, Czech, Kanady, Holandii i innych kraj\u00f3w. Opr\u00f3cz tego zapewnimy bezp\u0142atne lekcje na temat wszystkiego, od zak\u0142adania sklep\u00f3w internetowych, sieci e-commerce i reklamy!<\/p>","protected":false},"featured_media":1478,"template":"","meta":{"_eb_attr":""},"product_brand":[],"product_cat":[46],"product_tag":[],"class_list":{"0":"post-1475","1":"product","2":"type-product","3":"status-publish","4":"has-post-thumbnail","6":"product_cat-tiekeju-sarasai","8":"first","9":"instock","10":"sale","11":"downloadable","12":"shipping-taxable","13":"purchasable","14":"product-type-simple"},"yoast_head":"<!-- This site is optimized with the Yoast SEO Premium plugin v23.6 (Yoast SEO v27.3) - https:\/\/yoast.com\/product\/yoast-seo-premium-wordpress\/ -->\n<title>Bald\u0173 Tiek\u0117jai - Tiekejai.eu<\/title>\n<meta name=\"description\" content=\"Bald\u0173 tiek\u0117j\u0173 s\u0105ra\u0161as su 64 tiek\u0117jais i\u0161 Europos ir kit\u0173 pasaulio valstybi\u0173 u\u017e geriausi\u0105 kain\u0105 ir nemokamomis verslo pamokomis vienoje vietoje!\" \/>\n<meta name=\"robots\" content=\"index, follow, max-snippet:-1, max-image-preview:large, max-video-preview:-1\" \/>\n<link rel=\"canonical\" href=\"https:\/\/tiekejai.eu\/pl\/dostawca-zaopatrzenie\/dostawcy-mebli\/\" \/>\n<meta property=\"og:locale\" content=\"pl_PL\" \/>\n<meta property=\"og:type\" content=\"article\" \/>\n<meta property=\"og:title\" content=\"Bald\u0173 Tiek\u0117jai\" \/>\n<meta property=\"og:description\" content=\"Bald\u0173 tiek\u0117j\u0173 s\u0105ra\u0161as su 64 tiek\u0117jais i\u0161 Europos ir kit\u0173 pasaulio valstybi\u0173 u\u017e geriausi\u0105 kain\u0105 ir nemokamomis verslo pamokomis vienoje vietoje!\" \/>\n<meta property=\"og:url\" content=\"https:\/\/tiekejai.eu\/pl\/dostawca-zaopatrzenie\/dostawcy-mebli\/\" \/>\n<meta property=\"og:site_name\" content=\"Tiekejai.eu\" \/>\n<meta property=\"article:publisher\" content=\"https:\/\/www.facebook.com\/tiekejai.eu\" \/>\n<meta property=\"article:modified_time\" content=\"2023-09-18T21:25:29+00:00\" \/>\n<meta property=\"og:image\" content=\"https:\/\/tiekejai.eu\/wp-content\/uploads\/2023\/07\/Baldu_Tiekejai.png\" \/>\n\t<meta property=\"og:image:width\" content=\"1080\" \/>\n\t<meta property=\"og:image:height\" content=\"1080\" \/>\n\t<meta property=\"og:image:type\" content=\"image\/png\" \/>\n<meta name=\"twitter:card\" content=\"summary_large_image\" \/>\n<script type=\"application\/ld+json\" class=\"yoast-schema-graph\">{\"@context\":\"https:\\\/\\\/schema.org\",\"@graph\":[{\"@type\":\"WebPage\",\"@id\":\"https:\\\/\\\/tiekejai.eu\\\/tiekeju-sarasai\\\/baldu-tiekejai\\\/\",\"url\":\"https:\\\/\\\/tiekejai.eu\\\/tiekeju-sarasai\\\/baldu-tiekejai\\\/\",\"name\":\"Bald\u0173 Tiek\u0117jai - Tiekejai.eu\",\"isPartOf\":{\"@id\":\"https:\\\/\\\/tiekejai.eu\\\/#website\"},\"primaryImageOfPage\":{\"@id\":\"https:\\\/\\\/tiekejai.eu\\\/tiekeju-sarasai\\\/baldu-tiekejai\\\/#primaryimage\"},\"image\":{\"@id\":\"https:\\\/\\\/tiekejai.eu\\\/tiekeju-sarasai\\\/baldu-tiekejai\\\/#primaryimage\"},\"thumbnailUrl\":\"https:\\\/\\\/tiekejai.eu\\\/wp-content\\\/uploads\\\/2023\\\/07\\\/Baldu_Tiekejai.png\",\"datePublished\":\"2023-07-08T19:25:14+00:00\",\"dateModified\":\"2023-09-18T21:25:29+00:00\",\"description\":\"Bald\u0173 tiek\u0117j\u0173 s\u0105ra\u0161as su 64 tiek\u0117jais i\u0161 Europos ir kit\u0173 pasaulio valstybi\u0173 u\u017e geriausi\u0105 kain\u0105 ir nemokamomis verslo pamokomis vienoje vietoje!\",\"breadcrumb\":{\"@id\":\"https:\\\/\\\/tiekejai.eu\\\/tiekeju-sarasai\\\/baldu-tiekejai\\\/#breadcrumb\"},\"inLanguage\":\"pl-PL\",\"potentialAction\":[{\"@type\":\"ReadAction\",\"target\":[\"https:\\\/\\\/tiekejai.eu\\\/tiekeju-sarasai\\\/baldu-tiekejai\\\/\"]}]},{\"@type\":\"ImageObject\",\"inLanguage\":\"pl-PL\",\"@id\":\"https:\\\/\\\/tiekejai.eu\\\/tiekeju-sarasai\\\/baldu-tiekejai\\\/#primaryimage\",\"url\":\"https:\\\/\\\/tiekejai.eu\\\/wp-content\\\/uploads\\\/2023\\\/07\\\/Baldu_Tiekejai.png\",\"contentUrl\":\"https:\\\/\\\/tiekejai.eu\\\/wp-content\\\/uploads\\\/2023\\\/07\\\/Baldu_Tiekejai.png\",\"width\":1080,\"height\":1080,\"caption\":\"Bald\u0173 tiek\u0117j\u0173 s\u0105ra\u0161as\"},{\"@type\":\"BreadcrumbList\",\"@id\":\"https:\\\/\\\/tiekejai.eu\\\/tiekeju-sarasai\\\/baldu-tiekejai\\\/#breadcrumb\",\"itemListElement\":[{\"@type\":\"ListItem\",\"position\":1,\"name\":\"Home\",\"item\":\"https:\\\/\\\/tiekejai.eu\\\/\"},{\"@type\":\"ListItem\",\"position\":2,\"name\":\"Tiek\u0117j\u0173 s\u0105ra\u0161ai\",\"item\":\"https:\\\/\\\/tiekejai.eu\\\/tiekeju-sarasai\\\/\"},{\"@type\":\"ListItem\",\"position\":3,\"name\":\"Bald\u0173 Tiek\u0117jai\"}]},{\"@type\":\"WebSite\",\"@id\":\"https:\\\/\\\/tiekejai.eu\\\/#website\",\"url\":\"https:\\\/\\\/tiekejai.eu\\\/\",\"name\":\"Tiekejai.eu\",\"description\":\"\",\"publisher\":{\"@id\":\"https:\\\/\\\/tiekejai.eu\\\/#organization\"},\"potentialAction\":[{\"@type\":\"SearchAction\",\"target\":{\"@type\":\"EntryPoint\",\"urlTemplate\":\"https:\\\/\\\/tiekejai.eu\\\/?s={search_term_string}\"},\"query-input\":{\"@type\":\"PropertyValueSpecification\",\"valueRequired\":true,\"valueName\":\"search_term_string\"}}],\"inLanguage\":\"pl-PL\"},{\"@type\":\"Organization\",\"@id\":\"https:\\\/\\\/tiekejai.eu\\\/#organization\",\"name\":\"Tiekejai.eu | Preki\u0173 tiek\u0117j\u0173 ir gamintoj\u0173 paie\u0161ka\",\"url\":\"https:\\\/\\\/tiekejai.eu\\\/\",\"logo\":{\"@type\":\"ImageObject\",\"inLanguage\":\"pl-PL\",\"@id\":\"https:\\\/\\\/tiekejai.eu\\\/#\\\/schema\\\/logo\\\/image\\\/\",\"url\":\"http:\\\/\\\/tiekejai.eu\\\/wp-content\\\/uploads\\\/2021\\\/03\\\/cropped-cropped-Logo-transparent-backround-1.png\",\"contentUrl\":\"http:\\\/\\\/tiekejai.eu\\\/wp-content\\\/uploads\\\/2021\\\/03\\\/cropped-cropped-Logo-transparent-backround-1.png\",\"width\":65,\"height\":67,\"caption\":\"Tiekejai.eu | Preki\u0173 tiek\u0117j\u0173 ir gamintoj\u0173 paie\u0161ka\"},\"image\":{\"@id\":\"https:\\\/\\\/tiekejai.eu\\\/#\\\/schema\\\/logo\\\/image\\\/\"},\"sameAs\":[\"https:\\\/\\\/www.facebook.com\\\/tiekejai.eu\"]}]}<\/script>\n<!-- \/ Yoast SEO Premium plugin. -->","yoast_head_json":{"title":"Dostawcy mebli - Tiekejai.eu","description":"Lista dostawc\u00f3w mebli z 64 dostawcami z Europy i innych kraj\u00f3w na ca\u0142ym \u015bwiecie w najlepszej cenie i bezp\u0142atne lekcje biznesowe w jednym miejscu!","robots":{"index":"index","follow":"follow","max-snippet":"max-snippet:-1","max-image-preview":"max-image-preview:large","max-video-preview":"max-video-preview:-1"},"canonical":"https:\/\/tiekejai.eu\/pl\/dostawca-zaopatrzenie\/dostawcy-mebli\/","og_locale":"pl_PL","og_type":"article","og_title":"Bald\u0173 Tiek\u0117jai","og_description":"Bald\u0173 tiek\u0117j\u0173 s\u0105ra\u0161as su 64 tiek\u0117jais i\u0161 Europos ir kit\u0173 pasaulio valstybi\u0173 u\u017e geriausi\u0105 kain\u0105 ir nemokamomis verslo pamokomis vienoje vietoje!","og_url":"https:\/\/tiekejai.eu\/pl\/dostawca-zaopatrzenie\/dostawcy-mebli\/","og_site_name":"Tiekejai.eu","article_publisher":"https:\/\/www.facebook.com\/tiekejai.eu","article_modified_time":"2023-09-18T21:25:29+00:00","og_image":[{"width":1080,"height":1080,"url":"https:\/\/tiekejai.eu\/wp-content\/uploads\/2023\/07\/Baldu_Tiekejai.png","type":"image\/png"}],"twitter_card":"summary_large_image","schema":{"@context":"https:\/\/schema.org","@graph":[{"@type":"WebPage","@id":"https:\/\/tiekejai.eu\/tiekeju-sarasai\/baldu-tiekejai\/","url":"https:\/\/tiekejai.eu\/tiekeju-sarasai\/baldu-tiekejai\/","name":"Dostawcy mebli - Tiekejai.eu","isPartOf":{"@id":"https:\/\/tiekejai.eu\/#website"},"primaryImageOfPage":{"@id":"https:\/\/tiekejai.eu\/tiekeju-sarasai\/baldu-tiekejai\/#primaryimage"},"image":{"@id":"https:\/\/tiekejai.eu\/tiekeju-sarasai\/baldu-tiekejai\/#primaryimage"},"thumbnailUrl":"https:\/\/tiekejai.eu\/wp-content\/uploads\/2023\/07\/Baldu_Tiekejai.png","datePublished":"2023-07-08T19:25:14+00:00","dateModified":"2023-09-18T21:25:29+00:00","description":"Lista dostawc\u00f3w mebli z 64 dostawcami z Europy i innych kraj\u00f3w na ca\u0142ym \u015bwiecie w najlepszej cenie i bezp\u0142atne lekcje biznesowe w jednym miejscu!","breadcrumb":{"@id":"https:\/\/tiekejai.eu\/tiekeju-sarasai\/baldu-tiekejai\/#breadcrumb"},"inLanguage":"pl-PL","potentialAction":[{"@type":"ReadAction","target":["https:\/\/tiekejai.eu\/tiekeju-sarasai\/baldu-tiekejai\/"]}]},{"@type":"ImageObject","inLanguage":"pl-PL","@id":"https:\/\/tiekejai.eu\/tiekeju-sarasai\/baldu-tiekejai\/#primaryimage","url":"https:\/\/tiekejai.eu\/wp-content\/uploads\/2023\/07\/Baldu_Tiekejai.png","contentUrl":"https:\/\/tiekejai.eu\/wp-content\/uploads\/2023\/07\/Baldu_Tiekejai.png","width":1080,"height":1080,"caption":"Bald\u0173 tiek\u0117j\u0173 s\u0105ra\u0161as"},{"@type":"BreadcrumbList","@id":"https:\/\/tiekejai.eu\/tiekeju-sarasai\/baldu-tiekejai\/#breadcrumb","itemListElement":[{"@type":"ListItem","position":1,"name":"Home","item":"https:\/\/tiekejai.eu\/"},{"@type":"ListItem","position":2,"name":"Tiek\u0117j\u0173 s\u0105ra\u0161ai","item":"https:\/\/tiekejai.eu\/tiekeju-sarasai\/"},{"@type":"ListItem","position":3,"name":"Bald\u0173 Tiek\u0117jai"}]},{"@type":"WebSite","@id":"https:\/\/tiekejai.eu\/#website","url":"https:\/\/tiekejai.eu\/","name":"Tiekejai.eu","description":"","publisher":{"@id":"https:\/\/tiekejai.eu\/#organization"},"potentialAction":[{"@type":"SearchAction","target":{"@type":"EntryPoint","urlTemplate":"https:\/\/tiekejai.eu\/?s={search_term_string}"},"query-input":{"@type":"PropertyValueSpecification","valueRequired":true,"valueName":"search_term_string"}}],"inLanguage":"pl-PL"},{"@type":"Organization","@id":"https:\/\/tiekejai.eu\/#organization","name":"tiekejai.eu | Wyszukiwanie dostawc\u00f3w i producent\u00f3w towar\u00f3w","url":"https:\/\/tiekejai.eu\/","logo":{"@type":"ImageObject","inLanguage":"pl-PL","@id":"https:\/\/tiekejai.eu\/#\/schema\/logo\/image\/","url":"http:\/\/tiekejai.eu\/wp-content\/uploads\/2021\/03\/cropped-cropped-Logo-transparent-backround-1.png","contentUrl":"http:\/\/tiekejai.eu\/wp-content\/uploads\/2021\/03\/cropped-cropped-Logo-transparent-backround-1.png","width":65,"height":67,"caption":"Tiekejai.eu | Preki\u0173 tiek\u0117j\u0173 ir gamintoj\u0173 paie\u0161ka"},"image":{"@id":"https:\/\/tiekejai.eu\/#\/schema\/logo\/image\/"},"sameAs":["https:\/\/www.facebook.com\/tiekejai.eu"]}]}},"_links":{"self":[{"href":"https:\/\/tiekejai.eu\/pl\/wp-json\/wp\/v2\/product\/1475","targetHints":{"allow":["GET"]}}],"collection":[{"href":"https:\/\/tiekejai.eu\/pl\/wp-json\/wp\/v2\/product"}],"about":[{"href":"https:\/\/tiekejai.eu\/pl\/wp-json\/wp\/v2\/types\/product"}],"version-history":[{"count":1,"href":"https:\/\/tiekejai.eu\/pl\/wp-json\/wp\/v2\/product\/1475\/revisions"}],"predecessor-version":[{"id":1479,"href":"https:\/\/tiekejai.eu\/pl\/wp-json\/wp\/v2\/product\/1475\/revisions\/1479"}],"wp:featuredmedia":[{"embeddable":true,"href":"https:\/\/tiekejai.eu\/pl\/wp-json\/wp\/v2\/media\/1478"}],"wp:attachment":[{"href":"https:\/\/tiekejai.eu\/pl\/wp-json\/wp\/v2\/media?parent=1475"}],"wp:term":[{"taxonomy":"product_brand","embeddable":true,"href":"https:\/\/tiekejai.eu\/pl\/wp-json\/wp\/v2\/product_brand?post=1475"},{"taxonomy":"product_cat","embeddable":true,"href":"https:\/\/tiekejai.eu\/pl\/wp-json\/wp\/v2\/product_cat?post=1475"},{"taxonomy":"product_tag","embeddable":true,"href":"https:\/\/tiekejai.eu\/pl\/wp-json\/wp\/v2\/product_tag?post=1475"}],"curies":[{"name":"wp","href":"https:\/\/api.w.org\/{rel}","templated":true}]}}