{"id":1235,"date":"2023-01-22T18:05:36","date_gmt":"2023-01-22T20:05:36","guid":{"rendered":"https:\/\/tiekejai.eu\/?post_type=product&#038;p=1235"},"modified":"2023-09-25T20:04:58","modified_gmt":"2023-09-25T22:04:58","slug":"dostawcy-z-polski","status":"publish","type":"product","link":"https:\/\/tiekejai.eu\/pl\/dostawca-zaopatrzenie\/dostawcy-z-polski\/","title":{"rendered":"Dostawcy z Polski"},"content":{"rendered":"<p class=\"translation-block\"><strong>Dostawcy z Polski<\/strong> to jeden z najlepszych wybor\u00f3w, je\u015bli szukasz produkt\u00f3w hurtowych lub opcji dropshipping. W Polsce jest wielu producent\u00f3w, kt\u00f3rzy oferuj\u0105 szerok\u0105 gam\u0119 towar\u00f3w, od prostych artyku\u0142\u00f3w, takich jak odzie\u017c, artyku\u0142y dla zwierz\u0105t, po produkty bardziej z\u0142o\u017cone, takie jak elektronika, samochody i niezliczona ilo\u015b\u0107 innych.<\/p>\n<p class=\"translation-block\">Handel hurtowy w Polsce cieszy si\u0119 du\u017c\u0105 popularno\u015bci\u0105, poniewa\u017c kraj ten jest cz\u0142onkiem Unii Europejskiej i posiada dobrze rozwini\u0119ty system logistyki i transportu, kt\u00f3ry pozwala na szybk\u0105 i sprawn\u0105 dostaw\u0119 towaru do dowolnego miasta europejskiego. Ponadto <strong>dostawcy z Polski<\/strong> oferuj\u0105 dobre ceny i wysok\u0105 jako\u015b\u0107 produkt\u00f3w.<\/p>\n<h4>Przedstawiamy polskich dostawc\u00f3w<\/h4>\n<p class=\"translation-block\">Dropshipping to popularna forma handlu, w kt\u00f3rej <strong>polscy dostawcy<\/strong> dostarczaj\u0105 towar bezpo\u015brednio do kupuj\u0105cego, a dealer zajmuje si\u0119 marketingiem. W Polsce jest to dobre, poniewa\u017c w Polsce jest wielu dostawc\u00f3w oferuj\u0105cych us\u0142ugi dropshipping. Dostawcy dropship mog\u0105 dostarczy\u0107 towar bezpo\u015brednio do domu kupuj\u0105cego i to nie tylko na terenie Polski. Pozwala to dealerom zaoszcz\u0119dzi\u0107 czas i pieni\u0105dze, kt\u00f3re w przeciwnym razie zosta\u0142yby wydane na wysy\u0142k\u0119. <strong><a href=\"https:\/\/tiekejai.eu\/pl\/dropshipping\/\" target=\"_self\">Dropshipping<\/a> jest w Polsce bardzo poszukiwany, poniewa\u017c le\u017cy niedaleko Litwy, co oznacza, \u017ce \u200b\u200bodpowiedni dostawcy z Polski b\u0119d\u0105 dostarczaj towary prawie tak samo dobrze, jak kupuj\u0105c z Litwy.<\/strong><\/p>\n<h4>Polska gospodarka<\/h4>\n<p class=\"translation-block\"><a href=\"https:\/\/tiekejai.eu\/pl\/dostawcy\/\" target=\"_self\">Dostawcy<\/a> lub <a href=\"https:\/\/tiekejai.eu\/pl\/producenci\/\" target=\"_self\"> producenci<\/a> s\u0105 r\u00f3wnie\u017c dobrze znani ze swoich produkt\u00f3w wysokiej jako\u015bci. Producenci mog\u0105 r\u00f3wnie\u017c oferowa\u0107 produkty niestandardowe, spe\u0142niaj\u0105ce Twoje wymagania. Og\u00f3lnie rzecz bior\u0105c,  <strong>dostawcy z Polski<\/strong>, hurtownia, dropshipping i producenci to dobry wyb\u00f3r, je\u015bli szukasz produkt\u00f3w wysokiej jako\u015bci w dobrych cenach. W Polsce dzia\u0142a wielu sprawdzonych dostawc\u00f3w i producent\u00f3w oferuj\u0105cych szerok\u0105 gam\u0119 towar\u00f3w i dobrych us\u0142ug.<\/p>\n<p class=\"translation-block\">Gospodarka Polski jest jedn\u0105 z najszybciej rozwijaj\u0105cych si\u0119 w Europie. Mn\u00f3stwo nowych, innowacyjnych dostawc\u00f3w i producent\u00f3w oferuj\u0105cych swoje produkty na ca\u0142ym \u015bwiecie. Ponadto w Polsce dzia\u0142a wiele ma\u0142ych i \u015brednich przedsi\u0119biorstw oferuj\u0105cych unikalne towary i us\u0142ugi. <strong>Dostawcy z Polski<\/strong> mog\u0105 by\u0107 dobrym wyborem dla dealer\u00f3w, kt\u00f3rzy szukaj\u0105 nowych i unikalnych produkt\u00f3w dla swojej dzia\u0142alno\u015bci.<\/p>\n<p class=\"translation-block\">Je\u015bli masz inwestycj\u0119, ale uwa\u017casz, \u017ce lista dostawc\u00f3w Ci nie pomo\u017ce, zawsze mo\u017cesz z\u0142o\u017cy\u0107 wniosek o indywidualne <a href=\"https:\/\/tiekejai.eu\/pl\/wyszukiwanie-dostawcow\/\" target=\"_self\">wyszukiwanie dla dostawc\u00f3w<\/a> we wszystkich modelach biznesowych.<\/p>","protected":false},"excerpt":{"rendered":"<p class=\"translation-block\"><a href=\"https:\/\/tiekejai.eu\/pl\/\" target=\"_self\">Tiekejai.eu<\/a> starannie wyselekcjonowani <strong>polscy dostawcy<\/strong> zapewni\u0105 dost\u0119p do najszerszej listy 750 dostawc\u00f3w na Litwie z mo\u017cliwo\u015b\u0107 filtrowania wed\u0142ug \u017c\u0105danej kategorii. Filtrowanie znacznie u\u0142atwi Ci wyszukiwanie dostawc\u00f3w. Na li\u015bcie dostawc\u00f3w znajdziesz dostawc\u00f3w wszystkich kategorii, m.in. odzie\u017cy, obuwia, motoryzacji, ogrodu i domu, artyku\u0142\u00f3w dla zwierz\u0105t itp. Dostawcy b\u0119d\u0105 oferowa\u0107 sprzeda\u017c hurtow\u0105 i dropshipping. Opr\u00f3cz tego zapewnimy bezp\u0142atne lekcje biznesowe dotycz\u0105ce zak\u0142adania lub doskonalenia biznesu, wyboru e-sklep\u00f3w, automatyzacji i reklamy.<\/p>","protected":false},"featured_media":1594,"template":"","meta":{"_eb_attr":""},"product_brand":[],"product_cat":[46],"product_tag":[],"class_list":{"0":"post-1235","1":"product","2":"type-product","3":"status-publish","4":"has-post-thumbnail","6":"product_cat-tiekeju-sarasai","8":"first","9":"instock","10":"sale","11":"downloadable","12":"shipping-taxable","13":"purchasable","14":"product-type-simple"},"yoast_head":"<!-- This site is optimized with the Yoast SEO Premium plugin v23.6 (Yoast SEO v27.3) - https:\/\/yoast.com\/product\/yoast-seo-premium-wordpress\/ -->\n<title>Tiek\u0117jai i\u0161 Lenkijos - i\u0161manus pasirinkimas!<\/title>\n<meta name=\"description\" content=\"tiek\u0117jai i\u0161 lenkijos m\u016bs\u0173 kruop\u0161\u010diai atrinkti tiek\u0117jai, kur\u012f sudaro net 750 atrinkt\u0173 tiek\u0117j\u0173 s\u0105ra\u0161as su filtravimu ir nemokamomis pamokomis!\" \/>\n<meta name=\"robots\" content=\"index, follow, max-snippet:-1, max-image-preview:large, max-video-preview:-1\" \/>\n<link rel=\"canonical\" href=\"https:\/\/tiekejai.eu\/pl\/dostawca-zaopatrzenie\/dostawcy-z-polski\/\" \/>\n<meta property=\"og:locale\" content=\"pl_PL\" \/>\n<meta property=\"og:type\" content=\"article\" \/>\n<meta property=\"og:title\" content=\"Tiek\u0117jai i\u0161 Lenkijos\" \/>\n<meta property=\"og:description\" content=\"tiek\u0117jai i\u0161 lenkijos m\u016bs\u0173 kruop\u0161\u010diai atrinkti tiek\u0117jai, kur\u012f sudaro net 750 atrinkt\u0173 tiek\u0117j\u0173 s\u0105ra\u0161as su filtravimu ir nemokamomis pamokomis!\" \/>\n<meta property=\"og:url\" content=\"https:\/\/tiekejai.eu\/pl\/dostawca-zaopatrzenie\/dostawcy-z-polski\/\" \/>\n<meta property=\"og:site_name\" content=\"Tiekejai.eu\" \/>\n<meta property=\"article:publisher\" content=\"https:\/\/www.facebook.com\/tiekejai.eu\" \/>\n<meta property=\"article:modified_time\" content=\"2023-09-25T22:04:58+00:00\" \/>\n<meta property=\"og:image\" content=\"https:\/\/tiekejai.eu\/wp-content\/uploads\/2023\/01\/Poland_Suppliers.png\" \/>\n\t<meta property=\"og:image:width\" content=\"1080\" \/>\n\t<meta property=\"og:image:height\" content=\"1080\" \/>\n\t<meta property=\"og:image:type\" content=\"image\/png\" \/>\n<meta name=\"twitter:card\" content=\"summary_large_image\" \/>\n<meta name=\"twitter:label1\" content=\"Szacowany czas czytania\" \/>\n\t<meta name=\"twitter:data1\" content=\"2 minuty\" \/>\n<script type=\"application\/ld+json\" class=\"yoast-schema-graph\">{\"@context\":\"https:\\\/\\\/schema.org\",\"@graph\":[{\"@type\":\"WebPage\",\"@id\":\"https:\\\/\\\/tiekejai.eu\\\/tiekeju-sarasai\\\/tiekejai-is-lenkijos\\\/\",\"url\":\"https:\\\/\\\/tiekejai.eu\\\/tiekeju-sarasai\\\/tiekejai-is-lenkijos\\\/\",\"name\":\"Tiek\u0117jai i\u0161 Lenkijos - i\u0161manus pasirinkimas!\",\"isPartOf\":{\"@id\":\"https:\\\/\\\/tiekejai.eu\\\/#website\"},\"primaryImageOfPage\":{\"@id\":\"https:\\\/\\\/tiekejai.eu\\\/tiekeju-sarasai\\\/tiekejai-is-lenkijos\\\/#primaryimage\"},\"image\":{\"@id\":\"https:\\\/\\\/tiekejai.eu\\\/tiekeju-sarasai\\\/tiekejai-is-lenkijos\\\/#primaryimage\"},\"thumbnailUrl\":\"https:\\\/\\\/tiekejai.eu\\\/wp-content\\\/uploads\\\/2023\\\/01\\\/Poland_Suppliers.png\",\"datePublished\":\"2023-01-22T20:05:36+00:00\",\"dateModified\":\"2023-09-25T22:04:58+00:00\",\"description\":\"tiek\u0117jai i\u0161 lenkijos m\u016bs\u0173 kruop\u0161\u010diai atrinkti tiek\u0117jai, kur\u012f sudaro net 750 atrinkt\u0173 tiek\u0117j\u0173 s\u0105ra\u0161as su filtravimu ir nemokamomis pamokomis!\",\"breadcrumb\":{\"@id\":\"https:\\\/\\\/tiekejai.eu\\\/tiekeju-sarasai\\\/tiekejai-is-lenkijos\\\/#breadcrumb\"},\"inLanguage\":\"pl-PL\",\"potentialAction\":[{\"@type\":\"ReadAction\",\"target\":[\"https:\\\/\\\/tiekejai.eu\\\/tiekeju-sarasai\\\/tiekejai-is-lenkijos\\\/\"]}]},{\"@type\":\"ImageObject\",\"inLanguage\":\"pl-PL\",\"@id\":\"https:\\\/\\\/tiekejai.eu\\\/tiekeju-sarasai\\\/tiekejai-is-lenkijos\\\/#primaryimage\",\"url\":\"https:\\\/\\\/tiekejai.eu\\\/wp-content\\\/uploads\\\/2023\\\/01\\\/Poland_Suppliers.png\",\"contentUrl\":\"https:\\\/\\\/tiekejai.eu\\\/wp-content\\\/uploads\\\/2023\\\/01\\\/Poland_Suppliers.png\",\"width\":1080,\"height\":1080,\"caption\":\"Suppliers from Poland\"},{\"@type\":\"BreadcrumbList\",\"@id\":\"https:\\\/\\\/tiekejai.eu\\\/tiekeju-sarasai\\\/tiekejai-is-lenkijos\\\/#breadcrumb\",\"itemListElement\":[{\"@type\":\"ListItem\",\"position\":1,\"name\":\"Home\",\"item\":\"https:\\\/\\\/tiekejai.eu\\\/\"},{\"@type\":\"ListItem\",\"position\":2,\"name\":\"Tiek\u0117j\u0173 s\u0105ra\u0161ai\",\"item\":\"https:\\\/\\\/tiekejai.eu\\\/tiekeju-sarasai\\\/\"},{\"@type\":\"ListItem\",\"position\":3,\"name\":\"Tiek\u0117jai i\u0161 Lenkijos\"}]},{\"@type\":\"WebSite\",\"@id\":\"https:\\\/\\\/tiekejai.eu\\\/#website\",\"url\":\"https:\\\/\\\/tiekejai.eu\\\/\",\"name\":\"Tiekejai.eu\",\"description\":\"\",\"publisher\":{\"@id\":\"https:\\\/\\\/tiekejai.eu\\\/#organization\"},\"potentialAction\":[{\"@type\":\"SearchAction\",\"target\":{\"@type\":\"EntryPoint\",\"urlTemplate\":\"https:\\\/\\\/tiekejai.eu\\\/?s={search_term_string}\"},\"query-input\":{\"@type\":\"PropertyValueSpecification\",\"valueRequired\":true,\"valueName\":\"search_term_string\"}}],\"inLanguage\":\"pl-PL\"},{\"@type\":\"Organization\",\"@id\":\"https:\\\/\\\/tiekejai.eu\\\/#organization\",\"name\":\"Tiekejai.eu | Preki\u0173 tiek\u0117j\u0173 ir gamintoj\u0173 paie\u0161ka\",\"url\":\"https:\\\/\\\/tiekejai.eu\\\/\",\"logo\":{\"@type\":\"ImageObject\",\"inLanguage\":\"pl-PL\",\"@id\":\"https:\\\/\\\/tiekejai.eu\\\/#\\\/schema\\\/logo\\\/image\\\/\",\"url\":\"http:\\\/\\\/tiekejai.eu\\\/wp-content\\\/uploads\\\/2021\\\/03\\\/cropped-cropped-Logo-transparent-backround-1.png\",\"contentUrl\":\"http:\\\/\\\/tiekejai.eu\\\/wp-content\\\/uploads\\\/2021\\\/03\\\/cropped-cropped-Logo-transparent-backround-1.png\",\"width\":65,\"height\":67,\"caption\":\"Tiekejai.eu | Preki\u0173 tiek\u0117j\u0173 ir gamintoj\u0173 paie\u0161ka\"},\"image\":{\"@id\":\"https:\\\/\\\/tiekejai.eu\\\/#\\\/schema\\\/logo\\\/image\\\/\"},\"sameAs\":[\"https:\\\/\\\/www.facebook.com\\\/tiekejai.eu\"]}]}<\/script>\n<!-- \/ Yoast SEO Premium plugin. -->","yoast_head_json":{"title":"Polscy dostawcy - m\u0105dry wyb\u00f3r!","description":"dostawcy z polski nasza starannie wyselekcjonowana lista dostawc\u00f3w do 750 wyselekcjonowanych dostawc\u00f3w z filtrowaniem i darmowymi lekcjami!","robots":{"index":"index","follow":"follow","max-snippet":"max-snippet:-1","max-image-preview":"max-image-preview:large","max-video-preview":"max-video-preview:-1"},"canonical":"https:\/\/tiekejai.eu\/pl\/dostawca-zaopatrzenie\/dostawcy-z-polski\/","og_locale":"pl_PL","og_type":"article","og_title":"Tiek\u0117jai i\u0161 Lenkijos","og_description":"tiek\u0117jai i\u0161 lenkijos m\u016bs\u0173 kruop\u0161\u010diai atrinkti tiek\u0117jai, kur\u012f sudaro net 750 atrinkt\u0173 tiek\u0117j\u0173 s\u0105ra\u0161as su filtravimu ir nemokamomis pamokomis!","og_url":"https:\/\/tiekejai.eu\/pl\/dostawca-zaopatrzenie\/dostawcy-z-polski\/","og_site_name":"Tiekejai.eu","article_publisher":"https:\/\/www.facebook.com\/tiekejai.eu","article_modified_time":"2023-09-25T22:04:58+00:00","og_image":[{"width":1080,"height":1080,"url":"https:\/\/tiekejai.eu\/wp-content\/uploads\/2023\/01\/Poland_Suppliers.png","type":"image\/png"}],"twitter_card":"summary_large_image","twitter_misc":{"Szacowany czas czytania":"2 minuty"},"schema":{"@context":"https:\/\/schema.org","@graph":[{"@type":"WebPage","@id":"https:\/\/tiekejai.eu\/tiekeju-sarasai\/tiekejai-is-lenkijos\/","url":"https:\/\/tiekejai.eu\/tiekeju-sarasai\/tiekejai-is-lenkijos\/","name":"Polscy dostawcy - m\u0105dry wyb\u00f3r!","isPartOf":{"@id":"https:\/\/tiekejai.eu\/#website"},"primaryImageOfPage":{"@id":"https:\/\/tiekejai.eu\/tiekeju-sarasai\/tiekejai-is-lenkijos\/#primaryimage"},"image":{"@id":"https:\/\/tiekejai.eu\/tiekeju-sarasai\/tiekejai-is-lenkijos\/#primaryimage"},"thumbnailUrl":"https:\/\/tiekejai.eu\/wp-content\/uploads\/2023\/01\/Poland_Suppliers.png","datePublished":"2023-01-22T20:05:36+00:00","dateModified":"2023-09-25T22:04:58+00:00","description":"dostawcy z polski nasza starannie wyselekcjonowana lista dostawc\u00f3w do 750 wyselekcjonowanych dostawc\u00f3w z filtrowaniem i darmowymi lekcjami!","breadcrumb":{"@id":"https:\/\/tiekejai.eu\/tiekeju-sarasai\/tiekejai-is-lenkijos\/#breadcrumb"},"inLanguage":"pl-PL","potentialAction":[{"@type":"ReadAction","target":["https:\/\/tiekejai.eu\/tiekeju-sarasai\/tiekejai-is-lenkijos\/"]}]},{"@type":"ImageObject","inLanguage":"pl-PL","@id":"https:\/\/tiekejai.eu\/tiekeju-sarasai\/tiekejai-is-lenkijos\/#primaryimage","url":"https:\/\/tiekejai.eu\/wp-content\/uploads\/2023\/01\/Poland_Suppliers.png","contentUrl":"https:\/\/tiekejai.eu\/wp-content\/uploads\/2023\/01\/Poland_Suppliers.png","width":1080,"height":1080,"caption":"Suppliers from Poland"},{"@type":"BreadcrumbList","@id":"https:\/\/tiekejai.eu\/tiekeju-sarasai\/tiekejai-is-lenkijos\/#breadcrumb","itemListElement":[{"@type":"ListItem","position":1,"name":"Home","item":"https:\/\/tiekejai.eu\/"},{"@type":"ListItem","position":2,"name":"Tiek\u0117j\u0173 s\u0105ra\u0161ai","item":"https:\/\/tiekejai.eu\/tiekeju-sarasai\/"},{"@type":"ListItem","position":3,"name":"Tiek\u0117jai i\u0161 Lenkijos"}]},{"@type":"WebSite","@id":"https:\/\/tiekejai.eu\/#website","url":"https:\/\/tiekejai.eu\/","name":"Tiekejai.eu","description":"","publisher":{"@id":"https:\/\/tiekejai.eu\/#organization"},"potentialAction":[{"@type":"SearchAction","target":{"@type":"EntryPoint","urlTemplate":"https:\/\/tiekejai.eu\/?s={search_term_string}"},"query-input":{"@type":"PropertyValueSpecification","valueRequired":true,"valueName":"search_term_string"}}],"inLanguage":"pl-PL"},{"@type":"Organization","@id":"https:\/\/tiekejai.eu\/#organization","name":"tiekejai.eu | Wyszukiwanie dostawc\u00f3w i producent\u00f3w towar\u00f3w","url":"https:\/\/tiekejai.eu\/","logo":{"@type":"ImageObject","inLanguage":"pl-PL","@id":"https:\/\/tiekejai.eu\/#\/schema\/logo\/image\/","url":"http:\/\/tiekejai.eu\/wp-content\/uploads\/2021\/03\/cropped-cropped-Logo-transparent-backround-1.png","contentUrl":"http:\/\/tiekejai.eu\/wp-content\/uploads\/2021\/03\/cropped-cropped-Logo-transparent-backround-1.png","width":65,"height":67,"caption":"Tiekejai.eu | Preki\u0173 tiek\u0117j\u0173 ir gamintoj\u0173 paie\u0161ka"},"image":{"@id":"https:\/\/tiekejai.eu\/#\/schema\/logo\/image\/"},"sameAs":["https:\/\/www.facebook.com\/tiekejai.eu"]}]}},"_links":{"self":[{"href":"https:\/\/tiekejai.eu\/pl\/wp-json\/wp\/v2\/product\/1235","targetHints":{"allow":["GET"]}}],"collection":[{"href":"https:\/\/tiekejai.eu\/pl\/wp-json\/wp\/v2\/product"}],"about":[{"href":"https:\/\/tiekejai.eu\/pl\/wp-json\/wp\/v2\/types\/product"}],"version-history":[{"count":6,"href":"https:\/\/tiekejai.eu\/pl\/wp-json\/wp\/v2\/product\/1235\/revisions"}],"predecessor-version":[{"id":1246,"href":"https:\/\/tiekejai.eu\/pl\/wp-json\/wp\/v2\/product\/1235\/revisions\/1246"}],"wp:featuredmedia":[{"embeddable":true,"href":"https:\/\/tiekejai.eu\/pl\/wp-json\/wp\/v2\/media\/1594"}],"wp:attachment":[{"href":"https:\/\/tiekejai.eu\/pl\/wp-json\/wp\/v2\/media?parent=1235"}],"wp:term":[{"taxonomy":"product_brand","embeddable":true,"href":"https:\/\/tiekejai.eu\/pl\/wp-json\/wp\/v2\/product_brand?post=1235"},{"taxonomy":"product_cat","embeddable":true,"href":"https:\/\/tiekejai.eu\/pl\/wp-json\/wp\/v2\/product_cat?post=1235"},{"taxonomy":"product_tag","embeddable":true,"href":"https:\/\/tiekejai.eu\/pl\/wp-json\/wp\/v2\/product_tag?post=1235"}],"curies":[{"name":"wp","href":"https:\/\/api.w.org\/{rel}","templated":true}]}}