{"id":1115,"date":"2023-01-19T19:42:05","date_gmt":"2023-01-19T21:42:05","guid":{"rendered":"https:\/\/tiekejai.eu\/?post_type=product&#038;p=1115"},"modified":"2024-05-01T20:10:13","modified_gmt":"2024-05-01T22:10:13","slug":"dostawcy-odziezy","status":"publish","type":"product","link":"https:\/\/tiekejai.eu\/pl\/dostawca-zaopatrzenie\/dostawcy-odziezy\/","title":{"rendered":"Dostawcy odzie\u017cy"},"content":{"rendered":"<p><strong>Dostawcy odzie\u017cy<\/strong> jest idealnym wyborem dla biznesu, odzie\u017c jest niezb\u0119dna w codziennym \u017cyciu ludzi, podobnie jak \u017cywno\u015b\u0107. Przemys\u0142 odzie\u017cowy jest jedn\u0105 z najszybciej rozwijaj\u0105cych si\u0119 bran\u017c na \u015bwiecie, a wielu dostawc\u00f3w korzysta z najnowszych technologii, aby usprawni\u0107 swoje procesy produkcyjne i zwi\u0119kszy\u0107 wolumen dzia\u0142alno\u015bci.<\/p>\n<p><strong>Dostawcy odzie\u017cy<\/strong> mo\u017ce d\u0105\u017cy\u0107 do zaspokojenia potrzeb swoich klient\u00f3w, zapewniaj\u0105c szerok\u0105 gam\u0119 styl\u00f3w i kolor\u00f3w, a tak\u017ce utrzymuj\u0105c odpowiedzialne praktyki produkcyjne, takie jak poprawa warunk\u00f3w pracy i poszanowanie \u015brodowiska. Pomaga to zapewni\u0107 pozytywny wizerunek marki i zwi\u0119kszy\u0107 przychody. Ponadto, dzi\u0119ki stale rosn\u0105cemu rozwojowi handlu elektronicznego i Internetu, mo\u017cna dotrze\u0107 do jeszcze wi\u0119kszej liczby klient\u00f3w. To z kolei pomaga zwi\u0119kszy\u0107 popyt i wielko\u015b\u0107 sprzeda\u017cy. Konkurencja w sektorze odzie\u017cowym jest jednak do\u015b\u0107 silna. Wa\u017cne jest, aby by\u0107 innowacyjnym i znale\u017a\u0107 odpowiednich dostawc\u00f3w po konkurencyjnych cenach, aby pozosta\u0107 konkurencyjnym i zaspokoi\u0107 potrzeby klient\u00f3w.<\/p>\n<p>Nasza strona internetowa, tiekejai.eu, oferuje profesjonalnie opracowane <strong>listy dostawc\u00f3w odzie\u017cy.<\/strong>\u00a0Te <strong>dostawcy odzie\u017cy<\/strong> opieraj\u0105 si\u0119 na jako\u015bci, cenach i wyborze modeli dropshipping i handlu hurtowego.<\/p>\n<p><a href=\"https:\/\/tiekejai.eu\/pl\/dropshipping\/\">Dropshipping<\/a> to model handlu, w kt\u00f3rym handluje si\u0119 produktami bez ich fizycznego posiadania. Oznacza to, \u017ce zamawiasz towary bezpo\u015brednio od dostawcy, a on dostarcza je bezpo\u015brednio do domu klienta. Jest to wygodny spos\u00f3b na rozpocz\u0119cie handlu bez du\u017cego kapita\u0142u.<\/p>\n<p>Sprzeda\u017c hurtowa to model handlowy, w kt\u00f3rym kupujesz towary hurtowo, a nast\u0119pnie sprzedajesz je swoim klientom po wy\u017cszej cenie. Mo\u017ce to by\u0107 przydatne, je\u015bli masz du\u017c\u0105 baz\u0119 klient\u00f3w lub magazyn, w kt\u00f3rym przechowujesz swoje towary Wi\u0119cej o modelach biznesowych i o tym, kt\u00f3ry z nich wybra\u0107 <a href=\"https:\/\/tiekejai.eu\/pl\/dropshipping\/\">tutaj<\/a>.<\/p>\n<h2><strong>Odpowiedni dostawcy odzie\u017cy<\/strong><\/h2>\n<p>Wyb\u00f3r odpowiedniego dostawcy odzie\u017cy mo\u017ce by\u0107 wa\u017cn\u0105 decyzj\u0105, kt\u00f3ra mo\u017ce wp\u0142yn\u0105\u0107 na jako\u015b\u0107 i niezawodno\u015b\u0107 towar\u00f3w. Zalecamy zwr\u00f3cenie uwagi na nast\u0119puj\u0105ce wa\u017cne cechy:<\/p>\n<ul>\n<li style=\"text-align: left;\">Niezawodno\u015b\u0107: nale\u017cy wybra\u0107 dostawc\u0119, kt\u00f3ry mo\u017ce zagwarantowa\u0107 regularne i niezawodne dostawy produkt\u00f3w.<\/li>\n<li style=\"text-align: left;\">Jako\u015b\u0107: sprawdzanie praktyk produkcyjnych i audytowych dostawc\u00f3w w celu zapewnienia wysokiej jako\u015bci odzie\u017cy.<\/li>\n<li style=\"text-align: left;\">Cena: nale\u017cy sprawdzi\u0107 konkurencyjno\u015b\u0107 cenow\u0105 dostawc\u00f3w oraz to, czy s\u0105 oni w stanie zapewni\u0107 odpowiedni\u0105 cen\u0119 i mar\u017c\u0119 dla firmy.<\/li>\n<li style=\"text-align: left;\">Odpowiedzialne praktyki produkcyjne: nale\u017cy wybra\u0107 dostawc\u0119, kt\u00f3ry stosuje odpowiedzialne praktyki produkcyjne, takie jak poprawa warunk\u00f3w pracy i poszanowanie \u015brodowiska.<\/li>\n<li style=\"text-align: left;\">Obs\u0142uga klienta: musisz wybra\u0107 dostawc\u0119, kt\u00f3ry zapewnia dobr\u0105 obs\u0142ug\u0119 klienta i jest gotowy odpowiedzie\u0107 na twoje pytania i potrzeby.<\/li>\n<\/ul>\n<p>Podsumowanie: Posiadanie odpowiednich dostawc\u00f3w odzie\u017cy jest jedn\u0105 z najwa\u017cniejszych decyzji. W dzisiejszych czasach mo\u017cna sprzedawa\u0107 wszystko, ale o wiele lepiej jest zacz\u0105\u0107 od powa\u017cnych dostawc\u00f3w, kt\u00f3rzy dadz\u0105 ci to, co najlepsze. Z dobrymi dostawcami nie b\u0119dziesz musia\u0142 p\u00f3\u017aniej szuka\u0107 innych i przerabia\u0107 ca\u0142ego biznesu. Ostatecznie nale\u017cy skupi\u0107 si\u0119 na niezawodno\u015bci, jako\u015bci, cenie, odpowiedzialnych praktykach produkcyjnych i obs\u0142udze klienta.<\/p>","protected":false},"excerpt":{"rendered":"<p>Nasz <strong>na li\u015bcie dostawc\u00f3w odzie\u017cy<\/strong> znajdziesz dostawc\u00f3w, kt\u00f3rzy oferuj\u0105 szerok\u0105 gam\u0119 szaf, identyfikator\u00f3w, obuwia i akcesori\u00f3w. Dostawcy wsp\u00f3\u0142pracuj\u0105 w ramach dropshippingu i sprzeda\u017cy hurtowej.  Starannie wyselekcjonowani i zweryfikowani <strong>odzie\u017c<\/strong> <strong>lista dostawc\u00f3w<\/strong> z funkcj\u0105 filtrowania umo\u017cliwiaj\u0105c\u0105 dost\u0119p do 360 <strong>dostawcy odzie\u017cy. <\/strong>Dostawcy pochodz\u0105 z ca\u0142ego \u015bwiata, w tym z Litwy, Polski, Turcji, W\u0142och, Ukrainy i niezliczonych innych kraj\u00f3w. Brzmi dobrze? Do tego wszystkiego damy ci darmowe lekcje na temat wszystkiego, od zak\u0142adania e-sklepu, przez sieci e-commerce, po reklam\u0119!<\/p>","protected":false},"featured_media":1528,"template":"","meta":{"_eb_attr":""},"product_brand":[],"product_cat":[46],"product_tag":[],"class_list":{"0":"post-1115","1":"product","2":"type-product","3":"status-publish","4":"has-post-thumbnail","6":"product_cat-tiekeju-sarasai","8":"first","9":"instock","10":"sale","11":"downloadable","12":"shipping-taxable","13":"purchasable","14":"product-type-simple"},"yoast_head":"<!-- This site is optimized with the Yoast SEO Premium plugin v23.6 (Yoast SEO v27.3) - https:\/\/yoast.com\/product\/yoast-seo-premium-wordpress\/ -->\n<title>R\u016bb\u0173 Tiek\u0117jai - Tiekejai.eu<\/title>\n<meta name=\"description\" content=\"Kruop\u0161\u010diai atrinktas r\u016bb\u0173 tiek\u0117j\u0173 s\u0105ra\u0161as su filtravimo funkcija suteiks prieig\u0105 prie 360 r\u016bb\u0173 tiek\u0117j\u0173 i\u0161 viso pasaulio + nemokamos pamokos verslui\" \/>\n<meta name=\"robots\" content=\"index, follow, max-snippet:-1, max-image-preview:large, max-video-preview:-1\" \/>\n<link rel=\"canonical\" href=\"https:\/\/tiekejai.eu\/pl\/dostawca-zaopatrzenie\/dostawcy-odziezy\/\" \/>\n<meta property=\"og:locale\" content=\"pl_PL\" \/>\n<meta property=\"og:type\" content=\"article\" \/>\n<meta property=\"og:title\" content=\"R\u016bb\u0173 Tiek\u0117jai\" \/>\n<meta property=\"og:description\" content=\"Kruop\u0161\u010diai atrinktas r\u016bb\u0173 tiek\u0117j\u0173 s\u0105ra\u0161as su filtravimo funkcija suteiks prieig\u0105 prie 360 r\u016bb\u0173 tiek\u0117j\u0173 i\u0161 viso pasaulio + nemokamos pamokos verslui\" \/>\n<meta property=\"og:url\" content=\"https:\/\/tiekejai.eu\/pl\/dostawca-zaopatrzenie\/dostawcy-odziezy\/\" \/>\n<meta property=\"og:site_name\" content=\"Tiekejai.eu\" \/>\n<meta property=\"article:publisher\" content=\"https:\/\/www.facebook.com\/tiekejai.eu\" \/>\n<meta property=\"article:modified_time\" content=\"2024-05-01T22:10:13+00:00\" \/>\n<meta property=\"og:image\" content=\"https:\/\/tiekejai.eu\/wp-content\/uploads\/2023\/01\/rubu_tiekejai.png\" \/>\n\t<meta property=\"og:image:width\" content=\"1080\" \/>\n\t<meta property=\"og:image:height\" content=\"1080\" \/>\n\t<meta property=\"og:image:type\" content=\"image\/png\" \/>\n<meta name=\"twitter:card\" content=\"summary_large_image\" \/>\n<meta name=\"twitter:label1\" content=\"Szacowany czas czytania\" \/>\n\t<meta name=\"twitter:data1\" content=\"3 minuty\" \/>\n<script type=\"application\/ld+json\" class=\"yoast-schema-graph\">{\"@context\":\"https:\\\/\\\/schema.org\",\"@graph\":[{\"@type\":\"WebPage\",\"@id\":\"https:\\\/\\\/tiekejai.eu\\\/tiekeju-sarasai\\\/rubu-tiekejai\\\/\",\"url\":\"https:\\\/\\\/tiekejai.eu\\\/tiekeju-sarasai\\\/rubu-tiekejai\\\/\",\"name\":\"R\u016bb\u0173 Tiek\u0117jai - Tiekejai.eu\",\"isPartOf\":{\"@id\":\"https:\\\/\\\/tiekejai.eu\\\/#website\"},\"primaryImageOfPage\":{\"@id\":\"https:\\\/\\\/tiekejai.eu\\\/tiekeju-sarasai\\\/rubu-tiekejai\\\/#primaryimage\"},\"image\":{\"@id\":\"https:\\\/\\\/tiekejai.eu\\\/tiekeju-sarasai\\\/rubu-tiekejai\\\/#primaryimage\"},\"thumbnailUrl\":\"https:\\\/\\\/tiekejai.eu\\\/wp-content\\\/uploads\\\/2023\\\/01\\\/rubu_tiekejai.png\",\"datePublished\":\"2023-01-19T21:42:05+00:00\",\"dateModified\":\"2024-05-01T22:10:13+00:00\",\"description\":\"Kruop\u0161\u010diai atrinktas r\u016bb\u0173 tiek\u0117j\u0173 s\u0105ra\u0161as su filtravimo funkcija suteiks prieig\u0105 prie 360 r\u016bb\u0173 tiek\u0117j\u0173 i\u0161 viso pasaulio + nemokamos pamokos verslui\",\"breadcrumb\":{\"@id\":\"https:\\\/\\\/tiekejai.eu\\\/tiekeju-sarasai\\\/rubu-tiekejai\\\/#breadcrumb\"},\"inLanguage\":\"pl-PL\",\"potentialAction\":[{\"@type\":\"ReadAction\",\"target\":[\"https:\\\/\\\/tiekejai.eu\\\/tiekeju-sarasai\\\/rubu-tiekejai\\\/\"]}]},{\"@type\":\"ImageObject\",\"inLanguage\":\"pl-PL\",\"@id\":\"https:\\\/\\\/tiekejai.eu\\\/tiekeju-sarasai\\\/rubu-tiekejai\\\/#primaryimage\",\"url\":\"https:\\\/\\\/tiekejai.eu\\\/wp-content\\\/uploads\\\/2023\\\/01\\\/rubu_tiekejai.png\",\"contentUrl\":\"https:\\\/\\\/tiekejai.eu\\\/wp-content\\\/uploads\\\/2023\\\/01\\\/rubu_tiekejai.png\",\"width\":1080,\"height\":1080,\"caption\":\"r\u016bb\u0173 tiek\u0117j\u0173 s\u0105ra\u0161as\"},{\"@type\":\"BreadcrumbList\",\"@id\":\"https:\\\/\\\/tiekejai.eu\\\/tiekeju-sarasai\\\/rubu-tiekejai\\\/#breadcrumb\",\"itemListElement\":[{\"@type\":\"ListItem\",\"position\":1,\"name\":\"Home\",\"item\":\"https:\\\/\\\/tiekejai.eu\\\/\"},{\"@type\":\"ListItem\",\"position\":2,\"name\":\"Tiek\u0117j\u0173 s\u0105ra\u0161ai\",\"item\":\"https:\\\/\\\/tiekejai.eu\\\/tiekeju-sarasai\\\/\"},{\"@type\":\"ListItem\",\"position\":3,\"name\":\"R\u016bb\u0173 Tiek\u0117jai\"}]},{\"@type\":\"WebSite\",\"@id\":\"https:\\\/\\\/tiekejai.eu\\\/#website\",\"url\":\"https:\\\/\\\/tiekejai.eu\\\/\",\"name\":\"Tiekejai.eu\",\"description\":\"\",\"publisher\":{\"@id\":\"https:\\\/\\\/tiekejai.eu\\\/#organization\"},\"potentialAction\":[{\"@type\":\"SearchAction\",\"target\":{\"@type\":\"EntryPoint\",\"urlTemplate\":\"https:\\\/\\\/tiekejai.eu\\\/?s={search_term_string}\"},\"query-input\":{\"@type\":\"PropertyValueSpecification\",\"valueRequired\":true,\"valueName\":\"search_term_string\"}}],\"inLanguage\":\"pl-PL\"},{\"@type\":\"Organization\",\"@id\":\"https:\\\/\\\/tiekejai.eu\\\/#organization\",\"name\":\"Tiekejai.eu | Preki\u0173 tiek\u0117j\u0173 ir gamintoj\u0173 paie\u0161ka\",\"url\":\"https:\\\/\\\/tiekejai.eu\\\/\",\"logo\":{\"@type\":\"ImageObject\",\"inLanguage\":\"pl-PL\",\"@id\":\"https:\\\/\\\/tiekejai.eu\\\/#\\\/schema\\\/logo\\\/image\\\/\",\"url\":\"http:\\\/\\\/tiekejai.eu\\\/wp-content\\\/uploads\\\/2021\\\/03\\\/cropped-cropped-Logo-transparent-backround-1.png\",\"contentUrl\":\"http:\\\/\\\/tiekejai.eu\\\/wp-content\\\/uploads\\\/2021\\\/03\\\/cropped-cropped-Logo-transparent-backround-1.png\",\"width\":65,\"height\":67,\"caption\":\"Tiekejai.eu | Preki\u0173 tiek\u0117j\u0173 ir gamintoj\u0173 paie\u0161ka\"},\"image\":{\"@id\":\"https:\\\/\\\/tiekejai.eu\\\/#\\\/schema\\\/logo\\\/image\\\/\"},\"sameAs\":[\"https:\\\/\\\/www.facebook.com\\\/tiekejai.eu\"]}]}<\/script>\n<!-- \/ Yoast SEO Premium plugin. -->","yoast_head_json":{"title":"Dostawcy odzie\u017cy - Tiekejai.eu","description":"Starannie wyselekcjonowana lista dostawc\u00f3w odzie\u017cy z funkcj\u0105 filtrowania zapewniaj\u0105ca dost\u0119p do 360 dostawc\u00f3w odzie\u017cy z ca\u0142ego \u015bwiata + bezp\u0142atne lekcje biznesowe","robots":{"index":"index","follow":"follow","max-snippet":"max-snippet:-1","max-image-preview":"max-image-preview:large","max-video-preview":"max-video-preview:-1"},"canonical":"https:\/\/tiekejai.eu\/pl\/dostawca-zaopatrzenie\/dostawcy-odziezy\/","og_locale":"pl_PL","og_type":"article","og_title":"R\u016bb\u0173 Tiek\u0117jai","og_description":"Kruop\u0161\u010diai atrinktas r\u016bb\u0173 tiek\u0117j\u0173 s\u0105ra\u0161as su filtravimo funkcija suteiks prieig\u0105 prie 360 r\u016bb\u0173 tiek\u0117j\u0173 i\u0161 viso pasaulio + nemokamos pamokos verslui","og_url":"https:\/\/tiekejai.eu\/pl\/dostawca-zaopatrzenie\/dostawcy-odziezy\/","og_site_name":"Tiekejai.eu","article_publisher":"https:\/\/www.facebook.com\/tiekejai.eu","article_modified_time":"2024-05-01T22:10:13+00:00","og_image":[{"width":1080,"height":1080,"url":"https:\/\/tiekejai.eu\/wp-content\/uploads\/2023\/01\/rubu_tiekejai.png","type":"image\/png"}],"twitter_card":"summary_large_image","twitter_misc":{"Szacowany czas czytania":"3 minuty"},"schema":{"@context":"https:\/\/schema.org","@graph":[{"@type":"WebPage","@id":"https:\/\/tiekejai.eu\/tiekeju-sarasai\/rubu-tiekejai\/","url":"https:\/\/tiekejai.eu\/tiekeju-sarasai\/rubu-tiekejai\/","name":"Dostawcy odzie\u017cy - Tiekejai.eu","isPartOf":{"@id":"https:\/\/tiekejai.eu\/#website"},"primaryImageOfPage":{"@id":"https:\/\/tiekejai.eu\/tiekeju-sarasai\/rubu-tiekejai\/#primaryimage"},"image":{"@id":"https:\/\/tiekejai.eu\/tiekeju-sarasai\/rubu-tiekejai\/#primaryimage"},"thumbnailUrl":"https:\/\/tiekejai.eu\/wp-content\/uploads\/2023\/01\/rubu_tiekejai.png","datePublished":"2023-01-19T21:42:05+00:00","dateModified":"2024-05-01T22:10:13+00:00","description":"Starannie wyselekcjonowana lista dostawc\u00f3w odzie\u017cy z funkcj\u0105 filtrowania zapewniaj\u0105ca dost\u0119p do 360 dostawc\u00f3w odzie\u017cy z ca\u0142ego \u015bwiata + bezp\u0142atne lekcje biznesowe","breadcrumb":{"@id":"https:\/\/tiekejai.eu\/tiekeju-sarasai\/rubu-tiekejai\/#breadcrumb"},"inLanguage":"pl-PL","potentialAction":[{"@type":"ReadAction","target":["https:\/\/tiekejai.eu\/tiekeju-sarasai\/rubu-tiekejai\/"]}]},{"@type":"ImageObject","inLanguage":"pl-PL","@id":"https:\/\/tiekejai.eu\/tiekeju-sarasai\/rubu-tiekejai\/#primaryimage","url":"https:\/\/tiekejai.eu\/wp-content\/uploads\/2023\/01\/rubu_tiekejai.png","contentUrl":"https:\/\/tiekejai.eu\/wp-content\/uploads\/2023\/01\/rubu_tiekejai.png","width":1080,"height":1080,"caption":"r\u016bb\u0173 tiek\u0117j\u0173 s\u0105ra\u0161as"},{"@type":"BreadcrumbList","@id":"https:\/\/tiekejai.eu\/tiekeju-sarasai\/rubu-tiekejai\/#breadcrumb","itemListElement":[{"@type":"ListItem","position":1,"name":"Home","item":"https:\/\/tiekejai.eu\/"},{"@type":"ListItem","position":2,"name":"Tiek\u0117j\u0173 s\u0105ra\u0161ai","item":"https:\/\/tiekejai.eu\/tiekeju-sarasai\/"},{"@type":"ListItem","position":3,"name":"R\u016bb\u0173 Tiek\u0117jai"}]},{"@type":"WebSite","@id":"https:\/\/tiekejai.eu\/#website","url":"https:\/\/tiekejai.eu\/","name":"Tiekejai.eu","description":"","publisher":{"@id":"https:\/\/tiekejai.eu\/#organization"},"potentialAction":[{"@type":"SearchAction","target":{"@type":"EntryPoint","urlTemplate":"https:\/\/tiekejai.eu\/?s={search_term_string}"},"query-input":{"@type":"PropertyValueSpecification","valueRequired":true,"valueName":"search_term_string"}}],"inLanguage":"pl-PL"},{"@type":"Organization","@id":"https:\/\/tiekejai.eu\/#organization","name":"tiekejai.eu | Wyszukiwanie dostawc\u00f3w i producent\u00f3w towar\u00f3w","url":"https:\/\/tiekejai.eu\/","logo":{"@type":"ImageObject","inLanguage":"pl-PL","@id":"https:\/\/tiekejai.eu\/#\/schema\/logo\/image\/","url":"http:\/\/tiekejai.eu\/wp-content\/uploads\/2021\/03\/cropped-cropped-Logo-transparent-backround-1.png","contentUrl":"http:\/\/tiekejai.eu\/wp-content\/uploads\/2021\/03\/cropped-cropped-Logo-transparent-backround-1.png","width":65,"height":67,"caption":"Tiekejai.eu | Preki\u0173 tiek\u0117j\u0173 ir gamintoj\u0173 paie\u0161ka"},"image":{"@id":"https:\/\/tiekejai.eu\/#\/schema\/logo\/image\/"},"sameAs":["https:\/\/www.facebook.com\/tiekejai.eu"]}]}},"_links":{"self":[{"href":"https:\/\/tiekejai.eu\/pl\/wp-json\/wp\/v2\/product\/1115","targetHints":{"allow":["GET"]}}],"collection":[{"href":"https:\/\/tiekejai.eu\/pl\/wp-json\/wp\/v2\/product"}],"about":[{"href":"https:\/\/tiekejai.eu\/pl\/wp-json\/wp\/v2\/types\/product"}],"version-history":[{"count":15,"href":"https:\/\/tiekejai.eu\/pl\/wp-json\/wp\/v2\/product\/1115\/revisions"}],"predecessor-version":[{"id":1967,"href":"https:\/\/tiekejai.eu\/pl\/wp-json\/wp\/v2\/product\/1115\/revisions\/1967"}],"wp:featuredmedia":[{"embeddable":true,"href":"https:\/\/tiekejai.eu\/pl\/wp-json\/wp\/v2\/media\/1528"}],"wp:attachment":[{"href":"https:\/\/tiekejai.eu\/pl\/wp-json\/wp\/v2\/media?parent=1115"}],"wp:term":[{"taxonomy":"product_brand","embeddable":true,"href":"https:\/\/tiekejai.eu\/pl\/wp-json\/wp\/v2\/product_brand?post=1115"},{"taxonomy":"product_cat","embeddable":true,"href":"https:\/\/tiekejai.eu\/pl\/wp-json\/wp\/v2\/product_cat?post=1115"},{"taxonomy":"product_tag","embeddable":true,"href":"https:\/\/tiekejai.eu\/pl\/wp-json\/wp\/v2\/product_tag?post=1115"}],"curies":[{"name":"wp","href":"https:\/\/api.w.org\/{rel}","templated":true}]}}