{"id":1098,"date":"2023-01-19T19:00:38","date_gmt":"2023-01-19T21:00:38","guid":{"rendered":"https:\/\/tiekejai.eu\/?post_type=product&#038;p=1098"},"modified":"2023-09-25T20:07:07","modified_gmt":"2023-09-25T22:07:07","slug":"lista-dostawcow-dropship","status":"publish","type":"product","link":"https:\/\/tiekejai.eu\/pl\/dostawca-zaopatrzenie\/lista-dostawcow-dropship\/","title":{"rendered":"Lista dostawc\u00f3w dropshippingu"},"content":{"rendered":"<p class=\"translation-block\">Czy jeste\u015b handlowcem i szukasz niezawodnych dostawc\u00f3w dropshippingowych i hurtowych, aby zwi\u0119kszy\u0107 efektywno\u015b\u0107 i zyski swojej firmy? W takim razie nasza <strong>lista dostawc\u00f3w dropship<\/strong> to doskona\u0142y wyb\u00f3r! Oferujemy profesjonaln\u0105 <strong>list\u0119 dostawc\u00f3w dropship<\/strong> zawieraj\u0105c\u0105 nawet 2500 dostawc\u00f3w oraz funkcj\u0119 filtrowania, dzi\u0119ki kt\u00f3rej znacznie szybciej znajdziesz odpowiedniego dostawc\u0119.<\/p>\n<p class=\"translation-block\">Nasza <strong>lista dostawc\u00f3w dropship<\/strong> zapewni Ci dost\u0119p do produkt\u00f3w niszowych i rynkowych, kt\u00f3re pomog\u0105 Ci przyci\u0105gn\u0105\u0107 wi\u0119cej klient\u00f3w i zwi\u0119kszy\u0107 Twoje dochody. Sprawd\u017a nasz\u0105 <strong>list\u0119 dostawc\u00f3w dropship<\/strong>, aby uzyska\u0107 najlepsze ceny. Funkcja filtrowania pozwala dla Twojej wygody znale\u017a\u0107 dostawc\u00f3w wed\u0142ug kategorii produkt\u00f3w, a nawet lokalizacji geograficznej.<\/p>\n<p class=\"translation-block\">Ponadto oferujemy szeroki wyb\u00f3r dostawc\u00f3w, kt\u00f3rzy oferuj\u0105 model biznesowy dropship. Oznacza to, \u017ce nie musisz kupowa\u0107 przedmiot\u00f3w z wyprzedzeniem i ryzykowa\u0107, \u017ce zostan\u0105 resztki. Dostawcy z <strong>Listy dostawc\u00f3w Dropship<\/strong> wysy\u0142aj\u0105 produkty bezpo\u015brednio do Twoich klient\u00f3w, dlatego wystarczy zam\u00f3wi\u0107 produkty tylko wtedy, gdy ju\u017c je otrzymasz. Pozwala to zaoszcz\u0119dzi\u0107 mn\u00f3stwo pieni\u0119dzy i czasu.<\/p>\n<p>Na li\u015bcie dostawc\u00f3w znajdziesz dostawc\u00f3w, kt\u00f3rzy oferuj\u0105 ceny hurtowe. Oznacza to, \u017ce przy zakupie wi\u0119kszych ilo\u015bci towar\u00f3w otrzymasz znacznie ni\u017csz\u0105 cen\u0119. Pozwala to zwi\u0119kszy\u0107 zyski, poniewa\u017c mo\u017cna sprzedawa\u0107 towary po wy\u017cszej cenie, ale nadal utrzymywa\u0107 konkurencyjne ceny dla klient\u00f3w.<\/p>\n<p class=\"translation-block\">Profesjonalna <strong>lista dostawc\u00f3w dropship<\/strong> Tiekejai.eu to \u015bwietne rozwi\u0105zanie zar\u00f3wno dla nowych, jak i do\u015bwiadczonych sprzedawc\u00f3w, kt\u00f3rzy chc\u0105 poszerzy\u0107 swoje mo\u017cliwo\u015bci biznesowe i zwi\u0119kszy\u0107 swoje zyski. Nie przegap tej wyj\u0105tkowej okazji, aby zwi\u0119kszy\u0107 efektywno\u015b\u0107 i zyski swojego biznesu. Zam\u00f3w ju\u017c teraz nasz\u0105 profesjonaln\u0105 <strong>list\u0119 dostawc\u00f3w dropship<\/strong> i znajd\u017a odpowiedniego dostawc\u0119!<\/p>\n<p class=\"translation-block\">Je\u015bli masz inwestycj\u0119 i uwa\u017casz, \u017ce lista dostawc\u00f3w Ci nie pomo\u017ce, mo\u017cesz z\u0142o\u017cy\u0107 wniosek o <a href=\"https:\/\/tiekejai.eu\/pl\/wyszukiwanie-dostawcow\/\" target=\"_self\">wyszukiwanie dostawc\u00f3w<\/a>.<\/p>\n<p>&nbsp;<\/p>\n<p>&nbsp;<\/p>","protected":false},"excerpt":{"rendered":"<p><strong><span style=\"vertical-align: inherit;\"><span style=\"vertical-align: inherit;\">Lista dostawc\u00f3w Dropship<\/span><\/span><\/strong><span style=\"vertical-align: inherit;\"><span style=\"vertical-align: inherit;\"> otworzy drog\u0119 do ponad 2500 dostawc\u00f3w. Dostawcy z Litwy, \u0141otwy, Ukrainy, Polski, Niemiec, Turcji, Jawaju, W\u0142och i innych kraj\u00f3w z ca\u0142ego \u015bwiata i Europy. <\/span><\/span><strong><span style=\"vertical-align: inherit;\"><span style=\"vertical-align: inherit;\">Lista dostawc\u00f3w Dropship<\/span><\/span><\/strong><span style=\"vertical-align: inherit;\"><span style=\"vertical-align: inherit;\"> dost\u0119p do najbardziej kompleksowej bazy danych na Litwie!<\/span><\/span><!--more--><\/p>\n<p><strong><span style=\"vertical-align: inherit;\"><span style=\"vertical-align: inherit;\">Lista dostawc\u00f3w<\/span><\/span><\/strong><span style=\"vertical-align: inherit;\"><span style=\"vertical-align: inherit;\"> Znajdziesz tu nie tylko dostawc\u00f3w hurtowych, ale tak\u017ce dostawc\u00f3w dropshipping w prawie wszystkich kategoriach, w tym - odzie\u017c, auto\/moto, artyku\u0142y gospodarstwa domowego, elektronika, meble, artyku\u0142y ogrodowe, zabawki, turystyka i wypoczynek, towary sezonowe i wiele innych, a wygodne filtrowanie dostawc\u00f3w znacznie u\u0142atwi znalezienie odpowiedniego wyboru.<\/span><\/span><\/p>","protected":false},"featured_media":1523,"template":"","meta":{"_eb_attr":""},"product_brand":[],"product_cat":[46],"product_tag":[],"class_list":{"0":"post-1098","1":"product","2":"type-product","3":"status-publish","4":"has-post-thumbnail","6":"product_cat-tiekeju-sarasai","8":"first","9":"instock","10":"sale","11":"downloadable","12":"shipping-taxable","13":"purchasable","14":"product-type-simple"},"yoast_head":"<!-- This site is optimized with the Yoast SEO Premium plugin v23.6 (Yoast SEO v27.3) - https:\/\/yoast.com\/product\/yoast-seo-premium-wordpress\/ -->\n<title>Rinktinis 2500 dropship Tiek\u0117j\u0173 s\u0105ra\u0161as!<\/title>\n<meta name=\"description\" content=\"Pla\u010diausias ir rinktinis dropship tiek\u0117j\u0173 s\u0105ra\u0161as u\u017e geriausia kaina rinkoje! S\u0105ra\u0161\u0119 rasi net 2500 tiek\u0117j\u0173 su patogiu filtravimu ir verslo pamokomis!\" \/>\n<meta name=\"robots\" content=\"index, follow, max-snippet:-1, max-image-preview:large, max-video-preview:-1\" \/>\n<link rel=\"canonical\" href=\"https:\/\/tiekejai.eu\/pl\/dostawca-zaopatrzenie\/lista-dostawcow-dropship\/\" \/>\n<meta property=\"og:locale\" content=\"pl_PL\" \/>\n<meta property=\"og:type\" content=\"article\" \/>\n<meta property=\"og:title\" content=\"Dropship Tiek\u0117j\u0173 S\u0105ra\u0161as\" \/>\n<meta property=\"og:description\" content=\"Pla\u010diausias ir rinktinis dropship tiek\u0117j\u0173 s\u0105ra\u0161as u\u017e geriausia kaina rinkoje! S\u0105ra\u0161\u0119 rasi net 2500 tiek\u0117j\u0173 su patogiu filtravimu ir verslo pamokomis!\" \/>\n<meta property=\"og:url\" content=\"https:\/\/tiekejai.eu\/pl\/dostawca-zaopatrzenie\/lista-dostawcow-dropship\/\" \/>\n<meta property=\"og:site_name\" content=\"Tiekejai.eu\" \/>\n<meta property=\"article:publisher\" content=\"https:\/\/www.facebook.com\/tiekejai.eu\" \/>\n<meta property=\"article:modified_time\" content=\"2023-09-25T22:07:07+00:00\" \/>\n<meta property=\"og:image\" content=\"https:\/\/tiekejai.eu\/wp-content\/uploads\/2023\/01\/dropship_tiekeju_sarasas.png\" \/>\n\t<meta property=\"og:image:width\" content=\"1080\" \/>\n\t<meta property=\"og:image:height\" content=\"1080\" \/>\n\t<meta property=\"og:image:type\" content=\"image\/png\" \/>\n<meta name=\"twitter:card\" content=\"summary_large_image\" \/>\n<meta name=\"twitter:label1\" content=\"Szacowany czas czytania\" \/>\n\t<meta name=\"twitter:data1\" content=\"2 minuty\" \/>\n<script type=\"application\/ld+json\" class=\"yoast-schema-graph\">{\"@context\":\"https:\\\/\\\/schema.org\",\"@graph\":[{\"@type\":\"WebPage\",\"@id\":\"https:\\\/\\\/tiekejai.eu\\\/tiekeju-sarasai\\\/dropship-tiekeju-sarasas\\\/\",\"url\":\"https:\\\/\\\/tiekejai.eu\\\/tiekeju-sarasai\\\/dropship-tiekeju-sarasas\\\/\",\"name\":\"Rinktinis 2500 dropship Tiek\u0117j\u0173 s\u0105ra\u0161as!\",\"isPartOf\":{\"@id\":\"https:\\\/\\\/tiekejai.eu\\\/#website\"},\"primaryImageOfPage\":{\"@id\":\"https:\\\/\\\/tiekejai.eu\\\/tiekeju-sarasai\\\/dropship-tiekeju-sarasas\\\/#primaryimage\"},\"image\":{\"@id\":\"https:\\\/\\\/tiekejai.eu\\\/tiekeju-sarasai\\\/dropship-tiekeju-sarasas\\\/#primaryimage\"},\"thumbnailUrl\":\"https:\\\/\\\/tiekejai.eu\\\/wp-content\\\/uploads\\\/2023\\\/01\\\/dropship_tiekeju_sarasas.png\",\"datePublished\":\"2023-01-19T21:00:38+00:00\",\"dateModified\":\"2023-09-25T22:07:07+00:00\",\"description\":\"Pla\u010diausias ir rinktinis dropship tiek\u0117j\u0173 s\u0105ra\u0161as u\u017e geriausia kaina rinkoje! S\u0105ra\u0161\u0119 rasi net 2500 tiek\u0117j\u0173 su patogiu filtravimu ir verslo pamokomis!\",\"breadcrumb\":{\"@id\":\"https:\\\/\\\/tiekejai.eu\\\/tiekeju-sarasai\\\/dropship-tiekeju-sarasas\\\/#breadcrumb\"},\"inLanguage\":\"pl-PL\",\"potentialAction\":[{\"@type\":\"ReadAction\",\"target\":[\"https:\\\/\\\/tiekejai.eu\\\/tiekeju-sarasai\\\/dropship-tiekeju-sarasas\\\/\"]}]},{\"@type\":\"ImageObject\",\"inLanguage\":\"pl-PL\",\"@id\":\"https:\\\/\\\/tiekejai.eu\\\/tiekeju-sarasai\\\/dropship-tiekeju-sarasas\\\/#primaryimage\",\"url\":\"https:\\\/\\\/tiekejai.eu\\\/wp-content\\\/uploads\\\/2023\\\/01\\\/dropship_tiekeju_sarasas.png\",\"contentUrl\":\"https:\\\/\\\/tiekejai.eu\\\/wp-content\\\/uploads\\\/2023\\\/01\\\/dropship_tiekeju_sarasas.png\",\"width\":1080,\"height\":1080,\"caption\":\"dropship tiekejai\"},{\"@type\":\"BreadcrumbList\",\"@id\":\"https:\\\/\\\/tiekejai.eu\\\/tiekeju-sarasai\\\/dropship-tiekeju-sarasas\\\/#breadcrumb\",\"itemListElement\":[{\"@type\":\"ListItem\",\"position\":1,\"name\":\"Home\",\"item\":\"https:\\\/\\\/tiekejai.eu\\\/\"},{\"@type\":\"ListItem\",\"position\":2,\"name\":\"Tiek\u0117j\u0173 s\u0105ra\u0161ai\",\"item\":\"https:\\\/\\\/tiekejai.eu\\\/tiekeju-sarasai\\\/\"},{\"@type\":\"ListItem\",\"position\":3,\"name\":\"Dropship Tiek\u0117j\u0173 S\u0105ra\u0161as\"}]},{\"@type\":\"WebSite\",\"@id\":\"https:\\\/\\\/tiekejai.eu\\\/#website\",\"url\":\"https:\\\/\\\/tiekejai.eu\\\/\",\"name\":\"Tiekejai.eu\",\"description\":\"\",\"publisher\":{\"@id\":\"https:\\\/\\\/tiekejai.eu\\\/#organization\"},\"potentialAction\":[{\"@type\":\"SearchAction\",\"target\":{\"@type\":\"EntryPoint\",\"urlTemplate\":\"https:\\\/\\\/tiekejai.eu\\\/?s={search_term_string}\"},\"query-input\":{\"@type\":\"PropertyValueSpecification\",\"valueRequired\":true,\"valueName\":\"search_term_string\"}}],\"inLanguage\":\"pl-PL\"},{\"@type\":\"Organization\",\"@id\":\"https:\\\/\\\/tiekejai.eu\\\/#organization\",\"name\":\"Tiekejai.eu | Preki\u0173 tiek\u0117j\u0173 ir gamintoj\u0173 paie\u0161ka\",\"url\":\"https:\\\/\\\/tiekejai.eu\\\/\",\"logo\":{\"@type\":\"ImageObject\",\"inLanguage\":\"pl-PL\",\"@id\":\"https:\\\/\\\/tiekejai.eu\\\/#\\\/schema\\\/logo\\\/image\\\/\",\"url\":\"http:\\\/\\\/tiekejai.eu\\\/wp-content\\\/uploads\\\/2021\\\/03\\\/cropped-cropped-Logo-transparent-backround-1.png\",\"contentUrl\":\"http:\\\/\\\/tiekejai.eu\\\/wp-content\\\/uploads\\\/2021\\\/03\\\/cropped-cropped-Logo-transparent-backround-1.png\",\"width\":65,\"height\":67,\"caption\":\"Tiekejai.eu | Preki\u0173 tiek\u0117j\u0173 ir gamintoj\u0173 paie\u0161ka\"},\"image\":{\"@id\":\"https:\\\/\\\/tiekejai.eu\\\/#\\\/schema\\\/logo\\\/image\\\/\"},\"sameAs\":[\"https:\\\/\\\/www.facebook.com\\\/tiekejai.eu\"]}]}<\/script>\n<!-- \/ Yoast SEO Premium plugin. -->","yoast_head_json":{"title":"Najlepsza lista 2500 dostawc\u00f3w Dropship!","description":"Najbardziej kompleksowa i selektywna lista dostawc\u00f3w dropshipping w najlepszej cenie na rynku! Znajd\u017a do 2500 dostawc\u00f3w dropship z \u0142atwym filtrowaniem i lekcjami biznesowymi!","robots":{"index":"index","follow":"follow","max-snippet":"max-snippet:-1","max-image-preview":"max-image-preview:large","max-video-preview":"max-video-preview:-1"},"canonical":"https:\/\/tiekejai.eu\/pl\/dostawca-zaopatrzenie\/lista-dostawcow-dropship\/","og_locale":"pl_PL","og_type":"article","og_title":"Dropship Tiek\u0117j\u0173 S\u0105ra\u0161as","og_description":"Pla\u010diausias ir rinktinis dropship tiek\u0117j\u0173 s\u0105ra\u0161as u\u017e geriausia kaina rinkoje! S\u0105ra\u0161\u0119 rasi net 2500 tiek\u0117j\u0173 su patogiu filtravimu ir verslo pamokomis!","og_url":"https:\/\/tiekejai.eu\/pl\/dostawca-zaopatrzenie\/lista-dostawcow-dropship\/","og_site_name":"Tiekejai.eu","article_publisher":"https:\/\/www.facebook.com\/tiekejai.eu","article_modified_time":"2023-09-25T22:07:07+00:00","og_image":[{"width":1080,"height":1080,"url":"https:\/\/tiekejai.eu\/wp-content\/uploads\/2023\/01\/dropship_tiekeju_sarasas.png","type":"image\/png"}],"twitter_card":"summary_large_image","twitter_misc":{"Szacowany czas czytania":"2 minuty"},"schema":{"@context":"https:\/\/schema.org","@graph":[{"@type":"WebPage","@id":"https:\/\/tiekejai.eu\/tiekeju-sarasai\/dropship-tiekeju-sarasas\/","url":"https:\/\/tiekejai.eu\/tiekeju-sarasai\/dropship-tiekeju-sarasas\/","name":"Najlepsza lista 2500 dostawc\u00f3w Dropship!","isPartOf":{"@id":"https:\/\/tiekejai.eu\/#website"},"primaryImageOfPage":{"@id":"https:\/\/tiekejai.eu\/tiekeju-sarasai\/dropship-tiekeju-sarasas\/#primaryimage"},"image":{"@id":"https:\/\/tiekejai.eu\/tiekeju-sarasai\/dropship-tiekeju-sarasas\/#primaryimage"},"thumbnailUrl":"https:\/\/tiekejai.eu\/wp-content\/uploads\/2023\/01\/dropship_tiekeju_sarasas.png","datePublished":"2023-01-19T21:00:38+00:00","dateModified":"2023-09-25T22:07:07+00:00","description":"Najbardziej kompleksowa i selektywna lista dostawc\u00f3w dropshipping w najlepszej cenie na rynku! Znajd\u017a do 2500 dostawc\u00f3w dropship z \u0142atwym filtrowaniem i lekcjami biznesowymi!","breadcrumb":{"@id":"https:\/\/tiekejai.eu\/tiekeju-sarasai\/dropship-tiekeju-sarasas\/#breadcrumb"},"inLanguage":"pl-PL","potentialAction":[{"@type":"ReadAction","target":["https:\/\/tiekejai.eu\/tiekeju-sarasai\/dropship-tiekeju-sarasas\/"]}]},{"@type":"ImageObject","inLanguage":"pl-PL","@id":"https:\/\/tiekejai.eu\/tiekeju-sarasai\/dropship-tiekeju-sarasas\/#primaryimage","url":"https:\/\/tiekejai.eu\/wp-content\/uploads\/2023\/01\/dropship_tiekeju_sarasas.png","contentUrl":"https:\/\/tiekejai.eu\/wp-content\/uploads\/2023\/01\/dropship_tiekeju_sarasas.png","width":1080,"height":1080,"caption":"dropship tiekejai"},{"@type":"BreadcrumbList","@id":"https:\/\/tiekejai.eu\/tiekeju-sarasai\/dropship-tiekeju-sarasas\/#breadcrumb","itemListElement":[{"@type":"ListItem","position":1,"name":"Home","item":"https:\/\/tiekejai.eu\/"},{"@type":"ListItem","position":2,"name":"Tiek\u0117j\u0173 s\u0105ra\u0161ai","item":"https:\/\/tiekejai.eu\/tiekeju-sarasai\/"},{"@type":"ListItem","position":3,"name":"Dropship Tiek\u0117j\u0173 S\u0105ra\u0161as"}]},{"@type":"WebSite","@id":"https:\/\/tiekejai.eu\/#website","url":"https:\/\/tiekejai.eu\/","name":"Tiekejai.eu","description":"","publisher":{"@id":"https:\/\/tiekejai.eu\/#organization"},"potentialAction":[{"@type":"SearchAction","target":{"@type":"EntryPoint","urlTemplate":"https:\/\/tiekejai.eu\/?s={search_term_string}"},"query-input":{"@type":"PropertyValueSpecification","valueRequired":true,"valueName":"search_term_string"}}],"inLanguage":"pl-PL"},{"@type":"Organization","@id":"https:\/\/tiekejai.eu\/#organization","name":"tiekejai.eu | Wyszukiwanie dostawc\u00f3w i producent\u00f3w towar\u00f3w","url":"https:\/\/tiekejai.eu\/","logo":{"@type":"ImageObject","inLanguage":"pl-PL","@id":"https:\/\/tiekejai.eu\/#\/schema\/logo\/image\/","url":"http:\/\/tiekejai.eu\/wp-content\/uploads\/2021\/03\/cropped-cropped-Logo-transparent-backround-1.png","contentUrl":"http:\/\/tiekejai.eu\/wp-content\/uploads\/2021\/03\/cropped-cropped-Logo-transparent-backround-1.png","width":65,"height":67,"caption":"Tiekejai.eu | Preki\u0173 tiek\u0117j\u0173 ir gamintoj\u0173 paie\u0161ka"},"image":{"@id":"https:\/\/tiekejai.eu\/#\/schema\/logo\/image\/"},"sameAs":["https:\/\/www.facebook.com\/tiekejai.eu"]}]}},"_links":{"self":[{"href":"https:\/\/tiekejai.eu\/pl\/wp-json\/wp\/v2\/product\/1098","targetHints":{"allow":["GET"]}}],"collection":[{"href":"https:\/\/tiekejai.eu\/pl\/wp-json\/wp\/v2\/product"}],"about":[{"href":"https:\/\/tiekejai.eu\/pl\/wp-json\/wp\/v2\/types\/product"}],"version-history":[{"count":10,"href":"https:\/\/tiekejai.eu\/pl\/wp-json\/wp\/v2\/product\/1098\/revisions"}],"predecessor-version":[{"id":1379,"href":"https:\/\/tiekejai.eu\/pl\/wp-json\/wp\/v2\/product\/1098\/revisions\/1379"}],"wp:featuredmedia":[{"embeddable":true,"href":"https:\/\/tiekejai.eu\/pl\/wp-json\/wp\/v2\/media\/1523"}],"wp:attachment":[{"href":"https:\/\/tiekejai.eu\/pl\/wp-json\/wp\/v2\/media?parent=1098"}],"wp:term":[{"taxonomy":"product_brand","embeddable":true,"href":"https:\/\/tiekejai.eu\/pl\/wp-json\/wp\/v2\/product_brand?post=1098"},{"taxonomy":"product_cat","embeddable":true,"href":"https:\/\/tiekejai.eu\/pl\/wp-json\/wp\/v2\/product_cat?post=1098"},{"taxonomy":"product_tag","embeddable":true,"href":"https:\/\/tiekejai.eu\/pl\/wp-json\/wp\/v2\/product_tag?post=1098"}],"curies":[{"name":"wp","href":"https:\/\/api.w.org\/{rel}","templated":true}]}}