{"id":469,"date":"2021-11-09T15:34:09","date_gmt":"2021-11-09T17:34:09","guid":{"rendered":"http:\/\/tiekejai.eu\/?page_id=469"},"modified":"2023-01-18T14:58:32","modified_gmt":"2023-01-18T16:58:32","slug":"polityka-prywatnosci","status":"publish","type":"page","link":"https:\/\/tiekejai.eu\/pl\/polityka-prywatnosci\/","title":{"rendered":"Polityka prywatno\u015bci"},"content":{"rendered":"<p><strong>Postanowienia og\u00f3lne<\/strong><\/p>\n\n\n\n<p>Niniejsze Zasady Prywatno\u015bci w serwisie Tiekejai.eu (dalej \u2013 Regulamin) zosta\u0142y sporz\u0105dzone w celu zapewnienia Tobie (dalej \u2013 Klientowi) oraz serwisowi Tiekejai.eu (dalej \u2013 Serwisowi) praw, do okre\u015blenia obowi\u0105zk\u00f3w i odpowiedzialno\u015bci obu stron, zasady ochrony danych osobowych oraz inne postanowienia zwi\u0105zane ze sk\u0142adaniem \u017c\u0105da\u0144 w Serwisie. Klient sk\u0142adaj\u0105c \u017c\u0105danie automatycznie potwierdza, \u017ce \u200b\u200bzapozna\u0142 si\u0119 i akceptuje niniejszy Regulamin.<\/p>\n\n\n\n<p>Wszyscy pracownicy Tiekejai.eu (zwani dalej Administratorem Danych) oraz osoby upowa\u017cnione, kt\u00f3re przetwarzaj\u0105 dane osobowe lub zapoznaj\u0105 si\u0119 z nimi w trakcie wykonywania swoich obowi\u0105zk\u00f3w s\u0142u\u017cbowych, zobowi\u0105zani s\u0105 do przestrzegania niniejszego Regulaminu. Dost\u0119p do danych osobowych mog\u0105 mie\u0107 wy\u0142\u0105cznie ci pracownicy, dla kt\u00f3rych jest to niezb\u0119dne do wykonywania swoich funkcji.<\/p>\n\n\n\n<p>Odwiedzaj\u0105c stron\u0119 Tiekejai.eu, zbieramy od Ciebie r\u00f3\u017cne informacje, aby w przysz\u0142o\u015bci \u015bwiadczy\u0107 lepsze us\u0142ugi.<\/p>\n\n\n\n<p>W zwi\u0105zku z tym podczas sk\u0142adania zam\u00f3wienia lub rejestracji na naszej stronie internetowej mo\u017cesz zosta\u0107 poproszony o podanie adresu e-mail. Adres pocztowy. Mo\u017cesz jednak odwiedza\u0107 nasz\u0105 stron\u0119 anonimowo.<\/p>\n\n\n\n<p><strong>Do czego wykorzystujemy Twoje dane?<\/strong><\/p>\n\n\n\n<p>Wszelkie informacje, kt\u00f3re od Ciebie zbieramy, mog\u0105 zosta\u0107 wykorzystane w jeden z nast\u0119puj\u0105cych sposob\u00f3w:<\/p>\n\n\n\n<p>Aby spersonalizowa\u0107 Twoje do\u015bwiadczenie \u2013 (Twoje informacje pomagaj\u0105 nam lepiej spe\u0142nia\u0107 Twoje indywidualne potrzeby)<\/p>\n\n\n\n<p>Popraw obs\u0142ug\u0119 klienta \u2014 (Twoje dane pomog\u0105 nam skuteczniej reagowa\u0107 na zapytania dotycz\u0105ce obs\u0142ugi klienta i potrzeby wsparcia)<\/p>\n\n\n\n<p>Aby wysy\u0142a\u0107 okresowe aktualizacje<\/p>\n\n\n\n<p>e-mail Adres e-mail podany w celu przetwarzania zam\u00f3wienia b\u0119dzie u\u017cywany wy\u0142\u0105cznie do wysy\u0142ania informacji i aktualizacji zwi\u0105zanych z Twoim zam\u00f3wieniem.<\/p>\n\n\n\n<p>Uwaga: je\u015bli kiedykolwiek zechcesz zrezygnowa\u0107 z otrzymywania przysz\u0142ych e-maili Subskrypcje pocztowe, ka\u017cdy e-mail Na dole wiadomo\u015bci e-mail udost\u0119pniamy przycisk rezygnacji z subskrypcji<\/p>\n\n\n\n<p><strong>Jak chronimy Twoje dane?<\/strong><\/p>\n\n\n\n<p>Stosujemy r\u00f3\u017cne \u015brodki bezpiecze\u0144stwa, aby zapewni\u0107 bezpiecze\u0144stwo Twoich danych osobowych podczas ich wprowadzania, przesy\u0142ania lub uzyskiwania dost\u0119pu do nich.<\/p>\n\n\n\n<p><strong>Czy ujawniamy jakiekolwiek informacje osobom trzecim?<\/strong><\/p>\n\n\n\n<p>Nie sprzedajemy, nie handlujemy ani w \u017caden inny spos\u00f3b nie przekazujemy Twoich danych osobowych stronom zewn\u0119trznym. Nie obejmuje to zaufanych stron trzecich, kt\u00f3re pomagaj\u0105 nam w obs\u0142udze naszej witryny internetowej, prowadzeniu dzia\u0142alno\u015bci gospodarczej lub obs\u0142udze Ciebie, o ile strony te zgadzaj\u0105 si\u0119 zachowa\u0107 poufno\u015b\u0107 tych informacji. Mo\u017cemy r\u00f3wnie\u017c udost\u0119pni\u0107 Twoje dane, je\u015bli uznamy, \u017ce jest to zgodne z prawem, egzekwowanie zasad naszej witryny lub ochrona praw, w\u0142asno\u015bci lub bezpiecze\u0144stwa naszych lub innych os\u00f3b. Jednak\u017ce informacje o go\u015bciach, kt\u00f3re nie pozwalaj\u0105 na identyfikacj\u0119 u\u017cytkownika, mog\u0105 by\u0107 udost\u0119pniane innym stronom w celach marketingowych, reklamowych lub innych.<\/p>\n\n\n\n<p><strong>Linki stron trzecich<\/strong><\/p>\n\n\n\n<p>Od czasu do czasu mo\u017cemy, wed\u0142ug w\u0142asnego uznania, w\u0142\u0105cza\u0107 lub oferowa\u0107 produkty lub us\u0142ugi stron trzecich na naszej stronie internetowej. Te strony internetowe os\u00f3b trzecich posiadaj\u0105 odr\u0119bn\u0105 i niezale\u017cn\u0105 polityk\u0119 prywatno\u015bci. Dlatego nie ponosimy odpowiedzialno\u015bci za tre\u015b\u0107 i dzia\u0142anie tych stron internetowych, do kt\u00f3rych prowadz\u0105 linki. Niemniej jednak staramy si\u0119 chroni\u0107 integralno\u015b\u0107 naszej witryny i jeste\u015bmy otwarci na wszelkie opinie na temat tych witryn.<\/p>\n\n\n\n<p><strong>Atbilst\u012bba Lietuvas tie\u0161saistes priv\u0101tuma aizsardz\u012bbas likumam<\/strong><\/p>\n\n\n\n<p>Poniewa\u017c cenimy Twoj\u0105 prywatno\u015b\u0107, podj\u0119li\u015bmy niezb\u0119dne \u015brodki ostro\u017cno\u015bci, aby zachowa\u0107 zgodno\u015b\u0107 z litewskimi przepisami dotycz\u0105cymi ochrony prywatno\u015bci w Internecie. Dlatego nie b\u0119dziemy udost\u0119pnia\u0107 Twoich danych osobowych podmiotom trzecim bez Twojej zgody.<\/p>\n\n\n\n<p><strong>Polityka prywatno\u015bci w Internecie<\/strong><\/p>\n\n\n\n<p>Niniejsza polityka prywatno\u015bci w Internecie dotyczy wy\u0142\u0105cznie informacji zebranych za po\u015brednictwem naszej witryny internetowej, a nie informacji zebranych w trybie offline.<\/p>\n\n\n\n<p><strong>Twoja zgoda<\/strong><\/p>\n\n\n\n<p>Korzystaj\u0105c z naszej witryny, zgadzasz si\u0119 z nasz\u0105 polityk\u0105 prywatno\u015bci.<\/p>\n\n\n\n<p><strong>Zmiany w naszej polityce prywatno\u015bci<\/strong><\/p>\n\n\n\n<p>Je\u017celi zdecydujemy si\u0119 na zmian\u0119 naszej polityki prywatno\u015bci, opublikujemy te zmiany na tej stronie.<\/p>","protected":false},"excerpt":{"rendered":"<p>Bendrosios nuostatos \u0160ios Privatumo internetin\u0117je svetain\u0117je Tiekejai.eu taisykl\u0117s (toliau \u2013 Taisykl\u0117s) sudarytos siekiant u\u017etikrinti J\u016bs\u0173 (toliau \u2013 Klientas) ir internetin\u0117je svetain\u0117je Tiekejai.eu (toliau \u2013 Svetain\u0117) teises, nustatyti abiej\u0173 \u0161ali\u0173 pareigas, atsakomyb\u0119, asmens duomen\u0173 apsaugos taisykles, ir kitas su u\u017eklaus\u0173 pateikimui Svetain\u0117je susijusias nuostatas.&nbsp;Klientas pateikdamas u\u017eklaus\u0105 automati\u0161kai patvirtina, kad su \u0161iomis Taisykl\u0117mis susipa\u017eino ir su jomis&hellip; <br \/> <a class=\"button small blue\" href=\"https:\/\/tiekejai.eu\/pl\/polityka-prywatnosci\/\">Czytaj wi\u0119cej<\/a><\/p>","protected":false},"author":1,"featured_media":0,"parent":0,"menu_order":0,"comment_status":"closed","ping_status":"closed","template":"","meta":{"_eb_attr":"","footnotes":""},"class_list":["post-469","page","type-page","status-publish","hentry"],"yoast_head":"<!-- This site is optimized with the Yoast SEO Premium plugin v23.6 (Yoast SEO v27.3) - https:\/\/yoast.com\/product\/yoast-seo-premium-wordpress\/ -->\n<title>Privatumo politika - Tiekejai.eu<\/title>\n<meta name=\"robots\" content=\"index, follow, max-snippet:-1, max-image-preview:large, max-video-preview:-1\" \/>\n<link rel=\"canonical\" href=\"https:\/\/tiekejai.eu\/pl\/polityka-prywatnosci\/\" \/>\n<meta property=\"og:locale\" content=\"pl_PL\" \/>\n<meta property=\"og:type\" content=\"article\" \/>\n<meta property=\"og:title\" content=\"Privatumo politika\" \/>\n<meta property=\"og:description\" content=\"Bendrosios nuostatos \u0160ios Privatumo internetin\u0117je svetain\u0117je Tiekejai.eu taisykl\u0117s (toliau \u2013 Taisykl\u0117s) sudarytos siekiant u\u017etikrinti J\u016bs\u0173 (toliau \u2013 Klientas) ir internetin\u0117je svetain\u0117je Tiekejai.eu (toliau \u2013 Svetain\u0117) teises, nustatyti abiej\u0173 \u0161ali\u0173 pareigas, atsakomyb\u0119, asmens duomen\u0173 apsaugos taisykles, ir kitas su u\u017eklaus\u0173 pateikimui Svetain\u0117je susijusias nuostatas.&nbsp;Klientas pateikdamas u\u017eklaus\u0105 automati\u0161kai patvirtina, kad su \u0161iomis Taisykl\u0117mis susipa\u017eino ir su jomis&hellip; Dowiedz si\u0119 wi\u0119cej\" \/>\n<meta property=\"og:url\" content=\"https:\/\/tiekejai.eu\/pl\/polityka-prywatnosci\/\" \/>\n<meta property=\"og:site_name\" content=\"Tiekejai.eu\" \/>\n<meta property=\"article:publisher\" content=\"https:\/\/www.facebook.com\/tiekejai.eu\" \/>\n<meta property=\"article:modified_time\" content=\"2023-01-18T16:58:32+00:00\" \/>\n<meta name=\"twitter:card\" content=\"summary_large_image\" \/>\n<meta name=\"twitter:label1\" content=\"Szacowany czas czytania\" \/>\n\t<meta name=\"twitter:data1\" content=\"3 minuty\" \/>\n<script type=\"application\/ld+json\" class=\"yoast-schema-graph\">{\"@context\":\"https:\\\/\\\/schema.org\",\"@graph\":[{\"@type\":\"WebPage\",\"@id\":\"https:\\\/\\\/tiekejai.eu\\\/privatumo-politika\\\/\",\"url\":\"https:\\\/\\\/tiekejai.eu\\\/privatumo-politika\\\/\",\"name\":\"Privatumo politika - Tiekejai.eu\",\"isPartOf\":{\"@id\":\"https:\\\/\\\/tiekejai.eu\\\/#website\"},\"datePublished\":\"2021-11-09T17:34:09+00:00\",\"dateModified\":\"2023-01-18T16:58:32+00:00\",\"breadcrumb\":{\"@id\":\"https:\\\/\\\/tiekejai.eu\\\/privatumo-politika\\\/#breadcrumb\"},\"inLanguage\":\"pl-PL\",\"potentialAction\":[{\"@type\":\"ReadAction\",\"target\":[\"https:\\\/\\\/tiekejai.eu\\\/privatumo-politika\\\/\"]}]},{\"@type\":\"BreadcrumbList\",\"@id\":\"https:\\\/\\\/tiekejai.eu\\\/privatumo-politika\\\/#breadcrumb\",\"itemListElement\":[{\"@type\":\"ListItem\",\"position\":1,\"name\":\"Home\",\"item\":\"https:\\\/\\\/tiekejai.eu\\\/\"},{\"@type\":\"ListItem\",\"position\":2,\"name\":\"Privatumo politika\"}]},{\"@type\":\"WebSite\",\"@id\":\"https:\\\/\\\/tiekejai.eu\\\/#website\",\"url\":\"https:\\\/\\\/tiekejai.eu\\\/\",\"name\":\"Tiekejai.eu\",\"description\":\"\",\"publisher\":{\"@id\":\"https:\\\/\\\/tiekejai.eu\\\/#organization\"},\"potentialAction\":[{\"@type\":\"SearchAction\",\"target\":{\"@type\":\"EntryPoint\",\"urlTemplate\":\"https:\\\/\\\/tiekejai.eu\\\/?s={search_term_string}\"},\"query-input\":{\"@type\":\"PropertyValueSpecification\",\"valueRequired\":true,\"valueName\":\"search_term_string\"}}],\"inLanguage\":\"pl-PL\"},{\"@type\":\"Organization\",\"@id\":\"https:\\\/\\\/tiekejai.eu\\\/#organization\",\"name\":\"Tiekejai.eu | Preki\u0173 tiek\u0117j\u0173 ir gamintoj\u0173 paie\u0161ka\",\"url\":\"https:\\\/\\\/tiekejai.eu\\\/\",\"logo\":{\"@type\":\"ImageObject\",\"inLanguage\":\"pl-PL\",\"@id\":\"https:\\\/\\\/tiekejai.eu\\\/#\\\/schema\\\/logo\\\/image\\\/\",\"url\":\"http:\\\/\\\/tiekejai.eu\\\/wp-content\\\/uploads\\\/2021\\\/03\\\/cropped-cropped-Logo-transparent-backround-1.png\",\"contentUrl\":\"http:\\\/\\\/tiekejai.eu\\\/wp-content\\\/uploads\\\/2021\\\/03\\\/cropped-cropped-Logo-transparent-backround-1.png\",\"width\":65,\"height\":67,\"caption\":\"Tiekejai.eu | Preki\u0173 tiek\u0117j\u0173 ir gamintoj\u0173 paie\u0161ka\"},\"image\":{\"@id\":\"https:\\\/\\\/tiekejai.eu\\\/#\\\/schema\\\/logo\\\/image\\\/\"},\"sameAs\":[\"https:\\\/\\\/www.facebook.com\\\/tiekejai.eu\"]}]}<\/script>\n<!-- \/ Yoast SEO Premium plugin. -->","yoast_head_json":{"title":"Polityka prywatno\u015bci - Tiekejai.eu","robots":{"index":"index","follow":"follow","max-snippet":"max-snippet:-1","max-image-preview":"max-image-preview:large","max-video-preview":"max-video-preview:-1"},"canonical":"https:\/\/tiekejai.eu\/pl\/polityka-prywatnosci\/","og_locale":"pl_PL","og_type":"article","og_title":"Privatumo politika","og_description":"Bendrosios nuostatos \u0160ios Privatumo internetin\u0117je svetain\u0117je Tiekejai.eu taisykl\u0117s (toliau \u2013 Taisykl\u0117s) sudarytos siekiant u\u017etikrinti J\u016bs\u0173 (toliau \u2013 Klientas) ir internetin\u0117je svetain\u0117je Tiekejai.eu (toliau \u2013 Svetain\u0117) teises, nustatyti abiej\u0173 \u0161ali\u0173 pareigas, atsakomyb\u0119, asmens duomen\u0173 apsaugos taisykles, ir kitas su u\u017eklaus\u0173 pateikimui Svetain\u0117je susijusias nuostatas.&nbsp;Klientas pateikdamas u\u017eklaus\u0105 automati\u0161kai patvirtina, kad su \u0161iomis Taisykl\u0117mis susipa\u017eino ir su jomis&hellip; Dowiedz si\u0119 wi\u0119cej","og_url":"https:\/\/tiekejai.eu\/pl\/polityka-prywatnosci\/","og_site_name":"Tiekejai.eu","article_publisher":"https:\/\/www.facebook.com\/tiekejai.eu","article_modified_time":"2023-01-18T16:58:32+00:00","twitter_card":"summary_large_image","twitter_misc":{"Szacowany czas czytania":"3 minuty"},"schema":{"@context":"https:\/\/schema.org","@graph":[{"@type":"WebPage","@id":"https:\/\/tiekejai.eu\/privatumo-politika\/","url":"https:\/\/tiekejai.eu\/privatumo-politika\/","name":"Polityka prywatno\u015bci - Tiekejai.eu","isPartOf":{"@id":"https:\/\/tiekejai.eu\/#website"},"datePublished":"2021-11-09T17:34:09+00:00","dateModified":"2023-01-18T16:58:32+00:00","breadcrumb":{"@id":"https:\/\/tiekejai.eu\/privatumo-politika\/#breadcrumb"},"inLanguage":"pl-PL","potentialAction":[{"@type":"ReadAction","target":["https:\/\/tiekejai.eu\/privatumo-politika\/"]}]},{"@type":"BreadcrumbList","@id":"https:\/\/tiekejai.eu\/privatumo-politika\/#breadcrumb","itemListElement":[{"@type":"ListItem","position":1,"name":"Home","item":"https:\/\/tiekejai.eu\/"},{"@type":"ListItem","position":2,"name":"Privatumo politika"}]},{"@type":"WebSite","@id":"https:\/\/tiekejai.eu\/#website","url":"https:\/\/tiekejai.eu\/","name":"Tiekejai.eu","description":"","publisher":{"@id":"https:\/\/tiekejai.eu\/#organization"},"potentialAction":[{"@type":"SearchAction","target":{"@type":"EntryPoint","urlTemplate":"https:\/\/tiekejai.eu\/?s={search_term_string}"},"query-input":{"@type":"PropertyValueSpecification","valueRequired":true,"valueName":"search_term_string"}}],"inLanguage":"pl-PL"},{"@type":"Organization","@id":"https:\/\/tiekejai.eu\/#organization","name":"tiekejai.eu | Wyszukiwanie dostawc\u00f3w i producent\u00f3w towar\u00f3w","url":"https:\/\/tiekejai.eu\/","logo":{"@type":"ImageObject","inLanguage":"pl-PL","@id":"https:\/\/tiekejai.eu\/#\/schema\/logo\/image\/","url":"http:\/\/tiekejai.eu\/wp-content\/uploads\/2021\/03\/cropped-cropped-Logo-transparent-backround-1.png","contentUrl":"http:\/\/tiekejai.eu\/wp-content\/uploads\/2021\/03\/cropped-cropped-Logo-transparent-backround-1.png","width":65,"height":67,"caption":"Tiekejai.eu | Preki\u0173 tiek\u0117j\u0173 ir gamintoj\u0173 paie\u0161ka"},"image":{"@id":"https:\/\/tiekejai.eu\/#\/schema\/logo\/image\/"},"sameAs":["https:\/\/www.facebook.com\/tiekejai.eu"]}]}},"_links":{"self":[{"href":"https:\/\/tiekejai.eu\/pl\/wp-json\/wp\/v2\/pages\/469","targetHints":{"allow":["GET"]}}],"collection":[{"href":"https:\/\/tiekejai.eu\/pl\/wp-json\/wp\/v2\/pages"}],"about":[{"href":"https:\/\/tiekejai.eu\/pl\/wp-json\/wp\/v2\/types\/page"}],"author":[{"embeddable":true,"href":"https:\/\/tiekejai.eu\/pl\/wp-json\/wp\/v2\/users\/1"}],"replies":[{"embeddable":true,"href":"https:\/\/tiekejai.eu\/pl\/wp-json\/wp\/v2\/comments?post=469"}],"version-history":[{"count":2,"href":"https:\/\/tiekejai.eu\/pl\/wp-json\/wp\/v2\/pages\/469\/revisions"}],"predecessor-version":[{"id":1017,"href":"https:\/\/tiekejai.eu\/pl\/wp-json\/wp\/v2\/pages\/469\/revisions\/1017"}],"wp:attachment":[{"href":"https:\/\/tiekejai.eu\/pl\/wp-json\/wp\/v2\/media?parent=469"}],"curies":[{"name":"wp","href":"https:\/\/api.w.org\/{rel}","templated":true}]}}