{"id":1943,"date":"2024-04-08T21:06:30","date_gmt":"2024-04-08T23:06:30","guid":{"rendered":"https:\/\/tiekejai.eu\/?post_type=product&#038;p=1943"},"modified":"2024-04-08T21:26:39","modified_gmt":"2024-04-08T23:26:39","slug":"2500-liste-over-laerere-med-utdannelse-eller-assistent","status":"publish","type":"product","link":"https:\/\/tiekejai.eu\/nn\/leverandorlister\/2500-liste-over-laerere-med-utdannelse-eller-assistent\/","title":{"rendered":"Liste over leverand\u00f8rer med en utdannet AI assistent"},"content":{"rendered":"<p style=\"text-align: left;\" class=\"translation-block\"><strong>Pr\u00f8v v\u00e5rt eksklusive tilbud<\/strong>: en kraftig og trent <strong>ChatGPT<\/strong>-assistent som bruker forretningsdataene v\u00e5re og en omfattende liste over <strong>2500+ leverand\u00f8rer<\/strong>. V\u00e5r <strong>dropship-leverand\u00f8rliste<\/strong> vil \u00e5pne d\u00f8ren for mer enn 2500 leverand\u00f8rer fra forskjellige land, inkludert Litauen, Latvia, Ukraina, Polen, Tyskland, Tyrkia, USA, Italia og mer, du kan enkelt finne den rette partneren ved \u00e5 filtrere leverand\u00f8rer etter leverand\u00f8rliste, eller pr\u00f8v <strong>AI Assistant<\/strong>. Plattformen v\u00e5r gir ubegrenset tilgang, bare et ChatGPT 4-abonnement kreves for \u00e5 bruke assistenten v\u00e5r.<\/p>\n<p style=\"text-align: left;\" class=\"translation-block\">\u00c5 starte en bedrift kan v\u00e6re ganske utfordrende, men med de <strong>riktige verkt\u00f8yene<\/strong> kan du ta dine f\u00f8rste skritt med selvtillit. Vi forst\u00e5r at det \u00e5 finne p\u00e5litelige leverand\u00f8rer eller partnere er en av de st\u00f8rste utfordringene for nye gr\u00fcndere. Derfor har vi laget en eksklusiv l\u00f8sning som vil gj\u00f8re denne oppgaven enklere.<\/p>\n<p style=\"text-align: left;\" class=\"translation-block\">V\u00e5r liste over <strong>2500 leverand\u00f8rer<\/strong> er for b\u00e5de nybegynnere og erfarne gr\u00fcndere som \u00f8nsker \u00e5 utvide eller starte sin egen virksomhet. I listen finner du leverand\u00f8rer fra ulike land, inkludert Litauen, Latvia, Ukraina, Polen, Tyskland, Tyrkia, USA, Italia og flere, som tilbyr et bredt spekter av varer. Fra kl\u00e6r og elektronikk til husholdningsartikler og hageutstyr, alt du trenger for \u00e5 gj\u00f8re bedriften din til en suksess.<\/p>\n<p style=\"text-align: left;\" class=\"translation-block\">V\u00e5r <strong>ChatGPT-assistent<\/strong> er et annet verkt\u00f8y i arsenalet ditt. Den bruker avansert kunstig intelligens-teknologi for \u00e5 gi deg personlige anbefalinger og r\u00e5d om hvordan du finner den ideelle leverand\u00f8ren for bedriftens behov. Ved \u00e5 bruke assistenten kan du stille sp\u00f8rsm\u00e5l, s\u00f8ke etter leverand\u00f8rer etter kategori eller til og med geografisk plassering, noe som sparer tid og ressurser.<\/p>\n<p style=\"text-align: left;\" class=\"translation-block\">Denne kombinasjonen av en utvidet <strong>leverand\u00f8rliste<\/strong> og en personlig <strong>AI-assistent<\/strong> er det perfekte grunnlaget for en vellykket bedriftsoppstart. Ikke bare gir den deg verkt\u00f8yene og informasjonen du trenger, den reduserer ogs\u00e5 risikoen for din oppstartsbedrift ved \u00e5 hjelpe deg med \u00e5 planlegge kj\u00f8pene dine effektivt og intelligent.<\/p>\n<p style=\"text-align: left;\">Ikke la oppstartsutfordringer komme i veien for forretningsdr\u00f8mmene dine. Med v\u00e5r liste over leverand\u00f8rer og ChatGPT Assistant har du alt du trenger for \u00e5 starte din bedrift med selvtillit og ta de f\u00f8rste skrittene mot suksess.<\/p>\n<p class=\"translation-block\">Merk f\u00f8lgende! For \u00e5 bruke tiekejai.eu utdannet personlig assistent m\u00e5 du ha <a href=\"https:\/\/openai.com\" target=\"_self\">\u00e5pne en<\/a><a href=\"https:\/\/openai.com\" target=\"_self\">i<\/a> pluss abonnement!<\/strong><\/p>","protected":false},"excerpt":{"rendered":"<p style=\"text-align: left;\"><strong>Dr\u00f8mmer du om \u00e5 bli gr\u00fcnder? Vi hjelper deg med \u00e5 realisere den. Oppdag v\u00e5rt unike tilbud til nykommere: en omfattende liste med over 2500 leverand\u00f8rer og den intuitive ChatGPT-assistenten. Leverand\u00f8rlisten v\u00e5r \u00e5pner d\u00f8ren til et bredt utvalg av leverand\u00f8rer fra hele verden, mens ChatGPT-assistenten gir deg tilgang til tips og anbefalinger som hjelper deg med \u00e5 finne den rette leverand\u00f8ren for din virksomhet. Dette er den perfekte l\u00f8sningen for deg som tar dine f\u00f8rste skritt i forretningsverdenen og leter etter p\u00e5litelige partnere.\n\nTranslated with DeepL.com (free version)<\/strong><\/p>","protected":false},"featured_media":1944,"template":"","meta":{"_eb_attr":""},"product_brand":[],"product_cat":[46],"product_tag":[],"class_list":{"0":"post-1943","1":"product","2":"type-product","3":"status-publish","4":"has-post-thumbnail","6":"product_cat-tiekeju-sarasai","8":"first","9":"instock","10":"sale","11":"downloadable","12":"virtual","13":"purchasable","14":"product-type-simple"},"yoast_head":"<!-- This site is optimized with the Yoast SEO Premium plugin v23.6 (Yoast SEO v27.4) - https:\/\/yoast.com\/product\/yoast-seo-premium-wordpress\/ -->\n<title>Tiek\u0117j\u0173 S\u0105ra\u0161as su apmokytu DI Asistentu - Tiekejai.eu<\/title>\n<meta name=\"description\" content=\"Atraskite tinkam\u0105 Tiek\u0117j\u0105 su M\u016bs\u0173 apmokytu ChatGPT asistentu dar lengviau nei anks\u010diau, arba nagrin\u0117jant tiek\u0117j\u0173 s\u0105ra\u0161us kuriuose vir\u0161 2500 tiek\u0117j\u0173\" \/>\n<meta name=\"robots\" content=\"index, follow, max-snippet:-1, max-image-preview:large, max-video-preview:-1\" \/>\n<link rel=\"canonical\" href=\"https:\/\/tiekejai.eu\/nn\/leverandorlister\/2500-liste-over-laerere-med-utdannelse-eller-assistent\/\" \/>\n<meta property=\"og:locale\" content=\"nn_NO\" \/>\n<meta property=\"og:type\" content=\"article\" \/>\n<meta property=\"og:title\" content=\"Tiek\u0117j\u0173 S\u0105ra\u0161as su apmokytu DI Asistentu\" \/>\n<meta property=\"og:description\" content=\"Atraskite tinkam\u0105 Tiek\u0117j\u0105 su M\u016bs\u0173 apmokytu ChatGPT asistentu dar lengviau nei anks\u010diau, arba nagrin\u0117jant tiek\u0117j\u0173 s\u0105ra\u0161us kuriuose vir\u0161 2500 tiek\u0117j\u0173\" \/>\n<meta property=\"og:url\" content=\"https:\/\/tiekejai.eu\/nn\/leverandorlister\/2500-liste-over-laerere-med-utdannelse-eller-assistent\/\" \/>\n<meta property=\"og:site_name\" content=\"Tiekejai.eu\" \/>\n<meta property=\"article:publisher\" content=\"https:\/\/www.facebook.com\/tiekejai.eu\" \/>\n<meta property=\"article:modified_time\" content=\"2024-04-08T23:26:39+00:00\" \/>\n<meta property=\"og:image\" content=\"https:\/\/tiekejai.eu\/wp-content\/uploads\/2024\/04\/2500_Tiekeju_Sarasas_apmokytas_DI_Asistentas.png\" \/>\n\t<meta property=\"og:image:width\" content=\"1024\" \/>\n\t<meta property=\"og:image:height\" content=\"1024\" \/>\n\t<meta property=\"og:image:type\" content=\"image\/png\" \/>\n<meta name=\"twitter:card\" content=\"summary_large_image\" \/>\n<meta name=\"twitter:label1\" content=\"Est. reading time\" \/>\n\t<meta name=\"twitter:data1\" content=\"2 minutt\" \/>\n<script type=\"application\/ld+json\" class=\"yoast-schema-graph\">{\"@context\":\"https:\\\/\\\/schema.org\",\"@graph\":[{\"@type\":\"WebPage\",\"@id\":\"https:\\\/\\\/tiekejai.eu\\\/tiekeju-sarasai\\\/tiekeju-sarasas-su-apmokytu-di-asistentu\\\/\",\"url\":\"https:\\\/\\\/tiekejai.eu\\\/tiekeju-sarasai\\\/tiekeju-sarasas-su-apmokytu-di-asistentu\\\/\",\"name\":\"Tiek\u0117j\u0173 S\u0105ra\u0161as su apmokytu DI Asistentu - Tiekejai.eu\",\"isPartOf\":{\"@id\":\"https:\\\/\\\/tiekejai.eu\\\/#website\"},\"primaryImageOfPage\":{\"@id\":\"https:\\\/\\\/tiekejai.eu\\\/tiekeju-sarasai\\\/tiekeju-sarasas-su-apmokytu-di-asistentu\\\/#primaryimage\"},\"image\":{\"@id\":\"https:\\\/\\\/tiekejai.eu\\\/tiekeju-sarasai\\\/tiekeju-sarasas-su-apmokytu-di-asistentu\\\/#primaryimage\"},\"thumbnailUrl\":\"https:\\\/\\\/tiekejai.eu\\\/wp-content\\\/uploads\\\/2024\\\/04\\\/2500_Tiekeju_Sarasas_apmokytas_DI_Asistentas.png\",\"datePublished\":\"2024-04-08T23:06:30+00:00\",\"dateModified\":\"2024-04-08T23:26:39+00:00\",\"description\":\"Atraskite tinkam\u0105 Tiek\u0117j\u0105 su M\u016bs\u0173 apmokytu ChatGPT asistentu dar lengviau nei anks\u010diau, arba nagrin\u0117jant tiek\u0117j\u0173 s\u0105ra\u0161us kuriuose vir\u0161 2500 tiek\u0117j\u0173\",\"breadcrumb\":{\"@id\":\"https:\\\/\\\/tiekejai.eu\\\/tiekeju-sarasai\\\/tiekeju-sarasas-su-apmokytu-di-asistentu\\\/#breadcrumb\"},\"inLanguage\":\"nn-NO\",\"potentialAction\":[{\"@type\":\"ReadAction\",\"target\":[\"https:\\\/\\\/tiekejai.eu\\\/tiekeju-sarasai\\\/tiekeju-sarasas-su-apmokytu-di-asistentu\\\/\"]}]},{\"@type\":\"ImageObject\",\"inLanguage\":\"nn-NO\",\"@id\":\"https:\\\/\\\/tiekejai.eu\\\/tiekeju-sarasai\\\/tiekeju-sarasas-su-apmokytu-di-asistentu\\\/#primaryimage\",\"url\":\"https:\\\/\\\/tiekejai.eu\\\/wp-content\\\/uploads\\\/2024\\\/04\\\/2500_Tiekeju_Sarasas_apmokytas_DI_Asistentas.png\",\"contentUrl\":\"https:\\\/\\\/tiekejai.eu\\\/wp-content\\\/uploads\\\/2024\\\/04\\\/2500_Tiekeju_Sarasas_apmokytas_DI_Asistentas.png\",\"width\":1024,\"height\":1024,\"caption\":\"Tyrin\u0117k tiek\u0117j\u0173 s\u0105ra\u0161\u0105 ir klausk asmeninio asistento pagalbos!\"},{\"@type\":\"BreadcrumbList\",\"@id\":\"https:\\\/\\\/tiekejai.eu\\\/tiekeju-sarasai\\\/tiekeju-sarasas-su-apmokytu-di-asistentu\\\/#breadcrumb\",\"itemListElement\":[{\"@type\":\"ListItem\",\"position\":1,\"name\":\"Home\",\"item\":\"https:\\\/\\\/tiekejai.eu\\\/\"},{\"@type\":\"ListItem\",\"position\":2,\"name\":\"Tiek\u0117j\u0173 s\u0105ra\u0161ai\",\"item\":\"https:\\\/\\\/tiekejai.eu\\\/tiekeju-sarasai\\\/\"},{\"@type\":\"ListItem\",\"position\":3,\"name\":\"Tiek\u0117j\u0173 S\u0105ra\u0161as su apmokytu DI Asistentu\"}]},{\"@type\":\"WebSite\",\"@id\":\"https:\\\/\\\/tiekejai.eu\\\/#website\",\"url\":\"https:\\\/\\\/tiekejai.eu\\\/\",\"name\":\"Tiekejai.eu\",\"description\":\"\",\"publisher\":{\"@id\":\"https:\\\/\\\/tiekejai.eu\\\/#organization\"},\"potentialAction\":[{\"@type\":\"SearchAction\",\"target\":{\"@type\":\"EntryPoint\",\"urlTemplate\":\"https:\\\/\\\/tiekejai.eu\\\/?s={search_term_string}\"},\"query-input\":{\"@type\":\"PropertyValueSpecification\",\"valueRequired\":true,\"valueName\":\"search_term_string\"}}],\"inLanguage\":\"nn-NO\"},{\"@type\":\"Organization\",\"@id\":\"https:\\\/\\\/tiekejai.eu\\\/#organization\",\"name\":\"Tiekejai.eu | Preki\u0173 tiek\u0117j\u0173 ir gamintoj\u0173 paie\u0161ka\",\"url\":\"https:\\\/\\\/tiekejai.eu\\\/\",\"logo\":{\"@type\":\"ImageObject\",\"inLanguage\":\"nn-NO\",\"@id\":\"https:\\\/\\\/tiekejai.eu\\\/#\\\/schema\\\/logo\\\/image\\\/\",\"url\":\"http:\\\/\\\/tiekejai.eu\\\/wp-content\\\/uploads\\\/2021\\\/03\\\/cropped-cropped-Logo-transparent-backround-1.png\",\"contentUrl\":\"http:\\\/\\\/tiekejai.eu\\\/wp-content\\\/uploads\\\/2021\\\/03\\\/cropped-cropped-Logo-transparent-backround-1.png\",\"width\":65,\"height\":67,\"caption\":\"Tiekejai.eu | Preki\u0173 tiek\u0117j\u0173 ir gamintoj\u0173 paie\u0161ka\"},\"image\":{\"@id\":\"https:\\\/\\\/tiekejai.eu\\\/#\\\/schema\\\/logo\\\/image\\\/\"},\"sameAs\":[\"https:\\\/\\\/www.facebook.com\\\/tiekejai.eu\"]}]}<\/script>\n<!-- \/ Yoast SEO Premium plugin. -->","yoast_head_json":{"title":"Liste over leverand\u00f8rer med utdannet AI-assistent - Tiekejai.eu","description":"Finn den rette leverand\u00f8ren med v\u00e5r oppl\u00e6rte ChatGPT-assistent enda enklere enn f\u00f8r, eller ved \u00e5 utforske leverand\u00f8rlister med over 2500 leverand\u00f8rer.","robots":{"index":"index","follow":"follow","max-snippet":"max-snippet:-1","max-image-preview":"max-image-preview:large","max-video-preview":"max-video-preview:-1"},"canonical":"https:\/\/tiekejai.eu\/nn\/leverandorlister\/2500-liste-over-laerere-med-utdannelse-eller-assistent\/","og_locale":"nn_NO","og_type":"article","og_title":"Tiek\u0117j\u0173 S\u0105ra\u0161as su apmokytu DI Asistentu","og_description":"Atraskite tinkam\u0105 Tiek\u0117j\u0105 su M\u016bs\u0173 apmokytu ChatGPT asistentu dar lengviau nei anks\u010diau, arba nagrin\u0117jant tiek\u0117j\u0173 s\u0105ra\u0161us kuriuose vir\u0161 2500 tiek\u0117j\u0173","og_url":"https:\/\/tiekejai.eu\/nn\/leverandorlister\/2500-liste-over-laerere-med-utdannelse-eller-assistent\/","og_site_name":"Tiekejai.eu","article_publisher":"https:\/\/www.facebook.com\/tiekejai.eu","article_modified_time":"2024-04-08T23:26:39+00:00","og_image":[{"width":1024,"height":1024,"url":"https:\/\/tiekejai.eu\/wp-content\/uploads\/2024\/04\/2500_Tiekeju_Sarasas_apmokytas_DI_Asistentas.png","type":"image\/png"}],"twitter_card":"summary_large_image","twitter_misc":{"Est. reading time":"2 minutt"},"schema":{"@context":"https:\/\/schema.org","@graph":[{"@type":"WebPage","@id":"https:\/\/tiekejai.eu\/tiekeju-sarasai\/tiekeju-sarasas-su-apmokytu-di-asistentu\/","url":"https:\/\/tiekejai.eu\/tiekeju-sarasai\/tiekeju-sarasas-su-apmokytu-di-asistentu\/","name":"Liste over leverand\u00f8rer med utdannet AI-assistent - Tiekejai.eu","isPartOf":{"@id":"https:\/\/tiekejai.eu\/#website"},"primaryImageOfPage":{"@id":"https:\/\/tiekejai.eu\/tiekeju-sarasai\/tiekeju-sarasas-su-apmokytu-di-asistentu\/#primaryimage"},"image":{"@id":"https:\/\/tiekejai.eu\/tiekeju-sarasai\/tiekeju-sarasas-su-apmokytu-di-asistentu\/#primaryimage"},"thumbnailUrl":"https:\/\/tiekejai.eu\/wp-content\/uploads\/2024\/04\/2500_Tiekeju_Sarasas_apmokytas_DI_Asistentas.png","datePublished":"2024-04-08T23:06:30+00:00","dateModified":"2024-04-08T23:26:39+00:00","description":"Finn den rette leverand\u00f8ren med v\u00e5r oppl\u00e6rte ChatGPT-assistent enda enklere enn f\u00f8r, eller ved \u00e5 utforske leverand\u00f8rlister med over 2500 leverand\u00f8rer.","breadcrumb":{"@id":"https:\/\/tiekejai.eu\/tiekeju-sarasai\/tiekeju-sarasas-su-apmokytu-di-asistentu\/#breadcrumb"},"inLanguage":"nn-NO","potentialAction":[{"@type":"ReadAction","target":["https:\/\/tiekejai.eu\/tiekeju-sarasai\/tiekeju-sarasas-su-apmokytu-di-asistentu\/"]}]},{"@type":"ImageObject","inLanguage":"nn-NO","@id":"https:\/\/tiekejai.eu\/tiekeju-sarasai\/tiekeju-sarasas-su-apmokytu-di-asistentu\/#primaryimage","url":"https:\/\/tiekejai.eu\/wp-content\/uploads\/2024\/04\/2500_Tiekeju_Sarasas_apmokytas_DI_Asistentas.png","contentUrl":"https:\/\/tiekejai.eu\/wp-content\/uploads\/2024\/04\/2500_Tiekeju_Sarasas_apmokytas_DI_Asistentas.png","width":1024,"height":1024,"caption":"Tyrin\u0117k tiek\u0117j\u0173 s\u0105ra\u0161\u0105 ir klausk asmeninio asistento pagalbos!"},{"@type":"BreadcrumbList","@id":"https:\/\/tiekejai.eu\/tiekeju-sarasai\/tiekeju-sarasas-su-apmokytu-di-asistentu\/#breadcrumb","itemListElement":[{"@type":"ListItem","position":1,"name":"Home","item":"https:\/\/tiekejai.eu\/"},{"@type":"ListItem","position":2,"name":"Tiek\u0117j\u0173 s\u0105ra\u0161ai","item":"https:\/\/tiekejai.eu\/tiekeju-sarasai\/"},{"@type":"ListItem","position":3,"name":"Tiek\u0117j\u0173 S\u0105ra\u0161as su apmokytu DI Asistentu"}]},{"@type":"WebSite","@id":"https:\/\/tiekejai.eu\/#website","url":"https:\/\/tiekejai.eu\/","name":"Tiekejai.eu","description":"","publisher":{"@id":"https:\/\/tiekejai.eu\/#organization"},"potentialAction":[{"@type":"SearchAction","target":{"@type":"EntryPoint","urlTemplate":"https:\/\/tiekejai.eu\/?s={search_term_string}"},"query-input":{"@type":"PropertyValueSpecification","valueRequired":true,"valueName":"search_term_string"}}],"inLanguage":"nn-NO"},{"@type":"Organization","@id":"https:\/\/tiekejai.eu\/#organization","name":"tiekejai.eu | S\u00f8k etter produktleverand\u00f8rer og produsenter","url":"https:\/\/tiekejai.eu\/","logo":{"@type":"ImageObject","inLanguage":"nn-NO","@id":"https:\/\/tiekejai.eu\/#\/schema\/logo\/image\/","url":"http:\/\/tiekejai.eu\/wp-content\/uploads\/2021\/03\/cropped-cropped-Logo-transparent-backround-1.png","contentUrl":"http:\/\/tiekejai.eu\/wp-content\/uploads\/2021\/03\/cropped-cropped-Logo-transparent-backround-1.png","width":65,"height":67,"caption":"Tiekejai.eu | Preki\u0173 tiek\u0117j\u0173 ir gamintoj\u0173 paie\u0161ka"},"image":{"@id":"https:\/\/tiekejai.eu\/#\/schema\/logo\/image\/"},"sameAs":["https:\/\/www.facebook.com\/tiekejai.eu"]}]}},"_links":{"self":[{"href":"https:\/\/tiekejai.eu\/nn\/wp-json\/wp\/v2\/product\/1943","targetHints":{"allow":["GET"]}}],"collection":[{"href":"https:\/\/tiekejai.eu\/nn\/wp-json\/wp\/v2\/product"}],"about":[{"href":"https:\/\/tiekejai.eu\/nn\/wp-json\/wp\/v2\/types\/product"}],"version-history":[{"count":2,"href":"https:\/\/tiekejai.eu\/nn\/wp-json\/wp\/v2\/product\/1943\/revisions"}],"predecessor-version":[{"id":1951,"href":"https:\/\/tiekejai.eu\/nn\/wp-json\/wp\/v2\/product\/1943\/revisions\/1951"}],"wp:featuredmedia":[{"embeddable":true,"href":"https:\/\/tiekejai.eu\/nn\/wp-json\/wp\/v2\/media\/1944"}],"wp:attachment":[{"href":"https:\/\/tiekejai.eu\/nn\/wp-json\/wp\/v2\/media?parent=1943"}],"wp:term":[{"taxonomy":"product_brand","embeddable":true,"href":"https:\/\/tiekejai.eu\/nn\/wp-json\/wp\/v2\/product_brand?post=1943"},{"taxonomy":"product_cat","embeddable":true,"href":"https:\/\/tiekejai.eu\/nn\/wp-json\/wp\/v2\/product_cat?post=1943"},{"taxonomy":"product_tag","embeddable":true,"href":"https:\/\/tiekejai.eu\/nn\/wp-json\/wp\/v2\/product_tag?post=1943"}],"curies":[{"name":"wp","href":"https:\/\/api.w.org\/{rel}","templated":true}]}}