{"id":1264,"date":"2023-01-22T20:46:58","date_gmt":"2023-01-22T22:46:58","guid":{"rendered":"https:\/\/tiekejai.eu\/?post_type=product&#038;p=1264"},"modified":"2023-09-25T20:15:21","modified_gmt":"2023-09-25T22:15:21","slug":"leverandorer-fra-tyrkia","status":"publish","type":"product","link":"https:\/\/tiekejai.eu\/nn\/leverandorlister\/leverandorer-fra-tyrkia\/","title":{"rendered":"Leverand\u00f8rer fra Tyrkia"},"content":{"rendered":"<p>Tyrkia er et av de mest avanserte engros- og produksjonslandene i verden. Dette landet er leverand\u00f8r til mange land i Europa og Asia, og er ogs\u00e5 en viktig leverand\u00f8r til USA og Canada. <strong>tyrkiske leverand\u00f8rer<\/strong> og produsenter skiller seg ut av flere grunner.<\/p>\n<p>For det f\u00f8rste er Tyrkia rik p\u00e5 naturressurser som t\u00f8mmer, mineraler og olje, som gj\u00f8r det mulig \u00e5 produsere en rekke produkter som m\u00f8bler, konstruksjonsvirke, metallprodukter og petroleumsprodukter.<\/p>\n<p>For det andre har Tyrkia et omfattende og p\u00e5litelig nettverk av transport- og logistikkinfrastruktur, som sikrer at produkter kan transporteres raskt og trygt til utenlandske markeder.<\/p>\n<p>For det tredje, <strong>tyrkiske leverand\u00f8rer<\/strong> og produsenter er kjent for h\u00f8ykvalitetsprodukter og konkurransedyktige priser som er attraktive for utenlandske kj\u00f8pere.<\/p>\n<p>Fjerde, <strong>Tyrkiske produsenter<\/strong> og leverand\u00f8rer er innovative og tilpasser seg endrede markedsbehov, noe som er viktig for \u00e5 kunne konkurrere p\u00e5 det globale markedet.<\/p>\n<p>Endelig, <strong>Tyrkiske produsenter<\/strong> er ansvarlige og vurderer de milj\u00f8messige og sosiale sp\u00f8rsm\u00e5lene som er viktige for \u00e5 sikre langsiktig suksess.<\/p>\n<h3 style=\"text-align: center;\">Tyrkiske produsenter er ledende innen mange produksjonskategorier<\/h3>\n<p>Tyrkia er et av de viktigste tekstilproduserende landene i verden. <strong>Tyrkiske klesleverand\u00f8rer<\/strong> og produsenter er kjent for h\u00f8ykvalitets stoffer og kl\u00e6r som er laget av naturlige materialer som bomull, lin og ull. Tyrkias tekstilindustri er et viktig eksportprodukt, spesielt til Europa og Asia.<\/p>\n<p>Tyrkisk m\u00f8belproduksjon er ogs\u00e5 en viktig industri. <strong>Tyrkiske m\u00f8belleverand\u00f8rer<\/strong> og produsenter er kjent for h\u00f8y kvalitet, stil og funksjonalitet. De produserer en rekke m\u00f8bler, fra klassiske til moderne stiler, og bruker en rekke materialer som tre, metall og plast. Tyrkisk m\u00f8belproduksjon er ogs\u00e5 et viktig eksportprodukt, spesielt til Europa og Asia.<\/p>\n<p>Tyrkia er ogs\u00e5 et viktig matproduserende land. <strong>Tyrkiske matleverand\u00f8rer<\/strong> og produsenter er kjent for h\u00f8ykvalitetsprodukter som kj\u00f8tt, meieriprodukter, frukt og gr\u00f8nnsaker. Tyrkia er en viktig eksport\u00f8r og leverand\u00f8r av matvarer til Europa og Asia.<\/p>\n<p>Turkijos automobili\u0173 ir j\u0173 dali\u0173 gamyba taip pat yra svarbi pramon\u0117s \u0161akos. <strong>Turkijos automobili\u0173 tiek\u0117jai<\/strong> ir gamintojai yra \u017einomi d\u0117l auk\u0161tos kokyb\u0117s produkt\u0173 ir konkurencing\u0173 kain\u0173. Jie gamina \u012fvairias automobili\u0173 dalis ir yra svarbus tiek\u0117jas Europai ir Azijai.<\/p>\n<p>Konklusjon, <strong>Tyrkiske produsenter <\/strong>og leverand\u00f8rer er p\u00e5litelige og konkurransedyktige leverand\u00f8rer i globale markeder, de har en omfattende og p\u00e5litelig transport- og logistikkinfrastruktur, innovativitet, h\u00f8y produktkvalitet og ansvar, som er viktig for langsiktig suksess og p\u00e5litelighet.<\/p>\n<p>Vi utf\u00f8rer ogs\u00e5 individuelt og m\u00e5lrettet <a href=\"https:\/\/tiekejai.eu\/nn\/leverandorsok\/\">s\u00f8k etter leverand\u00f8rer og produsenter i Tyrkia<\/a>.<\/p>","protected":false},"excerpt":{"rendered":"<p>N\u00f8ye valgt <strong>tyrkiske leverand\u00f8rer<\/strong> lar deg velge den rette selv fra en liste med 170 leverand\u00f8rer. Oppf\u00f8rte grossister og produsenter for de fleste kategorier, inkludert kl\u00e6r, elektronikk, m\u00f8bler, etc.<\/p>\n<p>Praktisk filtrering av leverand\u00f8rer vil tillate deg \u00e5 velge \u00f8nsket kategori, noe som vil lette s\u00f8ket ditt betydelig.<\/p>\n<p>Dette er en av de mest omfattende listene over kalkunleverand\u00f8rer til den laveste prisen p\u00e5 markedet! Ved kj\u00f8p av en liste over tyrkiske leverand\u00f8rer vil vi legge til gratis forretningstimer som gave; e-butikkutvalg, automatisering og annonsering.<\/p>","protected":false},"featured_media":1595,"template":"","meta":{"_eb_attr":""},"product_brand":[],"product_cat":[46],"product_tag":[],"class_list":{"0":"post-1264","1":"product","2":"type-product","3":"status-publish","4":"has-post-thumbnail","6":"product_cat-tiekeju-sarasai","8":"first","9":"instock","10":"sale","11":"downloadable","12":"shipping-taxable","13":"purchasable","14":"product-type-simple"},"yoast_head":"<!-- This site is optimized with the Yoast SEO Premium plugin v23.6 (Yoast SEO v27.3) - https:\/\/yoast.com\/product\/yoast-seo-premium-wordpress\/ -->\n<title>Turkijos Tiek\u0117jai | 170 tiek\u0117j\u0173<\/title>\n<meta name=\"description\" content=\"Turkijos tiek\u0117jai vienas i\u0161 geriausi\u0173 pasirinkim\u0173 verslui. Turime sukaup\u0119 pla\u010diausius tiek\u0117j\u0173 s\u0105ra\u0161us, bei dirbame individualiai tiek\u0117j\u0173 paie\u0161koje!\" \/>\n<meta name=\"robots\" content=\"index, follow, max-snippet:-1, max-image-preview:large, max-video-preview:-1\" \/>\n<link rel=\"canonical\" href=\"https:\/\/tiekejai.eu\/nn\/leverandorlister\/leverandorer-fra-tyrkia\/\" \/>\n<meta property=\"og:locale\" content=\"nn_NO\" \/>\n<meta property=\"og:type\" content=\"article\" \/>\n<meta property=\"og:title\" content=\"Turkijos Tiek\u0117jai\" \/>\n<meta property=\"og:description\" content=\"Turkijos tiek\u0117jai vienas i\u0161 geriausi\u0173 pasirinkim\u0173 verslui. Turime sukaup\u0119 pla\u010diausius tiek\u0117j\u0173 s\u0105ra\u0161us, bei dirbame individualiai tiek\u0117j\u0173 paie\u0161koje!\" \/>\n<meta property=\"og:url\" content=\"https:\/\/tiekejai.eu\/nn\/leverandorlister\/leverandorer-fra-tyrkia\/\" \/>\n<meta property=\"og:site_name\" content=\"Tiekejai.eu\" \/>\n<meta property=\"article:publisher\" content=\"https:\/\/www.facebook.com\/tiekejai.eu\" \/>\n<meta property=\"article:modified_time\" content=\"2023-09-25T22:15:21+00:00\" \/>\n<meta property=\"og:image\" content=\"https:\/\/tiekejai.eu\/wp-content\/uploads\/2023\/01\/Suppliers_from_turkey.png\" \/>\n\t<meta property=\"og:image:width\" content=\"1080\" \/>\n\t<meta property=\"og:image:height\" content=\"1080\" \/>\n\t<meta property=\"og:image:type\" content=\"image\/png\" \/>\n<meta name=\"twitter:card\" content=\"summary_large_image\" \/>\n<meta name=\"twitter:label1\" content=\"Est. reading time\" \/>\n\t<meta name=\"twitter:data1\" content=\"3 minutt\" \/>\n<script type=\"application\/ld+json\" class=\"yoast-schema-graph\">{\"@context\":\"https:\\\/\\\/schema.org\",\"@graph\":[{\"@type\":\"WebPage\",\"@id\":\"https:\\\/\\\/tiekejai.eu\\\/tiekeju-sarasai\\\/turkijos-tiekejai\\\/\",\"url\":\"https:\\\/\\\/tiekejai.eu\\\/tiekeju-sarasai\\\/turkijos-tiekejai\\\/\",\"name\":\"Turkijos Tiek\u0117jai | 170 tiek\u0117j\u0173\",\"isPartOf\":{\"@id\":\"https:\\\/\\\/tiekejai.eu\\\/#website\"},\"primaryImageOfPage\":{\"@id\":\"https:\\\/\\\/tiekejai.eu\\\/tiekeju-sarasai\\\/turkijos-tiekejai\\\/#primaryimage\"},\"image\":{\"@id\":\"https:\\\/\\\/tiekejai.eu\\\/tiekeju-sarasai\\\/turkijos-tiekejai\\\/#primaryimage\"},\"thumbnailUrl\":\"https:\\\/\\\/tiekejai.eu\\\/wp-content\\\/uploads\\\/2023\\\/01\\\/Suppliers_from_turkey.png\",\"datePublished\":\"2023-01-22T22:46:58+00:00\",\"dateModified\":\"2023-09-25T22:15:21+00:00\",\"description\":\"Turkijos tiek\u0117jai vienas i\u0161 geriausi\u0173 pasirinkim\u0173 verslui. Turime sukaup\u0119 pla\u010diausius tiek\u0117j\u0173 s\u0105ra\u0161us, bei dirbame individualiai tiek\u0117j\u0173 paie\u0161koje!\",\"breadcrumb\":{\"@id\":\"https:\\\/\\\/tiekejai.eu\\\/tiekeju-sarasai\\\/turkijos-tiekejai\\\/#breadcrumb\"},\"inLanguage\":\"nn-NO\",\"potentialAction\":[{\"@type\":\"ReadAction\",\"target\":[\"https:\\\/\\\/tiekejai.eu\\\/tiekeju-sarasai\\\/turkijos-tiekejai\\\/\"]}]},{\"@type\":\"ImageObject\",\"inLanguage\":\"nn-NO\",\"@id\":\"https:\\\/\\\/tiekejai.eu\\\/tiekeju-sarasai\\\/turkijos-tiekejai\\\/#primaryimage\",\"url\":\"https:\\\/\\\/tiekejai.eu\\\/wp-content\\\/uploads\\\/2023\\\/01\\\/Suppliers_from_turkey.png\",\"contentUrl\":\"https:\\\/\\\/tiekejai.eu\\\/wp-content\\\/uploads\\\/2023\\\/01\\\/Suppliers_from_turkey.png\",\"width\":1080,\"height\":1080,\"caption\":\"Turkey suppliers\"},{\"@type\":\"BreadcrumbList\",\"@id\":\"https:\\\/\\\/tiekejai.eu\\\/tiekeju-sarasai\\\/turkijos-tiekejai\\\/#breadcrumb\",\"itemListElement\":[{\"@type\":\"ListItem\",\"position\":1,\"name\":\"Home\",\"item\":\"https:\\\/\\\/tiekejai.eu\\\/\"},{\"@type\":\"ListItem\",\"position\":2,\"name\":\"Tiek\u0117j\u0173 s\u0105ra\u0161ai\",\"item\":\"https:\\\/\\\/tiekejai.eu\\\/tiekeju-sarasai\\\/\"},{\"@type\":\"ListItem\",\"position\":3,\"name\":\"Turkijos Tiek\u0117jai\"}]},{\"@type\":\"WebSite\",\"@id\":\"https:\\\/\\\/tiekejai.eu\\\/#website\",\"url\":\"https:\\\/\\\/tiekejai.eu\\\/\",\"name\":\"Tiekejai.eu\",\"description\":\"\",\"publisher\":{\"@id\":\"https:\\\/\\\/tiekejai.eu\\\/#organization\"},\"potentialAction\":[{\"@type\":\"SearchAction\",\"target\":{\"@type\":\"EntryPoint\",\"urlTemplate\":\"https:\\\/\\\/tiekejai.eu\\\/?s={search_term_string}\"},\"query-input\":{\"@type\":\"PropertyValueSpecification\",\"valueRequired\":true,\"valueName\":\"search_term_string\"}}],\"inLanguage\":\"nn-NO\"},{\"@type\":\"Organization\",\"@id\":\"https:\\\/\\\/tiekejai.eu\\\/#organization\",\"name\":\"Tiekejai.eu | Preki\u0173 tiek\u0117j\u0173 ir gamintoj\u0173 paie\u0161ka\",\"url\":\"https:\\\/\\\/tiekejai.eu\\\/\",\"logo\":{\"@type\":\"ImageObject\",\"inLanguage\":\"nn-NO\",\"@id\":\"https:\\\/\\\/tiekejai.eu\\\/#\\\/schema\\\/logo\\\/image\\\/\",\"url\":\"http:\\\/\\\/tiekejai.eu\\\/wp-content\\\/uploads\\\/2021\\\/03\\\/cropped-cropped-Logo-transparent-backround-1.png\",\"contentUrl\":\"http:\\\/\\\/tiekejai.eu\\\/wp-content\\\/uploads\\\/2021\\\/03\\\/cropped-cropped-Logo-transparent-backround-1.png\",\"width\":65,\"height\":67,\"caption\":\"Tiekejai.eu | Preki\u0173 tiek\u0117j\u0173 ir gamintoj\u0173 paie\u0161ka\"},\"image\":{\"@id\":\"https:\\\/\\\/tiekejai.eu\\\/#\\\/schema\\\/logo\\\/image\\\/\"},\"sameAs\":[\"https:\\\/\\\/www.facebook.com\\\/tiekejai.eu\"]}]}<\/script>\n<!-- \/ Yoast SEO Premium plugin. -->","yoast_head_json":{"title":"Tyrkia Leverand\u00f8rer | 170 leverand\u00f8rer","description":"Tyrkiske leverand\u00f8rer er et av de beste valgene for virksomheten. Vi har samlet de mest omfattende listene over leverand\u00f8rer, og vi jobber individuelt i s\u00f8ket etter leverand\u00f8rer!","robots":{"index":"index","follow":"follow","max-snippet":"max-snippet:-1","max-image-preview":"max-image-preview:large","max-video-preview":"max-video-preview:-1"},"canonical":"https:\/\/tiekejai.eu\/nn\/leverandorlister\/leverandorer-fra-tyrkia\/","og_locale":"nn_NO","og_type":"article","og_title":"Turkijos Tiek\u0117jai","og_description":"Turkijos tiek\u0117jai vienas i\u0161 geriausi\u0173 pasirinkim\u0173 verslui. Turime sukaup\u0119 pla\u010diausius tiek\u0117j\u0173 s\u0105ra\u0161us, bei dirbame individualiai tiek\u0117j\u0173 paie\u0161koje!","og_url":"https:\/\/tiekejai.eu\/nn\/leverandorlister\/leverandorer-fra-tyrkia\/","og_site_name":"Tiekejai.eu","article_publisher":"https:\/\/www.facebook.com\/tiekejai.eu","article_modified_time":"2023-09-25T22:15:21+00:00","og_image":[{"width":1080,"height":1080,"url":"https:\/\/tiekejai.eu\/wp-content\/uploads\/2023\/01\/Suppliers_from_turkey.png","type":"image\/png"}],"twitter_card":"summary_large_image","twitter_misc":{"Est. reading time":"3 minutt"},"schema":{"@context":"https:\/\/schema.org","@graph":[{"@type":"WebPage","@id":"https:\/\/tiekejai.eu\/tiekeju-sarasai\/turkijos-tiekejai\/","url":"https:\/\/tiekejai.eu\/tiekeju-sarasai\/turkijos-tiekejai\/","name":"Tyrkia Leverand\u00f8rer | 170 leverand\u00f8rer","isPartOf":{"@id":"https:\/\/tiekejai.eu\/#website"},"primaryImageOfPage":{"@id":"https:\/\/tiekejai.eu\/tiekeju-sarasai\/turkijos-tiekejai\/#primaryimage"},"image":{"@id":"https:\/\/tiekejai.eu\/tiekeju-sarasai\/turkijos-tiekejai\/#primaryimage"},"thumbnailUrl":"https:\/\/tiekejai.eu\/wp-content\/uploads\/2023\/01\/Suppliers_from_turkey.png","datePublished":"2023-01-22T22:46:58+00:00","dateModified":"2023-09-25T22:15:21+00:00","description":"Tyrkiske leverand\u00f8rer er et av de beste valgene for virksomheten. Vi har samlet de mest omfattende listene over leverand\u00f8rer, og vi jobber individuelt i s\u00f8ket etter leverand\u00f8rer!","breadcrumb":{"@id":"https:\/\/tiekejai.eu\/tiekeju-sarasai\/turkijos-tiekejai\/#breadcrumb"},"inLanguage":"nn-NO","potentialAction":[{"@type":"ReadAction","target":["https:\/\/tiekejai.eu\/tiekeju-sarasai\/turkijos-tiekejai\/"]}]},{"@type":"ImageObject","inLanguage":"nn-NO","@id":"https:\/\/tiekejai.eu\/tiekeju-sarasai\/turkijos-tiekejai\/#primaryimage","url":"https:\/\/tiekejai.eu\/wp-content\/uploads\/2023\/01\/Suppliers_from_turkey.png","contentUrl":"https:\/\/tiekejai.eu\/wp-content\/uploads\/2023\/01\/Suppliers_from_turkey.png","width":1080,"height":1080,"caption":"Turkey suppliers"},{"@type":"BreadcrumbList","@id":"https:\/\/tiekejai.eu\/tiekeju-sarasai\/turkijos-tiekejai\/#breadcrumb","itemListElement":[{"@type":"ListItem","position":1,"name":"Home","item":"https:\/\/tiekejai.eu\/"},{"@type":"ListItem","position":2,"name":"Tiek\u0117j\u0173 s\u0105ra\u0161ai","item":"https:\/\/tiekejai.eu\/tiekeju-sarasai\/"},{"@type":"ListItem","position":3,"name":"Turkijos Tiek\u0117jai"}]},{"@type":"WebSite","@id":"https:\/\/tiekejai.eu\/#website","url":"https:\/\/tiekejai.eu\/","name":"Tiekejai.eu","description":"","publisher":{"@id":"https:\/\/tiekejai.eu\/#organization"},"potentialAction":[{"@type":"SearchAction","target":{"@type":"EntryPoint","urlTemplate":"https:\/\/tiekejai.eu\/?s={search_term_string}"},"query-input":{"@type":"PropertyValueSpecification","valueRequired":true,"valueName":"search_term_string"}}],"inLanguage":"nn-NO"},{"@type":"Organization","@id":"https:\/\/tiekejai.eu\/#organization","name":"tiekejai.eu | S\u00f8k etter produktleverand\u00f8rer og produsenter","url":"https:\/\/tiekejai.eu\/","logo":{"@type":"ImageObject","inLanguage":"nn-NO","@id":"https:\/\/tiekejai.eu\/#\/schema\/logo\/image\/","url":"http:\/\/tiekejai.eu\/wp-content\/uploads\/2021\/03\/cropped-cropped-Logo-transparent-backround-1.png","contentUrl":"http:\/\/tiekejai.eu\/wp-content\/uploads\/2021\/03\/cropped-cropped-Logo-transparent-backround-1.png","width":65,"height":67,"caption":"Tiekejai.eu | Preki\u0173 tiek\u0117j\u0173 ir gamintoj\u0173 paie\u0161ka"},"image":{"@id":"https:\/\/tiekejai.eu\/#\/schema\/logo\/image\/"},"sameAs":["https:\/\/www.facebook.com\/tiekejai.eu"]}]}},"_links":{"self":[{"href":"https:\/\/tiekejai.eu\/nn\/wp-json\/wp\/v2\/product\/1264","targetHints":{"allow":["GET"]}}],"collection":[{"href":"https:\/\/tiekejai.eu\/nn\/wp-json\/wp\/v2\/product"}],"about":[{"href":"https:\/\/tiekejai.eu\/nn\/wp-json\/wp\/v2\/types\/product"}],"version-history":[{"count":3,"href":"https:\/\/tiekejai.eu\/nn\/wp-json\/wp\/v2\/product\/1264\/revisions"}],"predecessor-version":[{"id":1271,"href":"https:\/\/tiekejai.eu\/nn\/wp-json\/wp\/v2\/product\/1264\/revisions\/1271"}],"wp:featuredmedia":[{"embeddable":true,"href":"https:\/\/tiekejai.eu\/nn\/wp-json\/wp\/v2\/media\/1595"}],"wp:attachment":[{"href":"https:\/\/tiekejai.eu\/nn\/wp-json\/wp\/v2\/media?parent=1264"}],"wp:term":[{"taxonomy":"product_brand","embeddable":true,"href":"https:\/\/tiekejai.eu\/nn\/wp-json\/wp\/v2\/product_brand?post=1264"},{"taxonomy":"product_cat","embeddable":true,"href":"https:\/\/tiekejai.eu\/nn\/wp-json\/wp\/v2\/product_cat?post=1264"},{"taxonomy":"product_tag","embeddable":true,"href":"https:\/\/tiekejai.eu\/nn\/wp-json\/wp\/v2\/product_tag?post=1264"}],"curies":[{"name":"wp","href":"https:\/\/api.w.org\/{rel}","templated":true}]}}