{"id":1235,"date":"2023-01-22T18:05:36","date_gmt":"2023-01-22T20:05:36","guid":{"rendered":"https:\/\/tiekejai.eu\/?post_type=product&#038;p=1235"},"modified":"2023-09-25T20:04:58","modified_gmt":"2023-09-25T22:04:58","slug":"leverandorer-fra-polen","status":"publish","type":"product","link":"https:\/\/tiekejai.eu\/nn\/leverandorlister\/leverandorer-fra-polen\/","title":{"rendered":"Leverand\u00f8rer fra Polen"},"content":{"rendered":"<p class=\"translation-block\"><strong>Leverand\u00f8rer fra Polen<\/strong> er et av de beste valgene hvis du ser etter engrosprodukter eller dropshipping-alternativer. Det er mange produsenter i Polen som tilbyr et bredt spekter av varer, fra enkle varer som kl\u00e6r, kj\u00e6ledyrutstyr til mer komplekse produkter som elektronikk, biler og utallige andre.<\/p>\n<p class=\"translation-block\">Engroshandel i Polen er veldig popul\u00e6r fordi dette landet er medlem av EU og har velutviklede logistikk- og transportsystemer som muliggj\u00f8r rask og effektiv levering av varer til enhver europeisk by. I tillegg tilbyr <strong>leverand\u00f8rer fra Polen<\/strong> gode priser og h\u00f8ykvalitetsprodukter.<\/p>\n<h4>Presentasjon av polske leverand\u00f8rer<\/h4>\n<p class=\"translation-block\">Dropshipping er en popul\u00e6r form for handel der<strong>polske leverand\u00f8rer<\/strong> leverer varer direkte til kj\u00f8peren, og forhandleren jobber med markedsf\u00f8ring. Dette er bra i Polen fordi det er mange leverand\u00f8rer fra Polen som tilbyr dropshipping-tjenester. Dropship-leverand\u00f8rer kan levere varer direkte til kj\u00f8pers hjem og ikke bare i Polen. Dette gj\u00f8r at forhandlere kan spare tid og penger som ellers ville blitt brukt p\u00e5 frakt. <strong><a href=\"https:\/\/tiekejai.eu\/nn\/dropshipping\/\" target=\"_self\">Dropshipping<\/a> er etterspurt fra Polen fordi det er n\u00e6r Litauen, noe som betyr at egnede leverand\u00f8rer fra Polen vil levere varer nesten like bra som ved kj\u00f8p fra Litauen.<\/strong><\/p>\n<h4>Polsk \u00f8konomi<\/h4>\n<p class=\"translation-block\"><a href=\"https:\/\/tiekejai.eu\/nn\/leverandorer\/\" target=\"_self\">Leverand\u00f8rer<\/a> eller <a href=\"https:\/\/tiekejai.eu\/nn\/produsenter\/\" target=\"_self\"> produsenter<\/a> er ogs\u00e5 kjent for sine h\u00f8ykvalitetsprodukter. Produsenter kan ogs\u00e5 tilby skreddersydde produkter som oppfyller dine krav. Totalt sett er <strong>leverand\u00f8rer fra Polen<\/strong>, engros, dropshipping og produsenter et godt valg hvis du er ute etter kvalitetsprodukter til gode priser. Det er mange p\u00e5litelige leverand\u00f8rer og produsenter i Polen som tilbyr et bredt spekter av varer og gode tjenester.<\/p>\n<p class=\"translation-block\">Polens \u00f8konomi er en av de raskest voksende i Europa. Mange nye og innovative leverand\u00f8rer og produsenter som tilbyr sine produkter over hele verden. I tillegg er det mange sm\u00e5 og mellomstore bedrifter i Polen som tilbyr unike varer og tjenester. <strong>Leverand\u00f8rer fra Polen<\/strong> kan v\u00e6re et godt valg for forhandlere som leter etter nye og unike produkter for virksomheten sin.<\/p>\n<p class=\"translation-block\">Hvis du har en investering, men tror at listen over leverand\u00f8rer ikke vil hjelpe deg, kan du alltid s\u00f8ke om et individuelt <a href=\"https:\/\/tiekejai.eu\/nn\/leverandorsok\/\" target=\"_self\">s\u00f8k for leverand\u00f8rer<\/a> i alle forretningsmodeller.<\/p>","protected":false},"excerpt":{"rendered":"<p class=\"translation-block\"><a href=\"https:\/\/tiekejai.eu\/nn\/\" target=\"_self\">Tiekejai.eu<\/a> n\u00f8ye utvalgte <strong>polske leverand\u00f8rer<\/strong> vil gi tilgang til den bredeste listen med 750 leverand\u00f8rer i Litauen med muligheten for \u00e5 filtrere etter \u00f8nsket kategori. Filtrering vil gj\u00f8re s\u00f8ket etter leverand\u00f8rer mye enklere. I listen over leverand\u00f8rer finner du leverand\u00f8rer av alle kategorier, inkludert kl\u00e6r, fott\u00f8y, bil, hage og hjem, kj\u00e6ledyrprodukter, etc. Leverand\u00f8rer vil tilby engros- og dropshipping. I tillegg til alt dette vil vi tilby gratis forretningstimer for \u00e5 starte eller forbedre en bedrift, velge e-butikker, automatisering og annonsering.<\/p>","protected":false},"featured_media":1594,"template":"","meta":{"_eb_attr":""},"product_brand":[],"product_cat":[46],"product_tag":[],"class_list":{"0":"post-1235","1":"product","2":"type-product","3":"status-publish","4":"has-post-thumbnail","6":"product_cat-tiekeju-sarasai","8":"first","9":"instock","10":"sale","11":"downloadable","12":"shipping-taxable","13":"purchasable","14":"product-type-simple"},"yoast_head":"<!-- This site is optimized with the Yoast SEO Premium plugin v23.6 (Yoast SEO v27.3) - https:\/\/yoast.com\/product\/yoast-seo-premium-wordpress\/ -->\n<title>Tiek\u0117jai i\u0161 Lenkijos - i\u0161manus pasirinkimas!<\/title>\n<meta name=\"description\" content=\"tiek\u0117jai i\u0161 lenkijos m\u016bs\u0173 kruop\u0161\u010diai atrinkti tiek\u0117jai, kur\u012f sudaro net 750 atrinkt\u0173 tiek\u0117j\u0173 s\u0105ra\u0161as su filtravimu ir nemokamomis pamokomis!\" \/>\n<meta name=\"robots\" content=\"index, follow, max-snippet:-1, max-image-preview:large, max-video-preview:-1\" \/>\n<link rel=\"canonical\" href=\"https:\/\/tiekejai.eu\/nn\/leverandorlister\/leverandorer-fra-polen\/\" \/>\n<meta property=\"og:locale\" content=\"nn_NO\" \/>\n<meta property=\"og:type\" content=\"article\" \/>\n<meta property=\"og:title\" content=\"Tiek\u0117jai i\u0161 Lenkijos\" \/>\n<meta property=\"og:description\" content=\"tiek\u0117jai i\u0161 lenkijos m\u016bs\u0173 kruop\u0161\u010diai atrinkti tiek\u0117jai, kur\u012f sudaro net 750 atrinkt\u0173 tiek\u0117j\u0173 s\u0105ra\u0161as su filtravimu ir nemokamomis pamokomis!\" \/>\n<meta property=\"og:url\" content=\"https:\/\/tiekejai.eu\/nn\/leverandorlister\/leverandorer-fra-polen\/\" \/>\n<meta property=\"og:site_name\" content=\"Tiekejai.eu\" \/>\n<meta property=\"article:publisher\" content=\"https:\/\/www.facebook.com\/tiekejai.eu\" \/>\n<meta property=\"article:modified_time\" content=\"2023-09-25T22:04:58+00:00\" \/>\n<meta property=\"og:image\" content=\"https:\/\/tiekejai.eu\/wp-content\/uploads\/2023\/01\/Poland_Suppliers.png\" \/>\n\t<meta property=\"og:image:width\" content=\"1080\" \/>\n\t<meta property=\"og:image:height\" content=\"1080\" \/>\n\t<meta property=\"og:image:type\" content=\"image\/png\" \/>\n<meta name=\"twitter:card\" content=\"summary_large_image\" \/>\n<meta name=\"twitter:label1\" content=\"Est. reading time\" \/>\n\t<meta name=\"twitter:data1\" content=\"2 minutt\" \/>\n<script type=\"application\/ld+json\" class=\"yoast-schema-graph\">{\"@context\":\"https:\\\/\\\/schema.org\",\"@graph\":[{\"@type\":\"WebPage\",\"@id\":\"https:\\\/\\\/tiekejai.eu\\\/tiekeju-sarasai\\\/tiekejai-is-lenkijos\\\/\",\"url\":\"https:\\\/\\\/tiekejai.eu\\\/tiekeju-sarasai\\\/tiekejai-is-lenkijos\\\/\",\"name\":\"Tiek\u0117jai i\u0161 Lenkijos - i\u0161manus pasirinkimas!\",\"isPartOf\":{\"@id\":\"https:\\\/\\\/tiekejai.eu\\\/#website\"},\"primaryImageOfPage\":{\"@id\":\"https:\\\/\\\/tiekejai.eu\\\/tiekeju-sarasai\\\/tiekejai-is-lenkijos\\\/#primaryimage\"},\"image\":{\"@id\":\"https:\\\/\\\/tiekejai.eu\\\/tiekeju-sarasai\\\/tiekejai-is-lenkijos\\\/#primaryimage\"},\"thumbnailUrl\":\"https:\\\/\\\/tiekejai.eu\\\/wp-content\\\/uploads\\\/2023\\\/01\\\/Poland_Suppliers.png\",\"datePublished\":\"2023-01-22T20:05:36+00:00\",\"dateModified\":\"2023-09-25T22:04:58+00:00\",\"description\":\"tiek\u0117jai i\u0161 lenkijos m\u016bs\u0173 kruop\u0161\u010diai atrinkti tiek\u0117jai, kur\u012f sudaro net 750 atrinkt\u0173 tiek\u0117j\u0173 s\u0105ra\u0161as su filtravimu ir nemokamomis pamokomis!\",\"breadcrumb\":{\"@id\":\"https:\\\/\\\/tiekejai.eu\\\/tiekeju-sarasai\\\/tiekejai-is-lenkijos\\\/#breadcrumb\"},\"inLanguage\":\"nn-NO\",\"potentialAction\":[{\"@type\":\"ReadAction\",\"target\":[\"https:\\\/\\\/tiekejai.eu\\\/tiekeju-sarasai\\\/tiekejai-is-lenkijos\\\/\"]}]},{\"@type\":\"ImageObject\",\"inLanguage\":\"nn-NO\",\"@id\":\"https:\\\/\\\/tiekejai.eu\\\/tiekeju-sarasai\\\/tiekejai-is-lenkijos\\\/#primaryimage\",\"url\":\"https:\\\/\\\/tiekejai.eu\\\/wp-content\\\/uploads\\\/2023\\\/01\\\/Poland_Suppliers.png\",\"contentUrl\":\"https:\\\/\\\/tiekejai.eu\\\/wp-content\\\/uploads\\\/2023\\\/01\\\/Poland_Suppliers.png\",\"width\":1080,\"height\":1080,\"caption\":\"Suppliers from Poland\"},{\"@type\":\"BreadcrumbList\",\"@id\":\"https:\\\/\\\/tiekejai.eu\\\/tiekeju-sarasai\\\/tiekejai-is-lenkijos\\\/#breadcrumb\",\"itemListElement\":[{\"@type\":\"ListItem\",\"position\":1,\"name\":\"Home\",\"item\":\"https:\\\/\\\/tiekejai.eu\\\/\"},{\"@type\":\"ListItem\",\"position\":2,\"name\":\"Tiek\u0117j\u0173 s\u0105ra\u0161ai\",\"item\":\"https:\\\/\\\/tiekejai.eu\\\/tiekeju-sarasai\\\/\"},{\"@type\":\"ListItem\",\"position\":3,\"name\":\"Tiek\u0117jai i\u0161 Lenkijos\"}]},{\"@type\":\"WebSite\",\"@id\":\"https:\\\/\\\/tiekejai.eu\\\/#website\",\"url\":\"https:\\\/\\\/tiekejai.eu\\\/\",\"name\":\"Tiekejai.eu\",\"description\":\"\",\"publisher\":{\"@id\":\"https:\\\/\\\/tiekejai.eu\\\/#organization\"},\"potentialAction\":[{\"@type\":\"SearchAction\",\"target\":{\"@type\":\"EntryPoint\",\"urlTemplate\":\"https:\\\/\\\/tiekejai.eu\\\/?s={search_term_string}\"},\"query-input\":{\"@type\":\"PropertyValueSpecification\",\"valueRequired\":true,\"valueName\":\"search_term_string\"}}],\"inLanguage\":\"nn-NO\"},{\"@type\":\"Organization\",\"@id\":\"https:\\\/\\\/tiekejai.eu\\\/#organization\",\"name\":\"Tiekejai.eu | Preki\u0173 tiek\u0117j\u0173 ir gamintoj\u0173 paie\u0161ka\",\"url\":\"https:\\\/\\\/tiekejai.eu\\\/\",\"logo\":{\"@type\":\"ImageObject\",\"inLanguage\":\"nn-NO\",\"@id\":\"https:\\\/\\\/tiekejai.eu\\\/#\\\/schema\\\/logo\\\/image\\\/\",\"url\":\"http:\\\/\\\/tiekejai.eu\\\/wp-content\\\/uploads\\\/2021\\\/03\\\/cropped-cropped-Logo-transparent-backround-1.png\",\"contentUrl\":\"http:\\\/\\\/tiekejai.eu\\\/wp-content\\\/uploads\\\/2021\\\/03\\\/cropped-cropped-Logo-transparent-backround-1.png\",\"width\":65,\"height\":67,\"caption\":\"Tiekejai.eu | Preki\u0173 tiek\u0117j\u0173 ir gamintoj\u0173 paie\u0161ka\"},\"image\":{\"@id\":\"https:\\\/\\\/tiekejai.eu\\\/#\\\/schema\\\/logo\\\/image\\\/\"},\"sameAs\":[\"https:\\\/\\\/www.facebook.com\\\/tiekejai.eu\"]}]}<\/script>\n<!-- \/ Yoast SEO Premium plugin. -->","yoast_head_json":{"title":"Leverand\u00f8rer fra Polen - et smart valg!","description":"leverand\u00f8rer fra Polen v\u00e5re n\u00f8ye utvalgte leverand\u00f8rer inkludert en liste med opptil 750 utvalgte leverand\u00f8rer med filtrering og gratis leksjoner!","robots":{"index":"index","follow":"follow","max-snippet":"max-snippet:-1","max-image-preview":"max-image-preview:large","max-video-preview":"max-video-preview:-1"},"canonical":"https:\/\/tiekejai.eu\/nn\/leverandorlister\/leverandorer-fra-polen\/","og_locale":"nn_NO","og_type":"article","og_title":"Tiek\u0117jai i\u0161 Lenkijos","og_description":"tiek\u0117jai i\u0161 lenkijos m\u016bs\u0173 kruop\u0161\u010diai atrinkti tiek\u0117jai, kur\u012f sudaro net 750 atrinkt\u0173 tiek\u0117j\u0173 s\u0105ra\u0161as su filtravimu ir nemokamomis pamokomis!","og_url":"https:\/\/tiekejai.eu\/nn\/leverandorlister\/leverandorer-fra-polen\/","og_site_name":"Tiekejai.eu","article_publisher":"https:\/\/www.facebook.com\/tiekejai.eu","article_modified_time":"2023-09-25T22:04:58+00:00","og_image":[{"width":1080,"height":1080,"url":"https:\/\/tiekejai.eu\/wp-content\/uploads\/2023\/01\/Poland_Suppliers.png","type":"image\/png"}],"twitter_card":"summary_large_image","twitter_misc":{"Est. reading time":"2 minutt"},"schema":{"@context":"https:\/\/schema.org","@graph":[{"@type":"WebPage","@id":"https:\/\/tiekejai.eu\/tiekeju-sarasai\/tiekejai-is-lenkijos\/","url":"https:\/\/tiekejai.eu\/tiekeju-sarasai\/tiekejai-is-lenkijos\/","name":"Leverand\u00f8rer fra Polen - et smart valg!","isPartOf":{"@id":"https:\/\/tiekejai.eu\/#website"},"primaryImageOfPage":{"@id":"https:\/\/tiekejai.eu\/tiekeju-sarasai\/tiekejai-is-lenkijos\/#primaryimage"},"image":{"@id":"https:\/\/tiekejai.eu\/tiekeju-sarasai\/tiekejai-is-lenkijos\/#primaryimage"},"thumbnailUrl":"https:\/\/tiekejai.eu\/wp-content\/uploads\/2023\/01\/Poland_Suppliers.png","datePublished":"2023-01-22T20:05:36+00:00","dateModified":"2023-09-25T22:04:58+00:00","description":"leverand\u00f8rer fra Polen v\u00e5re n\u00f8ye utvalgte leverand\u00f8rer inkludert en liste med opptil 750 utvalgte leverand\u00f8rer med filtrering og gratis leksjoner!","breadcrumb":{"@id":"https:\/\/tiekejai.eu\/tiekeju-sarasai\/tiekejai-is-lenkijos\/#breadcrumb"},"inLanguage":"nn-NO","potentialAction":[{"@type":"ReadAction","target":["https:\/\/tiekejai.eu\/tiekeju-sarasai\/tiekejai-is-lenkijos\/"]}]},{"@type":"ImageObject","inLanguage":"nn-NO","@id":"https:\/\/tiekejai.eu\/tiekeju-sarasai\/tiekejai-is-lenkijos\/#primaryimage","url":"https:\/\/tiekejai.eu\/wp-content\/uploads\/2023\/01\/Poland_Suppliers.png","contentUrl":"https:\/\/tiekejai.eu\/wp-content\/uploads\/2023\/01\/Poland_Suppliers.png","width":1080,"height":1080,"caption":"Suppliers from Poland"},{"@type":"BreadcrumbList","@id":"https:\/\/tiekejai.eu\/tiekeju-sarasai\/tiekejai-is-lenkijos\/#breadcrumb","itemListElement":[{"@type":"ListItem","position":1,"name":"Home","item":"https:\/\/tiekejai.eu\/"},{"@type":"ListItem","position":2,"name":"Tiek\u0117j\u0173 s\u0105ra\u0161ai","item":"https:\/\/tiekejai.eu\/tiekeju-sarasai\/"},{"@type":"ListItem","position":3,"name":"Tiek\u0117jai i\u0161 Lenkijos"}]},{"@type":"WebSite","@id":"https:\/\/tiekejai.eu\/#website","url":"https:\/\/tiekejai.eu\/","name":"Tiekejai.eu","description":"","publisher":{"@id":"https:\/\/tiekejai.eu\/#organization"},"potentialAction":[{"@type":"SearchAction","target":{"@type":"EntryPoint","urlTemplate":"https:\/\/tiekejai.eu\/?s={search_term_string}"},"query-input":{"@type":"PropertyValueSpecification","valueRequired":true,"valueName":"search_term_string"}}],"inLanguage":"nn-NO"},{"@type":"Organization","@id":"https:\/\/tiekejai.eu\/#organization","name":"tiekejai.eu | S\u00f8k etter produktleverand\u00f8rer og produsenter","url":"https:\/\/tiekejai.eu\/","logo":{"@type":"ImageObject","inLanguage":"nn-NO","@id":"https:\/\/tiekejai.eu\/#\/schema\/logo\/image\/","url":"http:\/\/tiekejai.eu\/wp-content\/uploads\/2021\/03\/cropped-cropped-Logo-transparent-backround-1.png","contentUrl":"http:\/\/tiekejai.eu\/wp-content\/uploads\/2021\/03\/cropped-cropped-Logo-transparent-backround-1.png","width":65,"height":67,"caption":"Tiekejai.eu | Preki\u0173 tiek\u0117j\u0173 ir gamintoj\u0173 paie\u0161ka"},"image":{"@id":"https:\/\/tiekejai.eu\/#\/schema\/logo\/image\/"},"sameAs":["https:\/\/www.facebook.com\/tiekejai.eu"]}]}},"_links":{"self":[{"href":"https:\/\/tiekejai.eu\/nn\/wp-json\/wp\/v2\/product\/1235","targetHints":{"allow":["GET"]}}],"collection":[{"href":"https:\/\/tiekejai.eu\/nn\/wp-json\/wp\/v2\/product"}],"about":[{"href":"https:\/\/tiekejai.eu\/nn\/wp-json\/wp\/v2\/types\/product"}],"version-history":[{"count":6,"href":"https:\/\/tiekejai.eu\/nn\/wp-json\/wp\/v2\/product\/1235\/revisions"}],"predecessor-version":[{"id":1246,"href":"https:\/\/tiekejai.eu\/nn\/wp-json\/wp\/v2\/product\/1235\/revisions\/1246"}],"wp:featuredmedia":[{"embeddable":true,"href":"https:\/\/tiekejai.eu\/nn\/wp-json\/wp\/v2\/media\/1594"}],"wp:attachment":[{"href":"https:\/\/tiekejai.eu\/nn\/wp-json\/wp\/v2\/media?parent=1235"}],"wp:term":[{"taxonomy":"product_brand","embeddable":true,"href":"https:\/\/tiekejai.eu\/nn\/wp-json\/wp\/v2\/product_brand?post=1235"},{"taxonomy":"product_cat","embeddable":true,"href":"https:\/\/tiekejai.eu\/nn\/wp-json\/wp\/v2\/product_cat?post=1235"},{"taxonomy":"product_tag","embeddable":true,"href":"https:\/\/tiekejai.eu\/nn\/wp-json\/wp\/v2\/product_tag?post=1235"}],"curies":[{"name":"wp","href":"https:\/\/api.w.org\/{rel}","templated":true}]}}