{"id":1115,"date":"2023-01-19T19:42:05","date_gmt":"2023-01-19T21:42:05","guid":{"rendered":"https:\/\/tiekejai.eu\/?post_type=product&#038;p=1115"},"modified":"2024-05-01T20:10:13","modified_gmt":"2024-05-01T22:10:13","slug":"klesleverandorer","status":"publish","type":"product","link":"https:\/\/tiekejai.eu\/nn\/leverandorlister\/klesleverandorer\/","title":{"rendered":"Kl\u00e6r leverand\u00f8rer"},"content":{"rendered":"<p><strong>Kl\u00e6r leverand\u00f8rer<\/strong> er det perfekte valget for virksomheten, kl\u00e6r er avgj\u00f8rende for folks daglige liv, akkurat som mat. Klesindustrien er en av de raskest voksende industriene i verden, og mange leverand\u00f8rer bruker den nyeste teknologien for \u00e5 forbedre produksjonsprosessene og \u00f8ke volumet av virksomheten.<\/p>\n<p><strong>Kl\u00e6r leverand\u00f8rer<\/strong> kan strebe etter \u00e5 m\u00f8te kundenes behov ved \u00e5 tilby en rekke stiler og farger, og ved \u00e5 st\u00f8tte ansvarlig produksjonspraksis som \u00e5 forbedre arbeidsforholdene eller beskytte milj\u00f8et. Dette er med p\u00e5 \u00e5 sikre et positivt merkevarebilde og \u00f8kte inntekter. I tillegg, med den stadig voksende e-handelen og Internett-utviklingen, kan du n\u00e5 et enda st\u00f8rre antall kunder. Dette bidrar igjen til \u00e5 \u00f8ke ettersp\u00f8rselen og forretningsvolumet. Konkurransen i klessektoren er imidlertid ganske sterk. Det er viktig \u00e5 v\u00e6re innovativ og finne de riktige leverand\u00f8rene til konkurransedyktige priser for \u00e5 holde seg konkurransedyktig og m\u00f8te kundenes behov.<\/p>\n<p>V\u00e5r nettside tiekejai.eu tilbyr profesjonelt kompilert <strong>lister over klesleverand\u00f8rer.<\/strong>\u00a0Disse <strong>klesleverand\u00f8rer<\/strong> er laget med hensyn til kvalitet, priser og utvalgte handelsmodeller innen dropshipping og engros.<\/p>\n<p><a href=\"https:\/\/tiekejai.eu\/nn\/dropshipping\/\">Dropshipping<\/a> er en handelsmodell hvor du handler produkter uten \u00e5 eie dem fysisk. Det betyr at du bestiller varene direkte fra leverand\u00f8ren og de leverer varene direkte hjem til din kunde. Dette er en praktisk m\u00e5te \u00e5 starte handel uten mye kapital.<\/p>\n<p>Engroshandel er en handelsmodell hvor du kj\u00f8per varer i bulk og deretter selger dem til kundene dine til en h\u00f8yere pris. Dette kan v\u00e6re nyttig hvis du har en stor kundekrets eller et lager du kan beholde produktet i. Vi snakker om forretningsmodeller og hvilken du skal velge <a href=\"https:\/\/tiekejai.eu\/nn\/dropshipping\/\">her<\/a>.<\/p>\n<h2><strong>Passende klesleverand\u00f8rer<\/strong><\/h2>\n<p>\u00c5 velge riktige plaggleverand\u00f8rer kan v\u00e6re en viktig beslutning som kan p\u00e5virke kvaliteten og p\u00e5liteligheten til dine varer. Vi anbefaler \u00e5 ta hensyn til f\u00f8lgende viktige egenskaper:<\/p>\n<ul>\n<li style=\"text-align: left;\">P\u00e5litelighet: Du m\u00e5 velge en leverand\u00f8r som kan sikre regelmessig og p\u00e5litelig levering av produkter.<\/li>\n<li style=\"text-align: left;\">Kvalitet: Sjekk leverand\u00f8renes produksjons- og revisjonspraksis for \u00e5 sikre plagg av h\u00f8y kvalitet<\/li>\n<li style=\"text-align: left;\">Pris: Du m\u00e5 sjekke priskonkurranseevnen til leverand\u00f8rene og om de kan gi riktig pris og p\u00e5slag for din virksomhet.<\/li>\n<li style=\"text-align: left;\">Ansvarlig produksjonspraksis: Velg en leverand\u00f8r som f\u00f8lger ansvarlig produksjonspraksis, som \u00e5 forbedre arbeidsforholdene og beskytte milj\u00f8et.<\/li>\n<li style=\"text-align: left;\">Kundeservice: Du m\u00e5 velge en leverand\u00f8r som yter god kundeservice og er klar til \u00e5 svare p\u00e5 dine sp\u00f8rsm\u00e5l og behov.<\/li>\n<\/ul>\n<p>Konklusjon: De riktige klesleverand\u00f8rene er en av de viktigste avgj\u00f8relsene. I dag kan du selge hva som helst, men det er mye bedre \u00e5 starte med seri\u00f8se leverand\u00f8rer som vil yte best mulig. Med gode leverand\u00f8rer slipper du \u00e5 lete etter andre senere og gj\u00f8re om hele virksomheten. Avslutningsvis m\u00e5 p\u00e5litelighet, kvalitet, pris, ansvarlig produksjonspraksis og kundeservice tas opp.<\/p>","protected":false},"excerpt":{"rendered":"<p>V\u00e5rt <strong>i listen over klesleverand\u00f8rer<\/strong> finner du leverand\u00f8rer som tilbyr et bredt utvalg av kl\u00e6r, designerkl\u00e6r, fott\u00f8y og tilbeh\u00f8r. Leverand\u00f8rer samarbeider med dropshipping og engros. N\u00f8ye valgt og testet <strong>kl\u00e6r<\/strong> <strong>liste over leverand\u00f8rer<\/strong> med filtreringsfunksjon vil gi tilgang selv til 360 <strong>klesleverand\u00f8rer. <\/strong>Leverand\u00f8rer er fra hele verden, inkludert Litauen, Polen, Tyrkia, Italia, Ukraina og utallige andre land. H\u00f8res bra ut? I tillegg til alt dette vil vi ogs\u00e5 tilby gratis leksjoner fra \u00e5 lage e-butikker, e-handelsnettverk til reklame!<\/p>","protected":false},"featured_media":1528,"template":"","meta":{"_eb_attr":""},"product_brand":[],"product_cat":[46],"product_tag":[],"class_list":{"0":"post-1115","1":"product","2":"type-product","3":"status-publish","4":"has-post-thumbnail","6":"product_cat-tiekeju-sarasai","8":"first","9":"instock","10":"sale","11":"downloadable","12":"shipping-taxable","13":"purchasable","14":"product-type-simple"},"yoast_head":"<!-- This site is optimized with the Yoast SEO Premium plugin v23.6 (Yoast SEO v27.3) - https:\/\/yoast.com\/product\/yoast-seo-premium-wordpress\/ -->\n<title>R\u016bb\u0173 Tiek\u0117jai - Tiekejai.eu<\/title>\n<meta name=\"description\" content=\"Kruop\u0161\u010diai atrinktas r\u016bb\u0173 tiek\u0117j\u0173 s\u0105ra\u0161as su filtravimo funkcija suteiks prieig\u0105 prie 360 r\u016bb\u0173 tiek\u0117j\u0173 i\u0161 viso pasaulio + nemokamos pamokos verslui\" \/>\n<meta name=\"robots\" content=\"index, follow, max-snippet:-1, max-image-preview:large, max-video-preview:-1\" \/>\n<link rel=\"canonical\" href=\"https:\/\/tiekejai.eu\/nn\/leverandorlister\/klesleverandorer\/\" \/>\n<meta property=\"og:locale\" content=\"nn_NO\" \/>\n<meta property=\"og:type\" content=\"article\" \/>\n<meta property=\"og:title\" content=\"R\u016bb\u0173 Tiek\u0117jai\" \/>\n<meta property=\"og:description\" content=\"Kruop\u0161\u010diai atrinktas r\u016bb\u0173 tiek\u0117j\u0173 s\u0105ra\u0161as su filtravimo funkcija suteiks prieig\u0105 prie 360 r\u016bb\u0173 tiek\u0117j\u0173 i\u0161 viso pasaulio + nemokamos pamokos verslui\" \/>\n<meta property=\"og:url\" content=\"https:\/\/tiekejai.eu\/nn\/leverandorlister\/klesleverandorer\/\" \/>\n<meta property=\"og:site_name\" content=\"Tiekejai.eu\" \/>\n<meta property=\"article:publisher\" content=\"https:\/\/www.facebook.com\/tiekejai.eu\" \/>\n<meta property=\"article:modified_time\" content=\"2024-05-01T22:10:13+00:00\" \/>\n<meta property=\"og:image\" content=\"https:\/\/tiekejai.eu\/wp-content\/uploads\/2023\/01\/rubu_tiekejai.png\" \/>\n\t<meta property=\"og:image:width\" content=\"1080\" \/>\n\t<meta property=\"og:image:height\" content=\"1080\" \/>\n\t<meta property=\"og:image:type\" content=\"image\/png\" \/>\n<meta name=\"twitter:card\" content=\"summary_large_image\" \/>\n<meta name=\"twitter:label1\" content=\"Est. reading time\" \/>\n\t<meta name=\"twitter:data1\" content=\"3 minutt\" \/>\n<script type=\"application\/ld+json\" class=\"yoast-schema-graph\">{\"@context\":\"https:\\\/\\\/schema.org\",\"@graph\":[{\"@type\":\"WebPage\",\"@id\":\"https:\\\/\\\/tiekejai.eu\\\/tiekeju-sarasai\\\/rubu-tiekejai\\\/\",\"url\":\"https:\\\/\\\/tiekejai.eu\\\/tiekeju-sarasai\\\/rubu-tiekejai\\\/\",\"name\":\"R\u016bb\u0173 Tiek\u0117jai - Tiekejai.eu\",\"isPartOf\":{\"@id\":\"https:\\\/\\\/tiekejai.eu\\\/#website\"},\"primaryImageOfPage\":{\"@id\":\"https:\\\/\\\/tiekejai.eu\\\/tiekeju-sarasai\\\/rubu-tiekejai\\\/#primaryimage\"},\"image\":{\"@id\":\"https:\\\/\\\/tiekejai.eu\\\/tiekeju-sarasai\\\/rubu-tiekejai\\\/#primaryimage\"},\"thumbnailUrl\":\"https:\\\/\\\/tiekejai.eu\\\/wp-content\\\/uploads\\\/2023\\\/01\\\/rubu_tiekejai.png\",\"datePublished\":\"2023-01-19T21:42:05+00:00\",\"dateModified\":\"2024-05-01T22:10:13+00:00\",\"description\":\"Kruop\u0161\u010diai atrinktas r\u016bb\u0173 tiek\u0117j\u0173 s\u0105ra\u0161as su filtravimo funkcija suteiks prieig\u0105 prie 360 r\u016bb\u0173 tiek\u0117j\u0173 i\u0161 viso pasaulio + nemokamos pamokos verslui\",\"breadcrumb\":{\"@id\":\"https:\\\/\\\/tiekejai.eu\\\/tiekeju-sarasai\\\/rubu-tiekejai\\\/#breadcrumb\"},\"inLanguage\":\"nn-NO\",\"potentialAction\":[{\"@type\":\"ReadAction\",\"target\":[\"https:\\\/\\\/tiekejai.eu\\\/tiekeju-sarasai\\\/rubu-tiekejai\\\/\"]}]},{\"@type\":\"ImageObject\",\"inLanguage\":\"nn-NO\",\"@id\":\"https:\\\/\\\/tiekejai.eu\\\/tiekeju-sarasai\\\/rubu-tiekejai\\\/#primaryimage\",\"url\":\"https:\\\/\\\/tiekejai.eu\\\/wp-content\\\/uploads\\\/2023\\\/01\\\/rubu_tiekejai.png\",\"contentUrl\":\"https:\\\/\\\/tiekejai.eu\\\/wp-content\\\/uploads\\\/2023\\\/01\\\/rubu_tiekejai.png\",\"width\":1080,\"height\":1080,\"caption\":\"r\u016bb\u0173 tiek\u0117j\u0173 s\u0105ra\u0161as\"},{\"@type\":\"BreadcrumbList\",\"@id\":\"https:\\\/\\\/tiekejai.eu\\\/tiekeju-sarasai\\\/rubu-tiekejai\\\/#breadcrumb\",\"itemListElement\":[{\"@type\":\"ListItem\",\"position\":1,\"name\":\"Home\",\"item\":\"https:\\\/\\\/tiekejai.eu\\\/\"},{\"@type\":\"ListItem\",\"position\":2,\"name\":\"Tiek\u0117j\u0173 s\u0105ra\u0161ai\",\"item\":\"https:\\\/\\\/tiekejai.eu\\\/tiekeju-sarasai\\\/\"},{\"@type\":\"ListItem\",\"position\":3,\"name\":\"R\u016bb\u0173 Tiek\u0117jai\"}]},{\"@type\":\"WebSite\",\"@id\":\"https:\\\/\\\/tiekejai.eu\\\/#website\",\"url\":\"https:\\\/\\\/tiekejai.eu\\\/\",\"name\":\"Tiekejai.eu\",\"description\":\"\",\"publisher\":{\"@id\":\"https:\\\/\\\/tiekejai.eu\\\/#organization\"},\"potentialAction\":[{\"@type\":\"SearchAction\",\"target\":{\"@type\":\"EntryPoint\",\"urlTemplate\":\"https:\\\/\\\/tiekejai.eu\\\/?s={search_term_string}\"},\"query-input\":{\"@type\":\"PropertyValueSpecification\",\"valueRequired\":true,\"valueName\":\"search_term_string\"}}],\"inLanguage\":\"nn-NO\"},{\"@type\":\"Organization\",\"@id\":\"https:\\\/\\\/tiekejai.eu\\\/#organization\",\"name\":\"Tiekejai.eu | Preki\u0173 tiek\u0117j\u0173 ir gamintoj\u0173 paie\u0161ka\",\"url\":\"https:\\\/\\\/tiekejai.eu\\\/\",\"logo\":{\"@type\":\"ImageObject\",\"inLanguage\":\"nn-NO\",\"@id\":\"https:\\\/\\\/tiekejai.eu\\\/#\\\/schema\\\/logo\\\/image\\\/\",\"url\":\"http:\\\/\\\/tiekejai.eu\\\/wp-content\\\/uploads\\\/2021\\\/03\\\/cropped-cropped-Logo-transparent-backround-1.png\",\"contentUrl\":\"http:\\\/\\\/tiekejai.eu\\\/wp-content\\\/uploads\\\/2021\\\/03\\\/cropped-cropped-Logo-transparent-backround-1.png\",\"width\":65,\"height\":67,\"caption\":\"Tiekejai.eu | Preki\u0173 tiek\u0117j\u0173 ir gamintoj\u0173 paie\u0161ka\"},\"image\":{\"@id\":\"https:\\\/\\\/tiekejai.eu\\\/#\\\/schema\\\/logo\\\/image\\\/\"},\"sameAs\":[\"https:\\\/\\\/www.facebook.com\\\/tiekejai.eu\"]}]}<\/script>\n<!-- \/ Yoast SEO Premium plugin. -->","yoast_head_json":{"title":"Kl\u00e6rleverand\u00f8rer - Tiekejai.eu","description":"En n\u00f8ye utvalgt liste over klesleverand\u00f8rer med filtreringsfunksjon vil gi deg tilgang til 360 klesleverand\u00f8rer fra hele verden + gratis leksjoner for bedrifter","robots":{"index":"index","follow":"follow","max-snippet":"max-snippet:-1","max-image-preview":"max-image-preview:large","max-video-preview":"max-video-preview:-1"},"canonical":"https:\/\/tiekejai.eu\/nn\/leverandorlister\/klesleverandorer\/","og_locale":"nn_NO","og_type":"article","og_title":"R\u016bb\u0173 Tiek\u0117jai","og_description":"Kruop\u0161\u010diai atrinktas r\u016bb\u0173 tiek\u0117j\u0173 s\u0105ra\u0161as su filtravimo funkcija suteiks prieig\u0105 prie 360 r\u016bb\u0173 tiek\u0117j\u0173 i\u0161 viso pasaulio + nemokamos pamokos verslui","og_url":"https:\/\/tiekejai.eu\/nn\/leverandorlister\/klesleverandorer\/","og_site_name":"Tiekejai.eu","article_publisher":"https:\/\/www.facebook.com\/tiekejai.eu","article_modified_time":"2024-05-01T22:10:13+00:00","og_image":[{"width":1080,"height":1080,"url":"https:\/\/tiekejai.eu\/wp-content\/uploads\/2023\/01\/rubu_tiekejai.png","type":"image\/png"}],"twitter_card":"summary_large_image","twitter_misc":{"Est. reading time":"3 minutt"},"schema":{"@context":"https:\/\/schema.org","@graph":[{"@type":"WebPage","@id":"https:\/\/tiekejai.eu\/tiekeju-sarasai\/rubu-tiekejai\/","url":"https:\/\/tiekejai.eu\/tiekeju-sarasai\/rubu-tiekejai\/","name":"Kl\u00e6rleverand\u00f8rer - Tiekejai.eu","isPartOf":{"@id":"https:\/\/tiekejai.eu\/#website"},"primaryImageOfPage":{"@id":"https:\/\/tiekejai.eu\/tiekeju-sarasai\/rubu-tiekejai\/#primaryimage"},"image":{"@id":"https:\/\/tiekejai.eu\/tiekeju-sarasai\/rubu-tiekejai\/#primaryimage"},"thumbnailUrl":"https:\/\/tiekejai.eu\/wp-content\/uploads\/2023\/01\/rubu_tiekejai.png","datePublished":"2023-01-19T21:42:05+00:00","dateModified":"2024-05-01T22:10:13+00:00","description":"En n\u00f8ye utvalgt liste over klesleverand\u00f8rer med filtreringsfunksjon vil gi deg tilgang til 360 klesleverand\u00f8rer fra hele verden + gratis leksjoner for bedrifter","breadcrumb":{"@id":"https:\/\/tiekejai.eu\/tiekeju-sarasai\/rubu-tiekejai\/#breadcrumb"},"inLanguage":"nn-NO","potentialAction":[{"@type":"ReadAction","target":["https:\/\/tiekejai.eu\/tiekeju-sarasai\/rubu-tiekejai\/"]}]},{"@type":"ImageObject","inLanguage":"nn-NO","@id":"https:\/\/tiekejai.eu\/tiekeju-sarasai\/rubu-tiekejai\/#primaryimage","url":"https:\/\/tiekejai.eu\/wp-content\/uploads\/2023\/01\/rubu_tiekejai.png","contentUrl":"https:\/\/tiekejai.eu\/wp-content\/uploads\/2023\/01\/rubu_tiekejai.png","width":1080,"height":1080,"caption":"r\u016bb\u0173 tiek\u0117j\u0173 s\u0105ra\u0161as"},{"@type":"BreadcrumbList","@id":"https:\/\/tiekejai.eu\/tiekeju-sarasai\/rubu-tiekejai\/#breadcrumb","itemListElement":[{"@type":"ListItem","position":1,"name":"Home","item":"https:\/\/tiekejai.eu\/"},{"@type":"ListItem","position":2,"name":"Tiek\u0117j\u0173 s\u0105ra\u0161ai","item":"https:\/\/tiekejai.eu\/tiekeju-sarasai\/"},{"@type":"ListItem","position":3,"name":"R\u016bb\u0173 Tiek\u0117jai"}]},{"@type":"WebSite","@id":"https:\/\/tiekejai.eu\/#website","url":"https:\/\/tiekejai.eu\/","name":"Tiekejai.eu","description":"","publisher":{"@id":"https:\/\/tiekejai.eu\/#organization"},"potentialAction":[{"@type":"SearchAction","target":{"@type":"EntryPoint","urlTemplate":"https:\/\/tiekejai.eu\/?s={search_term_string}"},"query-input":{"@type":"PropertyValueSpecification","valueRequired":true,"valueName":"search_term_string"}}],"inLanguage":"nn-NO"},{"@type":"Organization","@id":"https:\/\/tiekejai.eu\/#organization","name":"tiekejai.eu | S\u00f8k etter produktleverand\u00f8rer og produsenter","url":"https:\/\/tiekejai.eu\/","logo":{"@type":"ImageObject","inLanguage":"nn-NO","@id":"https:\/\/tiekejai.eu\/#\/schema\/logo\/image\/","url":"http:\/\/tiekejai.eu\/wp-content\/uploads\/2021\/03\/cropped-cropped-Logo-transparent-backround-1.png","contentUrl":"http:\/\/tiekejai.eu\/wp-content\/uploads\/2021\/03\/cropped-cropped-Logo-transparent-backround-1.png","width":65,"height":67,"caption":"Tiekejai.eu | Preki\u0173 tiek\u0117j\u0173 ir gamintoj\u0173 paie\u0161ka"},"image":{"@id":"https:\/\/tiekejai.eu\/#\/schema\/logo\/image\/"},"sameAs":["https:\/\/www.facebook.com\/tiekejai.eu"]}]}},"_links":{"self":[{"href":"https:\/\/tiekejai.eu\/nn\/wp-json\/wp\/v2\/product\/1115","targetHints":{"allow":["GET"]}}],"collection":[{"href":"https:\/\/tiekejai.eu\/nn\/wp-json\/wp\/v2\/product"}],"about":[{"href":"https:\/\/tiekejai.eu\/nn\/wp-json\/wp\/v2\/types\/product"}],"version-history":[{"count":15,"href":"https:\/\/tiekejai.eu\/nn\/wp-json\/wp\/v2\/product\/1115\/revisions"}],"predecessor-version":[{"id":1967,"href":"https:\/\/tiekejai.eu\/nn\/wp-json\/wp\/v2\/product\/1115\/revisions\/1967"}],"wp:featuredmedia":[{"embeddable":true,"href":"https:\/\/tiekejai.eu\/nn\/wp-json\/wp\/v2\/media\/1528"}],"wp:attachment":[{"href":"https:\/\/tiekejai.eu\/nn\/wp-json\/wp\/v2\/media?parent=1115"}],"wp:term":[{"taxonomy":"product_brand","embeddable":true,"href":"https:\/\/tiekejai.eu\/nn\/wp-json\/wp\/v2\/product_brand?post=1115"},{"taxonomy":"product_cat","embeddable":true,"href":"https:\/\/tiekejai.eu\/nn\/wp-json\/wp\/v2\/product_cat?post=1115"},{"taxonomy":"product_tag","embeddable":true,"href":"https:\/\/tiekejai.eu\/nn\/wp-json\/wp\/v2\/product_tag?post=1115"}],"curies":[{"name":"wp","href":"https:\/\/api.w.org\/{rel}","templated":true}]}}