{"id":1098,"date":"2023-01-19T19:00:38","date_gmt":"2023-01-19T21:00:38","guid":{"rendered":"https:\/\/tiekejai.eu\/?post_type=product&#038;p=1098"},"modified":"2023-09-25T20:07:07","modified_gmt":"2023-09-25T22:07:07","slug":"dropship-leverandorliste","status":"publish","type":"product","link":"https:\/\/tiekejai.eu\/nn\/leverandorlister\/dropship-leverandorliste\/","title":{"rendered":"Dropship leverand\u00f8rliste"},"content":{"rendered":"<p class=\"translation-block\">Er du en kj\u00f8pmann p\u00e5 jakt etter p\u00e5litelige dropship- og grossistleverand\u00f8rer for \u00e5 \u00f8ke virksomhetens effektivitet og fortjeneste? Da er v\u00e5r <strong>dropship leverand\u00f8rliste<\/strong> et godt valg! Vi tilbyr en profesjonell <strong>dropship leverand\u00f8rliste<\/strong> med til og med 2500 leverand\u00f8rer og en filtreringsfunksjon slik at du kan finne riktig leverand\u00f8r mye raskere.<\/p>\n<p class=\"translation-block\">V\u00e5r <strong>dropship leverand\u00f8rliste<\/strong> vil gi deg tilgang til nisje- og markedsartikler som kan hjelpe deg med \u00e5 tiltrekke deg flere kunder og \u00f8ke inntekten din. Sjekk v\u00e5r <strong>dropship leverand\u00f8rliste<\/strong> for de beste prisene. Filtreringsfunksjonen lar deg finne leverand\u00f8rer etter produktkategori eller til og med geografisk plassering for din bekvemmelighet.<\/p>\n<p class=\"translation-block\">I tillegg tilbyr vi et bredt utvalg av leverand\u00f8rer som tilbyr en dropship forretningsmodell. Dette betyr at du ikke trenger \u00e5 kj\u00f8pe varer p\u00e5 forh\u00e5nd og ta risikoen for rester. Leverand\u00f8rene p\u00e5 <strong>Dropship leverand\u00f8rliste<\/strong> sender produkter direkte til kundene dine, s\u00e5 du trenger kun \u00e5 bestille produkter n\u00e5r du allerede har en bestilling. Dette lar deg spare mye penger og tid.<\/p>\n<p>I listen over leverand\u00f8rer finner du leverand\u00f8rer som tilbyr engrospriser. Det betyr at du f\u00e5r en mye lavere pris n\u00e5r du kj\u00f8per st\u00f8rre varemengder. Dette lar deg \u00f8ke fortjenesten fordi du kan selge varer til en h\u00f8yere pris, men fortsatt opprettholde konkurransedyktige priser for kundene dine.<\/p>\n<p class=\"translation-block\">Tiekejai.eu sin profesjonelle <strong>dropship leverand\u00f8rliste<\/strong> er en flott l\u00f8sning for b\u00e5de nye og erfarne selgere som \u00f8nsker \u00e5 utvide sine forretningsmuligheter og \u00f8ke fortjenesten. Ikke g\u00e5 glipp av denne unike muligheten til \u00e5 \u00f8ke virksomhetens effektivitet og fortjeneste. Bestill v\u00e5r profesjonelle <strong>dropship leverand\u00f8rliste<\/strong> n\u00e5 og finn den rette leverand\u00f8ren!<\/p>\n<p class=\"translation-block\">Hvis du har en investering og tror at listen over leverand\u00f8rer ikke vil hjelpe deg, kan du s\u00f8ke om <a href=\"https:\/\/tiekejai.eu\/nn\/leverandorsok\/\" target=\"_self\">leverand\u00f8rs\u00f8k<\/a>.<\/p>\n<p>&nbsp;<\/p>\n<p>&nbsp;<\/p>","protected":false},"excerpt":{"rendered":"<p><strong><span style=\"vertical-align: inherit;\"><span style=\"vertical-align: inherit;\">Liste over dropship leverand\u00f8rer<\/span><\/span><\/strong><span style=\"vertical-align: inherit;\"><span style=\"vertical-align: inherit;\"> vil \u00e5pne veien for 2500+ leverand\u00f8rer. Leverand\u00f8rer fra Litauen, Latvia, Ukraina, Polen, Tyskland, Tyrkia, USA, Italia og andre land i verden og Europa. <\/span><\/span><strong><span style=\"vertical-align: inherit;\"><span style=\"vertical-align: inherit;\">Liste over dropship leverand\u00f8rer<\/span><\/span><\/strong><span style=\"vertical-align: inherit;\"><span style=\"vertical-align: inherit;\"> vil gi deg tilgang til den bredeste databasen!<\/span><\/span><!--more--><\/p>\n<p><strong><span style=\"vertical-align: inherit;\"><span style=\"vertical-align: inherit;\">I listen over leverand\u00f8rer<\/span><\/span><\/strong><span style=\"vertical-align: inherit;\"><span style=\"vertical-align: inherit;\"> du finner ikke bare grossistleverand\u00f8rer, men ogs\u00e5 dropship leverand\u00f8rer av nesten alle kategorier, inkludert - kl\u00e6r, bil\/motor, husholdningsartikler, elektronikk, m\u00f8bler, hagevarer, leker, turisme og fritids- og sesongvarer og mange andre, og praktisk filtrering av leverand\u00f8rene vil i betydelig grad lette veien mot det riktige valget.<\/span><\/span><\/p>","protected":false},"featured_media":1523,"template":"","meta":{"_eb_attr":""},"product_brand":[],"product_cat":[46],"product_tag":[],"class_list":{"0":"post-1098","1":"product","2":"type-product","3":"status-publish","4":"has-post-thumbnail","6":"product_cat-tiekeju-sarasai","8":"first","9":"instock","10":"sale","11":"downloadable","12":"shipping-taxable","13":"purchasable","14":"product-type-simple"},"yoast_head":"<!-- This site is optimized with the Yoast SEO Premium plugin v23.6 (Yoast SEO v27.3) - https:\/\/yoast.com\/product\/yoast-seo-premium-wordpress\/ -->\n<title>Rinktinis 2500 dropship Tiek\u0117j\u0173 s\u0105ra\u0161as!<\/title>\n<meta name=\"description\" content=\"Pla\u010diausias ir rinktinis dropship tiek\u0117j\u0173 s\u0105ra\u0161as u\u017e geriausia kaina rinkoje! S\u0105ra\u0161\u0119 rasi net 2500 tiek\u0117j\u0173 su patogiu filtravimu ir verslo pamokomis!\" \/>\n<meta name=\"robots\" content=\"index, follow, max-snippet:-1, max-image-preview:large, max-video-preview:-1\" \/>\n<link rel=\"canonical\" href=\"https:\/\/tiekejai.eu\/nn\/leverandorlister\/dropship-leverandorliste\/\" \/>\n<meta property=\"og:locale\" content=\"nn_NO\" \/>\n<meta property=\"og:type\" content=\"article\" \/>\n<meta property=\"og:title\" content=\"Dropship Tiek\u0117j\u0173 S\u0105ra\u0161as\" \/>\n<meta property=\"og:description\" content=\"Pla\u010diausias ir rinktinis dropship tiek\u0117j\u0173 s\u0105ra\u0161as u\u017e geriausia kaina rinkoje! S\u0105ra\u0161\u0119 rasi net 2500 tiek\u0117j\u0173 su patogiu filtravimu ir verslo pamokomis!\" \/>\n<meta property=\"og:url\" content=\"https:\/\/tiekejai.eu\/nn\/leverandorlister\/dropship-leverandorliste\/\" \/>\n<meta property=\"og:site_name\" content=\"Tiekejai.eu\" \/>\n<meta property=\"article:publisher\" content=\"https:\/\/www.facebook.com\/tiekejai.eu\" \/>\n<meta property=\"article:modified_time\" content=\"2023-09-25T22:07:07+00:00\" \/>\n<meta property=\"og:image\" content=\"https:\/\/tiekejai.eu\/wp-content\/uploads\/2023\/01\/dropship_tiekeju_sarasas.png\" \/>\n\t<meta property=\"og:image:width\" content=\"1080\" \/>\n\t<meta property=\"og:image:height\" content=\"1080\" \/>\n\t<meta property=\"og:image:type\" content=\"image\/png\" \/>\n<meta name=\"twitter:card\" content=\"summary_large_image\" \/>\n<meta name=\"twitter:label1\" content=\"Est. reading time\" \/>\n\t<meta name=\"twitter:data1\" content=\"2 minutt\" \/>\n<script type=\"application\/ld+json\" class=\"yoast-schema-graph\">{\"@context\":\"https:\\\/\\\/schema.org\",\"@graph\":[{\"@type\":\"WebPage\",\"@id\":\"https:\\\/\\\/tiekejai.eu\\\/tiekeju-sarasai\\\/dropship-tiekeju-sarasas\\\/\",\"url\":\"https:\\\/\\\/tiekejai.eu\\\/tiekeju-sarasai\\\/dropship-tiekeju-sarasas\\\/\",\"name\":\"Rinktinis 2500 dropship Tiek\u0117j\u0173 s\u0105ra\u0161as!\",\"isPartOf\":{\"@id\":\"https:\\\/\\\/tiekejai.eu\\\/#website\"},\"primaryImageOfPage\":{\"@id\":\"https:\\\/\\\/tiekejai.eu\\\/tiekeju-sarasai\\\/dropship-tiekeju-sarasas\\\/#primaryimage\"},\"image\":{\"@id\":\"https:\\\/\\\/tiekejai.eu\\\/tiekeju-sarasai\\\/dropship-tiekeju-sarasas\\\/#primaryimage\"},\"thumbnailUrl\":\"https:\\\/\\\/tiekejai.eu\\\/wp-content\\\/uploads\\\/2023\\\/01\\\/dropship_tiekeju_sarasas.png\",\"datePublished\":\"2023-01-19T21:00:38+00:00\",\"dateModified\":\"2023-09-25T22:07:07+00:00\",\"description\":\"Pla\u010diausias ir rinktinis dropship tiek\u0117j\u0173 s\u0105ra\u0161as u\u017e geriausia kaina rinkoje! S\u0105ra\u0161\u0119 rasi net 2500 tiek\u0117j\u0173 su patogiu filtravimu ir verslo pamokomis!\",\"breadcrumb\":{\"@id\":\"https:\\\/\\\/tiekejai.eu\\\/tiekeju-sarasai\\\/dropship-tiekeju-sarasas\\\/#breadcrumb\"},\"inLanguage\":\"nn-NO\",\"potentialAction\":[{\"@type\":\"ReadAction\",\"target\":[\"https:\\\/\\\/tiekejai.eu\\\/tiekeju-sarasai\\\/dropship-tiekeju-sarasas\\\/\"]}]},{\"@type\":\"ImageObject\",\"inLanguage\":\"nn-NO\",\"@id\":\"https:\\\/\\\/tiekejai.eu\\\/tiekeju-sarasai\\\/dropship-tiekeju-sarasas\\\/#primaryimage\",\"url\":\"https:\\\/\\\/tiekejai.eu\\\/wp-content\\\/uploads\\\/2023\\\/01\\\/dropship_tiekeju_sarasas.png\",\"contentUrl\":\"https:\\\/\\\/tiekejai.eu\\\/wp-content\\\/uploads\\\/2023\\\/01\\\/dropship_tiekeju_sarasas.png\",\"width\":1080,\"height\":1080,\"caption\":\"dropship tiekejai\"},{\"@type\":\"BreadcrumbList\",\"@id\":\"https:\\\/\\\/tiekejai.eu\\\/tiekeju-sarasai\\\/dropship-tiekeju-sarasas\\\/#breadcrumb\",\"itemListElement\":[{\"@type\":\"ListItem\",\"position\":1,\"name\":\"Home\",\"item\":\"https:\\\/\\\/tiekejai.eu\\\/\"},{\"@type\":\"ListItem\",\"position\":2,\"name\":\"Tiek\u0117j\u0173 s\u0105ra\u0161ai\",\"item\":\"https:\\\/\\\/tiekejai.eu\\\/tiekeju-sarasai\\\/\"},{\"@type\":\"ListItem\",\"position\":3,\"name\":\"Dropship Tiek\u0117j\u0173 S\u0105ra\u0161as\"}]},{\"@type\":\"WebSite\",\"@id\":\"https:\\\/\\\/tiekejai.eu\\\/#website\",\"url\":\"https:\\\/\\\/tiekejai.eu\\\/\",\"name\":\"Tiekejai.eu\",\"description\":\"\",\"publisher\":{\"@id\":\"https:\\\/\\\/tiekejai.eu\\\/#organization\"},\"potentialAction\":[{\"@type\":\"SearchAction\",\"target\":{\"@type\":\"EntryPoint\",\"urlTemplate\":\"https:\\\/\\\/tiekejai.eu\\\/?s={search_term_string}\"},\"query-input\":{\"@type\":\"PropertyValueSpecification\",\"valueRequired\":true,\"valueName\":\"search_term_string\"}}],\"inLanguage\":\"nn-NO\"},{\"@type\":\"Organization\",\"@id\":\"https:\\\/\\\/tiekejai.eu\\\/#organization\",\"name\":\"Tiekejai.eu | Preki\u0173 tiek\u0117j\u0173 ir gamintoj\u0173 paie\u0161ka\",\"url\":\"https:\\\/\\\/tiekejai.eu\\\/\",\"logo\":{\"@type\":\"ImageObject\",\"inLanguage\":\"nn-NO\",\"@id\":\"https:\\\/\\\/tiekejai.eu\\\/#\\\/schema\\\/logo\\\/image\\\/\",\"url\":\"http:\\\/\\\/tiekejai.eu\\\/wp-content\\\/uploads\\\/2021\\\/03\\\/cropped-cropped-Logo-transparent-backround-1.png\",\"contentUrl\":\"http:\\\/\\\/tiekejai.eu\\\/wp-content\\\/uploads\\\/2021\\\/03\\\/cropped-cropped-Logo-transparent-backround-1.png\",\"width\":65,\"height\":67,\"caption\":\"Tiekejai.eu | Preki\u0173 tiek\u0117j\u0173 ir gamintoj\u0173 paie\u0161ka\"},\"image\":{\"@id\":\"https:\\\/\\\/tiekejai.eu\\\/#\\\/schema\\\/logo\\\/image\\\/\"},\"sameAs\":[\"https:\\\/\\\/www.facebook.com\\\/tiekejai.eu\"]}]}<\/script>\n<!-- \/ Yoast SEO Premium plugin. -->","yoast_head_json":{"title":"Beste liste over 2500 Dropship leverand\u00f8rer!","description":"Den bredeste og mest utvalgte listen over dropship leverand\u00f8rer til den beste prisen p\u00e5 markedet! Du vil finne en liste med til og med 2500 leverand\u00f8rer med praktisk filtrering og forretningstimer!","robots":{"index":"index","follow":"follow","max-snippet":"max-snippet:-1","max-image-preview":"max-image-preview:large","max-video-preview":"max-video-preview:-1"},"canonical":"https:\/\/tiekejai.eu\/nn\/leverandorlister\/dropship-leverandorliste\/","og_locale":"nn_NO","og_type":"article","og_title":"Dropship Tiek\u0117j\u0173 S\u0105ra\u0161as","og_description":"Pla\u010diausias ir rinktinis dropship tiek\u0117j\u0173 s\u0105ra\u0161as u\u017e geriausia kaina rinkoje! S\u0105ra\u0161\u0119 rasi net 2500 tiek\u0117j\u0173 su patogiu filtravimu ir verslo pamokomis!","og_url":"https:\/\/tiekejai.eu\/nn\/leverandorlister\/dropship-leverandorliste\/","og_site_name":"Tiekejai.eu","article_publisher":"https:\/\/www.facebook.com\/tiekejai.eu","article_modified_time":"2023-09-25T22:07:07+00:00","og_image":[{"width":1080,"height":1080,"url":"https:\/\/tiekejai.eu\/wp-content\/uploads\/2023\/01\/dropship_tiekeju_sarasas.png","type":"image\/png"}],"twitter_card":"summary_large_image","twitter_misc":{"Est. reading time":"2 minutt"},"schema":{"@context":"https:\/\/schema.org","@graph":[{"@type":"WebPage","@id":"https:\/\/tiekejai.eu\/tiekeju-sarasai\/dropship-tiekeju-sarasas\/","url":"https:\/\/tiekejai.eu\/tiekeju-sarasai\/dropship-tiekeju-sarasas\/","name":"Beste liste over 2500 Dropship leverand\u00f8rer!","isPartOf":{"@id":"https:\/\/tiekejai.eu\/#website"},"primaryImageOfPage":{"@id":"https:\/\/tiekejai.eu\/tiekeju-sarasai\/dropship-tiekeju-sarasas\/#primaryimage"},"image":{"@id":"https:\/\/tiekejai.eu\/tiekeju-sarasai\/dropship-tiekeju-sarasas\/#primaryimage"},"thumbnailUrl":"https:\/\/tiekejai.eu\/wp-content\/uploads\/2023\/01\/dropship_tiekeju_sarasas.png","datePublished":"2023-01-19T21:00:38+00:00","dateModified":"2023-09-25T22:07:07+00:00","description":"Den bredeste og mest utvalgte listen over dropship leverand\u00f8rer til den beste prisen p\u00e5 markedet! Du vil finne en liste med til og med 2500 leverand\u00f8rer med praktisk filtrering og forretningstimer!","breadcrumb":{"@id":"https:\/\/tiekejai.eu\/tiekeju-sarasai\/dropship-tiekeju-sarasas\/#breadcrumb"},"inLanguage":"nn-NO","potentialAction":[{"@type":"ReadAction","target":["https:\/\/tiekejai.eu\/tiekeju-sarasai\/dropship-tiekeju-sarasas\/"]}]},{"@type":"ImageObject","inLanguage":"nn-NO","@id":"https:\/\/tiekejai.eu\/tiekeju-sarasai\/dropship-tiekeju-sarasas\/#primaryimage","url":"https:\/\/tiekejai.eu\/wp-content\/uploads\/2023\/01\/dropship_tiekeju_sarasas.png","contentUrl":"https:\/\/tiekejai.eu\/wp-content\/uploads\/2023\/01\/dropship_tiekeju_sarasas.png","width":1080,"height":1080,"caption":"dropship tiekejai"},{"@type":"BreadcrumbList","@id":"https:\/\/tiekejai.eu\/tiekeju-sarasai\/dropship-tiekeju-sarasas\/#breadcrumb","itemListElement":[{"@type":"ListItem","position":1,"name":"Home","item":"https:\/\/tiekejai.eu\/"},{"@type":"ListItem","position":2,"name":"Tiek\u0117j\u0173 s\u0105ra\u0161ai","item":"https:\/\/tiekejai.eu\/tiekeju-sarasai\/"},{"@type":"ListItem","position":3,"name":"Dropship Tiek\u0117j\u0173 S\u0105ra\u0161as"}]},{"@type":"WebSite","@id":"https:\/\/tiekejai.eu\/#website","url":"https:\/\/tiekejai.eu\/","name":"Tiekejai.eu","description":"","publisher":{"@id":"https:\/\/tiekejai.eu\/#organization"},"potentialAction":[{"@type":"SearchAction","target":{"@type":"EntryPoint","urlTemplate":"https:\/\/tiekejai.eu\/?s={search_term_string}"},"query-input":{"@type":"PropertyValueSpecification","valueRequired":true,"valueName":"search_term_string"}}],"inLanguage":"nn-NO"},{"@type":"Organization","@id":"https:\/\/tiekejai.eu\/#organization","name":"tiekejai.eu | S\u00f8k etter produktleverand\u00f8rer og produsenter","url":"https:\/\/tiekejai.eu\/","logo":{"@type":"ImageObject","inLanguage":"nn-NO","@id":"https:\/\/tiekejai.eu\/#\/schema\/logo\/image\/","url":"http:\/\/tiekejai.eu\/wp-content\/uploads\/2021\/03\/cropped-cropped-Logo-transparent-backround-1.png","contentUrl":"http:\/\/tiekejai.eu\/wp-content\/uploads\/2021\/03\/cropped-cropped-Logo-transparent-backround-1.png","width":65,"height":67,"caption":"Tiekejai.eu | Preki\u0173 tiek\u0117j\u0173 ir gamintoj\u0173 paie\u0161ka"},"image":{"@id":"https:\/\/tiekejai.eu\/#\/schema\/logo\/image\/"},"sameAs":["https:\/\/www.facebook.com\/tiekejai.eu"]}]}},"_links":{"self":[{"href":"https:\/\/tiekejai.eu\/nn\/wp-json\/wp\/v2\/product\/1098","targetHints":{"allow":["GET"]}}],"collection":[{"href":"https:\/\/tiekejai.eu\/nn\/wp-json\/wp\/v2\/product"}],"about":[{"href":"https:\/\/tiekejai.eu\/nn\/wp-json\/wp\/v2\/types\/product"}],"version-history":[{"count":10,"href":"https:\/\/tiekejai.eu\/nn\/wp-json\/wp\/v2\/product\/1098\/revisions"}],"predecessor-version":[{"id":1379,"href":"https:\/\/tiekejai.eu\/nn\/wp-json\/wp\/v2\/product\/1098\/revisions\/1379"}],"wp:featuredmedia":[{"embeddable":true,"href":"https:\/\/tiekejai.eu\/nn\/wp-json\/wp\/v2\/media\/1523"}],"wp:attachment":[{"href":"https:\/\/tiekejai.eu\/nn\/wp-json\/wp\/v2\/media?parent=1098"}],"wp:term":[{"taxonomy":"product_brand","embeddable":true,"href":"https:\/\/tiekejai.eu\/nn\/wp-json\/wp\/v2\/product_brand?post=1098"},{"taxonomy":"product_cat","embeddable":true,"href":"https:\/\/tiekejai.eu\/nn\/wp-json\/wp\/v2\/product_cat?post=1098"},{"taxonomy":"product_tag","embeddable":true,"href":"https:\/\/tiekejai.eu\/nn\/wp-json\/wp\/v2\/product_tag?post=1098"}],"curies":[{"name":"wp","href":"https:\/\/api.w.org\/{rel}","templated":true}]}}