{"id":469,"date":"2021-11-09T15:34:09","date_gmt":"2021-11-09T17:34:09","guid":{"rendered":"http:\/\/tiekejai.eu\/?page_id=469"},"modified":"2023-01-18T14:58:32","modified_gmt":"2023-01-18T16:58:32","slug":"personvernerklaering","status":"publish","type":"page","link":"https:\/\/tiekejai.eu\/nn\/personvernerklaering\/","title":{"rendered":"Privatumo politika"},"content":{"rendered":"<p><strong>Generelle bestemmelser<\/strong><\/p>\n\n\n\n<p>Disse personvernreglene p\u00e5 Tiekejai.eu-nettstedet (heretter - reglene) er utarbeidet for \u00e5 sikre dine (heretter - kunden) og Tiekejai.eu-nettstedet (heretter - nettstedet) rettigheter til \u00e5 bestemme plikter og ansvar for begge parter, regler for beskyttelse av personopplysninger og andre bestemmelser knyttet til innsending av foresp\u00f8rsler p\u00e5 nettstedet. Ved \u00e5 sende inn en foresp\u00f8rsel bekrefter kunden automatisk at han har lest og godtar disse reglene.<\/p>\n\n\n\n<p>Alle ansatte i Tiekejai.eu (heretter referert til som behandlingsansvarlig) og autoriserte personer som behandler personopplysninger eller blir klar over det i l\u00f8pet av sine oppgaver, m\u00e5 overholde reglene. Tilgang til personopplysninger kan kun gis til de ansatte som det er n\u00f8dvendig for \u00e5 utf\u00f8re sine funksjoner.<\/p>\n\n\n\n<p>N\u00e5r du bes\u00f8ker nettstedet Tiekejai.eu, samler vi inn ulike opplysninger fra deg for \u00e5 kunne tilby bedre tjenester i fremtiden.<\/p>\n\n\n\n<p>F\u00f8lgelig, n\u00e5r du bestiller eller registrerer deg p\u00e5 nettstedet v\u00e5rt, kan du bli bedt om \u00e5 oppgi e-postadressen din. Postadresse. Du kan imidlertid bes\u00f8ke nettstedet v\u00e5rt anonymt.<\/p>\n\n\n\n<p><strong>Hva bruker vi informasjonen din til?<\/strong><\/p>\n\n\n\n<p>All informasjon vi samler inn fra deg kan brukes p\u00e5 en av f\u00f8lgende m\u00e5ter:<\/p>\n\n\n\n<p>For \u00e5 tilpasse opplevelsen din \u2013 (informasjonen din hjelper oss bedre \u00e5 m\u00f8te dine individuelle behov)<\/p>\n\n\n\n<p>Forbedre kundeservice - (informasjonen din hjelper oss \u00e5 svare mer effektivt p\u00e5 dine kundeserviceforesp\u00f8rsler og st\u00f8ttebehov)<\/p>\n\n\n\n<p>For \u00e5 sende periodiske oppdateringer<\/p>\n\n\n\n<p>e-post E-postadressen du oppgir for bestillingsbehandling vil kun bli brukt til \u00e5 sende deg informasjon og oppdateringer knyttet til bestillingen din.<\/p>\n\n\n\n<p>Merk: Hvis du noen gang \u00f8nsker \u00e5 velge bort fremtidige e-poster E-postabonnement, hver e-post Vi har en avmeldingsknapp nederst i e-posten<\/p>\n\n\n\n<p><strong>Hvordan beskytter vi informasjonen din?<\/strong><\/p>\n\n\n\n<p>Vi bruker ulike sikkerhetstiltak for \u00e5 holde din personlige informasjon sikker n\u00e5r du skriver inn, sender inn eller f\u00e5r tilgang til din personlige informasjon.<\/p>\n\n\n\n<p><strong>Utleverer vi informasjon til tredjeparter?<\/strong><\/p>\n\n\n\n<p>Vi selger, bytter eller p\u00e5 annen m\u00e5te overf\u00f8rer personopplysningene dine til eksterne parter. Dette inkluderer ikke p\u00e5litelige tredjeparter som hjelper oss med \u00e5 drive nettstedet v\u00e5rt, drive forretninger eller betjene deg, s\u00e5 lenge disse partene godtar \u00e5 holde denne informasjonen konfidensiell. Vi kan ogs\u00e5 frigi informasjonen din n\u00e5r vi mener at utgivelsen er passende for \u00e5 overholde loven, h\u00e5ndheve retningslinjene for nettstedet eller beskytte v\u00e5re eller andres rettigheter, eiendom eller sikkerhet. Imidlertid kan ikke-personlig identifiserbar bes\u00f8ksinformasjon gis til andre parter for markedsf\u00f8ring, reklame eller andre form\u00e5l.<\/p>\n\n\n\n<p><strong>Tredjepartskoblinger<\/strong><\/p>\n\n\n\n<p>Fra tid til annen kan vi, etter eget skj\u00f8nn, inkludere eller tilby tredjepartsprodukter eller tjenester p\u00e5 nettstedet v\u00e5rt. Disse tredjepartsnettstedene har separate og uavhengige personvernregler. Derfor er vi ikke ansvarlige for innholdet og aktivitetene til disse lenkede nettstedene. Ikke desto mindre streber vi etter \u00e5 beskytte integriteten til nettstedet v\u00e5rt og tar gjerne imot tilbakemeldinger om disse sidene.<\/p>\n\n\n\n<p><strong>Overholdelse av den litauiske loven om personvern p\u00e5 nett<\/strong><\/p>\n\n\n\n<p>Fordi vi setter pris p\u00e5 personvernet ditt, har vi tatt de n\u00f8dvendige forholdsreglene for \u00e5 overholde litauiske personvernlover p\u00e5 nett. Derfor vil vi ikke dele dine personlige opplysninger med tredjeparter uten ditt samtykke.<\/p>\n\n\n\n<p><strong>Retningslinjer for personvern p\u00e5 nett<\/strong><\/p>\n\n\n\n<p>Denne nettbaserte personvernerkl\u00e6ringen gjelder kun for informasjon som samles inn via nettstedet v\u00e5rt og ikke for informasjon som samles inn offline.<\/p>\n\n\n\n<p><strong>Ditt samtykke<\/strong><\/p>\n\n\n\n<p>Ved \u00e5 bruke nettsiden v\u00e5r godtar du v\u00e5r personvernerkl\u00e6ring.<\/p>\n\n\n\n<p><strong>Endringer i v\u00e5r personvernerkl\u00e6ring<\/strong><\/p>\n\n\n\n<p>Hvis vi bestemmer oss for \u00e5 endre personvernreglene v\u00e5re, vil vi legge ut disse endringene p\u00e5 denne siden.<\/p>","protected":false},"excerpt":{"rendered":"<p>Bendrosios nuostatos \u0160ios Privatumo internetin\u0117je svetain\u0117je Tiekejai.eu taisykl\u0117s (toliau \u2013 Taisykl\u0117s) sudarytos siekiant u\u017etikrinti J\u016bs\u0173 (toliau \u2013 Klientas) ir internetin\u0117je svetain\u0117je Tiekejai.eu (toliau \u2013 Svetain\u0117) teises, nustatyti abiej\u0173 \u0161ali\u0173 pareigas, atsakomyb\u0119, asmens duomen\u0173 apsaugos taisykles, ir kitas su u\u017eklaus\u0173 pateikimui Svetain\u0117je susijusias nuostatas.&nbsp;Klientas pateikdamas u\u017eklaus\u0105 automati\u0161kai patvirtina, kad su \u0161iomis Taisykl\u0117mis susipa\u017eino ir su jomis&hellip; <br \/> <a class=\"button small blue\" href=\"https:\/\/tiekejai.eu\/nn\/personvernerklaering\/\">Les mer<\/a><\/p>","protected":false},"author":1,"featured_media":0,"parent":0,"menu_order":0,"comment_status":"closed","ping_status":"closed","template":"","meta":{"_eb_attr":"","footnotes":""},"class_list":["post-469","page","type-page","status-publish","hentry"],"yoast_head":"<!-- This site is optimized with the Yoast SEO Premium plugin v23.6 (Yoast SEO v27.3) - https:\/\/yoast.com\/product\/yoast-seo-premium-wordpress\/ -->\n<title>Privatumo politika - Tiekejai.eu<\/title>\n<meta name=\"robots\" content=\"index, follow, max-snippet:-1, max-image-preview:large, max-video-preview:-1\" \/>\n<link rel=\"canonical\" href=\"https:\/\/tiekejai.eu\/nn\/personvernerklaering\/\" \/>\n<meta property=\"og:locale\" content=\"nn_NO\" \/>\n<meta property=\"og:type\" content=\"article\" \/>\n<meta property=\"og:title\" content=\"Privatumo politika\" \/>\n<meta property=\"og:description\" content=\"Bendrosios nuostatos \u0160ios Privatumo internetin\u0117je svetain\u0117je Tiekejai.eu taisykl\u0117s (toliau \u2013 Taisykl\u0117s) sudarytos siekiant u\u017etikrinti J\u016bs\u0173 (toliau \u2013 Klientas) ir internetin\u0117je svetain\u0117je Tiekejai.eu (toliau \u2013 Svetain\u0117) teises, nustatyti abiej\u0173 \u0161ali\u0173 pareigas, atsakomyb\u0119, asmens duomen\u0173 apsaugos taisykles, ir kitas su u\u017eklaus\u0173 pateikimui Svetain\u0117je susijusias nuostatas.&nbsp;Klientas pateikdamas u\u017eklaus\u0105 automati\u0161kai patvirtina, kad su \u0161iomis Taisykl\u0117mis susipa\u017eino ir su jomis&hellip; Read more\" \/>\n<meta property=\"og:url\" content=\"https:\/\/tiekejai.eu\/nn\/personvernerklaering\/\" \/>\n<meta property=\"og:site_name\" content=\"Tiekejai.eu\" \/>\n<meta property=\"article:publisher\" content=\"https:\/\/www.facebook.com\/tiekejai.eu\" \/>\n<meta property=\"article:modified_time\" content=\"2023-01-18T16:58:32+00:00\" \/>\n<meta name=\"twitter:card\" content=\"summary_large_image\" \/>\n<meta name=\"twitter:label1\" content=\"Est. reading time\" \/>\n\t<meta name=\"twitter:data1\" content=\"3 minutt\" \/>\n<script type=\"application\/ld+json\" class=\"yoast-schema-graph\">{\"@context\":\"https:\\\/\\\/schema.org\",\"@graph\":[{\"@type\":\"WebPage\",\"@id\":\"https:\\\/\\\/tiekejai.eu\\\/privatumo-politika\\\/\",\"url\":\"https:\\\/\\\/tiekejai.eu\\\/privatumo-politika\\\/\",\"name\":\"Privatumo politika - Tiekejai.eu\",\"isPartOf\":{\"@id\":\"https:\\\/\\\/tiekejai.eu\\\/#website\"},\"datePublished\":\"2021-11-09T17:34:09+00:00\",\"dateModified\":\"2023-01-18T16:58:32+00:00\",\"breadcrumb\":{\"@id\":\"https:\\\/\\\/tiekejai.eu\\\/privatumo-politika\\\/#breadcrumb\"},\"inLanguage\":\"nn-NO\",\"potentialAction\":[{\"@type\":\"ReadAction\",\"target\":[\"https:\\\/\\\/tiekejai.eu\\\/privatumo-politika\\\/\"]}]},{\"@type\":\"BreadcrumbList\",\"@id\":\"https:\\\/\\\/tiekejai.eu\\\/privatumo-politika\\\/#breadcrumb\",\"itemListElement\":[{\"@type\":\"ListItem\",\"position\":1,\"name\":\"Home\",\"item\":\"https:\\\/\\\/tiekejai.eu\\\/\"},{\"@type\":\"ListItem\",\"position\":2,\"name\":\"Privatumo politika\"}]},{\"@type\":\"WebSite\",\"@id\":\"https:\\\/\\\/tiekejai.eu\\\/#website\",\"url\":\"https:\\\/\\\/tiekejai.eu\\\/\",\"name\":\"Tiekejai.eu\",\"description\":\"\",\"publisher\":{\"@id\":\"https:\\\/\\\/tiekejai.eu\\\/#organization\"},\"potentialAction\":[{\"@type\":\"SearchAction\",\"target\":{\"@type\":\"EntryPoint\",\"urlTemplate\":\"https:\\\/\\\/tiekejai.eu\\\/?s={search_term_string}\"},\"query-input\":{\"@type\":\"PropertyValueSpecification\",\"valueRequired\":true,\"valueName\":\"search_term_string\"}}],\"inLanguage\":\"nn-NO\"},{\"@type\":\"Organization\",\"@id\":\"https:\\\/\\\/tiekejai.eu\\\/#organization\",\"name\":\"Tiekejai.eu | Preki\u0173 tiek\u0117j\u0173 ir gamintoj\u0173 paie\u0161ka\",\"url\":\"https:\\\/\\\/tiekejai.eu\\\/\",\"logo\":{\"@type\":\"ImageObject\",\"inLanguage\":\"nn-NO\",\"@id\":\"https:\\\/\\\/tiekejai.eu\\\/#\\\/schema\\\/logo\\\/image\\\/\",\"url\":\"http:\\\/\\\/tiekejai.eu\\\/wp-content\\\/uploads\\\/2021\\\/03\\\/cropped-cropped-Logo-transparent-backround-1.png\",\"contentUrl\":\"http:\\\/\\\/tiekejai.eu\\\/wp-content\\\/uploads\\\/2021\\\/03\\\/cropped-cropped-Logo-transparent-backround-1.png\",\"width\":65,\"height\":67,\"caption\":\"Tiekejai.eu | Preki\u0173 tiek\u0117j\u0173 ir gamintoj\u0173 paie\u0161ka\"},\"image\":{\"@id\":\"https:\\\/\\\/tiekejai.eu\\\/#\\\/schema\\\/logo\\\/image\\\/\"},\"sameAs\":[\"https:\\\/\\\/www.facebook.com\\\/tiekejai.eu\"]}]}<\/script>\n<!-- \/ Yoast SEO Premium plugin. -->","yoast_head_json":{"title":"Privatumo politika - Tiekejai.eu","robots":{"index":"index","follow":"follow","max-snippet":"max-snippet:-1","max-image-preview":"max-image-preview:large","max-video-preview":"max-video-preview:-1"},"canonical":"https:\/\/tiekejai.eu\/nn\/personvernerklaering\/","og_locale":"nn_NO","og_type":"article","og_title":"Privatumo politika","og_description":"Bendrosios nuostatos \u0160ios Privatumo internetin\u0117je svetain\u0117je Tiekejai.eu taisykl\u0117s (toliau \u2013 Taisykl\u0117s) sudarytos siekiant u\u017etikrinti J\u016bs\u0173 (toliau \u2013 Klientas) ir internetin\u0117je svetain\u0117je Tiekejai.eu (toliau \u2013 Svetain\u0117) teises, nustatyti abiej\u0173 \u0161ali\u0173 pareigas, atsakomyb\u0119, asmens duomen\u0173 apsaugos taisykles, ir kitas su u\u017eklaus\u0173 pateikimui Svetain\u0117je susijusias nuostatas.&nbsp;Klientas pateikdamas u\u017eklaus\u0105 automati\u0161kai patvirtina, kad su \u0161iomis Taisykl\u0117mis susipa\u017eino ir su jomis&hellip; Read more","og_url":"https:\/\/tiekejai.eu\/nn\/personvernerklaering\/","og_site_name":"Tiekejai.eu","article_publisher":"https:\/\/www.facebook.com\/tiekejai.eu","article_modified_time":"2023-01-18T16:58:32+00:00","twitter_card":"summary_large_image","twitter_misc":{"Est. reading time":"3 minutt"},"schema":{"@context":"https:\/\/schema.org","@graph":[{"@type":"WebPage","@id":"https:\/\/tiekejai.eu\/privatumo-politika\/","url":"https:\/\/tiekejai.eu\/privatumo-politika\/","name":"Privatumo politika - Tiekejai.eu","isPartOf":{"@id":"https:\/\/tiekejai.eu\/#website"},"datePublished":"2021-11-09T17:34:09+00:00","dateModified":"2023-01-18T16:58:32+00:00","breadcrumb":{"@id":"https:\/\/tiekejai.eu\/privatumo-politika\/#breadcrumb"},"inLanguage":"nn-NO","potentialAction":[{"@type":"ReadAction","target":["https:\/\/tiekejai.eu\/privatumo-politika\/"]}]},{"@type":"BreadcrumbList","@id":"https:\/\/tiekejai.eu\/privatumo-politika\/#breadcrumb","itemListElement":[{"@type":"ListItem","position":1,"name":"Home","item":"https:\/\/tiekejai.eu\/"},{"@type":"ListItem","position":2,"name":"Privatumo politika"}]},{"@type":"WebSite","@id":"https:\/\/tiekejai.eu\/#website","url":"https:\/\/tiekejai.eu\/","name":"Tiekejai.eu","description":"","publisher":{"@id":"https:\/\/tiekejai.eu\/#organization"},"potentialAction":[{"@type":"SearchAction","target":{"@type":"EntryPoint","urlTemplate":"https:\/\/tiekejai.eu\/?s={search_term_string}"},"query-input":{"@type":"PropertyValueSpecification","valueRequired":true,"valueName":"search_term_string"}}],"inLanguage":"nn-NO"},{"@type":"Organization","@id":"https:\/\/tiekejai.eu\/#organization","name":"tiekejai.eu | S\u00f8k etter produktleverand\u00f8rer og produsenter","url":"https:\/\/tiekejai.eu\/","logo":{"@type":"ImageObject","inLanguage":"nn-NO","@id":"https:\/\/tiekejai.eu\/#\/schema\/logo\/image\/","url":"http:\/\/tiekejai.eu\/wp-content\/uploads\/2021\/03\/cropped-cropped-Logo-transparent-backround-1.png","contentUrl":"http:\/\/tiekejai.eu\/wp-content\/uploads\/2021\/03\/cropped-cropped-Logo-transparent-backround-1.png","width":65,"height":67,"caption":"Tiekejai.eu | Preki\u0173 tiek\u0117j\u0173 ir gamintoj\u0173 paie\u0161ka"},"image":{"@id":"https:\/\/tiekejai.eu\/#\/schema\/logo\/image\/"},"sameAs":["https:\/\/www.facebook.com\/tiekejai.eu"]}]}},"_links":{"self":[{"href":"https:\/\/tiekejai.eu\/nn\/wp-json\/wp\/v2\/pages\/469","targetHints":{"allow":["GET"]}}],"collection":[{"href":"https:\/\/tiekejai.eu\/nn\/wp-json\/wp\/v2\/pages"}],"about":[{"href":"https:\/\/tiekejai.eu\/nn\/wp-json\/wp\/v2\/types\/page"}],"author":[{"embeddable":true,"href":"https:\/\/tiekejai.eu\/nn\/wp-json\/wp\/v2\/users\/1"}],"replies":[{"embeddable":true,"href":"https:\/\/tiekejai.eu\/nn\/wp-json\/wp\/v2\/comments?post=469"}],"version-history":[{"count":2,"href":"https:\/\/tiekejai.eu\/nn\/wp-json\/wp\/v2\/pages\/469\/revisions"}],"predecessor-version":[{"id":1017,"href":"https:\/\/tiekejai.eu\/nn\/wp-json\/wp\/v2\/pages\/469\/revisions\/1017"}],"wp:attachment":[{"href":"https:\/\/tiekejai.eu\/nn\/wp-json\/wp\/v2\/media?parent=469"}],"curies":[{"name":"wp","href":"https:\/\/api.w.org\/{rel}","templated":true}]}}