{"id":2199,"date":"2025-03-27T18:40:45","date_gmt":"2025-03-27T20:40:45","guid":{"rendered":"https:\/\/tiekejai.eu\/?post_type=product&#038;p=2199"},"modified":"2025-03-27T18:57:52","modified_gmt":"2025-03-27T20:57:52","slug":"riku-saraksts","status":"publish","type":"product","link":"https:\/\/tiekejai.eu\/lv\/piegadataju-saraksti\/riku-saraksts\/","title":{"rendered":"Vair\u0101k nek\u0101 1 000+ m\u0101ksl\u012bg\u0101 intelekta r\u012bku saraksts - lab\u0101kie m\u0101ksl\u012bg\u0101 intelekta risin\u0101jumi"},"content":{"rendered":"<p class=\"translation-block\" data-start=\"590\" data-end=\"858\">M\u0101ksl\u012bg\u0101 intelekta tehnolo\u0123ijas strauji att\u012bst\u0101s un k\u013c\u016bst par b\u016btisku r\u012bku da\u017e\u0101d\u0101s nozar\u0113s. <strong data-start=\"691\" data-end=\"744\">Startuz\u0146\u0113mumi, mazie uz\u0146\u0113mumi un lielas korpor\u0101cijas<\/strong> arvien bie\u017e\u0101k izmanto m\u0101ksl\u012bg\u0101 intelekta risin\u0101jumus, lai uzlabotu efektivit\u0101ti, optimiz\u0113tu procesus un samazin\u0101tu izmaksas.<\/p>\n<p class=\"translation-block\" data-start=\"860\" data-end=\"1636\"><strong data-start=\"860\" data-end=\"889\">Vair\u0101k nek\u0101 1000 m\u0101ksl\u012bg\u0101 intelekta r\u012bku saraksts<\/strong> sniedz visaptvero\u0161u piek\u013cuvi jaun\u0101kaj\u0101m m\u0101ksl\u012bg\u0101 intelekta lietojumprogramm\u0101m:<br data-start=\"955\" data-end=\"958\">\ud83d\udd39 <strong data-start=\"961\" data-end=\"1000\">Automatiz\u0113ta klientu apkalpo\u0161ana<\/strong> - &lt;a href=&quot;http:\/\/startmsg.<strong>AI kontrol\u0113ti t\u0113rz\u0113\u0161anas roboti<\/strong><\/a>, zvanu centri un person\u012bgie asistenti.<br data-start=\"1069\" data-end=\"1072\">\ud83d\udd39 <strong data-start=\"1075\" data-end=\"1094\">Kontenta veido\u0161ana<\/strong> - m\u0101ksl\u012bg\u0101 intelekta \u0123ener\u0113ti raksti, att\u0113li, video un m\u016bzika.<strong data-start=\"1160\" data-end=\"1163\">\ud83d\udd39 <strong data-start=\"1166\" data-end=\"1200\">S SEO un digit\u0101lajam m\u0101rketingam<\/strong> - AI pal\u012bdz veidot optimiz\u0113tu saturu, analiz\u0113t atsl\u0113gv\u0101rdus un p\u0101rvald\u012bt rekl\u0101mas kampa\u0146as.<br data-start=\"1299\" data-end=\"1302\">\ud83d\udd39 <strong data-start=\"1305\" data-end=\"1322\">E-komercija<\/strong> - uz AI balst\u012btas ieteikumu sist\u0113mas, automatiz\u0113ta klientu segment\u0101cija un personaliz\u0113ti pied\u0101v\u0101jumi.<strong data-start=\"1414\" data-end=\"1417\">\ud83d\udd39 <strong data-start=\"1420\" data-end=\"1454\">Datu anal\u012bzei un prognoz\u0113\u0161anai<\/strong> - AI pal\u012bdz uz\u0146\u0113mumiem pie\u0146emt l\u0113mumus, pamatojoties uz re\u0101liem datiem.<strong data-start=\"1525\" data-end=\"1528\">\ud83d\udd39 <strong data-start=\"1531\" data-end=\"1574\">Programm\u0113\u0161ana un kod\u0113\u0161anas optimiz\u0101cija<\/strong> - AI \u0123ener\u0113ts kods, k\u013c\u016bdu korekcija un veiktsp\u0113jas anal\u012bze.<\/p>\n<h3 class=\"\" data-start=\"1638\" data-end=\"1683\"><strong data-start=\"1642\" data-end=\"1681\">Kam paredz\u0113ts \u0161is m\u0101ksl\u012bg\u0101 intelekta r\u012bku saraksts?<\/strong><\/h3>\n<p class=\"translation-block\" data-start=\"1684\" data-end=\"2224\">\u2705 <strong data-start=\"1686\" data-end=\"1697\">Bizness<\/strong> - Uz\u0146\u0113mumi var atrast m\u0101ksl\u012bg\u0101 intelekta r\u012bkus, kas tiem pal\u012bdz\u0113s palielin\u0101t p\u0101rdo\u0161anas apjomu, uzlabot klientu apkalpo\u0161anu un automatiz\u0113t ikdienas uzdevumus.<br data-start=\"1831\" data-end=\"1834\">\u2705 <strong data-start=\"1836\" data-end=\"1856\">Satura veidot\u0101jiem<\/strong> - AI var pal\u012bdz\u0113t \u0123ener\u0113t idejas, rakst\u012bt rakstus, veidot grafikas un redi\u0123\u0113t video.<br data-start=\"1953\" data-end=\"1956\">\u2705 <strong data-start=\"1958\" data-end=\"1986\">M\u0101rketinga speci\u0101listiem<\/strong> - AI optimiz\u0113 digit\u0101l\u0101s rekl\u0101mas kampa\u0146as, analiz\u0113 tirgus tendences un pal\u012bdz SEO.<br data-start=\"2085\" data-end=\"2088\">\u2705 <strong data-start=\"2090\" data-end=\"2109\">Pro izstr\u0101d\u0101t\u0101jus<\/strong> - AI var pa\u0101trin\u0101t kod\u0113\u0161anas procesu, automatiz\u0113t test\u0113\u0161anu un atvieglot k\u013c\u016bdu nov\u0113r\u0161anu.<\/p>\n<p class=\"translation-block\" data-start=\"2226\" data-end=\"2539\">\ud83d\ude80 <strong data-start=\"2229\" data-end=\"2274\">K\u0101p\u0113c ieg\u0101d\u0101ties \u0161o m\u0101ksl\u012bg\u0101 intelekta r\u012bku sarakstu?<\/strong><br data-start=\"2274\" data-end=\"2277\">\u2714\ufe0f Viegla piek\u013cuve jaun\u0101kaj\u0101m m\u0101ksl\u012bg\u0101 intelekta tehnolo\u0123ij\u0101m.<br data-start=\"2326\" data-end=\"2329\">\u2714\ufe0f Ietaupiet laiku, mekl\u0113jot savam uz\u0146\u0113mumam piem\u0113rot\u0101kos r\u012bkus.<br data-start=\"2394\" data-end=\"2397\">\u2714\ufe0f Iedvesmojieties, k\u0101 m\u0101ksl\u012bgais intelekts var uzlabot j\u016bsu darba procesus.<br data-start=\"2461\" data-end=\"2464\">\u2714\ufe0f Past\u0101v\u012bgi atjaunin\u0101ta datu b\u0101ze ar jaun\u0101kajiem risin\u0101jumiem.<\/p>\n<p class=\"translation-block\" data-start=\"2541\" data-end=\"2607\">\ud83d\uded2 <strong data-start=\"2544\" data-end=\"2605\">P\u0113rc tagad un atkl\u0101j m\u0101ksl\u012bg\u0101 intelekta iesp\u0113jas ar <a href=\"http:\/\/tiekejai.eu\/lv\/\" target=\"_self\">Tiekejai.eu<\/a>!<\/strong><\/p>","protected":false},"excerpt":{"rendered":"<p>Visaptvero\u0161s saraksts ar vair\u0101k nek\u0101 1000 m\u0101ksl\u012bg\u0101 intelekta r\u012bkiem, kas pal\u012bdz\u0113s jums atrast lab\u0101kos risin\u0101jumus j\u016bsu uz\u0146\u0113mumam. Atkl\u0101jiet t\u0113rz\u0113\u0161anas robotus, automatiz\u0101cijas sist\u0113mas, att\u0113lu \u0123ener\u0113\u0161anas r\u012bkus, satura veido\u0161anas platformas un daudzas citas progres\u012bvas AI tehnolo\u0123ijas!<\/p>","protected":false},"featured_media":2201,"template":"","meta":{"_eb_attr":""},"product_brand":[],"product_cat":[46],"product_tag":[],"class_list":{"0":"post-2199","1":"product","2":"type-product","3":"status-publish","4":"has-post-thumbnail","6":"product_cat-tiekeju-sarasai","8":"first","9":"instock","10":"sale","11":"downloadable","12":"shipping-taxable","13":"purchasable","14":"product-type-simple"},"yoast_head":"<!-- This site is optimized with the Yoast SEO Premium plugin v23.6 (Yoast SEO v27.3) - https:\/\/yoast.com\/product\/yoast-seo-premium-wordpress\/ -->\n<title>\ud83d\udd0d 1,000+ AI \u012franki\u0173 s\u0105ra\u0161as | Dirbtinio intelekto sprendimai<\/title>\n<meta name=\"description\" content=\"Atraskite daugiau nei 1,000 pa\u017eangiausi\u0173 AI \u012franki\u0173 vienoje vietoje! Chatbot&#039;ai, turinio k\u016brimas, automatizavimas, duomen\u0173 analiz\u0117 \u2013 viskas, ko reikia\" \/>\n<meta name=\"robots\" content=\"index, follow, max-snippet:-1, max-image-preview:large, max-video-preview:-1\" \/>\n<link rel=\"canonical\" href=\"https:\/\/tiekejai.eu\/lv\/piegadataju-saraksti\/riku-saraksts\/\" \/>\n<meta property=\"og:locale\" content=\"lv_LV\" \/>\n<meta property=\"og:type\" content=\"article\" \/>\n<meta property=\"og:title\" content=\"1,000+ AI \u012eranki\u0173 S\u0105ra\u0161as \u2013 Geriausi dirbtinio intelekto sprendimai\" \/>\n<meta property=\"og:description\" content=\"Atraskite daugiau nei 1,000 pa\u017eangiausi\u0173 AI \u012franki\u0173 vienoje vietoje! Chatbot&#039;ai, turinio k\u016brimas, automatizavimas, duomen\u0173 analiz\u0117 \u2013 viskas, ko reikia\" \/>\n<meta property=\"og:url\" content=\"https:\/\/tiekejai.eu\/lv\/piegadataju-saraksti\/riku-saraksts\/\" \/>\n<meta property=\"og:site_name\" content=\"Tiekejai.eu\" \/>\n<meta property=\"article:publisher\" content=\"https:\/\/www.facebook.com\/tiekejai.eu\" \/>\n<meta property=\"article:modified_time\" content=\"2025-03-27T20:57:52+00:00\" \/>\n<meta property=\"og:image\" content=\"https:\/\/tiekejai.eu\/wp-content\/uploads\/2025\/03\/ai_irankiu_sarasas.png\" \/>\n\t<meta property=\"og:image:width\" content=\"1024\" \/>\n\t<meta property=\"og:image:height\" content=\"1024\" \/>\n\t<meta property=\"og:image:type\" content=\"image\/png\" \/>\n<meta name=\"twitter:card\" content=\"summary_large_image\" \/>\n<meta name=\"twitter:label1\" content=\"Est. reading time\" \/>\n\t<meta name=\"twitter:data1\" content=\"2 min\u016btes\" \/>\n<script type=\"application\/ld+json\" class=\"yoast-schema-graph\">{\"@context\":\"https:\\\/\\\/schema.org\",\"@graph\":[{\"@type\":\"WebPage\",\"@id\":\"https:\\\/\\\/tiekejai.eu\\\/tiekeju-sarasai\\\/ai-irankiu-sarasas\\\/\",\"url\":\"https:\\\/\\\/tiekejai.eu\\\/tiekeju-sarasai\\\/ai-irankiu-sarasas\\\/\",\"name\":\"\ud83d\udd0d 1,000+ AI \u012franki\u0173 s\u0105ra\u0161as | Dirbtinio intelekto sprendimai\",\"isPartOf\":{\"@id\":\"https:\\\/\\\/tiekejai.eu\\\/#website\"},\"primaryImageOfPage\":{\"@id\":\"https:\\\/\\\/tiekejai.eu\\\/tiekeju-sarasai\\\/ai-irankiu-sarasas\\\/#primaryimage\"},\"image\":{\"@id\":\"https:\\\/\\\/tiekejai.eu\\\/tiekeju-sarasai\\\/ai-irankiu-sarasas\\\/#primaryimage\"},\"thumbnailUrl\":\"https:\\\/\\\/tiekejai.eu\\\/wp-content\\\/uploads\\\/2025\\\/03\\\/ai_irankiu_sarasas.png\",\"datePublished\":\"2025-03-27T20:40:45+00:00\",\"dateModified\":\"2025-03-27T20:57:52+00:00\",\"description\":\"Atraskite daugiau nei 1,000 pa\u017eangiausi\u0173 AI \u012franki\u0173 vienoje vietoje! Chatbot'ai, turinio k\u016brimas, automatizavimas, duomen\u0173 analiz\u0117 \u2013 viskas, ko reikia\",\"breadcrumb\":{\"@id\":\"https:\\\/\\\/tiekejai.eu\\\/tiekeju-sarasai\\\/ai-irankiu-sarasas\\\/#breadcrumb\"},\"inLanguage\":\"lv-LV\",\"potentialAction\":[{\"@type\":\"ReadAction\",\"target\":[\"https:\\\/\\\/tiekejai.eu\\\/tiekeju-sarasai\\\/ai-irankiu-sarasas\\\/\"]}]},{\"@type\":\"ImageObject\",\"inLanguage\":\"lv-LV\",\"@id\":\"https:\\\/\\\/tiekejai.eu\\\/tiekeju-sarasai\\\/ai-irankiu-sarasas\\\/#primaryimage\",\"url\":\"https:\\\/\\\/tiekejai.eu\\\/wp-content\\\/uploads\\\/2025\\\/03\\\/ai_irankiu_sarasas.png\",\"contentUrl\":\"https:\\\/\\\/tiekejai.eu\\\/wp-content\\\/uploads\\\/2025\\\/03\\\/ai_irankiu_sarasas.png\",\"width\":1024,\"height\":1024},{\"@type\":\"BreadcrumbList\",\"@id\":\"https:\\\/\\\/tiekejai.eu\\\/tiekeju-sarasai\\\/ai-irankiu-sarasas\\\/#breadcrumb\",\"itemListElement\":[{\"@type\":\"ListItem\",\"position\":1,\"name\":\"Home\",\"item\":\"https:\\\/\\\/tiekejai.eu\\\/\"},{\"@type\":\"ListItem\",\"position\":2,\"name\":\"Tiek\u0117j\u0173 s\u0105ra\u0161ai\",\"item\":\"https:\\\/\\\/tiekejai.eu\\\/tiekeju-sarasai\\\/\"},{\"@type\":\"ListItem\",\"position\":3,\"name\":\"1,000+ AI \u012eranki\u0173 S\u0105ra\u0161as \u2013 Geriausi dirbtinio intelekto sprendimai\"}]},{\"@type\":\"WebSite\",\"@id\":\"https:\\\/\\\/tiekejai.eu\\\/#website\",\"url\":\"https:\\\/\\\/tiekejai.eu\\\/\",\"name\":\"Tiekejai.eu\",\"description\":\"\",\"publisher\":{\"@id\":\"https:\\\/\\\/tiekejai.eu\\\/#organization\"},\"potentialAction\":[{\"@type\":\"SearchAction\",\"target\":{\"@type\":\"EntryPoint\",\"urlTemplate\":\"https:\\\/\\\/tiekejai.eu\\\/?s={search_term_string}\"},\"query-input\":{\"@type\":\"PropertyValueSpecification\",\"valueRequired\":true,\"valueName\":\"search_term_string\"}}],\"inLanguage\":\"lv-LV\"},{\"@type\":\"Organization\",\"@id\":\"https:\\\/\\\/tiekejai.eu\\\/#organization\",\"name\":\"Tiekejai.eu | Preki\u0173 tiek\u0117j\u0173 ir gamintoj\u0173 paie\u0161ka\",\"url\":\"https:\\\/\\\/tiekejai.eu\\\/\",\"logo\":{\"@type\":\"ImageObject\",\"inLanguage\":\"lv-LV\",\"@id\":\"https:\\\/\\\/tiekejai.eu\\\/#\\\/schema\\\/logo\\\/image\\\/\",\"url\":\"http:\\\/\\\/tiekejai.eu\\\/wp-content\\\/uploads\\\/2021\\\/03\\\/cropped-cropped-Logo-transparent-backround-1.png\",\"contentUrl\":\"http:\\\/\\\/tiekejai.eu\\\/wp-content\\\/uploads\\\/2021\\\/03\\\/cropped-cropped-Logo-transparent-backround-1.png\",\"width\":65,\"height\":67,\"caption\":\"Tiekejai.eu | Preki\u0173 tiek\u0117j\u0173 ir gamintoj\u0173 paie\u0161ka\"},\"image\":{\"@id\":\"https:\\\/\\\/tiekejai.eu\\\/#\\\/schema\\\/logo\\\/image\\\/\"},\"sameAs\":[\"https:\\\/\\\/www.facebook.com\\\/tiekejai.eu\"]}]}<\/script>\n<!-- \/ Yoast SEO Premium plugin. -->","yoast_head_json":{"title":"\ud83d\udd0d 1,000+ m\u0101ksl\u012bg\u0101 intelekta r\u012bku saraksts | M\u0101ksl\u012bg\u0101 intelekta risin\u0101jumi","description":"Atkl\u0101jiet vair\u0101k nek\u0101 1000 modern\u0101ko m\u0101ksl\u012bg\u0101 intelekta r\u012bku vienuviet! \u010catboti, satura veido\u0161ana, automatiz\u0101cija, datu anal\u012bze - viss, kas jums nepiecie\u0161ams.","robots":{"index":"index","follow":"follow","max-snippet":"max-snippet:-1","max-image-preview":"max-image-preview:large","max-video-preview":"max-video-preview:-1"},"canonical":"https:\/\/tiekejai.eu\/lv\/piegadataju-saraksti\/riku-saraksts\/","og_locale":"lv_LV","og_type":"article","og_title":"1,000+ AI \u012eranki\u0173 S\u0105ra\u0161as \u2013 Geriausi dirbtinio intelekto sprendimai","og_description":"Atraskite daugiau nei 1,000 pa\u017eangiausi\u0173 AI \u012franki\u0173 vienoje vietoje! Chatbot'ai, turinio k\u016brimas, automatizavimas, duomen\u0173 analiz\u0117 \u2013 viskas, ko reikia","og_url":"https:\/\/tiekejai.eu\/lv\/piegadataju-saraksti\/riku-saraksts\/","og_site_name":"Tiekejai.eu","article_publisher":"https:\/\/www.facebook.com\/tiekejai.eu","article_modified_time":"2025-03-27T20:57:52+00:00","og_image":[{"width":1024,"height":1024,"url":"https:\/\/tiekejai.eu\/wp-content\/uploads\/2025\/03\/ai_irankiu_sarasas.png","type":"image\/png"}],"twitter_card":"summary_large_image","twitter_misc":{"Est. reading time":"2 min\u016btes"},"schema":{"@context":"https:\/\/schema.org","@graph":[{"@type":"WebPage","@id":"https:\/\/tiekejai.eu\/tiekeju-sarasai\/ai-irankiu-sarasas\/","url":"https:\/\/tiekejai.eu\/tiekeju-sarasai\/ai-irankiu-sarasas\/","name":"\ud83d\udd0d 1,000+ m\u0101ksl\u012bg\u0101 intelekta r\u012bku saraksts | M\u0101ksl\u012bg\u0101 intelekta risin\u0101jumi","isPartOf":{"@id":"https:\/\/tiekejai.eu\/#website"},"primaryImageOfPage":{"@id":"https:\/\/tiekejai.eu\/tiekeju-sarasai\/ai-irankiu-sarasas\/#primaryimage"},"image":{"@id":"https:\/\/tiekejai.eu\/tiekeju-sarasai\/ai-irankiu-sarasas\/#primaryimage"},"thumbnailUrl":"https:\/\/tiekejai.eu\/wp-content\/uploads\/2025\/03\/ai_irankiu_sarasas.png","datePublished":"2025-03-27T20:40:45+00:00","dateModified":"2025-03-27T20:57:52+00:00","description":"Atkl\u0101jiet vair\u0101k nek\u0101 1000 modern\u0101ko m\u0101ksl\u012bg\u0101 intelekta r\u012bku vienuviet! \u010catboti, satura veido\u0161ana, automatiz\u0101cija, datu anal\u012bze - viss, kas jums nepiecie\u0161ams.","breadcrumb":{"@id":"https:\/\/tiekejai.eu\/tiekeju-sarasai\/ai-irankiu-sarasas\/#breadcrumb"},"inLanguage":"lv-LV","potentialAction":[{"@type":"ReadAction","target":["https:\/\/tiekejai.eu\/tiekeju-sarasai\/ai-irankiu-sarasas\/"]}]},{"@type":"ImageObject","inLanguage":"lv-LV","@id":"https:\/\/tiekejai.eu\/tiekeju-sarasai\/ai-irankiu-sarasas\/#primaryimage","url":"https:\/\/tiekejai.eu\/wp-content\/uploads\/2025\/03\/ai_irankiu_sarasas.png","contentUrl":"https:\/\/tiekejai.eu\/wp-content\/uploads\/2025\/03\/ai_irankiu_sarasas.png","width":1024,"height":1024},{"@type":"BreadcrumbList","@id":"https:\/\/tiekejai.eu\/tiekeju-sarasai\/ai-irankiu-sarasas\/#breadcrumb","itemListElement":[{"@type":"ListItem","position":1,"name":"Home","item":"https:\/\/tiekejai.eu\/"},{"@type":"ListItem","position":2,"name":"Tiek\u0117j\u0173 s\u0105ra\u0161ai","item":"https:\/\/tiekejai.eu\/tiekeju-sarasai\/"},{"@type":"ListItem","position":3,"name":"1,000+ AI \u012eranki\u0173 S\u0105ra\u0161as \u2013 Geriausi dirbtinio intelekto sprendimai"}]},{"@type":"WebSite","@id":"https:\/\/tiekejai.eu\/#website","url":"https:\/\/tiekejai.eu\/","name":"Tiekejai.eu","description":"","publisher":{"@id":"https:\/\/tiekejai.eu\/#organization"},"potentialAction":[{"@type":"SearchAction","target":{"@type":"EntryPoint","urlTemplate":"https:\/\/tiekejai.eu\/?s={search_term_string}"},"query-input":{"@type":"PropertyValueSpecification","valueRequired":true,"valueName":"search_term_string"}}],"inLanguage":"lv-LV"},{"@type":"Organization","@id":"https:\/\/tiekejai.eu\/#organization","name":"tiekejai.eu | Pre\u010du pieg\u0101d\u0101t\u0101ju un ra\u017eot\u0101ju mekl\u0113\u0161ana","url":"https:\/\/tiekejai.eu\/","logo":{"@type":"ImageObject","inLanguage":"lv-LV","@id":"https:\/\/tiekejai.eu\/#\/schema\/logo\/image\/","url":"http:\/\/tiekejai.eu\/wp-content\/uploads\/2021\/03\/cropped-cropped-Logo-transparent-backround-1.png","contentUrl":"http:\/\/tiekejai.eu\/wp-content\/uploads\/2021\/03\/cropped-cropped-Logo-transparent-backround-1.png","width":65,"height":67,"caption":"Tiekejai.eu | Preki\u0173 tiek\u0117j\u0173 ir gamintoj\u0173 paie\u0161ka"},"image":{"@id":"https:\/\/tiekejai.eu\/#\/schema\/logo\/image\/"},"sameAs":["https:\/\/www.facebook.com\/tiekejai.eu"]}]}},"_links":{"self":[{"href":"https:\/\/tiekejai.eu\/lv\/wp-json\/wp\/v2\/product\/2199","targetHints":{"allow":["GET"]}}],"collection":[{"href":"https:\/\/tiekejai.eu\/lv\/wp-json\/wp\/v2\/product"}],"about":[{"href":"https:\/\/tiekejai.eu\/lv\/wp-json\/wp\/v2\/types\/product"}],"version-history":[{"count":1,"href":"https:\/\/tiekejai.eu\/lv\/wp-json\/wp\/v2\/product\/2199\/revisions"}],"predecessor-version":[{"id":2202,"href":"https:\/\/tiekejai.eu\/lv\/wp-json\/wp\/v2\/product\/2199\/revisions\/2202"}],"wp:featuredmedia":[{"embeddable":true,"href":"https:\/\/tiekejai.eu\/lv\/wp-json\/wp\/v2\/media\/2201"}],"wp:attachment":[{"href":"https:\/\/tiekejai.eu\/lv\/wp-json\/wp\/v2\/media?parent=2199"}],"wp:term":[{"taxonomy":"product_brand","embeddable":true,"href":"https:\/\/tiekejai.eu\/lv\/wp-json\/wp\/v2\/product_brand?post=2199"},{"taxonomy":"product_cat","embeddable":true,"href":"https:\/\/tiekejai.eu\/lv\/wp-json\/wp\/v2\/product_cat?post=2199"},{"taxonomy":"product_tag","embeddable":true,"href":"https:\/\/tiekejai.eu\/lv\/wp-json\/wp\/v2\/product_tag?post=2199"}],"curies":[{"name":"wp","href":"https:\/\/api.w.org\/{rel}","templated":true}]}}