{"id":1943,"date":"2024-04-08T21:06:30","date_gmt":"2024-04-08T23:06:30","guid":{"rendered":"https:\/\/tiekejai.eu\/?post_type=product&#038;p=1943"},"modified":"2024-04-08T21:26:39","modified_gmt":"2024-04-08T23:26:39","slug":"2500-skolotaju-ar-apmacitiem-vai-asistentiem-saraksts","status":"publish","type":"product","link":"https:\/\/tiekejai.eu\/lv\/piegadataju-saraksti\/2500-skolotaju-ar-apmacitiem-vai-asistentiem-saraksts\/","title":{"rendered":"To pieg\u0101d\u0101t\u0101ju saraksts, kuriem ir apm\u0101c\u012bts AI asistents"},"content":{"rendered":"<p style=\"text-align: left;\" class=\"translation-block\"><strong>Izm\u0113\u0123iniet m\u016bsu ekskluz\u012bvo pied\u0101v\u0101jumu<\/strong>: jaud\u012bgu un apm\u0101c\u012btu <strong>ChatGPT<\/strong> asistentu, kas izmanto m\u016bsu uz\u0146\u0113muma datus un pla\u0161u <strong>2500+ pieg\u0101d\u0101t\u0101ju sarakstu<\/strong>.  M\u016bsu <strong>dropship pieg\u0101d\u0101t\u0101ju saraksts<\/strong> atv\u0113rs durvis uz vair\u0101k nek\u0101 2500 pieg\u0101d\u0101t\u0101jiem no da\u017e\u0101d\u0101m valst\u012bm, tostarp Lietuvas, Latvijas, Ukrainas, Polijas, V\u0101cijas, Turcijas, ASV, It\u0101lijas un cit\u0101m, j\u016bs varat viegli atrast pareizo partneri, filtr\u0113jot pieg\u0101d\u0101t\u0101jus pieg\u0101d\u0101t\u0101ju sarakst\u0101 vai izm\u0113\u0123inot <strong>DI asistentu<\/strong>. M\u016bsu platforma nodro\u0161ina neierobe\u017eotu piek\u013cuvi, lai izmantotu m\u016bsu asistentu, ir nepiecie\u0161ams tikai ChatGPT 4 abonements.<\/p>\n<p style=\"text-align: left;\" class=\"translation-block\">Uz\u0146\u0113m\u0113jdarb\u012bbas uzs\u0101k\u0161ana var b\u016bt diezgan sare\u017e\u0123\u012bts uzdevums, ta\u010du, izmantojot pareizos r\u012bkus, varat dro\u0161i spert pirmos so\u013cus. M\u0113s saprotam, ka uzticamu pieg\u0101d\u0101t\u0101ju vai partneru atra\u0161ana ir viens no liel\u0101kajiem jauno uz\u0146\u0113m\u0113ju izaicin\u0101jumiem. T\u0101p\u0113c esam izstr\u0101d\u0101ju\u0161i ekskluz\u012bvu risin\u0101jumu, lai atvieglotu \u0161o uzdevumu.<\/p>\n<p style=\"text-align: left;\" class=\"translation-block\">M\u016bsu <strong>2500 pieg\u0101d\u0101t\u0101ju saraksts<\/strong> ir paredz\u0113ts gan jaunajiem, gan pieredz\u0113ju\u0161ajiem uz\u0146\u0113m\u0113jiem, kas v\u0113las papla\u0161in\u0101t vai s\u0101kt savu uz\u0146\u0113m\u0113jdarb\u012bbu. J\u016bs atrad\u012bsiet pieg\u0101d\u0101t\u0101jus no da\u017e\u0101d\u0101m valst\u012bm, tostarp Lietuvas, Latvijas, Ukrainas, Polijas, V\u0101cijas, Turcijas, ASV, It\u0101lijas un cit\u0101m, kas pied\u0101v\u0101 pla\u0161u produktu kl\u0101stu. No ap\u0123\u0113rba un elektronikas l\u012bdz m\u0101jsaimniec\u012bbas prec\u0113m un d\u0101rzkop\u012bbas piederumiem - j\u016bs atrad\u012bsiet visu nepiecie\u0161amo, lai j\u016bsu bizness b\u016btu veiksm\u012bgs.<\/p>\n<p style=\"text-align: left;\" class=\"translation-block\">M\u016bsu <strong>ChatGPT Assistant<\/strong> ir v\u0113l viens r\u012bks j\u016bsu arsen\u0101l\u0101. Tas izmanto modernu m\u0101ksl\u012bg\u0101 intelekta tehnolo\u0123iju, lai sniegtu jums personaliz\u0113tus ieteikumus un padomus, k\u0101 atrast ide\u0101lo pieg\u0101d\u0101t\u0101ju j\u016bsu uz\u0146\u0113muma vajadz\u012bb\u0101m. Izmantojot asistentu, varat uzdot jaut\u0101jumus, mekl\u0113t pieg\u0101d\u0101t\u0101jus p\u0113c kategorijas vai pat \u0123eogr\u0101fisk\u0101s atra\u0161an\u0101s vietas, ietaupot laiku un resursus.<\/p>\n<p style=\"text-align: left;\" class=\"translation-block\">\u0160\u0101da kombin\u0101cija, kur\u0101 ir papla\u0161in\u0101ts <strong>pieg\u0101d\u0101t\u0101ju saraksts<\/strong> un person\u012bgais <strong>AI asistents<\/strong>, ir ide\u0101ls pamats veiksm\u012bgai darb\u012bbas uzs\u0101k\u0161anai. Tas ne tikai sniedz jums nepiecie\u0161amos r\u012bkus un inform\u0101ciju, bet ar\u012b samazina uz\u0146\u0113m\u0113jdarb\u012bbas uzs\u0101k\u0161anas risku, pal\u012bdzot efekt\u012bvi un gudri pl\u0101not pirkumus.<\/p>\n<p style=\"text-align: left;\">Ne\u013caujiet, lai uz\u0146\u0113m\u0113jdarb\u012bbas uzs\u0101k\u0161anas probl\u0113mas trauc\u0113 j\u016bsu biznesa sap\u0146iem. Ar m\u016bsu pieg\u0101d\u0101t\u0101ju sarakstu un ChatGPT pal\u012bgu jums ir viss nepiecie\u0161amais, lai dro\u0161i uzs\u0101ktu uz\u0146\u0113m\u0113jdarb\u012bbu un spertu pirmos so\u013cus pret\u012b pan\u0101kumiem.<\/p>\n<p class=\"translation-block\"><strong>Demesio! Lai izmantotu person\u012bgo asistentu, ko apm\u0101c\u012bja pieg\u0101d\u0101t\u0101ji.eu, jums ir nepiecie\u0161ams <a href=\"https:\/\/openai.com\" target=\"_self\">atv\u0113rt a<\/a><a href=\"https:\/\/openai.com\" target=\"_self\">i<\/a> plus abonements!<\/strong><\/p>","protected":false},"excerpt":{"rendered":"<p style=\"text-align: left;\"><strong>Sap\u0146ojat k\u013c\u016bt par uz\u0146\u0113m\u0113ju? M\u0113s pal\u012bdz\u0113sim jums to \u012bstenot. Atkl\u0101jiet m\u016bsu unik\u0101lo pied\u0101v\u0101jumu jaunajiem uz\u0146\u0113m\u0113jiem: pla\u0161u vair\u0101k nek\u0101 2500 pieg\u0101d\u0101t\u0101ju sarakstu un intuit\u012bvo ChatGPT pal\u012bgu. M\u016bsu pieg\u0101d\u0101t\u0101ju saraksts paver durvis uz pla\u0161u pieg\u0101d\u0101t\u0101ju kl\u0101stu no visas pasaules, savuk\u0101rt m\u016bsu ChatGPT asistents sniedz jums piek\u013cuvi padomiem un ieteikumiem, lai pal\u012bdz\u0113tu atrast j\u016bsu biznesam piem\u0113rotu pieg\u0101d\u0101t\u0101ju. \u0160is ir ide\u0101ls risin\u0101jums tiem, kas sper pirmos so\u013cus uz\u0146\u0113m\u0113jdarb\u012bbas pasaul\u0113 un mekl\u0113 uzticamus partnerus.<\/strong><\/p>","protected":false},"featured_media":1944,"template":"","meta":{"_eb_attr":""},"product_brand":[],"product_cat":[46],"product_tag":[],"class_list":{"0":"post-1943","1":"product","2":"type-product","3":"status-publish","4":"has-post-thumbnail","6":"product_cat-tiekeju-sarasai","8":"first","9":"instock","10":"sale","11":"downloadable","12":"virtual","13":"purchasable","14":"product-type-simple"},"yoast_head":"<!-- This site is optimized with the Yoast SEO Premium plugin v23.6 (Yoast SEO v27.3) - https:\/\/yoast.com\/product\/yoast-seo-premium-wordpress\/ -->\n<title>Tiek\u0117j\u0173 S\u0105ra\u0161as su apmokytu DI Asistentu - Tiekejai.eu<\/title>\n<meta name=\"description\" content=\"Atraskite tinkam\u0105 Tiek\u0117j\u0105 su M\u016bs\u0173 apmokytu ChatGPT asistentu dar lengviau nei anks\u010diau, arba nagrin\u0117jant tiek\u0117j\u0173 s\u0105ra\u0161us kuriuose vir\u0161 2500 tiek\u0117j\u0173\" \/>\n<meta name=\"robots\" content=\"index, follow, max-snippet:-1, max-image-preview:large, max-video-preview:-1\" \/>\n<link rel=\"canonical\" href=\"https:\/\/tiekejai.eu\/lv\/piegadataju-saraksti\/2500-skolotaju-ar-apmacitiem-vai-asistentiem-saraksts\/\" \/>\n<meta property=\"og:locale\" content=\"lv_LV\" \/>\n<meta property=\"og:type\" content=\"article\" \/>\n<meta property=\"og:title\" content=\"Tiek\u0117j\u0173 S\u0105ra\u0161as su apmokytu DI Asistentu\" \/>\n<meta property=\"og:description\" content=\"Atraskite tinkam\u0105 Tiek\u0117j\u0105 su M\u016bs\u0173 apmokytu ChatGPT asistentu dar lengviau nei anks\u010diau, arba nagrin\u0117jant tiek\u0117j\u0173 s\u0105ra\u0161us kuriuose vir\u0161 2500 tiek\u0117j\u0173\" \/>\n<meta property=\"og:url\" content=\"https:\/\/tiekejai.eu\/lv\/piegadataju-saraksti\/2500-skolotaju-ar-apmacitiem-vai-asistentiem-saraksts\/\" \/>\n<meta property=\"og:site_name\" content=\"Tiekejai.eu\" \/>\n<meta property=\"article:publisher\" content=\"https:\/\/www.facebook.com\/tiekejai.eu\" \/>\n<meta property=\"article:modified_time\" content=\"2024-04-08T23:26:39+00:00\" \/>\n<meta property=\"og:image\" content=\"https:\/\/tiekejai.eu\/wp-content\/uploads\/2024\/04\/2500_Tiekeju_Sarasas_apmokytas_DI_Asistentas.png\" \/>\n\t<meta property=\"og:image:width\" content=\"1024\" \/>\n\t<meta property=\"og:image:height\" content=\"1024\" \/>\n\t<meta property=\"og:image:type\" content=\"image\/png\" \/>\n<meta name=\"twitter:card\" content=\"summary_large_image\" \/>\n<meta name=\"twitter:label1\" content=\"Est. reading time\" \/>\n\t<meta name=\"twitter:data1\" content=\"2 min\u016btes\" \/>\n<script type=\"application\/ld+json\" class=\"yoast-schema-graph\">{\"@context\":\"https:\\\/\\\/schema.org\",\"@graph\":[{\"@type\":\"WebPage\",\"@id\":\"https:\\\/\\\/tiekejai.eu\\\/tiekeju-sarasai\\\/tiekeju-sarasas-su-apmokytu-di-asistentu\\\/\",\"url\":\"https:\\\/\\\/tiekejai.eu\\\/tiekeju-sarasai\\\/tiekeju-sarasas-su-apmokytu-di-asistentu\\\/\",\"name\":\"Tiek\u0117j\u0173 S\u0105ra\u0161as su apmokytu DI Asistentu - Tiekejai.eu\",\"isPartOf\":{\"@id\":\"https:\\\/\\\/tiekejai.eu\\\/#website\"},\"primaryImageOfPage\":{\"@id\":\"https:\\\/\\\/tiekejai.eu\\\/tiekeju-sarasai\\\/tiekeju-sarasas-su-apmokytu-di-asistentu\\\/#primaryimage\"},\"image\":{\"@id\":\"https:\\\/\\\/tiekejai.eu\\\/tiekeju-sarasai\\\/tiekeju-sarasas-su-apmokytu-di-asistentu\\\/#primaryimage\"},\"thumbnailUrl\":\"https:\\\/\\\/tiekejai.eu\\\/wp-content\\\/uploads\\\/2024\\\/04\\\/2500_Tiekeju_Sarasas_apmokytas_DI_Asistentas.png\",\"datePublished\":\"2024-04-08T23:06:30+00:00\",\"dateModified\":\"2024-04-08T23:26:39+00:00\",\"description\":\"Atraskite tinkam\u0105 Tiek\u0117j\u0105 su M\u016bs\u0173 apmokytu ChatGPT asistentu dar lengviau nei anks\u010diau, arba nagrin\u0117jant tiek\u0117j\u0173 s\u0105ra\u0161us kuriuose vir\u0161 2500 tiek\u0117j\u0173\",\"breadcrumb\":{\"@id\":\"https:\\\/\\\/tiekejai.eu\\\/tiekeju-sarasai\\\/tiekeju-sarasas-su-apmokytu-di-asistentu\\\/#breadcrumb\"},\"inLanguage\":\"lv-LV\",\"potentialAction\":[{\"@type\":\"ReadAction\",\"target\":[\"https:\\\/\\\/tiekejai.eu\\\/tiekeju-sarasai\\\/tiekeju-sarasas-su-apmokytu-di-asistentu\\\/\"]}]},{\"@type\":\"ImageObject\",\"inLanguage\":\"lv-LV\",\"@id\":\"https:\\\/\\\/tiekejai.eu\\\/tiekeju-sarasai\\\/tiekeju-sarasas-su-apmokytu-di-asistentu\\\/#primaryimage\",\"url\":\"https:\\\/\\\/tiekejai.eu\\\/wp-content\\\/uploads\\\/2024\\\/04\\\/2500_Tiekeju_Sarasas_apmokytas_DI_Asistentas.png\",\"contentUrl\":\"https:\\\/\\\/tiekejai.eu\\\/wp-content\\\/uploads\\\/2024\\\/04\\\/2500_Tiekeju_Sarasas_apmokytas_DI_Asistentas.png\",\"width\":1024,\"height\":1024,\"caption\":\"Tyrin\u0117k tiek\u0117j\u0173 s\u0105ra\u0161\u0105 ir klausk asmeninio asistento pagalbos!\"},{\"@type\":\"BreadcrumbList\",\"@id\":\"https:\\\/\\\/tiekejai.eu\\\/tiekeju-sarasai\\\/tiekeju-sarasas-su-apmokytu-di-asistentu\\\/#breadcrumb\",\"itemListElement\":[{\"@type\":\"ListItem\",\"position\":1,\"name\":\"Home\",\"item\":\"https:\\\/\\\/tiekejai.eu\\\/\"},{\"@type\":\"ListItem\",\"position\":2,\"name\":\"Tiek\u0117j\u0173 s\u0105ra\u0161ai\",\"item\":\"https:\\\/\\\/tiekejai.eu\\\/tiekeju-sarasai\\\/\"},{\"@type\":\"ListItem\",\"position\":3,\"name\":\"Tiek\u0117j\u0173 S\u0105ra\u0161as su apmokytu DI Asistentu\"}]},{\"@type\":\"WebSite\",\"@id\":\"https:\\\/\\\/tiekejai.eu\\\/#website\",\"url\":\"https:\\\/\\\/tiekejai.eu\\\/\",\"name\":\"Tiekejai.eu\",\"description\":\"\",\"publisher\":{\"@id\":\"https:\\\/\\\/tiekejai.eu\\\/#organization\"},\"potentialAction\":[{\"@type\":\"SearchAction\",\"target\":{\"@type\":\"EntryPoint\",\"urlTemplate\":\"https:\\\/\\\/tiekejai.eu\\\/?s={search_term_string}\"},\"query-input\":{\"@type\":\"PropertyValueSpecification\",\"valueRequired\":true,\"valueName\":\"search_term_string\"}}],\"inLanguage\":\"lv-LV\"},{\"@type\":\"Organization\",\"@id\":\"https:\\\/\\\/tiekejai.eu\\\/#organization\",\"name\":\"Tiekejai.eu | Preki\u0173 tiek\u0117j\u0173 ir gamintoj\u0173 paie\u0161ka\",\"url\":\"https:\\\/\\\/tiekejai.eu\\\/\",\"logo\":{\"@type\":\"ImageObject\",\"inLanguage\":\"lv-LV\",\"@id\":\"https:\\\/\\\/tiekejai.eu\\\/#\\\/schema\\\/logo\\\/image\\\/\",\"url\":\"http:\\\/\\\/tiekejai.eu\\\/wp-content\\\/uploads\\\/2021\\\/03\\\/cropped-cropped-Logo-transparent-backround-1.png\",\"contentUrl\":\"http:\\\/\\\/tiekejai.eu\\\/wp-content\\\/uploads\\\/2021\\\/03\\\/cropped-cropped-Logo-transparent-backround-1.png\",\"width\":65,\"height\":67,\"caption\":\"Tiekejai.eu | Preki\u0173 tiek\u0117j\u0173 ir gamintoj\u0173 paie\u0161ka\"},\"image\":{\"@id\":\"https:\\\/\\\/tiekejai.eu\\\/#\\\/schema\\\/logo\\\/image\\\/\"},\"sameAs\":[\"https:\\\/\\\/www.facebook.com\\\/tiekejai.eu\"]}]}<\/script>\n<!-- \/ Yoast SEO Premium plugin. -->","yoast_head_json":{"title":"Pieg\u0101d\u0101t\u0101ju saraksts ar apm\u0101c\u012btu DI asistentu - Tiekejai.eu","description":"Atrodiet pareizo pieg\u0101d\u0101t\u0101ju, izmantojot m\u016bsu apm\u0101c\u012bto ChatGPT asistentu, v\u0113l viegl\u0101k nek\u0101 iepriek\u0161 vai izp\u0113tot vair\u0101k nek\u0101 2500 pieg\u0101d\u0101t\u0101ju sarakstus.","robots":{"index":"index","follow":"follow","max-snippet":"max-snippet:-1","max-image-preview":"max-image-preview:large","max-video-preview":"max-video-preview:-1"},"canonical":"https:\/\/tiekejai.eu\/lv\/piegadataju-saraksti\/2500-skolotaju-ar-apmacitiem-vai-asistentiem-saraksts\/","og_locale":"lv_LV","og_type":"article","og_title":"Tiek\u0117j\u0173 S\u0105ra\u0161as su apmokytu DI Asistentu","og_description":"Atraskite tinkam\u0105 Tiek\u0117j\u0105 su M\u016bs\u0173 apmokytu ChatGPT asistentu dar lengviau nei anks\u010diau, arba nagrin\u0117jant tiek\u0117j\u0173 s\u0105ra\u0161us kuriuose vir\u0161 2500 tiek\u0117j\u0173","og_url":"https:\/\/tiekejai.eu\/lv\/piegadataju-saraksti\/2500-skolotaju-ar-apmacitiem-vai-asistentiem-saraksts\/","og_site_name":"Tiekejai.eu","article_publisher":"https:\/\/www.facebook.com\/tiekejai.eu","article_modified_time":"2024-04-08T23:26:39+00:00","og_image":[{"width":1024,"height":1024,"url":"https:\/\/tiekejai.eu\/wp-content\/uploads\/2024\/04\/2500_Tiekeju_Sarasas_apmokytas_DI_Asistentas.png","type":"image\/png"}],"twitter_card":"summary_large_image","twitter_misc":{"Est. reading time":"2 min\u016btes"},"schema":{"@context":"https:\/\/schema.org","@graph":[{"@type":"WebPage","@id":"https:\/\/tiekejai.eu\/tiekeju-sarasai\/tiekeju-sarasas-su-apmokytu-di-asistentu\/","url":"https:\/\/tiekejai.eu\/tiekeju-sarasai\/tiekeju-sarasas-su-apmokytu-di-asistentu\/","name":"Pieg\u0101d\u0101t\u0101ju saraksts ar apm\u0101c\u012btu DI asistentu - Tiekejai.eu","isPartOf":{"@id":"https:\/\/tiekejai.eu\/#website"},"primaryImageOfPage":{"@id":"https:\/\/tiekejai.eu\/tiekeju-sarasai\/tiekeju-sarasas-su-apmokytu-di-asistentu\/#primaryimage"},"image":{"@id":"https:\/\/tiekejai.eu\/tiekeju-sarasai\/tiekeju-sarasas-su-apmokytu-di-asistentu\/#primaryimage"},"thumbnailUrl":"https:\/\/tiekejai.eu\/wp-content\/uploads\/2024\/04\/2500_Tiekeju_Sarasas_apmokytas_DI_Asistentas.png","datePublished":"2024-04-08T23:06:30+00:00","dateModified":"2024-04-08T23:26:39+00:00","description":"Atrodiet pareizo pieg\u0101d\u0101t\u0101ju, izmantojot m\u016bsu apm\u0101c\u012bto ChatGPT asistentu, v\u0113l viegl\u0101k nek\u0101 iepriek\u0161 vai izp\u0113tot vair\u0101k nek\u0101 2500 pieg\u0101d\u0101t\u0101ju sarakstus.","breadcrumb":{"@id":"https:\/\/tiekejai.eu\/tiekeju-sarasai\/tiekeju-sarasas-su-apmokytu-di-asistentu\/#breadcrumb"},"inLanguage":"lv-LV","potentialAction":[{"@type":"ReadAction","target":["https:\/\/tiekejai.eu\/tiekeju-sarasai\/tiekeju-sarasas-su-apmokytu-di-asistentu\/"]}]},{"@type":"ImageObject","inLanguage":"lv-LV","@id":"https:\/\/tiekejai.eu\/tiekeju-sarasai\/tiekeju-sarasas-su-apmokytu-di-asistentu\/#primaryimage","url":"https:\/\/tiekejai.eu\/wp-content\/uploads\/2024\/04\/2500_Tiekeju_Sarasas_apmokytas_DI_Asistentas.png","contentUrl":"https:\/\/tiekejai.eu\/wp-content\/uploads\/2024\/04\/2500_Tiekeju_Sarasas_apmokytas_DI_Asistentas.png","width":1024,"height":1024,"caption":"Tyrin\u0117k tiek\u0117j\u0173 s\u0105ra\u0161\u0105 ir klausk asmeninio asistento pagalbos!"},{"@type":"BreadcrumbList","@id":"https:\/\/tiekejai.eu\/tiekeju-sarasai\/tiekeju-sarasas-su-apmokytu-di-asistentu\/#breadcrumb","itemListElement":[{"@type":"ListItem","position":1,"name":"Home","item":"https:\/\/tiekejai.eu\/"},{"@type":"ListItem","position":2,"name":"Tiek\u0117j\u0173 s\u0105ra\u0161ai","item":"https:\/\/tiekejai.eu\/tiekeju-sarasai\/"},{"@type":"ListItem","position":3,"name":"Tiek\u0117j\u0173 S\u0105ra\u0161as su apmokytu DI Asistentu"}]},{"@type":"WebSite","@id":"https:\/\/tiekejai.eu\/#website","url":"https:\/\/tiekejai.eu\/","name":"Tiekejai.eu","description":"","publisher":{"@id":"https:\/\/tiekejai.eu\/#organization"},"potentialAction":[{"@type":"SearchAction","target":{"@type":"EntryPoint","urlTemplate":"https:\/\/tiekejai.eu\/?s={search_term_string}"},"query-input":{"@type":"PropertyValueSpecification","valueRequired":true,"valueName":"search_term_string"}}],"inLanguage":"lv-LV"},{"@type":"Organization","@id":"https:\/\/tiekejai.eu\/#organization","name":"tiekejai.eu | Pre\u010du pieg\u0101d\u0101t\u0101ju un ra\u017eot\u0101ju mekl\u0113\u0161ana","url":"https:\/\/tiekejai.eu\/","logo":{"@type":"ImageObject","inLanguage":"lv-LV","@id":"https:\/\/tiekejai.eu\/#\/schema\/logo\/image\/","url":"http:\/\/tiekejai.eu\/wp-content\/uploads\/2021\/03\/cropped-cropped-Logo-transparent-backround-1.png","contentUrl":"http:\/\/tiekejai.eu\/wp-content\/uploads\/2021\/03\/cropped-cropped-Logo-transparent-backround-1.png","width":65,"height":67,"caption":"Tiekejai.eu | Preki\u0173 tiek\u0117j\u0173 ir gamintoj\u0173 paie\u0161ka"},"image":{"@id":"https:\/\/tiekejai.eu\/#\/schema\/logo\/image\/"},"sameAs":["https:\/\/www.facebook.com\/tiekejai.eu"]}]}},"_links":{"self":[{"href":"https:\/\/tiekejai.eu\/lv\/wp-json\/wp\/v2\/product\/1943","targetHints":{"allow":["GET"]}}],"collection":[{"href":"https:\/\/tiekejai.eu\/lv\/wp-json\/wp\/v2\/product"}],"about":[{"href":"https:\/\/tiekejai.eu\/lv\/wp-json\/wp\/v2\/types\/product"}],"version-history":[{"count":2,"href":"https:\/\/tiekejai.eu\/lv\/wp-json\/wp\/v2\/product\/1943\/revisions"}],"predecessor-version":[{"id":1951,"href":"https:\/\/tiekejai.eu\/lv\/wp-json\/wp\/v2\/product\/1943\/revisions\/1951"}],"wp:featuredmedia":[{"embeddable":true,"href":"https:\/\/tiekejai.eu\/lv\/wp-json\/wp\/v2\/media\/1944"}],"wp:attachment":[{"href":"https:\/\/tiekejai.eu\/lv\/wp-json\/wp\/v2\/media?parent=1943"}],"wp:term":[{"taxonomy":"product_brand","embeddable":true,"href":"https:\/\/tiekejai.eu\/lv\/wp-json\/wp\/v2\/product_brand?post=1943"},{"taxonomy":"product_cat","embeddable":true,"href":"https:\/\/tiekejai.eu\/lv\/wp-json\/wp\/v2\/product_cat?post=1943"},{"taxonomy":"product_tag","embeddable":true,"href":"https:\/\/tiekejai.eu\/lv\/wp-json\/wp\/v2\/product_tag?post=1943"}],"curies":[{"name":"wp","href":"https:\/\/api.w.org\/{rel}","templated":true}]}}