{"id":1480,"date":"2023-07-08T17:49:14","date_gmt":"2023-07-08T19:49:14","guid":{"rendered":"https:\/\/tiekejai.eu\/?post_type=product&#038;p=1480"},"modified":"2023-09-18T19:24:04","modified_gmt":"2023-09-18T21:24:04","slug":"elektronikas-piegadataji","status":"publish","type":"product","link":"https:\/\/tiekejai.eu\/lv\/piegadataju-saraksti\/elektronikas-piegadataji\/","title":{"rendered":"Elektronikas pieg\u0101d\u0101t\u0101ji"},"content":{"rendered":"","protected":false},"excerpt":{"rendered":"<p>Ievie\u0161 vispla\u0161\u0101ko <strong>elektronisko pre\u010du pieg\u0101d\u0101t\u0101ju saraksts<\/strong> l\u012bdz 190 pieg\u0101d\u0101t\u0101jiem ar filtr\u0113\u0161anas funkciju. Pieg\u0101d\u0101t\u0101ji ir atlas\u012bti no Lietuvas, Polijas, V\u0101cijas, Ung\u0101rijas, Austr\u0101lijas, \u010cehijas, Zviedrijas, ASV, Apvienot\u0101s Karalistes un cit\u0101m pasaules un Eiropas valst\u012bm. Kop\u0101 ar pieg\u0101d\u0101t\u0101ju sarakstu j\u016bs sa\u0146emsiet ar\u012b bezmaksas biznesa nodarb\u012bbas, lai s\u0101ktu savu uz\u0146\u0113m\u0113jdarb\u012bbu.<\/p>","protected":false},"featured_media":1484,"template":"","meta":{"_eb_attr":""},"product_brand":[],"product_cat":[46],"product_tag":[],"class_list":{"0":"post-1480","1":"product","2":"type-product","3":"status-publish","4":"has-post-thumbnail","6":"product_cat-tiekeju-sarasai","8":"first","9":"instock","10":"sale","11":"downloadable","12":"shipping-taxable","13":"purchasable","14":"product-type-simple"},"yoast_head":"<!-- This site is optimized with the Yoast SEO Premium plugin v23.6 (Yoast SEO v27.3) - https:\/\/yoast.com\/product\/yoast-seo-premium-wordpress\/ -->\n<title>Elektronikos Tiek\u0117jai - Tiekejai.eu<\/title>\n<meta name=\"description\" content=\"Pla\u010diausias elektronikos preki\u0173 tiek\u0117j\u0173 s\u0105ra\u0161as net su 190 tiek\u0117j\u0173 su filtravimo funkcija. Nemokamai pridedame verslo pamokas verslo prad\u017eiai\" \/>\n<meta name=\"robots\" content=\"index, follow, max-snippet:-1, max-image-preview:large, max-video-preview:-1\" \/>\n<link rel=\"canonical\" href=\"https:\/\/tiekejai.eu\/lv\/piegadataju-saraksti\/elektronikas-piegadataji\/\" \/>\n<meta property=\"og:locale\" content=\"lv_LV\" \/>\n<meta property=\"og:type\" content=\"article\" \/>\n<meta property=\"og:title\" content=\"Elektronikos Tiek\u0117jai\" \/>\n<meta property=\"og:description\" content=\"Pla\u010diausias elektronikos preki\u0173 tiek\u0117j\u0173 s\u0105ra\u0161as net su 190 tiek\u0117j\u0173 su filtravimo funkcija. Nemokamai pridedame verslo pamokas verslo prad\u017eiai\" \/>\n<meta property=\"og:url\" content=\"https:\/\/tiekejai.eu\/lv\/piegadataju-saraksti\/elektronikas-piegadataji\/\" \/>\n<meta property=\"og:site_name\" content=\"Tiekejai.eu\" \/>\n<meta property=\"article:publisher\" content=\"https:\/\/www.facebook.com\/tiekejai.eu\" \/>\n<meta property=\"article:modified_time\" content=\"2023-09-18T21:24:04+00:00\" \/>\n<meta property=\"og:image\" content=\"https:\/\/tiekejai.eu\/wp-content\/uploads\/2023\/07\/Elektronikos-tiekejai.png\" \/>\n\t<meta property=\"og:image:width\" content=\"1080\" \/>\n\t<meta property=\"og:image:height\" content=\"1080\" \/>\n\t<meta property=\"og:image:type\" content=\"image\/png\" \/>\n<meta name=\"twitter:card\" content=\"summary_large_image\" \/>\n<script type=\"application\/ld+json\" class=\"yoast-schema-graph\">{\"@context\":\"https:\\\/\\\/schema.org\",\"@graph\":[{\"@type\":\"WebPage\",\"@id\":\"https:\\\/\\\/tiekejai.eu\\\/tiekeju-sarasai\\\/elektronikos-tiekejai\\\/\",\"url\":\"https:\\\/\\\/tiekejai.eu\\\/tiekeju-sarasai\\\/elektronikos-tiekejai\\\/\",\"name\":\"Elektronikos Tiek\u0117jai - Tiekejai.eu\",\"isPartOf\":{\"@id\":\"https:\\\/\\\/tiekejai.eu\\\/#website\"},\"primaryImageOfPage\":{\"@id\":\"https:\\\/\\\/tiekejai.eu\\\/tiekeju-sarasai\\\/elektronikos-tiekejai\\\/#primaryimage\"},\"image\":{\"@id\":\"https:\\\/\\\/tiekejai.eu\\\/tiekeju-sarasai\\\/elektronikos-tiekejai\\\/#primaryimage\"},\"thumbnailUrl\":\"https:\\\/\\\/tiekejai.eu\\\/wp-content\\\/uploads\\\/2023\\\/07\\\/Elektronikos-tiekejai.png\",\"datePublished\":\"2023-07-08T19:49:14+00:00\",\"dateModified\":\"2023-09-18T21:24:04+00:00\",\"description\":\"Pla\u010diausias elektronikos preki\u0173 tiek\u0117j\u0173 s\u0105ra\u0161as net su 190 tiek\u0117j\u0173 su filtravimo funkcija. Nemokamai pridedame verslo pamokas verslo prad\u017eiai\",\"breadcrumb\":{\"@id\":\"https:\\\/\\\/tiekejai.eu\\\/tiekeju-sarasai\\\/elektronikos-tiekejai\\\/#breadcrumb\"},\"inLanguage\":\"lv-LV\",\"potentialAction\":[{\"@type\":\"ReadAction\",\"target\":[\"https:\\\/\\\/tiekejai.eu\\\/tiekeju-sarasai\\\/elektronikos-tiekejai\\\/\"]}]},{\"@type\":\"ImageObject\",\"inLanguage\":\"lv-LV\",\"@id\":\"https:\\\/\\\/tiekejai.eu\\\/tiekeju-sarasai\\\/elektronikos-tiekejai\\\/#primaryimage\",\"url\":\"https:\\\/\\\/tiekejai.eu\\\/wp-content\\\/uploads\\\/2023\\\/07\\\/Elektronikos-tiekejai.png\",\"contentUrl\":\"https:\\\/\\\/tiekejai.eu\\\/wp-content\\\/uploads\\\/2023\\\/07\\\/Elektronikos-tiekejai.png\",\"width\":1080,\"height\":1080},{\"@type\":\"BreadcrumbList\",\"@id\":\"https:\\\/\\\/tiekejai.eu\\\/tiekeju-sarasai\\\/elektronikos-tiekejai\\\/#breadcrumb\",\"itemListElement\":[{\"@type\":\"ListItem\",\"position\":1,\"name\":\"Home\",\"item\":\"https:\\\/\\\/tiekejai.eu\\\/\"},{\"@type\":\"ListItem\",\"position\":2,\"name\":\"Tiek\u0117j\u0173 s\u0105ra\u0161ai\",\"item\":\"https:\\\/\\\/tiekejai.eu\\\/tiekeju-sarasai\\\/\"},{\"@type\":\"ListItem\",\"position\":3,\"name\":\"Elektronikos Tiek\u0117jai\"}]},{\"@type\":\"WebSite\",\"@id\":\"https:\\\/\\\/tiekejai.eu\\\/#website\",\"url\":\"https:\\\/\\\/tiekejai.eu\\\/\",\"name\":\"Tiekejai.eu\",\"description\":\"\",\"publisher\":{\"@id\":\"https:\\\/\\\/tiekejai.eu\\\/#organization\"},\"potentialAction\":[{\"@type\":\"SearchAction\",\"target\":{\"@type\":\"EntryPoint\",\"urlTemplate\":\"https:\\\/\\\/tiekejai.eu\\\/?s={search_term_string}\"},\"query-input\":{\"@type\":\"PropertyValueSpecification\",\"valueRequired\":true,\"valueName\":\"search_term_string\"}}],\"inLanguage\":\"lv-LV\"},{\"@type\":\"Organization\",\"@id\":\"https:\\\/\\\/tiekejai.eu\\\/#organization\",\"name\":\"Tiekejai.eu | Preki\u0173 tiek\u0117j\u0173 ir gamintoj\u0173 paie\u0161ka\",\"url\":\"https:\\\/\\\/tiekejai.eu\\\/\",\"logo\":{\"@type\":\"ImageObject\",\"inLanguage\":\"lv-LV\",\"@id\":\"https:\\\/\\\/tiekejai.eu\\\/#\\\/schema\\\/logo\\\/image\\\/\",\"url\":\"http:\\\/\\\/tiekejai.eu\\\/wp-content\\\/uploads\\\/2021\\\/03\\\/cropped-cropped-Logo-transparent-backround-1.png\",\"contentUrl\":\"http:\\\/\\\/tiekejai.eu\\\/wp-content\\\/uploads\\\/2021\\\/03\\\/cropped-cropped-Logo-transparent-backround-1.png\",\"width\":65,\"height\":67,\"caption\":\"Tiekejai.eu | Preki\u0173 tiek\u0117j\u0173 ir gamintoj\u0173 paie\u0161ka\"},\"image\":{\"@id\":\"https:\\\/\\\/tiekejai.eu\\\/#\\\/schema\\\/logo\\\/image\\\/\"},\"sameAs\":[\"https:\\\/\\\/www.facebook.com\\\/tiekejai.eu\"]}]}<\/script>\n<!-- \/ Yoast SEO Premium plugin. -->","yoast_head_json":{"title":"Elektronikas pieg\u0101d\u0101t\u0101ji - Tiekejai.eu","description":"Vispiln\u012bg\u0101kais elektronikas pieg\u0101d\u0101t\u0101ju saraksts ar l\u012bdz pat 190 pieg\u0101d\u0101t\u0101jiem ar filtra funkciju. Bezmaksas biznesa nodarb\u012bbas, lai s\u0101ktu uz\u0146\u0113m\u0113jdarb\u012bbu","robots":{"index":"index","follow":"follow","max-snippet":"max-snippet:-1","max-image-preview":"max-image-preview:large","max-video-preview":"max-video-preview:-1"},"canonical":"https:\/\/tiekejai.eu\/lv\/piegadataju-saraksti\/elektronikas-piegadataji\/","og_locale":"lv_LV","og_type":"article","og_title":"Elektronikos Tiek\u0117jai","og_description":"Pla\u010diausias elektronikos preki\u0173 tiek\u0117j\u0173 s\u0105ra\u0161as net su 190 tiek\u0117j\u0173 su filtravimo funkcija. Nemokamai pridedame verslo pamokas verslo prad\u017eiai","og_url":"https:\/\/tiekejai.eu\/lv\/piegadataju-saraksti\/elektronikas-piegadataji\/","og_site_name":"Tiekejai.eu","article_publisher":"https:\/\/www.facebook.com\/tiekejai.eu","article_modified_time":"2023-09-18T21:24:04+00:00","og_image":[{"width":1080,"height":1080,"url":"https:\/\/tiekejai.eu\/wp-content\/uploads\/2023\/07\/Elektronikos-tiekejai.png","type":"image\/png"}],"twitter_card":"summary_large_image","schema":{"@context":"https:\/\/schema.org","@graph":[{"@type":"WebPage","@id":"https:\/\/tiekejai.eu\/tiekeju-sarasai\/elektronikos-tiekejai\/","url":"https:\/\/tiekejai.eu\/tiekeju-sarasai\/elektronikos-tiekejai\/","name":"Elektronikas pieg\u0101d\u0101t\u0101ji - Tiekejai.eu","isPartOf":{"@id":"https:\/\/tiekejai.eu\/#website"},"primaryImageOfPage":{"@id":"https:\/\/tiekejai.eu\/tiekeju-sarasai\/elektronikos-tiekejai\/#primaryimage"},"image":{"@id":"https:\/\/tiekejai.eu\/tiekeju-sarasai\/elektronikos-tiekejai\/#primaryimage"},"thumbnailUrl":"https:\/\/tiekejai.eu\/wp-content\/uploads\/2023\/07\/Elektronikos-tiekejai.png","datePublished":"2023-07-08T19:49:14+00:00","dateModified":"2023-09-18T21:24:04+00:00","description":"Vispiln\u012bg\u0101kais elektronikas pieg\u0101d\u0101t\u0101ju saraksts ar l\u012bdz pat 190 pieg\u0101d\u0101t\u0101jiem ar filtra funkciju. Bezmaksas biznesa nodarb\u012bbas, lai s\u0101ktu uz\u0146\u0113m\u0113jdarb\u012bbu","breadcrumb":{"@id":"https:\/\/tiekejai.eu\/tiekeju-sarasai\/elektronikos-tiekejai\/#breadcrumb"},"inLanguage":"lv-LV","potentialAction":[{"@type":"ReadAction","target":["https:\/\/tiekejai.eu\/tiekeju-sarasai\/elektronikos-tiekejai\/"]}]},{"@type":"ImageObject","inLanguage":"lv-LV","@id":"https:\/\/tiekejai.eu\/tiekeju-sarasai\/elektronikos-tiekejai\/#primaryimage","url":"https:\/\/tiekejai.eu\/wp-content\/uploads\/2023\/07\/Elektronikos-tiekejai.png","contentUrl":"https:\/\/tiekejai.eu\/wp-content\/uploads\/2023\/07\/Elektronikos-tiekejai.png","width":1080,"height":1080},{"@type":"BreadcrumbList","@id":"https:\/\/tiekejai.eu\/tiekeju-sarasai\/elektronikos-tiekejai\/#breadcrumb","itemListElement":[{"@type":"ListItem","position":1,"name":"Home","item":"https:\/\/tiekejai.eu\/"},{"@type":"ListItem","position":2,"name":"Tiek\u0117j\u0173 s\u0105ra\u0161ai","item":"https:\/\/tiekejai.eu\/tiekeju-sarasai\/"},{"@type":"ListItem","position":3,"name":"Elektronikos Tiek\u0117jai"}]},{"@type":"WebSite","@id":"https:\/\/tiekejai.eu\/#website","url":"https:\/\/tiekejai.eu\/","name":"Tiekejai.eu","description":"","publisher":{"@id":"https:\/\/tiekejai.eu\/#organization"},"potentialAction":[{"@type":"SearchAction","target":{"@type":"EntryPoint","urlTemplate":"https:\/\/tiekejai.eu\/?s={search_term_string}"},"query-input":{"@type":"PropertyValueSpecification","valueRequired":true,"valueName":"search_term_string"}}],"inLanguage":"lv-LV"},{"@type":"Organization","@id":"https:\/\/tiekejai.eu\/#organization","name":"tiekejai.eu | Pre\u010du pieg\u0101d\u0101t\u0101ju un ra\u017eot\u0101ju mekl\u0113\u0161ana","url":"https:\/\/tiekejai.eu\/","logo":{"@type":"ImageObject","inLanguage":"lv-LV","@id":"https:\/\/tiekejai.eu\/#\/schema\/logo\/image\/","url":"http:\/\/tiekejai.eu\/wp-content\/uploads\/2021\/03\/cropped-cropped-Logo-transparent-backround-1.png","contentUrl":"http:\/\/tiekejai.eu\/wp-content\/uploads\/2021\/03\/cropped-cropped-Logo-transparent-backround-1.png","width":65,"height":67,"caption":"Tiekejai.eu | Preki\u0173 tiek\u0117j\u0173 ir gamintoj\u0173 paie\u0161ka"},"image":{"@id":"https:\/\/tiekejai.eu\/#\/schema\/logo\/image\/"},"sameAs":["https:\/\/www.facebook.com\/tiekejai.eu"]}]}},"_links":{"self":[{"href":"https:\/\/tiekejai.eu\/lv\/wp-json\/wp\/v2\/product\/1480","targetHints":{"allow":["GET"]}}],"collection":[{"href":"https:\/\/tiekejai.eu\/lv\/wp-json\/wp\/v2\/product"}],"about":[{"href":"https:\/\/tiekejai.eu\/lv\/wp-json\/wp\/v2\/types\/product"}],"version-history":[{"count":1,"href":"https:\/\/tiekejai.eu\/lv\/wp-json\/wp\/v2\/product\/1480\/revisions"}],"predecessor-version":[{"id":1485,"href":"https:\/\/tiekejai.eu\/lv\/wp-json\/wp\/v2\/product\/1480\/revisions\/1485"}],"wp:featuredmedia":[{"embeddable":true,"href":"https:\/\/tiekejai.eu\/lv\/wp-json\/wp\/v2\/media\/1484"}],"wp:attachment":[{"href":"https:\/\/tiekejai.eu\/lv\/wp-json\/wp\/v2\/media?parent=1480"}],"wp:term":[{"taxonomy":"product_brand","embeddable":true,"href":"https:\/\/tiekejai.eu\/lv\/wp-json\/wp\/v2\/product_brand?post=1480"},{"taxonomy":"product_cat","embeddable":true,"href":"https:\/\/tiekejai.eu\/lv\/wp-json\/wp\/v2\/product_cat?post=1480"},{"taxonomy":"product_tag","embeddable":true,"href":"https:\/\/tiekejai.eu\/lv\/wp-json\/wp\/v2\/product_tag?post=1480"}],"curies":[{"name":"wp","href":"https:\/\/api.w.org\/{rel}","templated":true}]}}