{"id":1235,"date":"2023-01-22T18:05:36","date_gmt":"2023-01-22T20:05:36","guid":{"rendered":"https:\/\/tiekejai.eu\/?post_type=product&#038;p=1235"},"modified":"2023-09-25T20:04:58","modified_gmt":"2023-09-25T22:04:58","slug":"piegadataji-no-polijas","status":"publish","type":"product","link":"https:\/\/tiekejai.eu\/lv\/piegadataju-saraksti\/piegadataji-no-polijas\/","title":{"rendered":"Pieg\u0101d\u0101t\u0101ji no Polijas"},"content":{"rendered":"<p class=\"translation-block\"><strong>Pieg\u0101d\u0101t\u0101ji no Polijas<\/strong> ir viena no lab\u0101kaj\u0101m izv\u0113l\u0113m, ja mekl\u0113jat vairumtirdzniec\u012bbas produktus vai pieg\u0101des iesp\u0113jas. Polij\u0101 ir daudz ra\u017eot\u0101ju, kas pied\u0101v\u0101 pla\u0161u pre\u010du kl\u0101stu, s\u0101kot no vienk\u0101r\u0161iem priek\u0161metiem, piem\u0113ram, ap\u0123\u0113rbiem, m\u0101jdz\u012bvnieku piederumiem, l\u012bdz sare\u017e\u0123\u012bt\u0101kiem produktiem, piem\u0113ram, elektronikai, automa\u0161\u012bn\u0101m un neskait\u0101m\u0101m cit\u0101m prec\u0113m.<\/p>\n<p class=\"translation-block\">Vairumtirdzniec\u012bba Polij\u0101 ir \u013coti popul\u0101ra, jo \u0161\u012b valsts ir Eiropas Savien\u012bbas dal\u012bbvalsts un tai ir labi att\u012bst\u012btas lo\u0123istikas un transporta sist\u0113mas, kas \u013cauj \u0101tri un efekt\u012bvi pieg\u0101d\u0101t preces uz jebkuru Eiropas pils\u0113tu. Turkl\u0101t<strong>pieg\u0101d\u0101t\u0101ji no Polijas<\/strong>pied\u0101v\u0101 labas cenas un augstas kvalit\u0101tes produktus.<\/p>\n<h4>Iepaz\u012bstin\u0101m ar Polijas pieg\u0101d\u0101t\u0101jiem<\/h4>\n<p class=\"translation-block\">Dropshipping ir popul\u0101rs tirdzniec\u012bbas veids, kur\u0101<strong>Polijas pieg\u0101d\u0101t\u0101ji<\/strong>pieg\u0101d\u0101 preces tie\u0161i pirc\u0113jam, un tirgot\u0101js str\u0101d\u0101 pie m\u0101rketinga. Polij\u0101 tas ir labi, jo ir daudz pieg\u0101d\u0101t\u0101ju no Polijas, kas pied\u0101v\u0101 dropshipping pakalpojumus. Dropship pieg\u0101d\u0101t\u0101ji var pieg\u0101d\u0101t preces tie\u0161i uz pirc\u0113ja m\u0101j\u0101m un ne tikai Polij\u0101. Tas \u013cauj tirgot\u0101jiem ietaup\u012bt laiku un naudu, kas cit\u0101di tiktu t\u0113r\u0113ta pieg\u0101dei. <strong><a href=\"https:\/\/tiekejai.eu\/lv\/dropshipping\/\" target=\"_self\">Dropshipping<\/a> ir \u013coti piepras\u012bts no Polijas, jo atrodas net\u0101lu no Lietuvas, kas noz\u012bm\u0113, ka piem\u0113roti pieg\u0101d\u0101t\u0101ji no Polijas gandr\u012bz tikpat labi pieg\u0101d\u0101t preces, p\u0113rkot no Lietuvas.<\/strong><\/p>\n<h4>Polijas ekonomika<\/h4>\n<p class=\"translation-block\"><a href=\"https:\/\/tiekejai.eu\/lv\/piegadataji\/\" target=\"_self\">Pieg\u0101d\u0101t\u0101ji<\/a> vai <a href=\"https:\/\/tiekejai.eu\/lv\/razotajiem\/\" target=\"_self\"> ra\u017eot\u0101ji<\/a> ir ar\u012b labi paz\u012bstami ar saviem augstas kvalit\u0101tes produktiem. Ra\u017eot\u0101ji var pied\u0101v\u0101t ar\u012b piel\u0101gotus produktus, kas atbilst j\u016bsu pras\u012bb\u0101m. Kopum\u0101 <strong>pieg\u0101d\u0101t\u0101ji no Polijas<\/strong>, vairumtirdzniec\u012bba, dropshipping un ra\u017eot\u0101ji ir laba izv\u0113le, ja mekl\u0113jat kvalitat\u012bvus produktus par lab\u0101m cen\u0101m. Polij\u0101 ir daudz uzticamu pieg\u0101d\u0101t\u0101ju un ra\u017eot\u0101ju, kas pied\u0101v\u0101 pla\u0161u pre\u010du kl\u0101stu un labus pakalpojumus.<\/p>\n<p class=\"translation-block\">Polijas ekonomika ir viena no visstrauj\u0101k augo\u0161aj\u0101m Eirop\u0101. Daudz jaunu un inovat\u012bvu pieg\u0101d\u0101t\u0101ju un ra\u017eot\u0101ju, kas pied\u0101v\u0101 savus produktus vis\u0101 pasaul\u0113. Turkl\u0101t Polij\u0101 ir daudz mazo un vid\u0113jo uz\u0146\u0113mumu, kas pied\u0101v\u0101 unik\u0101las preces un pakalpojumus. <strong>Pieg\u0101d\u0101t\u0101ji no Polijas<\/strong> var b\u016bt laba izv\u0113le izplat\u012bt\u0101jiem, kuri mekl\u0113 jaunus un unik\u0101lus produktus savam biznesam.<\/p>\n<p class=\"translation-block\">Ja jums ir ieguld\u012bjums, bet dom\u0101jat, ka pieg\u0101d\u0101t\u0101ju saraksts jums nepal\u012bdz\u0113s, vienm\u0113r varat pieteikties individu\u0101lai <a href=\"https:\/\/tiekejai.eu\/lv\/piegadataju-meklesana\/\" target=\"_self\">mekl\u0113\u0161anai pieg\u0101d\u0101t\u0101jiem<\/a> visos uz\u0146\u0113m\u0113jdarb\u012bbas mode\u013cos.<\/p>","protected":false},"excerpt":{"rendered":"<p class=\"translation-block\"><a href=\"https:\/\/tiekejai.eu\/lv\/\" target=\"_self\">Tiekejai.eu<\/a> r\u016bp\u012bgi atlas\u012bti <strong>Polijas pieg\u0101d\u0101t\u0101ji<\/strong> nodro\u0161in\u0101s piek\u013cuvi pla\u0161\u0101kajam 750 pieg\u0101d\u0101t\u0101ju sarakstam Lietuv\u0101 ar iesp\u0113ja filtr\u0113t atbilsto\u0161i v\u0113lamajai kategorijai. Filtr\u0113\u0161ana iev\u0113rojami atvieglos pieg\u0101d\u0101t\u0101ju mekl\u0113\u0161anu. Pieg\u0101d\u0101t\u0101ju sarakst\u0101 j\u016bs atrad\u012bsiet visu kategoriju pieg\u0101d\u0101t\u0101jus, tostarp ap\u0123\u0113rbu, apavu, automa\u0161\u012bnu, d\u0101rza un m\u0101jas, m\u0101jdz\u012bvnieku pre\u010du utt. Pieg\u0101d\u0101t\u0101ji pied\u0101v\u0101s vairumtirdzniec\u012bbu un dropshipping. Papildus tam visam nodro\u0161in\u0101sim bezmaksas biznesa nodarb\u012bbas biznesa uzs\u0101k\u0161anai vai pilnveido\u0161anai, e-veikalu izv\u0113lei, automatiz\u0101cijai un rekl\u0101mai.<\/p>","protected":false},"featured_media":1594,"template":"","meta":{"_eb_attr":""},"product_brand":[],"product_cat":[46],"product_tag":[],"class_list":{"0":"post-1235","1":"product","2":"type-product","3":"status-publish","4":"has-post-thumbnail","6":"product_cat-tiekeju-sarasai","8":"first","9":"instock","10":"sale","11":"downloadable","12":"shipping-taxable","13":"purchasable","14":"product-type-simple"},"yoast_head":"<!-- This site is optimized with the Yoast SEO Premium plugin v23.6 (Yoast SEO v27.3) - https:\/\/yoast.com\/product\/yoast-seo-premium-wordpress\/ -->\n<title>Tiek\u0117jai i\u0161 Lenkijos - i\u0161manus pasirinkimas!<\/title>\n<meta name=\"description\" content=\"tiek\u0117jai i\u0161 lenkijos m\u016bs\u0173 kruop\u0161\u010diai atrinkti tiek\u0117jai, kur\u012f sudaro net 750 atrinkt\u0173 tiek\u0117j\u0173 s\u0105ra\u0161as su filtravimu ir nemokamomis pamokomis!\" \/>\n<meta name=\"robots\" content=\"index, follow, max-snippet:-1, max-image-preview:large, max-video-preview:-1\" \/>\n<link rel=\"canonical\" href=\"https:\/\/tiekejai.eu\/lv\/piegadataju-saraksti\/piegadataji-no-polijas\/\" \/>\n<meta property=\"og:locale\" content=\"lv_LV\" \/>\n<meta property=\"og:type\" content=\"article\" \/>\n<meta property=\"og:title\" content=\"Tiek\u0117jai i\u0161 Lenkijos\" \/>\n<meta property=\"og:description\" content=\"tiek\u0117jai i\u0161 lenkijos m\u016bs\u0173 kruop\u0161\u010diai atrinkti tiek\u0117jai, kur\u012f sudaro net 750 atrinkt\u0173 tiek\u0117j\u0173 s\u0105ra\u0161as su filtravimu ir nemokamomis pamokomis!\" \/>\n<meta property=\"og:url\" content=\"https:\/\/tiekejai.eu\/lv\/piegadataju-saraksti\/piegadataji-no-polijas\/\" \/>\n<meta property=\"og:site_name\" content=\"Tiekejai.eu\" \/>\n<meta property=\"article:publisher\" content=\"https:\/\/www.facebook.com\/tiekejai.eu\" \/>\n<meta property=\"article:modified_time\" content=\"2023-09-25T22:04:58+00:00\" \/>\n<meta property=\"og:image\" content=\"https:\/\/tiekejai.eu\/wp-content\/uploads\/2023\/01\/Poland_Suppliers.png\" \/>\n\t<meta property=\"og:image:width\" content=\"1080\" \/>\n\t<meta property=\"og:image:height\" content=\"1080\" \/>\n\t<meta property=\"og:image:type\" content=\"image\/png\" \/>\n<meta name=\"twitter:card\" content=\"summary_large_image\" \/>\n<meta name=\"twitter:label1\" content=\"Est. reading time\" \/>\n\t<meta name=\"twitter:data1\" content=\"2 min\u016btes\" \/>\n<script type=\"application\/ld+json\" class=\"yoast-schema-graph\">{\"@context\":\"https:\\\/\\\/schema.org\",\"@graph\":[{\"@type\":\"WebPage\",\"@id\":\"https:\\\/\\\/tiekejai.eu\\\/tiekeju-sarasai\\\/tiekejai-is-lenkijos\\\/\",\"url\":\"https:\\\/\\\/tiekejai.eu\\\/tiekeju-sarasai\\\/tiekejai-is-lenkijos\\\/\",\"name\":\"Tiek\u0117jai i\u0161 Lenkijos - i\u0161manus pasirinkimas!\",\"isPartOf\":{\"@id\":\"https:\\\/\\\/tiekejai.eu\\\/#website\"},\"primaryImageOfPage\":{\"@id\":\"https:\\\/\\\/tiekejai.eu\\\/tiekeju-sarasai\\\/tiekejai-is-lenkijos\\\/#primaryimage\"},\"image\":{\"@id\":\"https:\\\/\\\/tiekejai.eu\\\/tiekeju-sarasai\\\/tiekejai-is-lenkijos\\\/#primaryimage\"},\"thumbnailUrl\":\"https:\\\/\\\/tiekejai.eu\\\/wp-content\\\/uploads\\\/2023\\\/01\\\/Poland_Suppliers.png\",\"datePublished\":\"2023-01-22T20:05:36+00:00\",\"dateModified\":\"2023-09-25T22:04:58+00:00\",\"description\":\"tiek\u0117jai i\u0161 lenkijos m\u016bs\u0173 kruop\u0161\u010diai atrinkti tiek\u0117jai, kur\u012f sudaro net 750 atrinkt\u0173 tiek\u0117j\u0173 s\u0105ra\u0161as su filtravimu ir nemokamomis pamokomis!\",\"breadcrumb\":{\"@id\":\"https:\\\/\\\/tiekejai.eu\\\/tiekeju-sarasai\\\/tiekejai-is-lenkijos\\\/#breadcrumb\"},\"inLanguage\":\"lv-LV\",\"potentialAction\":[{\"@type\":\"ReadAction\",\"target\":[\"https:\\\/\\\/tiekejai.eu\\\/tiekeju-sarasai\\\/tiekejai-is-lenkijos\\\/\"]}]},{\"@type\":\"ImageObject\",\"inLanguage\":\"lv-LV\",\"@id\":\"https:\\\/\\\/tiekejai.eu\\\/tiekeju-sarasai\\\/tiekejai-is-lenkijos\\\/#primaryimage\",\"url\":\"https:\\\/\\\/tiekejai.eu\\\/wp-content\\\/uploads\\\/2023\\\/01\\\/Poland_Suppliers.png\",\"contentUrl\":\"https:\\\/\\\/tiekejai.eu\\\/wp-content\\\/uploads\\\/2023\\\/01\\\/Poland_Suppliers.png\",\"width\":1080,\"height\":1080,\"caption\":\"Suppliers from Poland\"},{\"@type\":\"BreadcrumbList\",\"@id\":\"https:\\\/\\\/tiekejai.eu\\\/tiekeju-sarasai\\\/tiekejai-is-lenkijos\\\/#breadcrumb\",\"itemListElement\":[{\"@type\":\"ListItem\",\"position\":1,\"name\":\"Home\",\"item\":\"https:\\\/\\\/tiekejai.eu\\\/\"},{\"@type\":\"ListItem\",\"position\":2,\"name\":\"Tiek\u0117j\u0173 s\u0105ra\u0161ai\",\"item\":\"https:\\\/\\\/tiekejai.eu\\\/tiekeju-sarasai\\\/\"},{\"@type\":\"ListItem\",\"position\":3,\"name\":\"Tiek\u0117jai i\u0161 Lenkijos\"}]},{\"@type\":\"WebSite\",\"@id\":\"https:\\\/\\\/tiekejai.eu\\\/#website\",\"url\":\"https:\\\/\\\/tiekejai.eu\\\/\",\"name\":\"Tiekejai.eu\",\"description\":\"\",\"publisher\":{\"@id\":\"https:\\\/\\\/tiekejai.eu\\\/#organization\"},\"potentialAction\":[{\"@type\":\"SearchAction\",\"target\":{\"@type\":\"EntryPoint\",\"urlTemplate\":\"https:\\\/\\\/tiekejai.eu\\\/?s={search_term_string}\"},\"query-input\":{\"@type\":\"PropertyValueSpecification\",\"valueRequired\":true,\"valueName\":\"search_term_string\"}}],\"inLanguage\":\"lv-LV\"},{\"@type\":\"Organization\",\"@id\":\"https:\\\/\\\/tiekejai.eu\\\/#organization\",\"name\":\"Tiekejai.eu | Preki\u0173 tiek\u0117j\u0173 ir gamintoj\u0173 paie\u0161ka\",\"url\":\"https:\\\/\\\/tiekejai.eu\\\/\",\"logo\":{\"@type\":\"ImageObject\",\"inLanguage\":\"lv-LV\",\"@id\":\"https:\\\/\\\/tiekejai.eu\\\/#\\\/schema\\\/logo\\\/image\\\/\",\"url\":\"http:\\\/\\\/tiekejai.eu\\\/wp-content\\\/uploads\\\/2021\\\/03\\\/cropped-cropped-Logo-transparent-backround-1.png\",\"contentUrl\":\"http:\\\/\\\/tiekejai.eu\\\/wp-content\\\/uploads\\\/2021\\\/03\\\/cropped-cropped-Logo-transparent-backround-1.png\",\"width\":65,\"height\":67,\"caption\":\"Tiekejai.eu | Preki\u0173 tiek\u0117j\u0173 ir gamintoj\u0173 paie\u0161ka\"},\"image\":{\"@id\":\"https:\\\/\\\/tiekejai.eu\\\/#\\\/schema\\\/logo\\\/image\\\/\"},\"sameAs\":[\"https:\\\/\\\/www.facebook.com\\\/tiekejai.eu\"]}]}<\/script>\n<!-- \/ Yoast SEO Premium plugin. -->","yoast_head_json":{"title":"Polijas pieg\u0101d\u0101t\u0101ji - gudra izv\u0113le!","description":"pieg\u0101d\u0101t\u0101ji no Polijas m\u016bsu r\u016bp\u012bgi atlas\u012bto pieg\u0101d\u0101t\u0101ju saraksts ar l\u012bdz pat 750 atlas\u012btiem pieg\u0101d\u0101t\u0101jiem ar filtr\u0113\u0161anu un bezmaksas nodarb\u012bb\u0101m!","robots":{"index":"index","follow":"follow","max-snippet":"max-snippet:-1","max-image-preview":"max-image-preview:large","max-video-preview":"max-video-preview:-1"},"canonical":"https:\/\/tiekejai.eu\/lv\/piegadataju-saraksti\/piegadataji-no-polijas\/","og_locale":"lv_LV","og_type":"article","og_title":"Tiek\u0117jai i\u0161 Lenkijos","og_description":"tiek\u0117jai i\u0161 lenkijos m\u016bs\u0173 kruop\u0161\u010diai atrinkti tiek\u0117jai, kur\u012f sudaro net 750 atrinkt\u0173 tiek\u0117j\u0173 s\u0105ra\u0161as su filtravimu ir nemokamomis pamokomis!","og_url":"https:\/\/tiekejai.eu\/lv\/piegadataju-saraksti\/piegadataji-no-polijas\/","og_site_name":"Tiekejai.eu","article_publisher":"https:\/\/www.facebook.com\/tiekejai.eu","article_modified_time":"2023-09-25T22:04:58+00:00","og_image":[{"width":1080,"height":1080,"url":"https:\/\/tiekejai.eu\/wp-content\/uploads\/2023\/01\/Poland_Suppliers.png","type":"image\/png"}],"twitter_card":"summary_large_image","twitter_misc":{"Est. reading time":"2 min\u016btes"},"schema":{"@context":"https:\/\/schema.org","@graph":[{"@type":"WebPage","@id":"https:\/\/tiekejai.eu\/tiekeju-sarasai\/tiekejai-is-lenkijos\/","url":"https:\/\/tiekejai.eu\/tiekeju-sarasai\/tiekejai-is-lenkijos\/","name":"Polijas pieg\u0101d\u0101t\u0101ji - gudra izv\u0113le!","isPartOf":{"@id":"https:\/\/tiekejai.eu\/#website"},"primaryImageOfPage":{"@id":"https:\/\/tiekejai.eu\/tiekeju-sarasai\/tiekejai-is-lenkijos\/#primaryimage"},"image":{"@id":"https:\/\/tiekejai.eu\/tiekeju-sarasai\/tiekejai-is-lenkijos\/#primaryimage"},"thumbnailUrl":"https:\/\/tiekejai.eu\/wp-content\/uploads\/2023\/01\/Poland_Suppliers.png","datePublished":"2023-01-22T20:05:36+00:00","dateModified":"2023-09-25T22:04:58+00:00","description":"pieg\u0101d\u0101t\u0101ji no Polijas m\u016bsu r\u016bp\u012bgi atlas\u012bto pieg\u0101d\u0101t\u0101ju saraksts ar l\u012bdz pat 750 atlas\u012btiem pieg\u0101d\u0101t\u0101jiem ar filtr\u0113\u0161anu un bezmaksas nodarb\u012bb\u0101m!","breadcrumb":{"@id":"https:\/\/tiekejai.eu\/tiekeju-sarasai\/tiekejai-is-lenkijos\/#breadcrumb"},"inLanguage":"lv-LV","potentialAction":[{"@type":"ReadAction","target":["https:\/\/tiekejai.eu\/tiekeju-sarasai\/tiekejai-is-lenkijos\/"]}]},{"@type":"ImageObject","inLanguage":"lv-LV","@id":"https:\/\/tiekejai.eu\/tiekeju-sarasai\/tiekejai-is-lenkijos\/#primaryimage","url":"https:\/\/tiekejai.eu\/wp-content\/uploads\/2023\/01\/Poland_Suppliers.png","contentUrl":"https:\/\/tiekejai.eu\/wp-content\/uploads\/2023\/01\/Poland_Suppliers.png","width":1080,"height":1080,"caption":"Suppliers from Poland"},{"@type":"BreadcrumbList","@id":"https:\/\/tiekejai.eu\/tiekeju-sarasai\/tiekejai-is-lenkijos\/#breadcrumb","itemListElement":[{"@type":"ListItem","position":1,"name":"Home","item":"https:\/\/tiekejai.eu\/"},{"@type":"ListItem","position":2,"name":"Tiek\u0117j\u0173 s\u0105ra\u0161ai","item":"https:\/\/tiekejai.eu\/tiekeju-sarasai\/"},{"@type":"ListItem","position":3,"name":"Tiek\u0117jai i\u0161 Lenkijos"}]},{"@type":"WebSite","@id":"https:\/\/tiekejai.eu\/#website","url":"https:\/\/tiekejai.eu\/","name":"Tiekejai.eu","description":"","publisher":{"@id":"https:\/\/tiekejai.eu\/#organization"},"potentialAction":[{"@type":"SearchAction","target":{"@type":"EntryPoint","urlTemplate":"https:\/\/tiekejai.eu\/?s={search_term_string}"},"query-input":{"@type":"PropertyValueSpecification","valueRequired":true,"valueName":"search_term_string"}}],"inLanguage":"lv-LV"},{"@type":"Organization","@id":"https:\/\/tiekejai.eu\/#organization","name":"tiekejai.eu | Pre\u010du pieg\u0101d\u0101t\u0101ju un ra\u017eot\u0101ju mekl\u0113\u0161ana","url":"https:\/\/tiekejai.eu\/","logo":{"@type":"ImageObject","inLanguage":"lv-LV","@id":"https:\/\/tiekejai.eu\/#\/schema\/logo\/image\/","url":"http:\/\/tiekejai.eu\/wp-content\/uploads\/2021\/03\/cropped-cropped-Logo-transparent-backround-1.png","contentUrl":"http:\/\/tiekejai.eu\/wp-content\/uploads\/2021\/03\/cropped-cropped-Logo-transparent-backround-1.png","width":65,"height":67,"caption":"Tiekejai.eu | Preki\u0173 tiek\u0117j\u0173 ir gamintoj\u0173 paie\u0161ka"},"image":{"@id":"https:\/\/tiekejai.eu\/#\/schema\/logo\/image\/"},"sameAs":["https:\/\/www.facebook.com\/tiekejai.eu"]}]}},"_links":{"self":[{"href":"https:\/\/tiekejai.eu\/lv\/wp-json\/wp\/v2\/product\/1235","targetHints":{"allow":["GET"]}}],"collection":[{"href":"https:\/\/tiekejai.eu\/lv\/wp-json\/wp\/v2\/product"}],"about":[{"href":"https:\/\/tiekejai.eu\/lv\/wp-json\/wp\/v2\/types\/product"}],"version-history":[{"count":6,"href":"https:\/\/tiekejai.eu\/lv\/wp-json\/wp\/v2\/product\/1235\/revisions"}],"predecessor-version":[{"id":1246,"href":"https:\/\/tiekejai.eu\/lv\/wp-json\/wp\/v2\/product\/1235\/revisions\/1246"}],"wp:featuredmedia":[{"embeddable":true,"href":"https:\/\/tiekejai.eu\/lv\/wp-json\/wp\/v2\/media\/1594"}],"wp:attachment":[{"href":"https:\/\/tiekejai.eu\/lv\/wp-json\/wp\/v2\/media?parent=1235"}],"wp:term":[{"taxonomy":"product_brand","embeddable":true,"href":"https:\/\/tiekejai.eu\/lv\/wp-json\/wp\/v2\/product_brand?post=1235"},{"taxonomy":"product_cat","embeddable":true,"href":"https:\/\/tiekejai.eu\/lv\/wp-json\/wp\/v2\/product_cat?post=1235"},{"taxonomy":"product_tag","embeddable":true,"href":"https:\/\/tiekejai.eu\/lv\/wp-json\/wp\/v2\/product_tag?post=1235"}],"curies":[{"name":"wp","href":"https:\/\/api.w.org\/{rel}","templated":true}]}}