{"id":1115,"date":"2023-01-19T19:42:05","date_gmt":"2023-01-19T21:42:05","guid":{"rendered":"https:\/\/tiekejai.eu\/?post_type=product&#038;p=1115"},"modified":"2024-05-01T20:10:13","modified_gmt":"2024-05-01T22:10:13","slug":"apgerbu-piegadataji","status":"publish","type":"product","link":"https:\/\/tiekejai.eu\/lv\/piegadataju-saraksti\/apgerbu-piegadataji\/","title":{"rendered":"Ap\u0123\u0113rbu pieg\u0101d\u0101t\u0101ji"},"content":{"rendered":"<p><strong>Ap\u0123\u0113rbu pieg\u0101d\u0101t\u0101ji<\/strong> ir lieliska izv\u0113le uz\u0146\u0113m\u0113jdarb\u012bbai, jo ap\u0123\u0113rbs, t\u0101pat k\u0101 p\u0101rtika, ir b\u016btisks cilv\u0113ku ikdienas dz\u012bv\u0113. Ap\u0123\u0113rbu r\u016bpniec\u012bba ir viena no visstrauj\u0101k augo\u0161aj\u0101m nozar\u0113m pasaul\u0113, un daudzi pieg\u0101d\u0101t\u0101ji izmanto jaun\u0101k\u0101s tehnolo\u0123ijas, lai uzlabotu ra\u017eo\u0161anas procesus un palielin\u0101tu uz\u0146\u0113m\u0113jdarb\u012bbas apjomu.<\/p>\n<p><strong>Ap\u0123\u0113rbu pieg\u0101d\u0101t\u0101ji<\/strong> var censties apmierin\u0101t savu klientu vajadz\u012bbas, pied\u0101v\u0101jot pla\u0161u stilu un kr\u0101su kl\u0101stu un iev\u0113rojot atbild\u012bgu ra\u017eo\u0161anas praksi, piem\u0113ram, uzlabojot darba apst\u0101k\u013cus un saudz\u0113jot vidi. Tas pal\u012bdz nodro\u0161in\u0101t pozit\u012bvu z\u012bmola t\u0113lu un palielin\u0101t ie\u0146\u0113mumus. Turkl\u0101t, pateicoties arvien pieaugo\u0161ajai e-komercijas un interneta att\u012bst\u012bbai, j\u016bs varat sasniegt v\u0113l vair\u0101k klientu. Tas savuk\u0101rt pal\u012bdz palielin\u0101t piepras\u012bjumu un apjomu. Tom\u0113r konkurence ap\u0123\u0113rbu nozar\u0113 ir diezgan sp\u0113c\u012bga. Lai saglab\u0101tu konkur\u0113tsp\u0113ju un apmierin\u0101tu klientu vajadz\u012bbas, ir svar\u012bgi b\u016bt inovat\u012bviem un atrast pareizos pieg\u0101d\u0101t\u0101jus par konkur\u0113tsp\u0113j\u012bg\u0101m cen\u0101m.<\/p>\n<p>M\u016bsu t\u012bmek\u013ca vietn\u0113 tiekejai.eu ir pieejami profesion\u0101li sast\u0101d\u012bti <strong>ap\u0123\u0113rbu pieg\u0101d\u0101t\u0101ju sarakstus.<\/strong>\u00a0\u0160ie <strong>ap\u0123\u0113rbu pieg\u0101d\u0101t\u0101ji<\/strong> balst\u0101s uz kvalit\u0101ti, cen\u0101m un dropshipping un vairumtirdzniec\u012bbas mode\u013cu izv\u0113li.<\/p>\n<p><a href=\"https:\/\/tiekejai.eu\/lv\/dropshipping\/\">Dropshipping<\/a> ir tirdzniec\u012bbas modelis, kur\u0101 j\u016bs tirgojat produktus, tos fiziski neturot sav\u0101 \u012bpa\u0161um\u0101. Tas noz\u012bm\u0113, ka j\u016bs pas\u016bt\u0101t preces tie\u0161i no pieg\u0101d\u0101t\u0101ja, un vi\u0146\u0161 pieg\u0101d\u0101 preces tie\u0161i j\u016bsu klientam uz m\u0101j\u0101m. Tas ir \u0113rts veids, k\u0101 s\u0101kt tirdzniec\u012bbu bez liela kapit\u0101la.<\/p>\n<p>Vairumtirdzniec\u012bba ir tirdzniec\u012bbas modelis, kur\u0101 j\u016bs p\u0113rkat preces vairum\u0101 un p\u0113c tam p\u0101rdodat t\u0101s saviem klientiem par augst\u0101ku cenu. Tas var b\u016bt noder\u012bgi, ja jums ir liela klientu b\u0101ze vai noliktava, kur\u0101 glab\u0101jat preces Vair\u0101k par uz\u0146\u0113m\u0113jdarb\u012bbas mode\u013ciem un to, kuru no tiem izv\u0113l\u0113ties. <a href=\"https:\/\/tiekejai.eu\/lv\/dropshipping\/\">\u0161eit<\/a>.<\/p>\n<h2><strong>Piem\u0113roti ap\u0123\u0113rbu pieg\u0101d\u0101t\u0101ji<\/strong><\/h2>\n<p>Pareizo ap\u0123\u0113rbu pieg\u0101d\u0101t\u0101ju izv\u0113le var b\u016bt svar\u012bgs l\u0113mums, kas var ietekm\u0113t j\u016bsu pre\u010du kvalit\u0101ti un uzticam\u012bbu. M\u0113s iesak\u0101m piev\u0113rst uzman\u012bbu \u0161\u0101d\u0101m svar\u012bg\u0101m \u012bpa\u0161\u012bb\u0101m:<\/p>\n<ul>\n<li style=\"text-align: left;\">Uzticam\u012bba: jums j\u0101izv\u0113las pieg\u0101d\u0101t\u0101js, kas var garant\u0113t regul\u0101ru un uzticamu produktu pieg\u0101di.<\/li>\n<li style=\"text-align: left;\">Kvalit\u0101te: p\u0101rbaudiet pieg\u0101d\u0101t\u0101ju ra\u017eo\u0161anas un audita praksi, lai nodro\u0161in\u0101tu augstu ap\u0123\u0113rbu kvalit\u0101ti.<\/li>\n<li style=\"text-align: left;\">Cena: jums j\u0101p\u0101rbauda pieg\u0101d\u0101t\u0101ju cenu konkur\u0113tsp\u0113ja un tas, vai vi\u0146i var nodro\u0161in\u0101t j\u016bsu uz\u0146\u0113mumam piem\u0113rotu cenu un pe\u013c\u0146u.<\/li>\n<li style=\"text-align: left;\">Atbild\u012bga ra\u017eo\u0161anas prakse: j\u0101izv\u0113las pieg\u0101d\u0101t\u0101js, kas iev\u0113ro atbild\u012bgu ra\u017eo\u0161anas praksi, piem\u0113ram, uzlabo darba apst\u0101k\u013cus un saudz\u0113 vidi.<\/li>\n<li style=\"text-align: left;\">Klientu apkalpo\u0161ana: jums j\u0101izv\u0113las pieg\u0101d\u0101t\u0101js, kas nodro\u0161ina labu klientu apkalpo\u0161anu un ir gatavs atbild\u0113t uz j\u016bsu jaut\u0101jumiem un vajadz\u012bb\u0101m.<\/li>\n<\/ul>\n<p>Secin\u0101jums: Pareizs ap\u0123\u0113rbu pieg\u0101d\u0101t\u0101js ir viens no svar\u012bg\u0101kajiem l\u0113mumiem. M\u016bsdien\u0101s j\u016bs varat p\u0101rdot jebko, bet daudz lab\u0101k ir s\u0101kt ar nopietniem pieg\u0101d\u0101t\u0101jiem, kas jums sniegs lab\u0101ko, ko sp\u0113j. Ar labiem pieg\u0101d\u0101t\u0101jiem jums v\u0113l\u0101k neb\u016bs j\u0101mekl\u0113 citi un j\u0101p\u0101rveido viss bizness. Galu gal\u0101 jums ir j\u0101koncentr\u0113jas uz uzticam\u012bbu, kvalit\u0101ti, cenu, atbild\u012bgu ra\u017eo\u0161anas praksi un klientu apkalpo\u0161anu.<\/p>","protected":false},"excerpt":{"rendered":"<p>M\u016bsu <strong>ap\u0123\u0113rbu pieg\u0101d\u0101t\u0101ju sarakst\u0101<\/strong> j\u016bs atrad\u012bsiet pieg\u0101d\u0101t\u0101jus, kas pied\u0101v\u0101 pla\u0161u garderobes, identifikatoru, apavu un aksesu\u0101ru kl\u0101stu. Pieg\u0101d\u0101t\u0101ji sadarbojas dropshipping un vairumtirdzniec\u012bb\u0101.  R\u016bp\u012bgi atlas\u012bti un p\u0101rbaud\u012bti <strong>ap\u0123\u0113rbs<\/strong> <strong>pieg\u0101d\u0101t\u0101ju saraksts<\/strong> ar filtr\u0113\u0161anas funkciju, lai piek\u013c\u016btu l\u012bdz 360 <strong>ap\u0123\u0113rbu pieg\u0101d\u0101t\u0101ji. <\/strong>Pieg\u0101d\u0101t\u0101ji ir no visas pasaules, tostarp Lietuvas, Polijas, Turcijas, It\u0101lijas, Ukrainas, Turcijas un neskait\u0101m\u0101m cit\u0101m valst\u012bm. Izklaus\u0101s labi? Papildus tam visam m\u0113s jums sniegsim bezmaksas nodarb\u012bbas par visu, s\u0101kot no e-veikala izveides l\u012bdz e-komercijas t\u012bkliem un beidzot ar rekl\u0101mu!<\/p>","protected":false},"featured_media":1528,"template":"","meta":{"_eb_attr":""},"product_brand":[],"product_cat":[46],"product_tag":[],"class_list":{"0":"post-1115","1":"product","2":"type-product","3":"status-publish","4":"has-post-thumbnail","6":"product_cat-tiekeju-sarasai","8":"first","9":"instock","10":"sale","11":"downloadable","12":"shipping-taxable","13":"purchasable","14":"product-type-simple"},"yoast_head":"<!-- This site is optimized with the Yoast SEO Premium plugin v23.6 (Yoast SEO v27.4) - https:\/\/yoast.com\/product\/yoast-seo-premium-wordpress\/ -->\n<title>R\u016bb\u0173 Tiek\u0117jai - Tiekejai.eu<\/title>\n<meta name=\"description\" content=\"Kruop\u0161\u010diai atrinktas r\u016bb\u0173 tiek\u0117j\u0173 s\u0105ra\u0161as su filtravimo funkcija suteiks prieig\u0105 prie 360 r\u016bb\u0173 tiek\u0117j\u0173 i\u0161 viso pasaulio + nemokamos pamokos verslui\" \/>\n<meta name=\"robots\" content=\"index, follow, max-snippet:-1, max-image-preview:large, max-video-preview:-1\" \/>\n<link rel=\"canonical\" href=\"https:\/\/tiekejai.eu\/lv\/piegadataju-saraksti\/apgerbu-piegadataji\/\" \/>\n<meta property=\"og:locale\" content=\"lv_LV\" \/>\n<meta property=\"og:type\" content=\"article\" \/>\n<meta property=\"og:title\" content=\"R\u016bb\u0173 Tiek\u0117jai\" \/>\n<meta property=\"og:description\" content=\"Kruop\u0161\u010diai atrinktas r\u016bb\u0173 tiek\u0117j\u0173 s\u0105ra\u0161as su filtravimo funkcija suteiks prieig\u0105 prie 360 r\u016bb\u0173 tiek\u0117j\u0173 i\u0161 viso pasaulio + nemokamos pamokos verslui\" \/>\n<meta property=\"og:url\" content=\"https:\/\/tiekejai.eu\/lv\/piegadataju-saraksti\/apgerbu-piegadataji\/\" \/>\n<meta property=\"og:site_name\" content=\"Tiekejai.eu\" \/>\n<meta property=\"article:publisher\" content=\"https:\/\/www.facebook.com\/tiekejai.eu\" \/>\n<meta property=\"article:modified_time\" content=\"2024-05-01T22:10:13+00:00\" \/>\n<meta property=\"og:image\" content=\"https:\/\/tiekejai.eu\/wp-content\/uploads\/2023\/01\/rubu_tiekejai.png\" \/>\n\t<meta property=\"og:image:width\" content=\"1080\" \/>\n\t<meta property=\"og:image:height\" content=\"1080\" \/>\n\t<meta property=\"og:image:type\" content=\"image\/png\" \/>\n<meta name=\"twitter:card\" content=\"summary_large_image\" \/>\n<meta name=\"twitter:label1\" content=\"Est. reading time\" \/>\n\t<meta name=\"twitter:data1\" content=\"3 min\u016btes\" \/>\n<script type=\"application\/ld+json\" class=\"yoast-schema-graph\">{\"@context\":\"https:\\\/\\\/schema.org\",\"@graph\":[{\"@type\":\"WebPage\",\"@id\":\"https:\\\/\\\/tiekejai.eu\\\/tiekeju-sarasai\\\/rubu-tiekejai\\\/\",\"url\":\"https:\\\/\\\/tiekejai.eu\\\/tiekeju-sarasai\\\/rubu-tiekejai\\\/\",\"name\":\"R\u016bb\u0173 Tiek\u0117jai - Tiekejai.eu\",\"isPartOf\":{\"@id\":\"https:\\\/\\\/tiekejai.eu\\\/#website\"},\"primaryImageOfPage\":{\"@id\":\"https:\\\/\\\/tiekejai.eu\\\/tiekeju-sarasai\\\/rubu-tiekejai\\\/#primaryimage\"},\"image\":{\"@id\":\"https:\\\/\\\/tiekejai.eu\\\/tiekeju-sarasai\\\/rubu-tiekejai\\\/#primaryimage\"},\"thumbnailUrl\":\"https:\\\/\\\/tiekejai.eu\\\/wp-content\\\/uploads\\\/2023\\\/01\\\/rubu_tiekejai.png\",\"datePublished\":\"2023-01-19T21:42:05+00:00\",\"dateModified\":\"2024-05-01T22:10:13+00:00\",\"description\":\"Kruop\u0161\u010diai atrinktas r\u016bb\u0173 tiek\u0117j\u0173 s\u0105ra\u0161as su filtravimo funkcija suteiks prieig\u0105 prie 360 r\u016bb\u0173 tiek\u0117j\u0173 i\u0161 viso pasaulio + nemokamos pamokos verslui\",\"breadcrumb\":{\"@id\":\"https:\\\/\\\/tiekejai.eu\\\/tiekeju-sarasai\\\/rubu-tiekejai\\\/#breadcrumb\"},\"inLanguage\":\"lv-LV\",\"potentialAction\":[{\"@type\":\"ReadAction\",\"target\":[\"https:\\\/\\\/tiekejai.eu\\\/tiekeju-sarasai\\\/rubu-tiekejai\\\/\"]}]},{\"@type\":\"ImageObject\",\"inLanguage\":\"lv-LV\",\"@id\":\"https:\\\/\\\/tiekejai.eu\\\/tiekeju-sarasai\\\/rubu-tiekejai\\\/#primaryimage\",\"url\":\"https:\\\/\\\/tiekejai.eu\\\/wp-content\\\/uploads\\\/2023\\\/01\\\/rubu_tiekejai.png\",\"contentUrl\":\"https:\\\/\\\/tiekejai.eu\\\/wp-content\\\/uploads\\\/2023\\\/01\\\/rubu_tiekejai.png\",\"width\":1080,\"height\":1080,\"caption\":\"r\u016bb\u0173 tiek\u0117j\u0173 s\u0105ra\u0161as\"},{\"@type\":\"BreadcrumbList\",\"@id\":\"https:\\\/\\\/tiekejai.eu\\\/tiekeju-sarasai\\\/rubu-tiekejai\\\/#breadcrumb\",\"itemListElement\":[{\"@type\":\"ListItem\",\"position\":1,\"name\":\"Home\",\"item\":\"https:\\\/\\\/tiekejai.eu\\\/\"},{\"@type\":\"ListItem\",\"position\":2,\"name\":\"Tiek\u0117j\u0173 s\u0105ra\u0161ai\",\"item\":\"https:\\\/\\\/tiekejai.eu\\\/tiekeju-sarasai\\\/\"},{\"@type\":\"ListItem\",\"position\":3,\"name\":\"R\u016bb\u0173 Tiek\u0117jai\"}]},{\"@type\":\"WebSite\",\"@id\":\"https:\\\/\\\/tiekejai.eu\\\/#website\",\"url\":\"https:\\\/\\\/tiekejai.eu\\\/\",\"name\":\"Tiekejai.eu\",\"description\":\"\",\"publisher\":{\"@id\":\"https:\\\/\\\/tiekejai.eu\\\/#organization\"},\"potentialAction\":[{\"@type\":\"SearchAction\",\"target\":{\"@type\":\"EntryPoint\",\"urlTemplate\":\"https:\\\/\\\/tiekejai.eu\\\/?s={search_term_string}\"},\"query-input\":{\"@type\":\"PropertyValueSpecification\",\"valueRequired\":true,\"valueName\":\"search_term_string\"}}],\"inLanguage\":\"lv-LV\"},{\"@type\":\"Organization\",\"@id\":\"https:\\\/\\\/tiekejai.eu\\\/#organization\",\"name\":\"Tiekejai.eu | Preki\u0173 tiek\u0117j\u0173 ir gamintoj\u0173 paie\u0161ka\",\"url\":\"https:\\\/\\\/tiekejai.eu\\\/\",\"logo\":{\"@type\":\"ImageObject\",\"inLanguage\":\"lv-LV\",\"@id\":\"https:\\\/\\\/tiekejai.eu\\\/#\\\/schema\\\/logo\\\/image\\\/\",\"url\":\"http:\\\/\\\/tiekejai.eu\\\/wp-content\\\/uploads\\\/2021\\\/03\\\/cropped-cropped-Logo-transparent-backround-1.png\",\"contentUrl\":\"http:\\\/\\\/tiekejai.eu\\\/wp-content\\\/uploads\\\/2021\\\/03\\\/cropped-cropped-Logo-transparent-backround-1.png\",\"width\":65,\"height\":67,\"caption\":\"Tiekejai.eu | Preki\u0173 tiek\u0117j\u0173 ir gamintoj\u0173 paie\u0161ka\"},\"image\":{\"@id\":\"https:\\\/\\\/tiekejai.eu\\\/#\\\/schema\\\/logo\\\/image\\\/\"},\"sameAs\":[\"https:\\\/\\\/www.facebook.com\\\/tiekejai.eu\"]}]}<\/script>\n<!-- \/ Yoast SEO Premium plugin. -->","yoast_head_json":{"title":"Ap\u0123\u0113rbu pieg\u0101d\u0101t\u0101ji - Tiekejai.eu","description":"R\u016bp\u012bgi atlas\u012bts ap\u0123\u0113rbu pieg\u0101d\u0101t\u0101ju saraksts ar filtr\u0113\u0161anas funkciju, kas sniedz piek\u013cuvi 360 ap\u0123\u0113rbu pieg\u0101d\u0101t\u0101jiem no visas pasaules + bezmaksas biznesa nodarb\u012bbas.","robots":{"index":"index","follow":"follow","max-snippet":"max-snippet:-1","max-image-preview":"max-image-preview:large","max-video-preview":"max-video-preview:-1"},"canonical":"https:\/\/tiekejai.eu\/lv\/piegadataju-saraksti\/apgerbu-piegadataji\/","og_locale":"lv_LV","og_type":"article","og_title":"R\u016bb\u0173 Tiek\u0117jai","og_description":"Kruop\u0161\u010diai atrinktas r\u016bb\u0173 tiek\u0117j\u0173 s\u0105ra\u0161as su filtravimo funkcija suteiks prieig\u0105 prie 360 r\u016bb\u0173 tiek\u0117j\u0173 i\u0161 viso pasaulio + nemokamos pamokos verslui","og_url":"https:\/\/tiekejai.eu\/lv\/piegadataju-saraksti\/apgerbu-piegadataji\/","og_site_name":"Tiekejai.eu","article_publisher":"https:\/\/www.facebook.com\/tiekejai.eu","article_modified_time":"2024-05-01T22:10:13+00:00","og_image":[{"width":1080,"height":1080,"url":"https:\/\/tiekejai.eu\/wp-content\/uploads\/2023\/01\/rubu_tiekejai.png","type":"image\/png"}],"twitter_card":"summary_large_image","twitter_misc":{"Est. reading time":"3 min\u016btes"},"schema":{"@context":"https:\/\/schema.org","@graph":[{"@type":"WebPage","@id":"https:\/\/tiekejai.eu\/tiekeju-sarasai\/rubu-tiekejai\/","url":"https:\/\/tiekejai.eu\/tiekeju-sarasai\/rubu-tiekejai\/","name":"Ap\u0123\u0113rbu pieg\u0101d\u0101t\u0101ji - Tiekejai.eu","isPartOf":{"@id":"https:\/\/tiekejai.eu\/#website"},"primaryImageOfPage":{"@id":"https:\/\/tiekejai.eu\/tiekeju-sarasai\/rubu-tiekejai\/#primaryimage"},"image":{"@id":"https:\/\/tiekejai.eu\/tiekeju-sarasai\/rubu-tiekejai\/#primaryimage"},"thumbnailUrl":"https:\/\/tiekejai.eu\/wp-content\/uploads\/2023\/01\/rubu_tiekejai.png","datePublished":"2023-01-19T21:42:05+00:00","dateModified":"2024-05-01T22:10:13+00:00","description":"R\u016bp\u012bgi atlas\u012bts ap\u0123\u0113rbu pieg\u0101d\u0101t\u0101ju saraksts ar filtr\u0113\u0161anas funkciju, kas sniedz piek\u013cuvi 360 ap\u0123\u0113rbu pieg\u0101d\u0101t\u0101jiem no visas pasaules + bezmaksas biznesa nodarb\u012bbas.","breadcrumb":{"@id":"https:\/\/tiekejai.eu\/tiekeju-sarasai\/rubu-tiekejai\/#breadcrumb"},"inLanguage":"lv-LV","potentialAction":[{"@type":"ReadAction","target":["https:\/\/tiekejai.eu\/tiekeju-sarasai\/rubu-tiekejai\/"]}]},{"@type":"ImageObject","inLanguage":"lv-LV","@id":"https:\/\/tiekejai.eu\/tiekeju-sarasai\/rubu-tiekejai\/#primaryimage","url":"https:\/\/tiekejai.eu\/wp-content\/uploads\/2023\/01\/rubu_tiekejai.png","contentUrl":"https:\/\/tiekejai.eu\/wp-content\/uploads\/2023\/01\/rubu_tiekejai.png","width":1080,"height":1080,"caption":"r\u016bb\u0173 tiek\u0117j\u0173 s\u0105ra\u0161as"},{"@type":"BreadcrumbList","@id":"https:\/\/tiekejai.eu\/tiekeju-sarasai\/rubu-tiekejai\/#breadcrumb","itemListElement":[{"@type":"ListItem","position":1,"name":"Home","item":"https:\/\/tiekejai.eu\/"},{"@type":"ListItem","position":2,"name":"Tiek\u0117j\u0173 s\u0105ra\u0161ai","item":"https:\/\/tiekejai.eu\/tiekeju-sarasai\/"},{"@type":"ListItem","position":3,"name":"R\u016bb\u0173 Tiek\u0117jai"}]},{"@type":"WebSite","@id":"https:\/\/tiekejai.eu\/#website","url":"https:\/\/tiekejai.eu\/","name":"Tiekejai.eu","description":"","publisher":{"@id":"https:\/\/tiekejai.eu\/#organization"},"potentialAction":[{"@type":"SearchAction","target":{"@type":"EntryPoint","urlTemplate":"https:\/\/tiekejai.eu\/?s={search_term_string}"},"query-input":{"@type":"PropertyValueSpecification","valueRequired":true,"valueName":"search_term_string"}}],"inLanguage":"lv-LV"},{"@type":"Organization","@id":"https:\/\/tiekejai.eu\/#organization","name":"tiekejai.eu | Pre\u010du pieg\u0101d\u0101t\u0101ju un ra\u017eot\u0101ju mekl\u0113\u0161ana","url":"https:\/\/tiekejai.eu\/","logo":{"@type":"ImageObject","inLanguage":"lv-LV","@id":"https:\/\/tiekejai.eu\/#\/schema\/logo\/image\/","url":"http:\/\/tiekejai.eu\/wp-content\/uploads\/2021\/03\/cropped-cropped-Logo-transparent-backround-1.png","contentUrl":"http:\/\/tiekejai.eu\/wp-content\/uploads\/2021\/03\/cropped-cropped-Logo-transparent-backround-1.png","width":65,"height":67,"caption":"Tiekejai.eu | Preki\u0173 tiek\u0117j\u0173 ir gamintoj\u0173 paie\u0161ka"},"image":{"@id":"https:\/\/tiekejai.eu\/#\/schema\/logo\/image\/"},"sameAs":["https:\/\/www.facebook.com\/tiekejai.eu"]}]}},"_links":{"self":[{"href":"https:\/\/tiekejai.eu\/lv\/wp-json\/wp\/v2\/product\/1115","targetHints":{"allow":["GET"]}}],"collection":[{"href":"https:\/\/tiekejai.eu\/lv\/wp-json\/wp\/v2\/product"}],"about":[{"href":"https:\/\/tiekejai.eu\/lv\/wp-json\/wp\/v2\/types\/product"}],"version-history":[{"count":15,"href":"https:\/\/tiekejai.eu\/lv\/wp-json\/wp\/v2\/product\/1115\/revisions"}],"predecessor-version":[{"id":1967,"href":"https:\/\/tiekejai.eu\/lv\/wp-json\/wp\/v2\/product\/1115\/revisions\/1967"}],"wp:featuredmedia":[{"embeddable":true,"href":"https:\/\/tiekejai.eu\/lv\/wp-json\/wp\/v2\/media\/1528"}],"wp:attachment":[{"href":"https:\/\/tiekejai.eu\/lv\/wp-json\/wp\/v2\/media?parent=1115"}],"wp:term":[{"taxonomy":"product_brand","embeddable":true,"href":"https:\/\/tiekejai.eu\/lv\/wp-json\/wp\/v2\/product_brand?post=1115"},{"taxonomy":"product_cat","embeddable":true,"href":"https:\/\/tiekejai.eu\/lv\/wp-json\/wp\/v2\/product_cat?post=1115"},{"taxonomy":"product_tag","embeddable":true,"href":"https:\/\/tiekejai.eu\/lv\/wp-json\/wp\/v2\/product_tag?post=1115"}],"curies":[{"name":"wp","href":"https:\/\/api.w.org\/{rel}","templated":true}]}}