{"id":1098,"date":"2023-01-19T19:00:38","date_gmt":"2023-01-19T21:00:38","guid":{"rendered":"https:\/\/tiekejai.eu\/?post_type=product&#038;p=1098"},"modified":"2023-09-25T20:07:07","modified_gmt":"2023-09-25T22:07:07","slug":"dropship-piegadataju-saraksts","status":"publish","type":"product","link":"https:\/\/tiekejai.eu\/lv\/piegadataju-saraksti\/dropship-piegadataju-saraksts\/","title":{"rendered":"Dropship Pieg\u0101d\u0101t\u0101ju saraksts"},"content":{"rendered":"<p class=\"translation-block\">Vai esat tirgot\u0101js, kur\u0161 mekl\u0113 uzticamus dropship un vairumtirdzniec\u012bbas pieg\u0101d\u0101t\u0101jus, lai palielin\u0101tu sava biznesa efektivit\u0101ti un pe\u013c\u0146u? Tad m\u016bsu <strong>pieg\u0101d\u0101t\u0101ju saraksts<\/strong> ir lieliska izv\u0113le! M\u0113s pied\u0101v\u0101jam profesion\u0101lu <strong>pieg\u0101d\u0101t\u0101ju sarakstu<\/strong> ar pat 2500 pieg\u0101d\u0101t\u0101jiem un filtr\u0113\u0161anas funkciju, lai j\u016bs var\u0113tu daudz \u0101tr\u0101k atrast pareizo pieg\u0101d\u0101t\u0101ju.<\/p>\n<p class=\"translation-block\">M\u016bsu <strong>izlai\u017eamo pieg\u0101d\u0101t\u0101ju saraksts<\/strong> sniegs jums piek\u013cuvi ni\u0161as un ni\u0161as produktiem, kas var pal\u012bdz\u0113t piesaist\u012bt vair\u0101k klientu un palielin\u0101t ie\u0146\u0113mumus. Apskatiet m\u016bsu <strong>pieg\u0101d\u0101t\u0101ju sarakstu<\/strong>, lai ieg\u016btu lab\u0101k\u0101s cenas. Filtr\u0113\u0161anas funkcija \u013cauj j\u016bsu \u0113rt\u012bb\u0101m atrast pieg\u0101d\u0101t\u0101jus p\u0113c produktu kategorijas vai pat \u0123eogr\u0101fisk\u0101s atra\u0161an\u0101s vietas.<\/p>\n<p class=\"translation-block\">Turkl\u0101t m\u0113s pied\u0101v\u0101jam pla\u0161u pieg\u0101d\u0101t\u0101ju izv\u0113li, kas pied\u0101v\u0101 dropship biznesa modeli. Tas noz\u012bm\u0113, ka jums nav j\u0101p\u0113rk preces iepriek\u0161 un j\u0101uz\u0146emas p\u0101rpalikumu risks. Pieg\u0101d\u0101t\u0101ji, kas iek\u013cauti <strong>Dropship pieg\u0101d\u0101t\u0101ju sarakst\u0101<\/strong>, pieg\u0101d\u0101 produktus tie\u0161i j\u016bsu klientiem, t\u0101p\u0113c jums ir j\u0101pas\u016bta produkti tikai tad, kad jums jau ir pas\u016bt\u012bjums. Tas \u013cauj ietaup\u012bt daudz naudas un laika.<\/p>\n<p>Pieg\u0101d\u0101t\u0101ju sarakst\u0101 atrad\u012bsiet pieg\u0101d\u0101t\u0101jus, kas pied\u0101v\u0101 vairumtirdzniec\u012bbas cenas. Tas noz\u012bm\u0113, ka, ieg\u0101d\u0101joties liel\u0101ku pre\u010du daudzumu, jums tiks pied\u0101v\u0101ta daudz zem\u0101ka cena. Tas \u013cauj jums palielin\u0101t pe\u013c\u0146u, jo varat p\u0101rdot preces par augst\u0101ku cenu, bet joproj\u0101m saglab\u0101t konkur\u0113tsp\u0113j\u012bgas cenas saviem klientiem.<\/p>\n<p class=\"translation-block\">Tiekejai.eu profesion\u0101lais<strong>pieg\u0101d\u0101t\u0101ju saraksts<\/strong>ir lielisks risin\u0101jums gan jauniem, gan pieredz\u0113ju\u0161iem tirgot\u0101jiem, kuri v\u0113las papla\u0161in\u0101t savas biznesa iesp\u0113jas un palielin\u0101t pe\u013c\u0146u. Nepalaidiet gar\u0101m \u0161o unik\u0101lo iesp\u0113ju palielin\u0101t sava biznesa efektivit\u0101ti un pe\u013c\u0146u. Pas\u016btiet m\u016bsu profesion\u0101lo <strong>pieg\u0101d\u0101t\u0101ju sarakstu<\/strong> t\u016bl\u012bt un atrodiet \u012bsto pieg\u0101d\u0101t\u0101ju!<\/p>\n<p class=\"translation-block\">Ja jums ir ieguld\u012bjums un dom\u0101jat, ka pieg\u0101d\u0101t\u0101ju saraksts jums nepal\u012bdz\u0113s, varat pieteikties <a href=\"https:\/\/tiekejai.eu\/lv\/piegadataju-meklesana\/\" target=\"_self\">pieg\u0101d\u0101t\u0101ju mekl\u0113\u0161anai<\/a>.<\/p>\n<p>&nbsp;<\/p>\n<p>&nbsp;<\/p>","protected":false},"excerpt":{"rendered":"<p><strong><span style=\"vertical-align: inherit;\"><span style=\"vertical-align: inherit;\">Dropship pieg\u0101d\u0101t\u0101ju saraksts<\/span><\/span><\/strong><span style=\"vertical-align: inherit;\"><span style=\"vertical-align: inherit;\"> pav\u0113rs ce\u013cu vair\u0101k nek\u0101 2500 pieg\u0101d\u0101t\u0101jiem. Pieg\u0101d\u0101t\u0101ji no Lietuvas, Latvijas, Ukrainas, Polijas, V\u0101cijas, Turcijas, Javas, It\u0101lijas un cit\u0101m pasaules un Eiropas valst\u012bm. <\/span><\/span><strong><span style=\"vertical-align: inherit;\"><span style=\"vertical-align: inherit;\">Dropship pieg\u0101d\u0101t\u0101ju saraksts<\/span><\/span><\/strong><span style=\"vertical-align: inherit;\"><span style=\"vertical-align: inherit;\"> piek\u013cuve vispla\u0161\u0101kajai datu b\u0101zei Lietuv\u0101!<\/span><\/span><!--more--><\/p>\n<p><strong><span style=\"vertical-align: inherit;\"><span style=\"vertical-align: inherit;\">Pieg\u0101d\u0101t\u0101ju saraksts<\/span><\/span><\/strong><span style=\"vertical-align: inherit;\"><span style=\"vertical-align: inherit;\"> J\u016bs atrad\u012bsiet ne tikai vairumtirdzniec\u012bbas pieg\u0101d\u0101t\u0101jus, bet ar\u012b dropship pieg\u0101d\u0101t\u0101jus gandr\u012bz vis\u0101s kategorij\u0101s, tostarp ap\u0123\u0113rbu, auto\/moto, m\u0101jsaimniec\u012bbas pre\u010du, elektronikas, m\u0113be\u013cu, d\u0101rza pre\u010du, rota\u013clietu, t\u016brisma un atp\u016btas pre\u010du, sezonas pre\u010du un daudz\u0101s cit\u0101s, un \u0113rt\u0101 pieg\u0101d\u0101t\u0101ju filtr\u0113\u0161ana \u013caus jums daudz viegl\u0101k atrast pareizo izv\u0113li.<\/span><\/span><\/p>","protected":false},"featured_media":1523,"template":"","meta":{"_eb_attr":""},"product_brand":[],"product_cat":[46],"product_tag":[],"class_list":{"0":"post-1098","1":"product","2":"type-product","3":"status-publish","4":"has-post-thumbnail","6":"product_cat-tiekeju-sarasai","8":"first","9":"instock","10":"sale","11":"downloadable","12":"shipping-taxable","13":"purchasable","14":"product-type-simple"},"yoast_head":"<!-- This site is optimized with the Yoast SEO Premium plugin v23.6 (Yoast SEO v27.3) - https:\/\/yoast.com\/product\/yoast-seo-premium-wordpress\/ -->\n<title>Rinktinis 2500 dropship Tiek\u0117j\u0173 s\u0105ra\u0161as!<\/title>\n<meta name=\"description\" content=\"Pla\u010diausias ir rinktinis dropship tiek\u0117j\u0173 s\u0105ra\u0161as u\u017e geriausia kaina rinkoje! S\u0105ra\u0161\u0119 rasi net 2500 tiek\u0117j\u0173 su patogiu filtravimu ir verslo pamokomis!\" \/>\n<meta name=\"robots\" content=\"index, follow, max-snippet:-1, max-image-preview:large, max-video-preview:-1\" \/>\n<link rel=\"canonical\" href=\"https:\/\/tiekejai.eu\/lv\/piegadataju-saraksti\/dropship-piegadataju-saraksts\/\" \/>\n<meta property=\"og:locale\" content=\"lv_LV\" \/>\n<meta property=\"og:type\" content=\"article\" \/>\n<meta property=\"og:title\" content=\"Dropship Tiek\u0117j\u0173 S\u0105ra\u0161as\" \/>\n<meta property=\"og:description\" content=\"Pla\u010diausias ir rinktinis dropship tiek\u0117j\u0173 s\u0105ra\u0161as u\u017e geriausia kaina rinkoje! S\u0105ra\u0161\u0119 rasi net 2500 tiek\u0117j\u0173 su patogiu filtravimu ir verslo pamokomis!\" \/>\n<meta property=\"og:url\" content=\"https:\/\/tiekejai.eu\/lv\/piegadataju-saraksti\/dropship-piegadataju-saraksts\/\" \/>\n<meta property=\"og:site_name\" content=\"Tiekejai.eu\" \/>\n<meta property=\"article:publisher\" content=\"https:\/\/www.facebook.com\/tiekejai.eu\" \/>\n<meta property=\"article:modified_time\" content=\"2023-09-25T22:07:07+00:00\" \/>\n<meta property=\"og:image\" content=\"https:\/\/tiekejai.eu\/wp-content\/uploads\/2023\/01\/dropship_tiekeju_sarasas.png\" \/>\n\t<meta property=\"og:image:width\" content=\"1080\" \/>\n\t<meta property=\"og:image:height\" content=\"1080\" \/>\n\t<meta property=\"og:image:type\" content=\"image\/png\" \/>\n<meta name=\"twitter:card\" content=\"summary_large_image\" \/>\n<meta name=\"twitter:label1\" content=\"Est. reading time\" \/>\n\t<meta name=\"twitter:data1\" content=\"2 min\u016btes\" \/>\n<script type=\"application\/ld+json\" class=\"yoast-schema-graph\">{\"@context\":\"https:\\\/\\\/schema.org\",\"@graph\":[{\"@type\":\"WebPage\",\"@id\":\"https:\\\/\\\/tiekejai.eu\\\/tiekeju-sarasai\\\/dropship-tiekeju-sarasas\\\/\",\"url\":\"https:\\\/\\\/tiekejai.eu\\\/tiekeju-sarasai\\\/dropship-tiekeju-sarasas\\\/\",\"name\":\"Rinktinis 2500 dropship Tiek\u0117j\u0173 s\u0105ra\u0161as!\",\"isPartOf\":{\"@id\":\"https:\\\/\\\/tiekejai.eu\\\/#website\"},\"primaryImageOfPage\":{\"@id\":\"https:\\\/\\\/tiekejai.eu\\\/tiekeju-sarasai\\\/dropship-tiekeju-sarasas\\\/#primaryimage\"},\"image\":{\"@id\":\"https:\\\/\\\/tiekejai.eu\\\/tiekeju-sarasai\\\/dropship-tiekeju-sarasas\\\/#primaryimage\"},\"thumbnailUrl\":\"https:\\\/\\\/tiekejai.eu\\\/wp-content\\\/uploads\\\/2023\\\/01\\\/dropship_tiekeju_sarasas.png\",\"datePublished\":\"2023-01-19T21:00:38+00:00\",\"dateModified\":\"2023-09-25T22:07:07+00:00\",\"description\":\"Pla\u010diausias ir rinktinis dropship tiek\u0117j\u0173 s\u0105ra\u0161as u\u017e geriausia kaina rinkoje! S\u0105ra\u0161\u0119 rasi net 2500 tiek\u0117j\u0173 su patogiu filtravimu ir verslo pamokomis!\",\"breadcrumb\":{\"@id\":\"https:\\\/\\\/tiekejai.eu\\\/tiekeju-sarasai\\\/dropship-tiekeju-sarasas\\\/#breadcrumb\"},\"inLanguage\":\"lv-LV\",\"potentialAction\":[{\"@type\":\"ReadAction\",\"target\":[\"https:\\\/\\\/tiekejai.eu\\\/tiekeju-sarasai\\\/dropship-tiekeju-sarasas\\\/\"]}]},{\"@type\":\"ImageObject\",\"inLanguage\":\"lv-LV\",\"@id\":\"https:\\\/\\\/tiekejai.eu\\\/tiekeju-sarasai\\\/dropship-tiekeju-sarasas\\\/#primaryimage\",\"url\":\"https:\\\/\\\/tiekejai.eu\\\/wp-content\\\/uploads\\\/2023\\\/01\\\/dropship_tiekeju_sarasas.png\",\"contentUrl\":\"https:\\\/\\\/tiekejai.eu\\\/wp-content\\\/uploads\\\/2023\\\/01\\\/dropship_tiekeju_sarasas.png\",\"width\":1080,\"height\":1080,\"caption\":\"dropship tiekejai\"},{\"@type\":\"BreadcrumbList\",\"@id\":\"https:\\\/\\\/tiekejai.eu\\\/tiekeju-sarasai\\\/dropship-tiekeju-sarasas\\\/#breadcrumb\",\"itemListElement\":[{\"@type\":\"ListItem\",\"position\":1,\"name\":\"Home\",\"item\":\"https:\\\/\\\/tiekejai.eu\\\/\"},{\"@type\":\"ListItem\",\"position\":2,\"name\":\"Tiek\u0117j\u0173 s\u0105ra\u0161ai\",\"item\":\"https:\\\/\\\/tiekejai.eu\\\/tiekeju-sarasai\\\/\"},{\"@type\":\"ListItem\",\"position\":3,\"name\":\"Dropship Tiek\u0117j\u0173 S\u0105ra\u0161as\"}]},{\"@type\":\"WebSite\",\"@id\":\"https:\\\/\\\/tiekejai.eu\\\/#website\",\"url\":\"https:\\\/\\\/tiekejai.eu\\\/\",\"name\":\"Tiekejai.eu\",\"description\":\"\",\"publisher\":{\"@id\":\"https:\\\/\\\/tiekejai.eu\\\/#organization\"},\"potentialAction\":[{\"@type\":\"SearchAction\",\"target\":{\"@type\":\"EntryPoint\",\"urlTemplate\":\"https:\\\/\\\/tiekejai.eu\\\/?s={search_term_string}\"},\"query-input\":{\"@type\":\"PropertyValueSpecification\",\"valueRequired\":true,\"valueName\":\"search_term_string\"}}],\"inLanguage\":\"lv-LV\"},{\"@type\":\"Organization\",\"@id\":\"https:\\\/\\\/tiekejai.eu\\\/#organization\",\"name\":\"Tiekejai.eu | Preki\u0173 tiek\u0117j\u0173 ir gamintoj\u0173 paie\u0161ka\",\"url\":\"https:\\\/\\\/tiekejai.eu\\\/\",\"logo\":{\"@type\":\"ImageObject\",\"inLanguage\":\"lv-LV\",\"@id\":\"https:\\\/\\\/tiekejai.eu\\\/#\\\/schema\\\/logo\\\/image\\\/\",\"url\":\"http:\\\/\\\/tiekejai.eu\\\/wp-content\\\/uploads\\\/2021\\\/03\\\/cropped-cropped-Logo-transparent-backround-1.png\",\"contentUrl\":\"http:\\\/\\\/tiekejai.eu\\\/wp-content\\\/uploads\\\/2021\\\/03\\\/cropped-cropped-Logo-transparent-backround-1.png\",\"width\":65,\"height\":67,\"caption\":\"Tiekejai.eu | Preki\u0173 tiek\u0117j\u0173 ir gamintoj\u0173 paie\u0161ka\"},\"image\":{\"@id\":\"https:\\\/\\\/tiekejai.eu\\\/#\\\/schema\\\/logo\\\/image\\\/\"},\"sameAs\":[\"https:\\\/\\\/www.facebook.com\\\/tiekejai.eu\"]}]}<\/script>\n<!-- \/ Yoast SEO Premium plugin. -->","yoast_head_json":{"title":"Lab\u0101kais 2500 dropship pieg\u0101d\u0101t\u0101ju saraksts!","description":"Vispiln\u012bg\u0101kais un selekt\u012bv\u0101kais dropship pieg\u0101d\u0101t\u0101ju saraksts par lab\u0101ko cenu tirg\u016b! Atrodiet l\u012bdz 2500 dropship pieg\u0101d\u0101t\u0101ju ar vienk\u0101r\u0161u filtr\u0113\u0161anu un biznesa nodarb\u012bb\u0101m!","robots":{"index":"index","follow":"follow","max-snippet":"max-snippet:-1","max-image-preview":"max-image-preview:large","max-video-preview":"max-video-preview:-1"},"canonical":"https:\/\/tiekejai.eu\/lv\/piegadataju-saraksti\/dropship-piegadataju-saraksts\/","og_locale":"lv_LV","og_type":"article","og_title":"Dropship Tiek\u0117j\u0173 S\u0105ra\u0161as","og_description":"Pla\u010diausias ir rinktinis dropship tiek\u0117j\u0173 s\u0105ra\u0161as u\u017e geriausia kaina rinkoje! S\u0105ra\u0161\u0119 rasi net 2500 tiek\u0117j\u0173 su patogiu filtravimu ir verslo pamokomis!","og_url":"https:\/\/tiekejai.eu\/lv\/piegadataju-saraksti\/dropship-piegadataju-saraksts\/","og_site_name":"Tiekejai.eu","article_publisher":"https:\/\/www.facebook.com\/tiekejai.eu","article_modified_time":"2023-09-25T22:07:07+00:00","og_image":[{"width":1080,"height":1080,"url":"https:\/\/tiekejai.eu\/wp-content\/uploads\/2023\/01\/dropship_tiekeju_sarasas.png","type":"image\/png"}],"twitter_card":"summary_large_image","twitter_misc":{"Est. reading time":"2 min\u016btes"},"schema":{"@context":"https:\/\/schema.org","@graph":[{"@type":"WebPage","@id":"https:\/\/tiekejai.eu\/tiekeju-sarasai\/dropship-tiekeju-sarasas\/","url":"https:\/\/tiekejai.eu\/tiekeju-sarasai\/dropship-tiekeju-sarasas\/","name":"Lab\u0101kais 2500 dropship pieg\u0101d\u0101t\u0101ju saraksts!","isPartOf":{"@id":"https:\/\/tiekejai.eu\/#website"},"primaryImageOfPage":{"@id":"https:\/\/tiekejai.eu\/tiekeju-sarasai\/dropship-tiekeju-sarasas\/#primaryimage"},"image":{"@id":"https:\/\/tiekejai.eu\/tiekeju-sarasai\/dropship-tiekeju-sarasas\/#primaryimage"},"thumbnailUrl":"https:\/\/tiekejai.eu\/wp-content\/uploads\/2023\/01\/dropship_tiekeju_sarasas.png","datePublished":"2023-01-19T21:00:38+00:00","dateModified":"2023-09-25T22:07:07+00:00","description":"Vispiln\u012bg\u0101kais un selekt\u012bv\u0101kais dropship pieg\u0101d\u0101t\u0101ju saraksts par lab\u0101ko cenu tirg\u016b! Atrodiet l\u012bdz 2500 dropship pieg\u0101d\u0101t\u0101ju ar vienk\u0101r\u0161u filtr\u0113\u0161anu un biznesa nodarb\u012bb\u0101m!","breadcrumb":{"@id":"https:\/\/tiekejai.eu\/tiekeju-sarasai\/dropship-tiekeju-sarasas\/#breadcrumb"},"inLanguage":"lv-LV","potentialAction":[{"@type":"ReadAction","target":["https:\/\/tiekejai.eu\/tiekeju-sarasai\/dropship-tiekeju-sarasas\/"]}]},{"@type":"ImageObject","inLanguage":"lv-LV","@id":"https:\/\/tiekejai.eu\/tiekeju-sarasai\/dropship-tiekeju-sarasas\/#primaryimage","url":"https:\/\/tiekejai.eu\/wp-content\/uploads\/2023\/01\/dropship_tiekeju_sarasas.png","contentUrl":"https:\/\/tiekejai.eu\/wp-content\/uploads\/2023\/01\/dropship_tiekeju_sarasas.png","width":1080,"height":1080,"caption":"dropship tiekejai"},{"@type":"BreadcrumbList","@id":"https:\/\/tiekejai.eu\/tiekeju-sarasai\/dropship-tiekeju-sarasas\/#breadcrumb","itemListElement":[{"@type":"ListItem","position":1,"name":"Home","item":"https:\/\/tiekejai.eu\/"},{"@type":"ListItem","position":2,"name":"Tiek\u0117j\u0173 s\u0105ra\u0161ai","item":"https:\/\/tiekejai.eu\/tiekeju-sarasai\/"},{"@type":"ListItem","position":3,"name":"Dropship Tiek\u0117j\u0173 S\u0105ra\u0161as"}]},{"@type":"WebSite","@id":"https:\/\/tiekejai.eu\/#website","url":"https:\/\/tiekejai.eu\/","name":"Tiekejai.eu","description":"","publisher":{"@id":"https:\/\/tiekejai.eu\/#organization"},"potentialAction":[{"@type":"SearchAction","target":{"@type":"EntryPoint","urlTemplate":"https:\/\/tiekejai.eu\/?s={search_term_string}"},"query-input":{"@type":"PropertyValueSpecification","valueRequired":true,"valueName":"search_term_string"}}],"inLanguage":"lv-LV"},{"@type":"Organization","@id":"https:\/\/tiekejai.eu\/#organization","name":"tiekejai.eu | Pre\u010du pieg\u0101d\u0101t\u0101ju un ra\u017eot\u0101ju mekl\u0113\u0161ana","url":"https:\/\/tiekejai.eu\/","logo":{"@type":"ImageObject","inLanguage":"lv-LV","@id":"https:\/\/tiekejai.eu\/#\/schema\/logo\/image\/","url":"http:\/\/tiekejai.eu\/wp-content\/uploads\/2021\/03\/cropped-cropped-Logo-transparent-backround-1.png","contentUrl":"http:\/\/tiekejai.eu\/wp-content\/uploads\/2021\/03\/cropped-cropped-Logo-transparent-backround-1.png","width":65,"height":67,"caption":"Tiekejai.eu | Preki\u0173 tiek\u0117j\u0173 ir gamintoj\u0173 paie\u0161ka"},"image":{"@id":"https:\/\/tiekejai.eu\/#\/schema\/logo\/image\/"},"sameAs":["https:\/\/www.facebook.com\/tiekejai.eu"]}]}},"_links":{"self":[{"href":"https:\/\/tiekejai.eu\/lv\/wp-json\/wp\/v2\/product\/1098","targetHints":{"allow":["GET"]}}],"collection":[{"href":"https:\/\/tiekejai.eu\/lv\/wp-json\/wp\/v2\/product"}],"about":[{"href":"https:\/\/tiekejai.eu\/lv\/wp-json\/wp\/v2\/types\/product"}],"version-history":[{"count":10,"href":"https:\/\/tiekejai.eu\/lv\/wp-json\/wp\/v2\/product\/1098\/revisions"}],"predecessor-version":[{"id":1379,"href":"https:\/\/tiekejai.eu\/lv\/wp-json\/wp\/v2\/product\/1098\/revisions\/1379"}],"wp:featuredmedia":[{"embeddable":true,"href":"https:\/\/tiekejai.eu\/lv\/wp-json\/wp\/v2\/media\/1523"}],"wp:attachment":[{"href":"https:\/\/tiekejai.eu\/lv\/wp-json\/wp\/v2\/media?parent=1098"}],"wp:term":[{"taxonomy":"product_brand","embeddable":true,"href":"https:\/\/tiekejai.eu\/lv\/wp-json\/wp\/v2\/product_brand?post=1098"},{"taxonomy":"product_cat","embeddable":true,"href":"https:\/\/tiekejai.eu\/lv\/wp-json\/wp\/v2\/product_cat?post=1098"},{"taxonomy":"product_tag","embeddable":true,"href":"https:\/\/tiekejai.eu\/lv\/wp-json\/wp\/v2\/product_tag?post=1098"}],"curies":[{"name":"wp","href":"https:\/\/api.w.org\/{rel}","templated":true}]}}