{"id":469,"date":"2021-11-09T15:34:09","date_gmt":"2021-11-09T17:34:09","guid":{"rendered":"http:\/\/tiekejai.eu\/?page_id=469"},"modified":"2023-01-18T14:58:32","modified_gmt":"2023-01-18T16:58:32","slug":"privatuma-politika","status":"publish","type":"page","link":"https:\/\/tiekejai.eu\/lv\/privatuma-politika\/","title":{"rendered":"Konfidencialit\u0101tes politika"},"content":{"rendered":"<p><strong>Visp\u0101r\u012bgi noteikumi<\/strong><\/p>\n\n\n\n<p>\u0160ie Priv\u0101tuma noteikumi vietn\u0113 Tiekejai.eu (turpm\u0101k - Noteikumi) ir izstr\u0101d\u0101ti, lai nodro\u0161in\u0101tu J\u016bsu (turpm\u0101k - Klients) un Vietnes Tiekejai.eu (turpm\u0101k - Vietne) ties\u012bbas, noteiktu uz\u0146\u0113muma pien\u0101kumus un atbild\u012bbu. ab\u0101m pus\u0113m, personas datu aizsardz\u012bbas noteikumiem un citiem noteikumiem, kas saist\u012bti ar piepras\u012bjumu iesnieg\u0161anu Vietn\u0113. Iesniedzot piepras\u012bjumu, klients autom\u0101tiski apliecina, ka ir iepazinies ar \u0161iem Noteikumiem un piekr\u012bt tiem.<\/p>\n\n\n\n<p>Noteikumi ir j\u0101iev\u0113ro visiem Tiekejai.eu darbiniekiem (turpm\u0101k \u2013 Datu p\u0101rzinis) un pilnvarotaj\u0101m person\u0101m, kuras apstr\u0101d\u0101 personas datus vai uzzina par tiem, veicot savus pien\u0101kumus. Piek\u013cuvi personas datiem var pie\u0161\u0137irt tikai tiem darbiniekiem, kuriem tas nepiecie\u0161ams savu funkciju veik\u0161anai.<\/p>\n\n\n\n<p>Apmekl\u0113jot vietni Tiekejai.eu, m\u0113s no jums iev\u0101cam da\u017e\u0101du inform\u0101ciju, lai turpm\u0101k sniegtu lab\u0101kus pakalpojumus.<\/p>\n\n\n\n<p>Attiec\u012bgi, pas\u016btot vai re\u0123istr\u0113joties m\u016bsu vietn\u0113, jums var tikt l\u016bgts ievad\u012bt savu e-pasta adresi. Pasta adrese. Tom\u0113r j\u016bs varat apmekl\u0113t m\u016bsu vietni anon\u012bmi.<\/p>\n\n\n\n<p><strong>K\u0101dam nol\u016bkam m\u0113s izmantojam j\u016bsu inform\u0101ciju?<\/strong><\/p>\n\n\n\n<p>Jebkuru inform\u0101ciju, ko m\u0113s iev\u0101cam no jums, var izmantot vien\u0101 no \u0161iem veidiem:<\/p>\n\n\n\n<p>Lai personaliz\u0113tu j\u016bsu pieredzi \u2014 (j\u016bsu inform\u0101cija pal\u012bdz mums lab\u0101k apmierin\u0101t j\u016bsu individu\u0101l\u0101s vajadz\u012bbas)<\/p>\n\n\n\n<p>Uzlabojiet klientu apkalpo\u0161anu \u2014 (j\u016bsu inform\u0101cija pal\u012bdz mums efekt\u012bv\u0101k atbild\u0113t uz j\u016bsu klientu apkalpo\u0161anas jaut\u0101jumiem un atbalsta vajadz\u012bb\u0101m)<\/p>\n\n\n\n<p>Lai nos\u016bt\u012btu periodiskus atjaunin\u0101jumus<\/p>\n\n\n\n<p>e-pasts E-pasta adrese, kuru nor\u0101d\u012bj\u0101t pas\u016bt\u012bjuma apstr\u0101dei, tiks izmantota tikai, lai nos\u016bt\u012btu jums inform\u0101ciju un atjaunin\u0101jumus saist\u012bb\u0101 ar j\u016bsu pas\u016bt\u012bjumu.<\/p>\n\n\n\n<p>Piez\u012bme. Ja k\u0101dreiz v\u0113laties atteikties no turpm\u0101kiem e-pasta zi\u0146ojumiem Pasta abonementi, katrs e-pasts M\u0113s nodro\u0161in\u0101m abon\u0113\u0161anas atcel\u0161anas pogu e-pasta apak\u0161\u0101<\/p>\n\n\n\n<p><strong>K\u0101 m\u0113s aizsarg\u0101jam j\u016bsu inform\u0101ciju?<\/strong><\/p>\n\n\n\n<p>M\u0113s izmantojam da\u017e\u0101dus dro\u0161\u012bbas pas\u0101kumus, lai nodro\u0161in\u0101tu j\u016bsu personisk\u0101s inform\u0101cijas dro\u0161\u012bbu, kad ievad\u0101t, iesniedzat vai piek\u013c\u016bstat savai personiskajai inform\u0101cijai.<\/p>\n\n\n\n<p><strong>Vai m\u0113s izpau\u017eam k\u0101du inform\u0101ciju tre\u0161aj\u0101m person\u0101m?<\/strong><\/p>\n\n\n\n<p>M\u0113s nep\u0101rdodam, nep\u0101rdodam vai cit\u0101di nep\u0101rdodam j\u016bsu personisko inform\u0101ciju \u0101r\u0113j\u0101m pus\u0113m. Tas neietver uzticamas tre\u0161\u0101s puses, kas pal\u012bdz mums darboties m\u016bsu t\u012bmek\u013ca vietn\u0113, veikt uz\u0146\u0113m\u0113jdarb\u012bbu vai apkalpot j\u016bs, ja vien \u0161\u012bs puses piekr\u012bt saglab\u0101t \u0161\u012bs inform\u0101cijas konfidencialit\u0101ti. M\u0113s varam ar\u012b izpaust j\u016bsu inform\u0101ciju, ja uzskat\u0101m, ka t\u0101 ir piem\u0113rota, lai iev\u0113rotu likumu, \u012bstenotu m\u016bsu vietnes politikas vai aizsarg\u0101tu m\u016bsu vai citu personu ties\u012bbas, \u012bpa\u0161umu vai dro\u0161\u012bbu. Tom\u0113r personu neidentific\u0113jamu apmekl\u0113t\u0101ju inform\u0101ciju var sniegt cit\u0101m pus\u0113m m\u0101rketinga, rekl\u0101mas vai citiem nol\u016bkiem.<\/p>\n\n\n\n<p><strong>Tre\u0161\u0101s puses saites<\/strong><\/p>\n\n\n\n<p>Laiku pa laikam m\u0113s p\u0113c saviem ieskatiem varam iek\u013caut vai pied\u0101v\u0101t m\u016bsu t\u012bmek\u013ca vietn\u0113 tre\u0161o pu\u0161u produktus vai pakalpojumus. \u0160\u012bm tre\u0161o pu\u0161u vietn\u0113m ir atsevi\u0161\u0137as un neatkar\u012bgas priv\u0101tuma politikas. T\u0101p\u0113c m\u0113s neesam atbild\u012bgi par \u0161o saist\u012bto viet\u0146u saturu un darb\u012bb\u0101m. Tom\u0113r m\u0113s cen\u0161amies aizsarg\u0101t m\u016bsu vietnes integrit\u0101ti un priec\u0101jamies par jebk\u0101d\u0101m atsauksm\u0113m par \u0161\u012bm vietn\u0113m.<\/p>\n\n\n\n<p><strong>Atbilst\u012bba Lietuvas tie\u0161saistes priv\u0101tuma aizsardz\u012bbas likumam<\/strong><\/p>\n\n\n\n<p>T\u0101 k\u0101 m\u0113s augstu v\u0113rt\u0113jam j\u016bsu priv\u0101tumu, esam veiku\u0161i nepiecie\u0161amos piesardz\u012bbas pas\u0101kumus, lai iev\u0113rotu Lietuvas tie\u0161saistes priv\u0101tuma aizsardz\u012bbas likumus. T\u0101p\u0113c m\u0113s neizpaud\u012bsim j\u016bsu personisko inform\u0101ciju tre\u0161aj\u0101m person\u0101m bez j\u016bsu piekri\u0161anas.<\/p>\n\n\n\n<p><strong>Tie\u0161saistes priv\u0101tuma politika<\/strong><\/p>\n\n\n\n<p>\u0160\u012b tie\u0161saistes priv\u0101tuma politika attiecas tikai uz inform\u0101ciju, kas sav\u0101kta, izmantojot m\u016bsu vietni, nevis uz inform\u0101ciju, kas sav\u0101kta bezsaist\u0113.<\/p>\n\n\n\n<p><strong>J\u016bsu piekri\u0161ana<\/strong><\/p>\n\n\n\n<p>Izmantojot m\u016bsu vietni, j\u016bs piekr\u012btat m\u016bsu priv\u0101tuma politikai.<\/p>\n\n\n\n<p><strong>Izmai\u0146as m\u016bsu priv\u0101tuma politik\u0101<\/strong><\/p>\n\n\n\n<p>Ja m\u0113s nolemsim main\u012bt savu priv\u0101tuma politiku, m\u0113s public\u0113sim \u0161\u012bs izmai\u0146as \u0161aj\u0101 lap\u0101.<\/p>","protected":false},"excerpt":{"rendered":"<p>Bendrosios nuostatos \u0160ios Privatumo internetin\u0117je svetain\u0117je Tiekejai.eu taisykl\u0117s (toliau \u2013 Taisykl\u0117s) sudarytos siekiant u\u017etikrinti J\u016bs\u0173 (toliau \u2013 Klientas) ir internetin\u0117je svetain\u0117je Tiekejai.eu (toliau \u2013 Svetain\u0117) teises, nustatyti abiej\u0173 \u0161ali\u0173 pareigas, atsakomyb\u0119, asmens duomen\u0173 apsaugos taisykles, ir kitas su u\u017eklaus\u0173 pateikimui Svetain\u0117je susijusias nuostatas.&nbsp;Klientas pateikdamas u\u017eklaus\u0105 automati\u0161kai patvirtina, kad su \u0161iomis Taisykl\u0117mis susipa\u017eino ir su jomis&hellip; <br \/> <a class=\"button small blue\" href=\"https:\/\/tiekejai.eu\/lv\/privatuma-politika\/\">Las\u012bt vair\u0101k<\/a><\/p>","protected":false},"author":1,"featured_media":0,"parent":0,"menu_order":0,"comment_status":"closed","ping_status":"closed","template":"","meta":{"_eb_attr":"","footnotes":""},"class_list":["post-469","page","type-page","status-publish","hentry"],"yoast_head":"<!-- This site is optimized with the Yoast SEO Premium plugin v23.6 (Yoast SEO v27.3) - https:\/\/yoast.com\/product\/yoast-seo-premium-wordpress\/ -->\n<title>Privatumo politika - Tiekejai.eu<\/title>\n<meta name=\"robots\" content=\"index, follow, max-snippet:-1, max-image-preview:large, max-video-preview:-1\" \/>\n<link rel=\"canonical\" href=\"https:\/\/tiekejai.eu\/lv\/privatuma-politika\/\" \/>\n<meta property=\"og:locale\" content=\"lv_LV\" \/>\n<meta property=\"og:type\" content=\"article\" \/>\n<meta property=\"og:title\" content=\"Privatumo politika\" \/>\n<meta property=\"og:description\" content=\"Bendrosios nuostatos \u0160ios Privatumo internetin\u0117je svetain\u0117je Tiekejai.eu taisykl\u0117s (toliau \u2013 Taisykl\u0117s) sudarytos siekiant u\u017etikrinti J\u016bs\u0173 (toliau \u2013 Klientas) ir internetin\u0117je svetain\u0117je Tiekejai.eu (toliau \u2013 Svetain\u0117) teises, nustatyti abiej\u0173 \u0161ali\u0173 pareigas, atsakomyb\u0119, asmens duomen\u0173 apsaugos taisykles, ir kitas su u\u017eklaus\u0173 pateikimui Svetain\u0117je susijusias nuostatas.&nbsp;Klientas pateikdamas u\u017eklaus\u0105 automati\u0161kai patvirtina, kad su \u0161iomis Taisykl\u0117mis susipa\u017eino ir su jomis&hellip; Read more\" \/>\n<meta property=\"og:url\" content=\"https:\/\/tiekejai.eu\/lv\/privatuma-politika\/\" \/>\n<meta property=\"og:site_name\" content=\"Tiekejai.eu\" \/>\n<meta property=\"article:publisher\" content=\"https:\/\/www.facebook.com\/tiekejai.eu\" \/>\n<meta property=\"article:modified_time\" content=\"2023-01-18T16:58:32+00:00\" \/>\n<meta name=\"twitter:card\" content=\"summary_large_image\" \/>\n<meta name=\"twitter:label1\" content=\"Est. reading time\" \/>\n\t<meta name=\"twitter:data1\" content=\"3 min\u016btes\" \/>\n<script type=\"application\/ld+json\" class=\"yoast-schema-graph\">{\"@context\":\"https:\\\/\\\/schema.org\",\"@graph\":[{\"@type\":\"WebPage\",\"@id\":\"https:\\\/\\\/tiekejai.eu\\\/privatumo-politika\\\/\",\"url\":\"https:\\\/\\\/tiekejai.eu\\\/privatumo-politika\\\/\",\"name\":\"Privatumo politika - Tiekejai.eu\",\"isPartOf\":{\"@id\":\"https:\\\/\\\/tiekejai.eu\\\/#website\"},\"datePublished\":\"2021-11-09T17:34:09+00:00\",\"dateModified\":\"2023-01-18T16:58:32+00:00\",\"breadcrumb\":{\"@id\":\"https:\\\/\\\/tiekejai.eu\\\/privatumo-politika\\\/#breadcrumb\"},\"inLanguage\":\"lv-LV\",\"potentialAction\":[{\"@type\":\"ReadAction\",\"target\":[\"https:\\\/\\\/tiekejai.eu\\\/privatumo-politika\\\/\"]}]},{\"@type\":\"BreadcrumbList\",\"@id\":\"https:\\\/\\\/tiekejai.eu\\\/privatumo-politika\\\/#breadcrumb\",\"itemListElement\":[{\"@type\":\"ListItem\",\"position\":1,\"name\":\"Home\",\"item\":\"https:\\\/\\\/tiekejai.eu\\\/\"},{\"@type\":\"ListItem\",\"position\":2,\"name\":\"Privatumo politika\"}]},{\"@type\":\"WebSite\",\"@id\":\"https:\\\/\\\/tiekejai.eu\\\/#website\",\"url\":\"https:\\\/\\\/tiekejai.eu\\\/\",\"name\":\"Tiekejai.eu\",\"description\":\"\",\"publisher\":{\"@id\":\"https:\\\/\\\/tiekejai.eu\\\/#organization\"},\"potentialAction\":[{\"@type\":\"SearchAction\",\"target\":{\"@type\":\"EntryPoint\",\"urlTemplate\":\"https:\\\/\\\/tiekejai.eu\\\/?s={search_term_string}\"},\"query-input\":{\"@type\":\"PropertyValueSpecification\",\"valueRequired\":true,\"valueName\":\"search_term_string\"}}],\"inLanguage\":\"lv-LV\"},{\"@type\":\"Organization\",\"@id\":\"https:\\\/\\\/tiekejai.eu\\\/#organization\",\"name\":\"Tiekejai.eu | Preki\u0173 tiek\u0117j\u0173 ir gamintoj\u0173 paie\u0161ka\",\"url\":\"https:\\\/\\\/tiekejai.eu\\\/\",\"logo\":{\"@type\":\"ImageObject\",\"inLanguage\":\"lv-LV\",\"@id\":\"https:\\\/\\\/tiekejai.eu\\\/#\\\/schema\\\/logo\\\/image\\\/\",\"url\":\"http:\\\/\\\/tiekejai.eu\\\/wp-content\\\/uploads\\\/2021\\\/03\\\/cropped-cropped-Logo-transparent-backround-1.png\",\"contentUrl\":\"http:\\\/\\\/tiekejai.eu\\\/wp-content\\\/uploads\\\/2021\\\/03\\\/cropped-cropped-Logo-transparent-backround-1.png\",\"width\":65,\"height\":67,\"caption\":\"Tiekejai.eu | Preki\u0173 tiek\u0117j\u0173 ir gamintoj\u0173 paie\u0161ka\"},\"image\":{\"@id\":\"https:\\\/\\\/tiekejai.eu\\\/#\\\/schema\\\/logo\\\/image\\\/\"},\"sameAs\":[\"https:\\\/\\\/www.facebook.com\\\/tiekejai.eu\"]}]}<\/script>\n<!-- \/ Yoast SEO Premium plugin. -->","yoast_head_json":{"title":"Priv\u0101tuma politika - Tiekejai.eu","robots":{"index":"index","follow":"follow","max-snippet":"max-snippet:-1","max-image-preview":"max-image-preview:large","max-video-preview":"max-video-preview:-1"},"canonical":"https:\/\/tiekejai.eu\/lv\/privatuma-politika\/","og_locale":"lv_LV","og_type":"article","og_title":"Privatumo politika","og_description":"Bendrosios nuostatos \u0160ios Privatumo internetin\u0117je svetain\u0117je Tiekejai.eu taisykl\u0117s (toliau \u2013 Taisykl\u0117s) sudarytos siekiant u\u017etikrinti J\u016bs\u0173 (toliau \u2013 Klientas) ir internetin\u0117je svetain\u0117je Tiekejai.eu (toliau \u2013 Svetain\u0117) teises, nustatyti abiej\u0173 \u0161ali\u0173 pareigas, atsakomyb\u0119, asmens duomen\u0173 apsaugos taisykles, ir kitas su u\u017eklaus\u0173 pateikimui Svetain\u0117je susijusias nuostatas.&nbsp;Klientas pateikdamas u\u017eklaus\u0105 automati\u0161kai patvirtina, kad su \u0161iomis Taisykl\u0117mis susipa\u017eino ir su jomis&hellip; Read more","og_url":"https:\/\/tiekejai.eu\/lv\/privatuma-politika\/","og_site_name":"Tiekejai.eu","article_publisher":"https:\/\/www.facebook.com\/tiekejai.eu","article_modified_time":"2023-01-18T16:58:32+00:00","twitter_card":"summary_large_image","twitter_misc":{"Est. reading time":"3 min\u016btes"},"schema":{"@context":"https:\/\/schema.org","@graph":[{"@type":"WebPage","@id":"https:\/\/tiekejai.eu\/privatumo-politika\/","url":"https:\/\/tiekejai.eu\/privatumo-politika\/","name":"Priv\u0101tuma politika - Tiekejai.eu","isPartOf":{"@id":"https:\/\/tiekejai.eu\/#website"},"datePublished":"2021-11-09T17:34:09+00:00","dateModified":"2023-01-18T16:58:32+00:00","breadcrumb":{"@id":"https:\/\/tiekejai.eu\/privatumo-politika\/#breadcrumb"},"inLanguage":"lv-LV","potentialAction":[{"@type":"ReadAction","target":["https:\/\/tiekejai.eu\/privatumo-politika\/"]}]},{"@type":"BreadcrumbList","@id":"https:\/\/tiekejai.eu\/privatumo-politika\/#breadcrumb","itemListElement":[{"@type":"ListItem","position":1,"name":"Home","item":"https:\/\/tiekejai.eu\/"},{"@type":"ListItem","position":2,"name":"Privatumo politika"}]},{"@type":"WebSite","@id":"https:\/\/tiekejai.eu\/#website","url":"https:\/\/tiekejai.eu\/","name":"Tiekejai.eu","description":"","publisher":{"@id":"https:\/\/tiekejai.eu\/#organization"},"potentialAction":[{"@type":"SearchAction","target":{"@type":"EntryPoint","urlTemplate":"https:\/\/tiekejai.eu\/?s={search_term_string}"},"query-input":{"@type":"PropertyValueSpecification","valueRequired":true,"valueName":"search_term_string"}}],"inLanguage":"lv-LV"},{"@type":"Organization","@id":"https:\/\/tiekejai.eu\/#organization","name":"tiekejai.eu | Pre\u010du pieg\u0101d\u0101t\u0101ju un ra\u017eot\u0101ju mekl\u0113\u0161ana","url":"https:\/\/tiekejai.eu\/","logo":{"@type":"ImageObject","inLanguage":"lv-LV","@id":"https:\/\/tiekejai.eu\/#\/schema\/logo\/image\/","url":"http:\/\/tiekejai.eu\/wp-content\/uploads\/2021\/03\/cropped-cropped-Logo-transparent-backround-1.png","contentUrl":"http:\/\/tiekejai.eu\/wp-content\/uploads\/2021\/03\/cropped-cropped-Logo-transparent-backround-1.png","width":65,"height":67,"caption":"Tiekejai.eu | Preki\u0173 tiek\u0117j\u0173 ir gamintoj\u0173 paie\u0161ka"},"image":{"@id":"https:\/\/tiekejai.eu\/#\/schema\/logo\/image\/"},"sameAs":["https:\/\/www.facebook.com\/tiekejai.eu"]}]}},"_links":{"self":[{"href":"https:\/\/tiekejai.eu\/lv\/wp-json\/wp\/v2\/pages\/469","targetHints":{"allow":["GET"]}}],"collection":[{"href":"https:\/\/tiekejai.eu\/lv\/wp-json\/wp\/v2\/pages"}],"about":[{"href":"https:\/\/tiekejai.eu\/lv\/wp-json\/wp\/v2\/types\/page"}],"author":[{"embeddable":true,"href":"https:\/\/tiekejai.eu\/lv\/wp-json\/wp\/v2\/users\/1"}],"replies":[{"embeddable":true,"href":"https:\/\/tiekejai.eu\/lv\/wp-json\/wp\/v2\/comments?post=469"}],"version-history":[{"count":2,"href":"https:\/\/tiekejai.eu\/lv\/wp-json\/wp\/v2\/pages\/469\/revisions"}],"predecessor-version":[{"id":1017,"href":"https:\/\/tiekejai.eu\/lv\/wp-json\/wp\/v2\/pages\/469\/revisions\/1017"}],"wp:attachment":[{"href":"https:\/\/tiekejai.eu\/lv\/wp-json\/wp\/v2\/media?parent=469"}],"curies":[{"name":"wp","href":"https:\/\/api.w.org\/{rel}","templated":true}]}}