{"id":2199,"date":"2025-03-27T18:40:45","date_gmt":"2025-03-27T20:40:45","guid":{"rendered":"https:\/\/tiekejai.eu\/?post_type=product&#038;p=2199"},"modified":"2025-03-27T18:57:52","modified_gmt":"2025-03-27T20:57:52","slug":"tooriistade-loetelu","status":"publish","type":"product","link":"https:\/\/tiekejai.eu\/et\/tarnijate-nimekirjad\/tooriistade-loetelu\/","title":{"rendered":"1000+ AI t\u00f6\u00f6riistade nimekiri - parimad AI lahendused"},"content":{"rendered":"<p class=\"translation-block\" data-start=\"590\" data-end=\"858\">Tehisintellekti tehnoloogiad arenevad kiiresti ja on muutumas oluliseks t\u00f6\u00f6riistaks paljudes t\u00f6\u00f6stusharudes. <strong data-start=\"691\" data-end=\"744\">Startupid, v\u00e4ikeettev\u00f5tted ja suurettev\u00f5tted<\/strong> p\u00f6\u00f6rduvad \u00fcha enam tehisintellekti lahenduste poole, et suurendada t\u00f5husust, optimeerida protsesse ja v\u00e4hendada kulusid.<\/p>\n<p class=\"translation-block\" data-start=\"860\" data-end=\"1636\"><strong data-start=\"860\" data-end=\"889\">Liikumine \u00fcle 1000 tehisintellekti t\u00f6\u00f6riista<\/strong> annab teile p\u00f5hjaliku juurdep\u00e4\u00e4su uusimatele tehisintellekti rakendustele:<br data-start=\"955\" data-end=\"958\">\ud83d\udd39 <strong data-start=\"961\" data-end=\"1,000\">Automaatne klienditeenindus<\/strong> - &lt;a href=&quot;http:\/\/startmsg.<strong>AI-juhitavad juturobotid<\/strong><\/a>, k\u00f5nekeskused ja isiklikud assistendid.<br data-start=\"1069\" data-end=\"1072\">\ud83d\udd39 <strong data-start=\"1075\" data-end=\"1094\">Sisuhtluse loomine<\/strong> - AI-ga loodud artiklid, pildid, videod ja muusika.<strong data-start=\"1160\" data-end=\"1163\">\ud83d\udd39 <strong data-start=\"1166\" data-end=\"1200\">Seotsingu- ja digiturunduse jaoks<\/strong> - AI aitab teil luua optimeeritud sisu, anal\u00fc\u00fcsida m\u00e4rks\u00f5nu ja hallata reklaamikampaaniaid.<br data-start=\"1299\" data-end=\"1302\">\ud83d\udd39 <strong data-start=\"1305\" data-end=\"1322\">E-kaubandus<\/strong> - AI-p\u00f5hised soovituss\u00fcsteemid, automatiseeritud klientide segmenteerimine ja personaliseeritud pakkumised.<strong data-start=\"1414\" data-end=\"1417\">\ud83d\udd39 <strong data-start=\"1420\" data-end=\"1454\">Andmeanal\u00fc\u00fcsiks ja prognoosimiseks<\/strong> - AI aitab ettev\u00f5tetel teha otsuseid reaalsete andmete p\u00f5hjal.<strong data-start=\"1525\" data-end=\"1528\">\ud83d\udd39 <strong data-start=\"1531\" data-end=\"1574\">Programmeerimiseks ja kodeerimise optimeerimiseks<\/strong> - AI-ga genereeritud kood, vigade parandamine ja j\u00f5udluse anal\u00fc\u00fcs.<\/p>\n<h3 class=\"\" data-start=\"1638\" data-end=\"1683\"><strong data-start=\"1642\" data-end=\"1681\">Kellele on see tehisintellekti t\u00f6\u00f6riistade nimekiri m\u00f5eldud?<\/strong><\/h3>\n<p class=\"translation-block\" data-start=\"1684\" data-end=\"2224\">\u2705 <strong data-start=\"1686\" data-end=\"1697\">Business<\/strong> - Ettev\u00f5tted leiavad tehisintellekti vahendeid, mis aitavad neil suurendada m\u00fc\u00fcki, parandada klienditeenindust ja automatiseerida igap\u00e4evaseid \u00fclesandeid.<br data-start=\"1831\" data-end=\"1834\">\u2705 <strong data-start=\"1836\" data-end=\"1856\">Sisut\u00f6\u00f6tlejatele<\/strong> - AI v\u00f5ib aidata teil ideid genereerida, artikleid kirjutada, graafikat luua ja videoid redigeerida.<br data-start=\"1953\" data-end=\"1956\">\u2705 <strong data-start=\"1958\" data-end=\"1986\">Marketingi tegijatele<\/strong> - AI optimeerib digitaalseid reklaamikampaaniaid, anal\u00fc\u00fcsib turutrende ja aitab SEOga.<br data-start=\"2085\" data-end=\"2088\">\u2705 <strong data-start=\"2090\" data-end=\"2109\">Ehitajatele<\/strong> - AI v\u00f5ib kiirendada kodeerimisprotsessi, automatiseerida testimist ja lihtsustada vigade parandamist.<\/p>\n<p class=\"translation-block\" data-start=\"2226\" data-end=\"2539\">\ud83d\ude80 <strong data-start=\"2229\" data-end=\"2274\">Miks osta see AI t\u00f6\u00f6riistade nimekiri?<\/strong><br data-start=\"2274\" data-end=\"2277\">\u2714\ufe0f Lihtne juurdep\u00e4\u00e4s uusimatele AI tehnoloogiatele.<br data-start=\"2326\" data-end=\"2329\">\u2714\ufe0f S\u00e4\u00e4sta aega oma ettev\u00f5tte jaoks sobivate t\u00f6\u00f6riistade otsimiseks.<br data-start=\"2394\" data-end=\"2397\">\u2714\ufe0f Saate inspiratsiooni sellest, kuidas AI v\u00f5ib teie t\u00f6\u00f6protsesse parandada.<br data-start=\"2461\" data-end=\"2464\">\u2714\ufe0f Pidevalt uuendatud andmebaas uusimate lahendustega.<\/p>\n<p class=\"translation-block\" data-start=\"2541\" data-end=\"2607\">\ud83d\uded2 <strong data-start=\"2544\" data-end=\"2605\">Ostke n\u00fc\u00fcd ja avasta AI v\u00f5imalused koos <a href=\"http:\/\/tiekejai.eu\/et\/\" target=\"_self\">Tiekejai.eu<\/a>!\"<\/strong>.<\/p>","protected":false},"excerpt":{"rendered":"<p>\u00dcle 1000 tehisintellekti t\u00f6\u00f6riista p\u00f5hjalik loetelu, mis aitab teil leida oma ettev\u00f5tte jaoks parimaid lahendusi. Avastage vestlusrobotid, automaatikas\u00fcsteemid, pildi loomise t\u00f6\u00f6riistad, sisuloomeplatvormid ja paljud teised t\u00e4iustatud AI-tehnoloogiad!<\/p>","protected":false},"featured_media":2201,"template":"","meta":{"_eb_attr":""},"product_brand":[],"product_cat":[46],"product_tag":[],"class_list":{"0":"post-2199","1":"product","2":"type-product","3":"status-publish","4":"has-post-thumbnail","6":"product_cat-tiekeju-sarasai","8":"first","9":"instock","10":"sale","11":"downloadable","12":"shipping-taxable","13":"purchasable","14":"product-type-simple"},"yoast_head":"<!-- This site is optimized with the Yoast SEO Premium plugin v23.6 (Yoast SEO v27.3) - https:\/\/yoast.com\/product\/yoast-seo-premium-wordpress\/ -->\n<title>\ud83d\udd0d 1,000+ AI \u012franki\u0173 s\u0105ra\u0161as | Dirbtinio intelekto sprendimai<\/title>\n<meta name=\"description\" content=\"Atraskite daugiau nei 1,000 pa\u017eangiausi\u0173 AI \u012franki\u0173 vienoje vietoje! Chatbot&#039;ai, turinio k\u016brimas, automatizavimas, duomen\u0173 analiz\u0117 \u2013 viskas, ko reikia\" \/>\n<meta name=\"robots\" content=\"index, follow, max-snippet:-1, max-image-preview:large, max-video-preview:-1\" \/>\n<link rel=\"canonical\" href=\"https:\/\/tiekejai.eu\/et\/tarnijate-nimekirjad\/tooriistade-loetelu\/\" \/>\n<meta property=\"og:locale\" content=\"et_EE\" \/>\n<meta property=\"og:type\" content=\"article\" \/>\n<meta property=\"og:title\" content=\"1,000+ AI \u012eranki\u0173 S\u0105ra\u0161as \u2013 Geriausi dirbtinio intelekto sprendimai\" \/>\n<meta property=\"og:description\" content=\"Atraskite daugiau nei 1,000 pa\u017eangiausi\u0173 AI \u012franki\u0173 vienoje vietoje! Chatbot&#039;ai, turinio k\u016brimas, automatizavimas, duomen\u0173 analiz\u0117 \u2013 viskas, ko reikia\" \/>\n<meta property=\"og:url\" content=\"https:\/\/tiekejai.eu\/et\/tarnijate-nimekirjad\/tooriistade-loetelu\/\" \/>\n<meta property=\"og:site_name\" content=\"Tiekejai.eu\" \/>\n<meta property=\"article:publisher\" content=\"https:\/\/www.facebook.com\/tiekejai.eu\" \/>\n<meta property=\"article:modified_time\" content=\"2025-03-27T20:57:52+00:00\" \/>\n<meta property=\"og:image\" content=\"https:\/\/tiekejai.eu\/wp-content\/uploads\/2025\/03\/ai_irankiu_sarasas.png\" \/>\n\t<meta property=\"og:image:width\" content=\"1024\" \/>\n\t<meta property=\"og:image:height\" content=\"1024\" \/>\n\t<meta property=\"og:image:type\" content=\"image\/png\" \/>\n<meta name=\"twitter:card\" content=\"summary_large_image\" \/>\n<meta name=\"twitter:label1\" content=\"Est. reading time\" \/>\n\t<meta name=\"twitter:data1\" content=\"2 minutit\" \/>\n<script type=\"application\/ld+json\" class=\"yoast-schema-graph\">{\"@context\":\"https:\\\/\\\/schema.org\",\"@graph\":[{\"@type\":\"WebPage\",\"@id\":\"https:\\\/\\\/tiekejai.eu\\\/tiekeju-sarasai\\\/ai-irankiu-sarasas\\\/\",\"url\":\"https:\\\/\\\/tiekejai.eu\\\/tiekeju-sarasai\\\/ai-irankiu-sarasas\\\/\",\"name\":\"\ud83d\udd0d 1,000+ AI \u012franki\u0173 s\u0105ra\u0161as | Dirbtinio intelekto sprendimai\",\"isPartOf\":{\"@id\":\"https:\\\/\\\/tiekejai.eu\\\/#website\"},\"primaryImageOfPage\":{\"@id\":\"https:\\\/\\\/tiekejai.eu\\\/tiekeju-sarasai\\\/ai-irankiu-sarasas\\\/#primaryimage\"},\"image\":{\"@id\":\"https:\\\/\\\/tiekejai.eu\\\/tiekeju-sarasai\\\/ai-irankiu-sarasas\\\/#primaryimage\"},\"thumbnailUrl\":\"https:\\\/\\\/tiekejai.eu\\\/wp-content\\\/uploads\\\/2025\\\/03\\\/ai_irankiu_sarasas.png\",\"datePublished\":\"2025-03-27T20:40:45+00:00\",\"dateModified\":\"2025-03-27T20:57:52+00:00\",\"description\":\"Atraskite daugiau nei 1,000 pa\u017eangiausi\u0173 AI \u012franki\u0173 vienoje vietoje! Chatbot'ai, turinio k\u016brimas, automatizavimas, duomen\u0173 analiz\u0117 \u2013 viskas, ko reikia\",\"breadcrumb\":{\"@id\":\"https:\\\/\\\/tiekejai.eu\\\/tiekeju-sarasai\\\/ai-irankiu-sarasas\\\/#breadcrumb\"},\"inLanguage\":\"et\",\"potentialAction\":[{\"@type\":\"ReadAction\",\"target\":[\"https:\\\/\\\/tiekejai.eu\\\/tiekeju-sarasai\\\/ai-irankiu-sarasas\\\/\"]}]},{\"@type\":\"ImageObject\",\"inLanguage\":\"et\",\"@id\":\"https:\\\/\\\/tiekejai.eu\\\/tiekeju-sarasai\\\/ai-irankiu-sarasas\\\/#primaryimage\",\"url\":\"https:\\\/\\\/tiekejai.eu\\\/wp-content\\\/uploads\\\/2025\\\/03\\\/ai_irankiu_sarasas.png\",\"contentUrl\":\"https:\\\/\\\/tiekejai.eu\\\/wp-content\\\/uploads\\\/2025\\\/03\\\/ai_irankiu_sarasas.png\",\"width\":1024,\"height\":1024},{\"@type\":\"BreadcrumbList\",\"@id\":\"https:\\\/\\\/tiekejai.eu\\\/tiekeju-sarasai\\\/ai-irankiu-sarasas\\\/#breadcrumb\",\"itemListElement\":[{\"@type\":\"ListItem\",\"position\":1,\"name\":\"Home\",\"item\":\"https:\\\/\\\/tiekejai.eu\\\/\"},{\"@type\":\"ListItem\",\"position\":2,\"name\":\"Tiek\u0117j\u0173 s\u0105ra\u0161ai\",\"item\":\"https:\\\/\\\/tiekejai.eu\\\/tiekeju-sarasai\\\/\"},{\"@type\":\"ListItem\",\"position\":3,\"name\":\"1,000+ AI \u012eranki\u0173 S\u0105ra\u0161as \u2013 Geriausi dirbtinio intelekto sprendimai\"}]},{\"@type\":\"WebSite\",\"@id\":\"https:\\\/\\\/tiekejai.eu\\\/#website\",\"url\":\"https:\\\/\\\/tiekejai.eu\\\/\",\"name\":\"Tiekejai.eu\",\"description\":\"\",\"publisher\":{\"@id\":\"https:\\\/\\\/tiekejai.eu\\\/#organization\"},\"potentialAction\":[{\"@type\":\"SearchAction\",\"target\":{\"@type\":\"EntryPoint\",\"urlTemplate\":\"https:\\\/\\\/tiekejai.eu\\\/?s={search_term_string}\"},\"query-input\":{\"@type\":\"PropertyValueSpecification\",\"valueRequired\":true,\"valueName\":\"search_term_string\"}}],\"inLanguage\":\"et\"},{\"@type\":\"Organization\",\"@id\":\"https:\\\/\\\/tiekejai.eu\\\/#organization\",\"name\":\"Tiekejai.eu | Preki\u0173 tiek\u0117j\u0173 ir gamintoj\u0173 paie\u0161ka\",\"url\":\"https:\\\/\\\/tiekejai.eu\\\/\",\"logo\":{\"@type\":\"ImageObject\",\"inLanguage\":\"et\",\"@id\":\"https:\\\/\\\/tiekejai.eu\\\/#\\\/schema\\\/logo\\\/image\\\/\",\"url\":\"http:\\\/\\\/tiekejai.eu\\\/wp-content\\\/uploads\\\/2021\\\/03\\\/cropped-cropped-Logo-transparent-backround-1.png\",\"contentUrl\":\"http:\\\/\\\/tiekejai.eu\\\/wp-content\\\/uploads\\\/2021\\\/03\\\/cropped-cropped-Logo-transparent-backround-1.png\",\"width\":65,\"height\":67,\"caption\":\"Tiekejai.eu | Preki\u0173 tiek\u0117j\u0173 ir gamintoj\u0173 paie\u0161ka\"},\"image\":{\"@id\":\"https:\\\/\\\/tiekejai.eu\\\/#\\\/schema\\\/logo\\\/image\\\/\"},\"sameAs\":[\"https:\\\/\\\/www.facebook.com\\\/tiekejai.eu\"]}]}<\/script>\n<!-- \/ Yoast SEO Premium plugin. -->","yoast_head_json":{"title":"\ud83d\udd0d 1,000+ AI t\u00f6\u00f6riistade nimekiri | Tehisintellekti lahendused","description":"Avasta rohkem kui 1000 tipptasemel tehisintellekti t\u00f6\u00f6riista \u00fches kohas! Vestlusrobotid, sisuloomine, automatiseerimine, andmeanal\u00fc\u00fcs - k\u00f5ik, mida vajate","robots":{"index":"index","follow":"follow","max-snippet":"max-snippet:-1","max-image-preview":"max-image-preview:large","max-video-preview":"max-video-preview:-1"},"canonical":"https:\/\/tiekejai.eu\/et\/tarnijate-nimekirjad\/tooriistade-loetelu\/","og_locale":"et_EE","og_type":"article","og_title":"1,000+ AI \u012eranki\u0173 S\u0105ra\u0161as \u2013 Geriausi dirbtinio intelekto sprendimai","og_description":"Atraskite daugiau nei 1,000 pa\u017eangiausi\u0173 AI \u012franki\u0173 vienoje vietoje! Chatbot'ai, turinio k\u016brimas, automatizavimas, duomen\u0173 analiz\u0117 \u2013 viskas, ko reikia","og_url":"https:\/\/tiekejai.eu\/et\/tarnijate-nimekirjad\/tooriistade-loetelu\/","og_site_name":"Tiekejai.eu","article_publisher":"https:\/\/www.facebook.com\/tiekejai.eu","article_modified_time":"2025-03-27T20:57:52+00:00","og_image":[{"width":1024,"height":1024,"url":"https:\/\/tiekejai.eu\/wp-content\/uploads\/2025\/03\/ai_irankiu_sarasas.png","type":"image\/png"}],"twitter_card":"summary_large_image","twitter_misc":{"Est. reading time":"2 minutit"},"schema":{"@context":"https:\/\/schema.org","@graph":[{"@type":"WebPage","@id":"https:\/\/tiekejai.eu\/tiekeju-sarasai\/ai-irankiu-sarasas\/","url":"https:\/\/tiekejai.eu\/tiekeju-sarasai\/ai-irankiu-sarasas\/","name":"\ud83d\udd0d 1,000+ AI t\u00f6\u00f6riistade nimekiri | Tehisintellekti lahendused","isPartOf":{"@id":"https:\/\/tiekejai.eu\/#website"},"primaryImageOfPage":{"@id":"https:\/\/tiekejai.eu\/tiekeju-sarasai\/ai-irankiu-sarasas\/#primaryimage"},"image":{"@id":"https:\/\/tiekejai.eu\/tiekeju-sarasai\/ai-irankiu-sarasas\/#primaryimage"},"thumbnailUrl":"https:\/\/tiekejai.eu\/wp-content\/uploads\/2025\/03\/ai_irankiu_sarasas.png","datePublished":"2025-03-27T20:40:45+00:00","dateModified":"2025-03-27T20:57:52+00:00","description":"Avasta rohkem kui 1000 tipptasemel tehisintellekti t\u00f6\u00f6riista \u00fches kohas! Vestlusrobotid, sisuloomine, automatiseerimine, andmeanal\u00fc\u00fcs - k\u00f5ik, mida vajate","breadcrumb":{"@id":"https:\/\/tiekejai.eu\/tiekeju-sarasai\/ai-irankiu-sarasas\/#breadcrumb"},"inLanguage":"et","potentialAction":[{"@type":"ReadAction","target":["https:\/\/tiekejai.eu\/tiekeju-sarasai\/ai-irankiu-sarasas\/"]}]},{"@type":"ImageObject","inLanguage":"et","@id":"https:\/\/tiekejai.eu\/tiekeju-sarasai\/ai-irankiu-sarasas\/#primaryimage","url":"https:\/\/tiekejai.eu\/wp-content\/uploads\/2025\/03\/ai_irankiu_sarasas.png","contentUrl":"https:\/\/tiekejai.eu\/wp-content\/uploads\/2025\/03\/ai_irankiu_sarasas.png","width":1024,"height":1024},{"@type":"BreadcrumbList","@id":"https:\/\/tiekejai.eu\/tiekeju-sarasai\/ai-irankiu-sarasas\/#breadcrumb","itemListElement":[{"@type":"ListItem","position":1,"name":"Home","item":"https:\/\/tiekejai.eu\/"},{"@type":"ListItem","position":2,"name":"Tiek\u0117j\u0173 s\u0105ra\u0161ai","item":"https:\/\/tiekejai.eu\/tiekeju-sarasai\/"},{"@type":"ListItem","position":3,"name":"1,000+ AI \u012eranki\u0173 S\u0105ra\u0161as \u2013 Geriausi dirbtinio intelekto sprendimai"}]},{"@type":"WebSite","@id":"https:\/\/tiekejai.eu\/#website","url":"https:\/\/tiekejai.eu\/","name":"Tiekejai.eu","description":"","publisher":{"@id":"https:\/\/tiekejai.eu\/#organization"},"potentialAction":[{"@type":"SearchAction","target":{"@type":"EntryPoint","urlTemplate":"https:\/\/tiekejai.eu\/?s={search_term_string}"},"query-input":{"@type":"PropertyValueSpecification","valueRequired":true,"valueName":"search_term_string"}}],"inLanguage":"et"},{"@type":"Organization","@id":"https:\/\/tiekejai.eu\/#organization","name":"tiekejai.eu | Kaupade tarnijate ja tootjate otsimine","url":"https:\/\/tiekejai.eu\/","logo":{"@type":"ImageObject","inLanguage":"et","@id":"https:\/\/tiekejai.eu\/#\/schema\/logo\/image\/","url":"http:\/\/tiekejai.eu\/wp-content\/uploads\/2021\/03\/cropped-cropped-Logo-transparent-backround-1.png","contentUrl":"http:\/\/tiekejai.eu\/wp-content\/uploads\/2021\/03\/cropped-cropped-Logo-transparent-backround-1.png","width":65,"height":67,"caption":"Tiekejai.eu | Preki\u0173 tiek\u0117j\u0173 ir gamintoj\u0173 paie\u0161ka"},"image":{"@id":"https:\/\/tiekejai.eu\/#\/schema\/logo\/image\/"},"sameAs":["https:\/\/www.facebook.com\/tiekejai.eu"]}]}},"_links":{"self":[{"href":"https:\/\/tiekejai.eu\/et\/wp-json\/wp\/v2\/product\/2199","targetHints":{"allow":["GET"]}}],"collection":[{"href":"https:\/\/tiekejai.eu\/et\/wp-json\/wp\/v2\/product"}],"about":[{"href":"https:\/\/tiekejai.eu\/et\/wp-json\/wp\/v2\/types\/product"}],"version-history":[{"count":1,"href":"https:\/\/tiekejai.eu\/et\/wp-json\/wp\/v2\/product\/2199\/revisions"}],"predecessor-version":[{"id":2202,"href":"https:\/\/tiekejai.eu\/et\/wp-json\/wp\/v2\/product\/2199\/revisions\/2202"}],"wp:featuredmedia":[{"embeddable":true,"href":"https:\/\/tiekejai.eu\/et\/wp-json\/wp\/v2\/media\/2201"}],"wp:attachment":[{"href":"https:\/\/tiekejai.eu\/et\/wp-json\/wp\/v2\/media?parent=2199"}],"wp:term":[{"taxonomy":"product_brand","embeddable":true,"href":"https:\/\/tiekejai.eu\/et\/wp-json\/wp\/v2\/product_brand?post=2199"},{"taxonomy":"product_cat","embeddable":true,"href":"https:\/\/tiekejai.eu\/et\/wp-json\/wp\/v2\/product_cat?post=2199"},{"taxonomy":"product_tag","embeddable":true,"href":"https:\/\/tiekejai.eu\/et\/wp-json\/wp\/v2\/product_tag?post=2199"}],"curies":[{"name":"wp","href":"https:\/\/api.w.org\/{rel}","templated":true}]}}