{"id":1943,"date":"2024-04-08T21:06:30","date_gmt":"2024-04-08T23:06:30","guid":{"rendered":"https:\/\/tiekejai.eu\/?post_type=product&#038;p=1943"},"modified":"2024-04-08T21:26:39","modified_gmt":"2024-04-08T23:26:39","slug":"supplier-list-and-trained-ai-assistant","status":"publish","type":"product","link":"https:\/\/tiekejai.eu\/et\/tarnijate-nimekirjad\/supplier-list-and-trained-ai-assistant\/","title":{"rendered":"Loetelu tarnijatest, kellel on koolitatud AI assistent"},"content":{"rendered":"<p style=\"text-align: left;\" class=\"translation-block\"><strong>Katsuge meie eksklusiivset pakkumist<\/strong>: v\u00f5imas ja koolitatud <strong>ChatGPT<\/strong> assistent, mis kasutab meie \u00e4riandmeid ja p\u00f5hjalikku nimekirja <strong>2500+ tarnijast<\/strong>.  Meie <strong>dropship tarnijate nimekiri<\/strong> avab ukse \u00fcle 2500 tarnijale erinevatest riikidest, sealhulgas Leedust, L\u00e4tist, Ukrainast, Poolast, Saksamaalt, T\u00fcrgist, USAst, Itaaliast ja mujalt, saate h\u00f5lpsasti leida \u00f5ige partneri, filtreerides tarnijaid tarnijate nimekirjast v\u00f5i proovides <strong>AI assistenti<\/strong>. Meie platvorm pakub piiramatut juurdep\u00e4\u00e4su, meie assistendi kasutamiseks on vaja ainult ChatGPT 4 tellimust.<\/p>\n<p style=\"text-align: left;\" class=\"translation-block\">Ettev\u00f5tluse alustamine v\u00f5ib olla \u00fcsna keeruline, kuid \u00f5igete vahenditega saate teha oma esimesed sammud enesekindlalt. Me m\u00f5istame, et usaldusv\u00e4\u00e4rsete tarnijate v\u00f5i partnerite leidmine on uute ettev\u00f5tjate jaoks \u00fcks suurimaid v\u00e4ljakutseid. Seep\u00e4rast oleme v\u00e4lja t\u00f6\u00f6tanud eksklusiivse lahenduse, mis teeb selle \u00fclesande lihtsamaks.<\/p>\n<p style=\"text-align: left;\" class=\"translation-block\">Meie nimekiri <strong>2500 tarnijast<\/strong> on m\u00f5eldud nii uutele kui ka kogenud ettev\u00f5tjatele, kes soovivad oma \u00e4ri laiendada v\u00f5i alustada. Leiad tarnijaid paljudest riikidest, sealhulgas Leedust, L\u00e4tist, Ukrainast, Poolast, Saksamaalt, T\u00fcrgist, USAst, Itaaliast ja paljudest teistest riikidest, mis pakuvad laia tootevalikut. Alates riietest ja elektroonikast kuni majapidamistarvete ja aiatarvikuteni leiate k\u00f5ik, mida vajate oma ettev\u00f5tte edukaks toimimiseks.<\/p>\n<p style=\"text-align: left;\" class=\"translation-block\">Meie <strong>ChatGPT Assistant<\/strong> on veel \u00fcks vahend teie arsenalis. See kasutab t\u00e4iustatud tehisintellekti tehnoloogiat, et anda teile personaalseid soovitusi ja n\u00f5uandeid, kuidas leida teie \u00e4rivajaduste jaoks ideaalne tarnija. Assistendi abil saate esitada k\u00fcsimusi, otsida tarnijaid kategooria v\u00f5i isegi geograafilise asukoha j\u00e4rgi, s\u00e4\u00e4stes nii aega ja ressursse.<\/p>\n<p style=\"text-align: left;\" class=\"translation-block\">See kombinatsioon laiendatud <strong>tarnijate nimekirjast<\/strong> ja isiklikust <strong>AI assistendist<\/strong> on t\u00e4iuslik alus edukaks alustamiseks. See ei anna teile mitte ainult vajalikke vahendeid ja teavet, vaid v\u00e4hendab ka ettev\u00f5tte alustamise riski, aidates teil oma oste t\u00f5husalt ja arukalt planeerida.<\/p>\n<p style=\"text-align: left;\">\u00c4rge laske alustamise v\u00e4ljakutsetel oma \u00e4ritegevuse unistuste teele sattuda. Meie tarnijate nimekirja ja ChatGPT assistendi abil on teil k\u00f5ik vajalik, et alustada oma \u00e4ri enesekindlalt ja astuda esimesed sammud edu suunas.<\/p>\n<p class=\"translation-block\"><strong>Demesio! Selleks, et kasutada tiekejai.eu poolt koolitatud isiklikku assistenti, on vaja <a href=\"https:\/\/openai.com\" target=\"_self\">avada<\/a><a href=\"https:\/\/openai.com\" target=\"_self\">i<\/a> pluss tellimus! <\/strong><\/p>","protected":false},"excerpt":{"rendered":"<p style=\"text-align: left;\"><strong>Unistad ettev\u00f5tjaks saamisest? Me aitame teil selle teoks teha. Avastage meie ainulaadne pakkumine uutele ettev\u00f5tjatele: p\u00f5hjalik nimekiri 2500+ tarnijast ja intuitiivne ChatGPT assistent. Meie tarnijate nimekiri avab ukse laiale valikule tarnijatele \u00fcle kogu maailma, samal ajal kui meie ChatGPT assistent annab teile juurdep\u00e4\u00e4su n\u00f5uannetele ja soovitustele, mis aitavad teil leida teie ettev\u00f5ttele sobiva tarnija. See on ideaalne lahendus neile, kes teevad oma esimesi samme \u00e4rimaailmas ja otsivad usaldusv\u00e4\u00e4rseid partnereid.<\/strong><\/p>","protected":false},"featured_media":1944,"template":"","meta":{"_eb_attr":""},"product_brand":[],"product_cat":[46],"product_tag":[],"class_list":{"0":"post-1943","1":"product","2":"type-product","3":"status-publish","4":"has-post-thumbnail","6":"product_cat-tiekeju-sarasai","8":"first","9":"instock","10":"sale","11":"downloadable","12":"virtual","13":"purchasable","14":"product-type-simple"},"yoast_head":"<!-- This site is optimized with the Yoast SEO Premium plugin v23.6 (Yoast SEO v27.3) - https:\/\/yoast.com\/product\/yoast-seo-premium-wordpress\/ -->\n<title>Tiek\u0117j\u0173 S\u0105ra\u0161as su apmokytu DI Asistentu - Tiekejai.eu<\/title>\n<meta name=\"description\" content=\"Atraskite tinkam\u0105 Tiek\u0117j\u0105 su M\u016bs\u0173 apmokytu ChatGPT asistentu dar lengviau nei anks\u010diau, arba nagrin\u0117jant tiek\u0117j\u0173 s\u0105ra\u0161us kuriuose vir\u0161 2500 tiek\u0117j\u0173\" \/>\n<meta name=\"robots\" content=\"index, follow, max-snippet:-1, max-image-preview:large, max-video-preview:-1\" \/>\n<link rel=\"canonical\" href=\"https:\/\/tiekejai.eu\/et\/tarnijate-nimekirjad\/supplier-list-and-trained-ai-assistant\/\" \/>\n<meta property=\"og:locale\" content=\"et_EE\" \/>\n<meta property=\"og:type\" content=\"article\" \/>\n<meta property=\"og:title\" content=\"Tiek\u0117j\u0173 S\u0105ra\u0161as su apmokytu DI Asistentu\" \/>\n<meta property=\"og:description\" content=\"Atraskite tinkam\u0105 Tiek\u0117j\u0105 su M\u016bs\u0173 apmokytu ChatGPT asistentu dar lengviau nei anks\u010diau, arba nagrin\u0117jant tiek\u0117j\u0173 s\u0105ra\u0161us kuriuose vir\u0161 2500 tiek\u0117j\u0173\" \/>\n<meta property=\"og:url\" content=\"https:\/\/tiekejai.eu\/et\/tarnijate-nimekirjad\/supplier-list-and-trained-ai-assistant\/\" \/>\n<meta property=\"og:site_name\" content=\"Tiekejai.eu\" \/>\n<meta property=\"article:publisher\" content=\"https:\/\/www.facebook.com\/tiekejai.eu\" \/>\n<meta property=\"article:modified_time\" content=\"2024-04-08T23:26:39+00:00\" \/>\n<meta property=\"og:image\" content=\"https:\/\/tiekejai.eu\/wp-content\/uploads\/2024\/04\/2500_Tiekeju_Sarasas_apmokytas_DI_Asistentas.png\" \/>\n\t<meta property=\"og:image:width\" content=\"1024\" \/>\n\t<meta property=\"og:image:height\" content=\"1024\" \/>\n\t<meta property=\"og:image:type\" content=\"image\/png\" \/>\n<meta name=\"twitter:card\" content=\"summary_large_image\" \/>\n<meta name=\"twitter:label1\" content=\"Est. reading time\" \/>\n\t<meta name=\"twitter:data1\" content=\"2 minutit\" \/>\n<script type=\"application\/ld+json\" class=\"yoast-schema-graph\">{\"@context\":\"https:\\\/\\\/schema.org\",\"@graph\":[{\"@type\":\"WebPage\",\"@id\":\"https:\\\/\\\/tiekejai.eu\\\/tiekeju-sarasai\\\/tiekeju-sarasas-su-apmokytu-di-asistentu\\\/\",\"url\":\"https:\\\/\\\/tiekejai.eu\\\/tiekeju-sarasai\\\/tiekeju-sarasas-su-apmokytu-di-asistentu\\\/\",\"name\":\"Tiek\u0117j\u0173 S\u0105ra\u0161as su apmokytu DI Asistentu - Tiekejai.eu\",\"isPartOf\":{\"@id\":\"https:\\\/\\\/tiekejai.eu\\\/#website\"},\"primaryImageOfPage\":{\"@id\":\"https:\\\/\\\/tiekejai.eu\\\/tiekeju-sarasai\\\/tiekeju-sarasas-su-apmokytu-di-asistentu\\\/#primaryimage\"},\"image\":{\"@id\":\"https:\\\/\\\/tiekejai.eu\\\/tiekeju-sarasai\\\/tiekeju-sarasas-su-apmokytu-di-asistentu\\\/#primaryimage\"},\"thumbnailUrl\":\"https:\\\/\\\/tiekejai.eu\\\/wp-content\\\/uploads\\\/2024\\\/04\\\/2500_Tiekeju_Sarasas_apmokytas_DI_Asistentas.png\",\"datePublished\":\"2024-04-08T23:06:30+00:00\",\"dateModified\":\"2024-04-08T23:26:39+00:00\",\"description\":\"Atraskite tinkam\u0105 Tiek\u0117j\u0105 su M\u016bs\u0173 apmokytu ChatGPT asistentu dar lengviau nei anks\u010diau, arba nagrin\u0117jant tiek\u0117j\u0173 s\u0105ra\u0161us kuriuose vir\u0161 2500 tiek\u0117j\u0173\",\"breadcrumb\":{\"@id\":\"https:\\\/\\\/tiekejai.eu\\\/tiekeju-sarasai\\\/tiekeju-sarasas-su-apmokytu-di-asistentu\\\/#breadcrumb\"},\"inLanguage\":\"et\",\"potentialAction\":[{\"@type\":\"ReadAction\",\"target\":[\"https:\\\/\\\/tiekejai.eu\\\/tiekeju-sarasai\\\/tiekeju-sarasas-su-apmokytu-di-asistentu\\\/\"]}]},{\"@type\":\"ImageObject\",\"inLanguage\":\"et\",\"@id\":\"https:\\\/\\\/tiekejai.eu\\\/tiekeju-sarasai\\\/tiekeju-sarasas-su-apmokytu-di-asistentu\\\/#primaryimage\",\"url\":\"https:\\\/\\\/tiekejai.eu\\\/wp-content\\\/uploads\\\/2024\\\/04\\\/2500_Tiekeju_Sarasas_apmokytas_DI_Asistentas.png\",\"contentUrl\":\"https:\\\/\\\/tiekejai.eu\\\/wp-content\\\/uploads\\\/2024\\\/04\\\/2500_Tiekeju_Sarasas_apmokytas_DI_Asistentas.png\",\"width\":1024,\"height\":1024,\"caption\":\"Tyrin\u0117k tiek\u0117j\u0173 s\u0105ra\u0161\u0105 ir klausk asmeninio asistento pagalbos!\"},{\"@type\":\"BreadcrumbList\",\"@id\":\"https:\\\/\\\/tiekejai.eu\\\/tiekeju-sarasai\\\/tiekeju-sarasas-su-apmokytu-di-asistentu\\\/#breadcrumb\",\"itemListElement\":[{\"@type\":\"ListItem\",\"position\":1,\"name\":\"Home\",\"item\":\"https:\\\/\\\/tiekejai.eu\\\/\"},{\"@type\":\"ListItem\",\"position\":2,\"name\":\"Tiek\u0117j\u0173 s\u0105ra\u0161ai\",\"item\":\"https:\\\/\\\/tiekejai.eu\\\/tiekeju-sarasai\\\/\"},{\"@type\":\"ListItem\",\"position\":3,\"name\":\"Tiek\u0117j\u0173 S\u0105ra\u0161as su apmokytu DI Asistentu\"}]},{\"@type\":\"WebSite\",\"@id\":\"https:\\\/\\\/tiekejai.eu\\\/#website\",\"url\":\"https:\\\/\\\/tiekejai.eu\\\/\",\"name\":\"Tiekejai.eu\",\"description\":\"\",\"publisher\":{\"@id\":\"https:\\\/\\\/tiekejai.eu\\\/#organization\"},\"potentialAction\":[{\"@type\":\"SearchAction\",\"target\":{\"@type\":\"EntryPoint\",\"urlTemplate\":\"https:\\\/\\\/tiekejai.eu\\\/?s={search_term_string}\"},\"query-input\":{\"@type\":\"PropertyValueSpecification\",\"valueRequired\":true,\"valueName\":\"search_term_string\"}}],\"inLanguage\":\"et\"},{\"@type\":\"Organization\",\"@id\":\"https:\\\/\\\/tiekejai.eu\\\/#organization\",\"name\":\"Tiekejai.eu | Preki\u0173 tiek\u0117j\u0173 ir gamintoj\u0173 paie\u0161ka\",\"url\":\"https:\\\/\\\/tiekejai.eu\\\/\",\"logo\":{\"@type\":\"ImageObject\",\"inLanguage\":\"et\",\"@id\":\"https:\\\/\\\/tiekejai.eu\\\/#\\\/schema\\\/logo\\\/image\\\/\",\"url\":\"http:\\\/\\\/tiekejai.eu\\\/wp-content\\\/uploads\\\/2021\\\/03\\\/cropped-cropped-Logo-transparent-backround-1.png\",\"contentUrl\":\"http:\\\/\\\/tiekejai.eu\\\/wp-content\\\/uploads\\\/2021\\\/03\\\/cropped-cropped-Logo-transparent-backround-1.png\",\"width\":65,\"height\":67,\"caption\":\"Tiekejai.eu | Preki\u0173 tiek\u0117j\u0173 ir gamintoj\u0173 paie\u0161ka\"},\"image\":{\"@id\":\"https:\\\/\\\/tiekejai.eu\\\/#\\\/schema\\\/logo\\\/image\\\/\"},\"sameAs\":[\"https:\\\/\\\/www.facebook.com\\\/tiekejai.eu\"]}]}<\/script>\n<!-- \/ Yoast SEO Premium plugin. -->","yoast_head_json":{"title":"Tarnijate nimekiri, kellel on koolitatud DI assistent - Tiekejai.eu","description":"Avastage \u00f5ige tarnija meie koolitatud ChatGPT assistendi abil veelgi lihtsamalt kui varem v\u00f5i uurides tarnijate nimekirju, mis sisaldavad \u00fcle 2500 tarnija.","robots":{"index":"index","follow":"follow","max-snippet":"max-snippet:-1","max-image-preview":"max-image-preview:large","max-video-preview":"max-video-preview:-1"},"canonical":"https:\/\/tiekejai.eu\/et\/tarnijate-nimekirjad\/supplier-list-and-trained-ai-assistant\/","og_locale":"et_EE","og_type":"article","og_title":"Tiek\u0117j\u0173 S\u0105ra\u0161as su apmokytu DI Asistentu","og_description":"Atraskite tinkam\u0105 Tiek\u0117j\u0105 su M\u016bs\u0173 apmokytu ChatGPT asistentu dar lengviau nei anks\u010diau, arba nagrin\u0117jant tiek\u0117j\u0173 s\u0105ra\u0161us kuriuose vir\u0161 2500 tiek\u0117j\u0173","og_url":"https:\/\/tiekejai.eu\/et\/tarnijate-nimekirjad\/supplier-list-and-trained-ai-assistant\/","og_site_name":"Tiekejai.eu","article_publisher":"https:\/\/www.facebook.com\/tiekejai.eu","article_modified_time":"2024-04-08T23:26:39+00:00","og_image":[{"width":1024,"height":1024,"url":"https:\/\/tiekejai.eu\/wp-content\/uploads\/2024\/04\/2500_Tiekeju_Sarasas_apmokytas_DI_Asistentas.png","type":"image\/png"}],"twitter_card":"summary_large_image","twitter_misc":{"Est. reading time":"2 minutit"},"schema":{"@context":"https:\/\/schema.org","@graph":[{"@type":"WebPage","@id":"https:\/\/tiekejai.eu\/tiekeju-sarasai\/tiekeju-sarasas-su-apmokytu-di-asistentu\/","url":"https:\/\/tiekejai.eu\/tiekeju-sarasai\/tiekeju-sarasas-su-apmokytu-di-asistentu\/","name":"Tarnijate nimekiri, kellel on koolitatud DI assistent - Tiekejai.eu","isPartOf":{"@id":"https:\/\/tiekejai.eu\/#website"},"primaryImageOfPage":{"@id":"https:\/\/tiekejai.eu\/tiekeju-sarasai\/tiekeju-sarasas-su-apmokytu-di-asistentu\/#primaryimage"},"image":{"@id":"https:\/\/tiekejai.eu\/tiekeju-sarasai\/tiekeju-sarasas-su-apmokytu-di-asistentu\/#primaryimage"},"thumbnailUrl":"https:\/\/tiekejai.eu\/wp-content\/uploads\/2024\/04\/2500_Tiekeju_Sarasas_apmokytas_DI_Asistentas.png","datePublished":"2024-04-08T23:06:30+00:00","dateModified":"2024-04-08T23:26:39+00:00","description":"Avastage \u00f5ige tarnija meie koolitatud ChatGPT assistendi abil veelgi lihtsamalt kui varem v\u00f5i uurides tarnijate nimekirju, mis sisaldavad \u00fcle 2500 tarnija.","breadcrumb":{"@id":"https:\/\/tiekejai.eu\/tiekeju-sarasai\/tiekeju-sarasas-su-apmokytu-di-asistentu\/#breadcrumb"},"inLanguage":"et","potentialAction":[{"@type":"ReadAction","target":["https:\/\/tiekejai.eu\/tiekeju-sarasai\/tiekeju-sarasas-su-apmokytu-di-asistentu\/"]}]},{"@type":"ImageObject","inLanguage":"et","@id":"https:\/\/tiekejai.eu\/tiekeju-sarasai\/tiekeju-sarasas-su-apmokytu-di-asistentu\/#primaryimage","url":"https:\/\/tiekejai.eu\/wp-content\/uploads\/2024\/04\/2500_Tiekeju_Sarasas_apmokytas_DI_Asistentas.png","contentUrl":"https:\/\/tiekejai.eu\/wp-content\/uploads\/2024\/04\/2500_Tiekeju_Sarasas_apmokytas_DI_Asistentas.png","width":1024,"height":1024,"caption":"Tyrin\u0117k tiek\u0117j\u0173 s\u0105ra\u0161\u0105 ir klausk asmeninio asistento pagalbos!"},{"@type":"BreadcrumbList","@id":"https:\/\/tiekejai.eu\/tiekeju-sarasai\/tiekeju-sarasas-su-apmokytu-di-asistentu\/#breadcrumb","itemListElement":[{"@type":"ListItem","position":1,"name":"Home","item":"https:\/\/tiekejai.eu\/"},{"@type":"ListItem","position":2,"name":"Tiek\u0117j\u0173 s\u0105ra\u0161ai","item":"https:\/\/tiekejai.eu\/tiekeju-sarasai\/"},{"@type":"ListItem","position":3,"name":"Tiek\u0117j\u0173 S\u0105ra\u0161as su apmokytu DI Asistentu"}]},{"@type":"WebSite","@id":"https:\/\/tiekejai.eu\/#website","url":"https:\/\/tiekejai.eu\/","name":"Tiekejai.eu","description":"","publisher":{"@id":"https:\/\/tiekejai.eu\/#organization"},"potentialAction":[{"@type":"SearchAction","target":{"@type":"EntryPoint","urlTemplate":"https:\/\/tiekejai.eu\/?s={search_term_string}"},"query-input":{"@type":"PropertyValueSpecification","valueRequired":true,"valueName":"search_term_string"}}],"inLanguage":"et"},{"@type":"Organization","@id":"https:\/\/tiekejai.eu\/#organization","name":"tiekejai.eu | Kaupade tarnijate ja tootjate otsimine","url":"https:\/\/tiekejai.eu\/","logo":{"@type":"ImageObject","inLanguage":"et","@id":"https:\/\/tiekejai.eu\/#\/schema\/logo\/image\/","url":"http:\/\/tiekejai.eu\/wp-content\/uploads\/2021\/03\/cropped-cropped-Logo-transparent-backround-1.png","contentUrl":"http:\/\/tiekejai.eu\/wp-content\/uploads\/2021\/03\/cropped-cropped-Logo-transparent-backround-1.png","width":65,"height":67,"caption":"Tiekejai.eu | Preki\u0173 tiek\u0117j\u0173 ir gamintoj\u0173 paie\u0161ka"},"image":{"@id":"https:\/\/tiekejai.eu\/#\/schema\/logo\/image\/"},"sameAs":["https:\/\/www.facebook.com\/tiekejai.eu"]}]}},"_links":{"self":[{"href":"https:\/\/tiekejai.eu\/et\/wp-json\/wp\/v2\/product\/1943","targetHints":{"allow":["GET"]}}],"collection":[{"href":"https:\/\/tiekejai.eu\/et\/wp-json\/wp\/v2\/product"}],"about":[{"href":"https:\/\/tiekejai.eu\/et\/wp-json\/wp\/v2\/types\/product"}],"version-history":[{"count":2,"href":"https:\/\/tiekejai.eu\/et\/wp-json\/wp\/v2\/product\/1943\/revisions"}],"predecessor-version":[{"id":1951,"href":"https:\/\/tiekejai.eu\/et\/wp-json\/wp\/v2\/product\/1943\/revisions\/1951"}],"wp:featuredmedia":[{"embeddable":true,"href":"https:\/\/tiekejai.eu\/et\/wp-json\/wp\/v2\/media\/1944"}],"wp:attachment":[{"href":"https:\/\/tiekejai.eu\/et\/wp-json\/wp\/v2\/media?parent=1943"}],"wp:term":[{"taxonomy":"product_brand","embeddable":true,"href":"https:\/\/tiekejai.eu\/et\/wp-json\/wp\/v2\/product_brand?post=1943"},{"taxonomy":"product_cat","embeddable":true,"href":"https:\/\/tiekejai.eu\/et\/wp-json\/wp\/v2\/product_cat?post=1943"},{"taxonomy":"product_tag","embeddable":true,"href":"https:\/\/tiekejai.eu\/et\/wp-json\/wp\/v2\/product_tag?post=1943"}],"curies":[{"name":"wp","href":"https:\/\/api.w.org\/{rel}","templated":true}]}}