{"id":1486,"date":"2023-07-08T18:08:41","date_gmt":"2023-07-08T20:08:41","guid":{"rendered":"https:\/\/tiekejai.eu\/?post_type=product&#038;p=1486"},"modified":"2023-09-18T19:22:20","modified_gmt":"2023-09-18T21:22:20","slug":"kariloomad-kaubatarnijad","status":"publish","type":"product","link":"https:\/\/tiekejai.eu\/et\/tarnijate-nimekirjad\/kariloomad-kaubatarnijad\/","title":{"rendered":"Loomsete toodete tarnijad"},"content":{"rendered":"","protected":false},"excerpt":{"rendered":"<p><strong>Loomsete kaupade tarnijad<\/strong> Nimekirjas on 52 tarnijat Euroopast, USAst ja \u00dchendkuningriigist. Tarnijate nimekiri sobib ideaalselt uue ettev\u00f5tte alustamiseks v\u00f5i olemasolevate kontaktide lisamiseks. Koos tarnijate nimekirjaga lisame \u00e4ritunde eduka \u00e4ri jaoks.<\/p>","protected":false},"featured_media":1488,"template":"","meta":{"_eb_attr":""},"product_brand":[],"product_cat":[46],"product_tag":[],"class_list":{"0":"post-1486","1":"product","2":"type-product","3":"status-publish","4":"has-post-thumbnail","6":"product_cat-tiekeju-sarasai","8":"first","9":"instock","10":"sale","11":"downloadable","12":"shipping-taxable","13":"purchasable","14":"product-type-simple"},"yoast_head":"<!-- This site is optimized with the Yoast SEO Premium plugin v23.6 (Yoast SEO v27.3) - https:\/\/yoast.com\/product\/yoast-seo-premium-wordpress\/ -->\n<title>Gyv\u016bn\u0173 preki\u0173 tiek\u0117jai - Tiekejai.eu<\/title>\n<meta name=\"description\" content=\"Gyv\u016bn\u0173 preki\u0173 tiek\u0117j\u0173 s\u0105ra\u0161e rasite 52 tiek\u0117jus i\u0161 Europos, JAV ir UK. Kartu su tiek\u0117j\u0173 s\u0105ra\u0161u prid\u0117sime verslo pamokas s\u0117kmingam verslui prad\u0117ti.\" \/>\n<meta name=\"robots\" content=\"index, follow, max-snippet:-1, max-image-preview:large, max-video-preview:-1\" \/>\n<link rel=\"canonical\" href=\"https:\/\/tiekejai.eu\/et\/tarnijate-nimekirjad\/kariloomad-kaubatarnijad\/\" \/>\n<meta property=\"og:locale\" content=\"et_EE\" \/>\n<meta property=\"og:type\" content=\"article\" \/>\n<meta property=\"og:title\" content=\"Gyv\u016bn\u0173 preki\u0173 tiek\u0117jai\" \/>\n<meta property=\"og:description\" content=\"Gyv\u016bn\u0173 preki\u0173 tiek\u0117j\u0173 s\u0105ra\u0161e rasite 52 tiek\u0117jus i\u0161 Europos, JAV ir UK. Kartu su tiek\u0117j\u0173 s\u0105ra\u0161u prid\u0117sime verslo pamokas s\u0117kmingam verslui prad\u0117ti.\" \/>\n<meta property=\"og:url\" content=\"https:\/\/tiekejai.eu\/et\/tarnijate-nimekirjad\/kariloomad-kaubatarnijad\/\" \/>\n<meta property=\"og:site_name\" content=\"Tiekejai.eu\" \/>\n<meta property=\"article:publisher\" content=\"https:\/\/www.facebook.com\/tiekejai.eu\" \/>\n<meta property=\"article:modified_time\" content=\"2023-09-18T21:22:20+00:00\" \/>\n<meta property=\"og:image\" content=\"https:\/\/tiekejai.eu\/wp-content\/uploads\/2023\/07\/gyvunu-prekiu-tiekejai.png\" \/>\n\t<meta property=\"og:image:width\" content=\"1080\" \/>\n\t<meta property=\"og:image:height\" content=\"1080\" \/>\n\t<meta property=\"og:image:type\" content=\"image\/png\" \/>\n<meta name=\"twitter:card\" content=\"summary_large_image\" \/>\n<script type=\"application\/ld+json\" class=\"yoast-schema-graph\">{\"@context\":\"https:\\\/\\\/schema.org\",\"@graph\":[{\"@type\":\"WebPage\",\"@id\":\"https:\\\/\\\/tiekejai.eu\\\/tiekeju-sarasai\\\/gyvunu-prekiu-tiekejai\\\/\",\"url\":\"https:\\\/\\\/tiekejai.eu\\\/tiekeju-sarasai\\\/gyvunu-prekiu-tiekejai\\\/\",\"name\":\"Gyv\u016bn\u0173 preki\u0173 tiek\u0117jai - Tiekejai.eu\",\"isPartOf\":{\"@id\":\"https:\\\/\\\/tiekejai.eu\\\/#website\"},\"primaryImageOfPage\":{\"@id\":\"https:\\\/\\\/tiekejai.eu\\\/tiekeju-sarasai\\\/gyvunu-prekiu-tiekejai\\\/#primaryimage\"},\"image\":{\"@id\":\"https:\\\/\\\/tiekejai.eu\\\/tiekeju-sarasai\\\/gyvunu-prekiu-tiekejai\\\/#primaryimage\"},\"thumbnailUrl\":\"https:\\\/\\\/tiekejai.eu\\\/wp-content\\\/uploads\\\/2023\\\/07\\\/gyvunu-prekiu-tiekejai.png\",\"datePublished\":\"2023-07-08T20:08:41+00:00\",\"dateModified\":\"2023-09-18T21:22:20+00:00\",\"description\":\"Gyv\u016bn\u0173 preki\u0173 tiek\u0117j\u0173 s\u0105ra\u0161e rasite 52 tiek\u0117jus i\u0161 Europos, JAV ir UK. Kartu su tiek\u0117j\u0173 s\u0105ra\u0161u prid\u0117sime verslo pamokas s\u0117kmingam verslui prad\u0117ti.\",\"breadcrumb\":{\"@id\":\"https:\\\/\\\/tiekejai.eu\\\/tiekeju-sarasai\\\/gyvunu-prekiu-tiekejai\\\/#breadcrumb\"},\"inLanguage\":\"et\",\"potentialAction\":[{\"@type\":\"ReadAction\",\"target\":[\"https:\\\/\\\/tiekejai.eu\\\/tiekeju-sarasai\\\/gyvunu-prekiu-tiekejai\\\/\"]}]},{\"@type\":\"ImageObject\",\"inLanguage\":\"et\",\"@id\":\"https:\\\/\\\/tiekejai.eu\\\/tiekeju-sarasai\\\/gyvunu-prekiu-tiekejai\\\/#primaryimage\",\"url\":\"https:\\\/\\\/tiekejai.eu\\\/wp-content\\\/uploads\\\/2023\\\/07\\\/gyvunu-prekiu-tiekejai.png\",\"contentUrl\":\"https:\\\/\\\/tiekejai.eu\\\/wp-content\\\/uploads\\\/2023\\\/07\\\/gyvunu-prekiu-tiekejai.png\",\"width\":1080,\"height\":1080,\"caption\":\"gyv\u016bn\u0173 preki\u0173 tiek\u0117j\u0173 s\u0105ra\u0161as\"},{\"@type\":\"BreadcrumbList\",\"@id\":\"https:\\\/\\\/tiekejai.eu\\\/tiekeju-sarasai\\\/gyvunu-prekiu-tiekejai\\\/#breadcrumb\",\"itemListElement\":[{\"@type\":\"ListItem\",\"position\":1,\"name\":\"Home\",\"item\":\"https:\\\/\\\/tiekejai.eu\\\/\"},{\"@type\":\"ListItem\",\"position\":2,\"name\":\"Tiek\u0117j\u0173 s\u0105ra\u0161ai\",\"item\":\"https:\\\/\\\/tiekejai.eu\\\/tiekeju-sarasai\\\/\"},{\"@type\":\"ListItem\",\"position\":3,\"name\":\"Gyv\u016bn\u0173 preki\u0173 tiek\u0117jai\"}]},{\"@type\":\"WebSite\",\"@id\":\"https:\\\/\\\/tiekejai.eu\\\/#website\",\"url\":\"https:\\\/\\\/tiekejai.eu\\\/\",\"name\":\"Tiekejai.eu\",\"description\":\"\",\"publisher\":{\"@id\":\"https:\\\/\\\/tiekejai.eu\\\/#organization\"},\"potentialAction\":[{\"@type\":\"SearchAction\",\"target\":{\"@type\":\"EntryPoint\",\"urlTemplate\":\"https:\\\/\\\/tiekejai.eu\\\/?s={search_term_string}\"},\"query-input\":{\"@type\":\"PropertyValueSpecification\",\"valueRequired\":true,\"valueName\":\"search_term_string\"}}],\"inLanguage\":\"et\"},{\"@type\":\"Organization\",\"@id\":\"https:\\\/\\\/tiekejai.eu\\\/#organization\",\"name\":\"Tiekejai.eu | Preki\u0173 tiek\u0117j\u0173 ir gamintoj\u0173 paie\u0161ka\",\"url\":\"https:\\\/\\\/tiekejai.eu\\\/\",\"logo\":{\"@type\":\"ImageObject\",\"inLanguage\":\"et\",\"@id\":\"https:\\\/\\\/tiekejai.eu\\\/#\\\/schema\\\/logo\\\/image\\\/\",\"url\":\"http:\\\/\\\/tiekejai.eu\\\/wp-content\\\/uploads\\\/2021\\\/03\\\/cropped-cropped-Logo-transparent-backround-1.png\",\"contentUrl\":\"http:\\\/\\\/tiekejai.eu\\\/wp-content\\\/uploads\\\/2021\\\/03\\\/cropped-cropped-Logo-transparent-backround-1.png\",\"width\":65,\"height\":67,\"caption\":\"Tiekejai.eu | Preki\u0173 tiek\u0117j\u0173 ir gamintoj\u0173 paie\u0161ka\"},\"image\":{\"@id\":\"https:\\\/\\\/tiekejai.eu\\\/#\\\/schema\\\/logo\\\/image\\\/\"},\"sameAs\":[\"https:\\\/\\\/www.facebook.com\\\/tiekejai.eu\"]}]}<\/script>\n<!-- \/ Yoast SEO Premium plugin. -->","yoast_head_json":{"title":"Loomsete toodete tarnijad - Tiekejai.eu","description":"Loomsete toodete tarnijate nimekiri sisaldab 52 tarnijat Euroopast, USAst ja \u00dchendkuningriigist. Koos tarnijate loeteluga lisame \u00e4ritunde, mis aitavad teil alustada edukat \u00e4ri.","robots":{"index":"index","follow":"follow","max-snippet":"max-snippet:-1","max-image-preview":"max-image-preview:large","max-video-preview":"max-video-preview:-1"},"canonical":"https:\/\/tiekejai.eu\/et\/tarnijate-nimekirjad\/kariloomad-kaubatarnijad\/","og_locale":"et_EE","og_type":"article","og_title":"Gyv\u016bn\u0173 preki\u0173 tiek\u0117jai","og_description":"Gyv\u016bn\u0173 preki\u0173 tiek\u0117j\u0173 s\u0105ra\u0161e rasite 52 tiek\u0117jus i\u0161 Europos, JAV ir UK. Kartu su tiek\u0117j\u0173 s\u0105ra\u0161u prid\u0117sime verslo pamokas s\u0117kmingam verslui prad\u0117ti.","og_url":"https:\/\/tiekejai.eu\/et\/tarnijate-nimekirjad\/kariloomad-kaubatarnijad\/","og_site_name":"Tiekejai.eu","article_publisher":"https:\/\/www.facebook.com\/tiekejai.eu","article_modified_time":"2023-09-18T21:22:20+00:00","og_image":[{"width":1080,"height":1080,"url":"https:\/\/tiekejai.eu\/wp-content\/uploads\/2023\/07\/gyvunu-prekiu-tiekejai.png","type":"image\/png"}],"twitter_card":"summary_large_image","schema":{"@context":"https:\/\/schema.org","@graph":[{"@type":"WebPage","@id":"https:\/\/tiekejai.eu\/tiekeju-sarasai\/gyvunu-prekiu-tiekejai\/","url":"https:\/\/tiekejai.eu\/tiekeju-sarasai\/gyvunu-prekiu-tiekejai\/","name":"Loomsete toodete tarnijad - Tiekejai.eu","isPartOf":{"@id":"https:\/\/tiekejai.eu\/#website"},"primaryImageOfPage":{"@id":"https:\/\/tiekejai.eu\/tiekeju-sarasai\/gyvunu-prekiu-tiekejai\/#primaryimage"},"image":{"@id":"https:\/\/tiekejai.eu\/tiekeju-sarasai\/gyvunu-prekiu-tiekejai\/#primaryimage"},"thumbnailUrl":"https:\/\/tiekejai.eu\/wp-content\/uploads\/2023\/07\/gyvunu-prekiu-tiekejai.png","datePublished":"2023-07-08T20:08:41+00:00","dateModified":"2023-09-18T21:22:20+00:00","description":"Loomsete toodete tarnijate nimekiri sisaldab 52 tarnijat Euroopast, USAst ja \u00dchendkuningriigist. Koos tarnijate loeteluga lisame \u00e4ritunde, mis aitavad teil alustada edukat \u00e4ri.","breadcrumb":{"@id":"https:\/\/tiekejai.eu\/tiekeju-sarasai\/gyvunu-prekiu-tiekejai\/#breadcrumb"},"inLanguage":"et","potentialAction":[{"@type":"ReadAction","target":["https:\/\/tiekejai.eu\/tiekeju-sarasai\/gyvunu-prekiu-tiekejai\/"]}]},{"@type":"ImageObject","inLanguage":"et","@id":"https:\/\/tiekejai.eu\/tiekeju-sarasai\/gyvunu-prekiu-tiekejai\/#primaryimage","url":"https:\/\/tiekejai.eu\/wp-content\/uploads\/2023\/07\/gyvunu-prekiu-tiekejai.png","contentUrl":"https:\/\/tiekejai.eu\/wp-content\/uploads\/2023\/07\/gyvunu-prekiu-tiekejai.png","width":1080,"height":1080,"caption":"gyv\u016bn\u0173 preki\u0173 tiek\u0117j\u0173 s\u0105ra\u0161as"},{"@type":"BreadcrumbList","@id":"https:\/\/tiekejai.eu\/tiekeju-sarasai\/gyvunu-prekiu-tiekejai\/#breadcrumb","itemListElement":[{"@type":"ListItem","position":1,"name":"Home","item":"https:\/\/tiekejai.eu\/"},{"@type":"ListItem","position":2,"name":"Tiek\u0117j\u0173 s\u0105ra\u0161ai","item":"https:\/\/tiekejai.eu\/tiekeju-sarasai\/"},{"@type":"ListItem","position":3,"name":"Gyv\u016bn\u0173 preki\u0173 tiek\u0117jai"}]},{"@type":"WebSite","@id":"https:\/\/tiekejai.eu\/#website","url":"https:\/\/tiekejai.eu\/","name":"Tiekejai.eu","description":"","publisher":{"@id":"https:\/\/tiekejai.eu\/#organization"},"potentialAction":[{"@type":"SearchAction","target":{"@type":"EntryPoint","urlTemplate":"https:\/\/tiekejai.eu\/?s={search_term_string}"},"query-input":{"@type":"PropertyValueSpecification","valueRequired":true,"valueName":"search_term_string"}}],"inLanguage":"et"},{"@type":"Organization","@id":"https:\/\/tiekejai.eu\/#organization","name":"tiekejai.eu | Kaupade tarnijate ja tootjate otsimine","url":"https:\/\/tiekejai.eu\/","logo":{"@type":"ImageObject","inLanguage":"et","@id":"https:\/\/tiekejai.eu\/#\/schema\/logo\/image\/","url":"http:\/\/tiekejai.eu\/wp-content\/uploads\/2021\/03\/cropped-cropped-Logo-transparent-backround-1.png","contentUrl":"http:\/\/tiekejai.eu\/wp-content\/uploads\/2021\/03\/cropped-cropped-Logo-transparent-backround-1.png","width":65,"height":67,"caption":"Tiekejai.eu | Preki\u0173 tiek\u0117j\u0173 ir gamintoj\u0173 paie\u0161ka"},"image":{"@id":"https:\/\/tiekejai.eu\/#\/schema\/logo\/image\/"},"sameAs":["https:\/\/www.facebook.com\/tiekejai.eu"]}]}},"_links":{"self":[{"href":"https:\/\/tiekejai.eu\/et\/wp-json\/wp\/v2\/product\/1486","targetHints":{"allow":["GET"]}}],"collection":[{"href":"https:\/\/tiekejai.eu\/et\/wp-json\/wp\/v2\/product"}],"about":[{"href":"https:\/\/tiekejai.eu\/et\/wp-json\/wp\/v2\/types\/product"}],"version-history":[{"count":2,"href":"https:\/\/tiekejai.eu\/et\/wp-json\/wp\/v2\/product\/1486\/revisions"}],"predecessor-version":[{"id":1496,"href":"https:\/\/tiekejai.eu\/et\/wp-json\/wp\/v2\/product\/1486\/revisions\/1496"}],"wp:featuredmedia":[{"embeddable":true,"href":"https:\/\/tiekejai.eu\/et\/wp-json\/wp\/v2\/media\/1488"}],"wp:attachment":[{"href":"https:\/\/tiekejai.eu\/et\/wp-json\/wp\/v2\/media?parent=1486"}],"wp:term":[{"taxonomy":"product_brand","embeddable":true,"href":"https:\/\/tiekejai.eu\/et\/wp-json\/wp\/v2\/product_brand?post=1486"},{"taxonomy":"product_cat","embeddable":true,"href":"https:\/\/tiekejai.eu\/et\/wp-json\/wp\/v2\/product_cat?post=1486"},{"taxonomy":"product_tag","embeddable":true,"href":"https:\/\/tiekejai.eu\/et\/wp-json\/wp\/v2\/product_tag?post=1486"}],"curies":[{"name":"wp","href":"https:\/\/api.w.org\/{rel}","templated":true}]}}