{"id":1235,"date":"2023-01-22T18:05:36","date_gmt":"2023-01-22T20:05:36","guid":{"rendered":"https:\/\/tiekejai.eu\/?post_type=product&#038;p=1235"},"modified":"2023-09-25T20:04:58","modified_gmt":"2023-09-25T22:04:58","slug":"tarnijad-poolast","status":"publish","type":"product","link":"https:\/\/tiekejai.eu\/et\/tarnijate-nimekirjad\/tarnijad-poolast\/","title":{"rendered":"Poola tarnijad"},"content":{"rendered":"<p class=\"translation-block\"><strong>Tarnijad Poolast<\/strong> on \u00fcks parimaid valikuid, kui otsite hulgim\u00fc\u00fcgitooteid v\u00f5i dropshipping v\u00f5imalusi. Poolas on palju tootjaid, kes pakuvad laia kaubavalikut alates lihtsatest asjadest nagu riided, lemmikloomatarbed kuni keerukamate toodeteni, nagu elektroonika, autod ja lugematu hulk muid tooteid.<\/p>\n<p class=\"translation-block\">Hulgikaubandus Poolas on v\u00e4ga populaarne, kuna see riik on Euroopa Liidu liige ning seal on h\u00e4sti arenenud logistika- ja transpordis\u00fcsteemid, mis v\u00f5imaldavad kiiresti ja t\u00f5husalt kaupu toimetada igasse Euroopa linna. Lisaks pakuvad <strong>tarnijad Poolast<\/strong> h\u00e4id hindu ja kvaliteetseid tooteid.<\/p>\n<h4>Poola tarnijate tutvustamine<\/h4>\n<p class=\"translation-block\">Dropshipping on populaarne kaubanduse vorm, mille puhul<strong>Poola tarnijad<\/strong>tarnivad kaubad otse ostjale ja edasim\u00fc\u00fcja tegeleb turundusega. See on Poolas hea, sest Poolast on palju tarnijaid, kes pakuvad dropshipping teenuseid. Dropshipi tarnijad saavad tarnida kaubad otse ostjale koju ja mitte ainult Poolas. See v\u00f5imaldab edasim\u00fc\u00fcjatel s\u00e4\u00e4sta aega ja raha, mis muidu kuluks saatmisele. <strong><a href=\"https:\/\/tiekejai.eu\/et\/dropshipping\/\" target=\"_self\">Dropshipping<\/a> on Poolast v\u00e4ga n\u00f5utud, kuna asub Leedu l\u00e4hedal, mis t\u00e4hendab, et sobivad tarnijad Poolast Leedust ostes toimetavad kaubad peaaegu sama h\u00e4sti<\/strong><\/p>\n<h4>Poola majandus<\/h4>\n<p class=\"translation-block\"><a href=\"https:\/\/tiekejai.eu\/et\/tarnijad\/\" target=\"_self\">Tarnijad<\/a> v\u00f5i <a href=\"https:\/\/tiekejai.eu\/et\/tootjad\/\" target=\"_self\"> tootjad<\/a> on samuti tuntud oma kvaliteetsete toodete poolest. Tootjad v\u00f5ivad pakkuda ka kohandatud tooteid, mis vastavad teie vajadustele. \u00dcldiselt on <strong>tarnijad Poolast<\/strong>, hulgim\u00fc\u00fck, dropshipping ja tootjad hea valik, kui otsite kvaliteetseid tooteid hea hinnaga. Poolas on palju usaldusv\u00e4\u00e4rseid tarnijaid ja tootjaid, kes pakuvad laia valikut kaupu ja h\u00e4id teenuseid.<\/p>\n<p class=\"translation-block\">Poola majandus on \u00fcks kiiremini kasvavaid Euroopas. Palju uusi ja uuenduslikke tarnijaid ja tootjaid, kes pakuvad oma tooteid \u00fcle kogu maailma. Lisaks on Poolas palju v\u00e4ikeseid ja keskmise suurusega ettev\u00f5tteid, mis pakuvad ainulaadseid kaupu ja teenuseid. <strong>Tarnijad Poolast<\/strong> v\u00f5ivad olla hea valik edasim\u00fc\u00fcjatele, kes otsivad oma ettev\u00f5tte jaoks uusi ja ainulaadseid tooteid.<\/p>\n<p class=\"translation-block\">Kui teil on investeering, kuid arvate, et tarnijate nimekiri teid ei aita, v\u00f5ite alati taotleda individuaalset <a href=\"https:\/\/tiekejai.eu\/et\/tarnija-otsing\/\" target=\"_self\">otsingut tarnijatele<\/a> k\u00f5igis \u00e4rimudelites.<\/p>","protected":false},"excerpt":{"rendered":"<p class=\"translation-block\"><a href=\"https:\/\/tiekejai.eu\/et\/\" target=\"_self\">Tiekejai.eu<\/a> hoolikalt valitud <strong>Poola tarnijad<\/strong> pakuvad juurdep\u00e4\u00e4su Leedu k\u00f5ige laiemale 750 tarnijast koosnevale loendile. filtreerimise v\u00f5imalus vastavalt soovitud kategooriale. Filtreerimine muudab tarnijate otsimise palju lihtsamaks. Tarnijate loendist leiate k\u00f5igi kategooriate tarnijad, sealhulgas r\u00f5ivad, jalatsid, autod, aed ja kodu, lemmikloomatooted jne. Tarnijad pakuvad hulgi- ja dropshippingut. Lisaks k\u00f5igele sellele pakume tasuta ettev\u00f5tlustunde ettev\u00f5tluse alustamiseks v\u00f5i t\u00e4iustamiseks, e-poodide valikuks, automatiseerimiseks ja reklaamiks.<\/p>","protected":false},"featured_media":1594,"template":"","meta":{"_eb_attr":""},"product_brand":[],"product_cat":[46],"product_tag":[],"class_list":{"0":"post-1235","1":"product","2":"type-product","3":"status-publish","4":"has-post-thumbnail","6":"product_cat-tiekeju-sarasai","8":"first","9":"instock","10":"sale","11":"downloadable","12":"shipping-taxable","13":"purchasable","14":"product-type-simple"},"yoast_head":"<!-- This site is optimized with the Yoast SEO Premium plugin v23.6 (Yoast SEO v27.3) - https:\/\/yoast.com\/product\/yoast-seo-premium-wordpress\/ -->\n<title>Tiek\u0117jai i\u0161 Lenkijos - i\u0161manus pasirinkimas!<\/title>\n<meta name=\"description\" content=\"tiek\u0117jai i\u0161 lenkijos m\u016bs\u0173 kruop\u0161\u010diai atrinkti tiek\u0117jai, kur\u012f sudaro net 750 atrinkt\u0173 tiek\u0117j\u0173 s\u0105ra\u0161as su filtravimu ir nemokamomis pamokomis!\" \/>\n<meta name=\"robots\" content=\"index, follow, max-snippet:-1, max-image-preview:large, max-video-preview:-1\" \/>\n<link rel=\"canonical\" href=\"https:\/\/tiekejai.eu\/et\/tarnijate-nimekirjad\/tarnijad-poolast\/\" \/>\n<meta property=\"og:locale\" content=\"et_EE\" \/>\n<meta property=\"og:type\" content=\"article\" \/>\n<meta property=\"og:title\" content=\"Tiek\u0117jai i\u0161 Lenkijos\" \/>\n<meta property=\"og:description\" content=\"tiek\u0117jai i\u0161 lenkijos m\u016bs\u0173 kruop\u0161\u010diai atrinkti tiek\u0117jai, kur\u012f sudaro net 750 atrinkt\u0173 tiek\u0117j\u0173 s\u0105ra\u0161as su filtravimu ir nemokamomis pamokomis!\" \/>\n<meta property=\"og:url\" content=\"https:\/\/tiekejai.eu\/et\/tarnijate-nimekirjad\/tarnijad-poolast\/\" \/>\n<meta property=\"og:site_name\" content=\"Tiekejai.eu\" \/>\n<meta property=\"article:publisher\" content=\"https:\/\/www.facebook.com\/tiekejai.eu\" \/>\n<meta property=\"article:modified_time\" content=\"2023-09-25T22:04:58+00:00\" \/>\n<meta property=\"og:image\" content=\"https:\/\/tiekejai.eu\/wp-content\/uploads\/2023\/01\/Poland_Suppliers.png\" \/>\n\t<meta property=\"og:image:width\" content=\"1080\" \/>\n\t<meta property=\"og:image:height\" content=\"1080\" \/>\n\t<meta property=\"og:image:type\" content=\"image\/png\" \/>\n<meta name=\"twitter:card\" content=\"summary_large_image\" \/>\n<meta name=\"twitter:label1\" content=\"Est. reading time\" \/>\n\t<meta name=\"twitter:data1\" content=\"2 minutit\" \/>\n<script type=\"application\/ld+json\" class=\"yoast-schema-graph\">{\"@context\":\"https:\\\/\\\/schema.org\",\"@graph\":[{\"@type\":\"WebPage\",\"@id\":\"https:\\\/\\\/tiekejai.eu\\\/tiekeju-sarasai\\\/tiekejai-is-lenkijos\\\/\",\"url\":\"https:\\\/\\\/tiekejai.eu\\\/tiekeju-sarasai\\\/tiekejai-is-lenkijos\\\/\",\"name\":\"Tiek\u0117jai i\u0161 Lenkijos - i\u0161manus pasirinkimas!\",\"isPartOf\":{\"@id\":\"https:\\\/\\\/tiekejai.eu\\\/#website\"},\"primaryImageOfPage\":{\"@id\":\"https:\\\/\\\/tiekejai.eu\\\/tiekeju-sarasai\\\/tiekejai-is-lenkijos\\\/#primaryimage\"},\"image\":{\"@id\":\"https:\\\/\\\/tiekejai.eu\\\/tiekeju-sarasai\\\/tiekejai-is-lenkijos\\\/#primaryimage\"},\"thumbnailUrl\":\"https:\\\/\\\/tiekejai.eu\\\/wp-content\\\/uploads\\\/2023\\\/01\\\/Poland_Suppliers.png\",\"datePublished\":\"2023-01-22T20:05:36+00:00\",\"dateModified\":\"2023-09-25T22:04:58+00:00\",\"description\":\"tiek\u0117jai i\u0161 lenkijos m\u016bs\u0173 kruop\u0161\u010diai atrinkti tiek\u0117jai, kur\u012f sudaro net 750 atrinkt\u0173 tiek\u0117j\u0173 s\u0105ra\u0161as su filtravimu ir nemokamomis pamokomis!\",\"breadcrumb\":{\"@id\":\"https:\\\/\\\/tiekejai.eu\\\/tiekeju-sarasai\\\/tiekejai-is-lenkijos\\\/#breadcrumb\"},\"inLanguage\":\"et\",\"potentialAction\":[{\"@type\":\"ReadAction\",\"target\":[\"https:\\\/\\\/tiekejai.eu\\\/tiekeju-sarasai\\\/tiekejai-is-lenkijos\\\/\"]}]},{\"@type\":\"ImageObject\",\"inLanguage\":\"et\",\"@id\":\"https:\\\/\\\/tiekejai.eu\\\/tiekeju-sarasai\\\/tiekejai-is-lenkijos\\\/#primaryimage\",\"url\":\"https:\\\/\\\/tiekejai.eu\\\/wp-content\\\/uploads\\\/2023\\\/01\\\/Poland_Suppliers.png\",\"contentUrl\":\"https:\\\/\\\/tiekejai.eu\\\/wp-content\\\/uploads\\\/2023\\\/01\\\/Poland_Suppliers.png\",\"width\":1080,\"height\":1080,\"caption\":\"Suppliers from Poland\"},{\"@type\":\"BreadcrumbList\",\"@id\":\"https:\\\/\\\/tiekejai.eu\\\/tiekeju-sarasai\\\/tiekejai-is-lenkijos\\\/#breadcrumb\",\"itemListElement\":[{\"@type\":\"ListItem\",\"position\":1,\"name\":\"Home\",\"item\":\"https:\\\/\\\/tiekejai.eu\\\/\"},{\"@type\":\"ListItem\",\"position\":2,\"name\":\"Tiek\u0117j\u0173 s\u0105ra\u0161ai\",\"item\":\"https:\\\/\\\/tiekejai.eu\\\/tiekeju-sarasai\\\/\"},{\"@type\":\"ListItem\",\"position\":3,\"name\":\"Tiek\u0117jai i\u0161 Lenkijos\"}]},{\"@type\":\"WebSite\",\"@id\":\"https:\\\/\\\/tiekejai.eu\\\/#website\",\"url\":\"https:\\\/\\\/tiekejai.eu\\\/\",\"name\":\"Tiekejai.eu\",\"description\":\"\",\"publisher\":{\"@id\":\"https:\\\/\\\/tiekejai.eu\\\/#organization\"},\"potentialAction\":[{\"@type\":\"SearchAction\",\"target\":{\"@type\":\"EntryPoint\",\"urlTemplate\":\"https:\\\/\\\/tiekejai.eu\\\/?s={search_term_string}\"},\"query-input\":{\"@type\":\"PropertyValueSpecification\",\"valueRequired\":true,\"valueName\":\"search_term_string\"}}],\"inLanguage\":\"et\"},{\"@type\":\"Organization\",\"@id\":\"https:\\\/\\\/tiekejai.eu\\\/#organization\",\"name\":\"Tiekejai.eu | Preki\u0173 tiek\u0117j\u0173 ir gamintoj\u0173 paie\u0161ka\",\"url\":\"https:\\\/\\\/tiekejai.eu\\\/\",\"logo\":{\"@type\":\"ImageObject\",\"inLanguage\":\"et\",\"@id\":\"https:\\\/\\\/tiekejai.eu\\\/#\\\/schema\\\/logo\\\/image\\\/\",\"url\":\"http:\\\/\\\/tiekejai.eu\\\/wp-content\\\/uploads\\\/2021\\\/03\\\/cropped-cropped-Logo-transparent-backround-1.png\",\"contentUrl\":\"http:\\\/\\\/tiekejai.eu\\\/wp-content\\\/uploads\\\/2021\\\/03\\\/cropped-cropped-Logo-transparent-backround-1.png\",\"width\":65,\"height\":67,\"caption\":\"Tiekejai.eu | Preki\u0173 tiek\u0117j\u0173 ir gamintoj\u0173 paie\u0161ka\"},\"image\":{\"@id\":\"https:\\\/\\\/tiekejai.eu\\\/#\\\/schema\\\/logo\\\/image\\\/\"},\"sameAs\":[\"https:\\\/\\\/www.facebook.com\\\/tiekejai.eu\"]}]}<\/script>\n<!-- \/ Yoast SEO Premium plugin. -->","yoast_head_json":{"title":"Poola tarnijad - arukas valik!","description":"tarnijad Poolast meie hoolikalt valitud tarnijate nimekiri kuni 750 valitud tarnijast koos filtreerimise ja tasuta \u00f5ppetundidega!","robots":{"index":"index","follow":"follow","max-snippet":"max-snippet:-1","max-image-preview":"max-image-preview:large","max-video-preview":"max-video-preview:-1"},"canonical":"https:\/\/tiekejai.eu\/et\/tarnijate-nimekirjad\/tarnijad-poolast\/","og_locale":"et_EE","og_type":"article","og_title":"Tiek\u0117jai i\u0161 Lenkijos","og_description":"tiek\u0117jai i\u0161 lenkijos m\u016bs\u0173 kruop\u0161\u010diai atrinkti tiek\u0117jai, kur\u012f sudaro net 750 atrinkt\u0173 tiek\u0117j\u0173 s\u0105ra\u0161as su filtravimu ir nemokamomis pamokomis!","og_url":"https:\/\/tiekejai.eu\/et\/tarnijate-nimekirjad\/tarnijad-poolast\/","og_site_name":"Tiekejai.eu","article_publisher":"https:\/\/www.facebook.com\/tiekejai.eu","article_modified_time":"2023-09-25T22:04:58+00:00","og_image":[{"width":1080,"height":1080,"url":"https:\/\/tiekejai.eu\/wp-content\/uploads\/2023\/01\/Poland_Suppliers.png","type":"image\/png"}],"twitter_card":"summary_large_image","twitter_misc":{"Est. reading time":"2 minutit"},"schema":{"@context":"https:\/\/schema.org","@graph":[{"@type":"WebPage","@id":"https:\/\/tiekejai.eu\/tiekeju-sarasai\/tiekejai-is-lenkijos\/","url":"https:\/\/tiekejai.eu\/tiekeju-sarasai\/tiekejai-is-lenkijos\/","name":"Poola tarnijad - arukas valik!","isPartOf":{"@id":"https:\/\/tiekejai.eu\/#website"},"primaryImageOfPage":{"@id":"https:\/\/tiekejai.eu\/tiekeju-sarasai\/tiekejai-is-lenkijos\/#primaryimage"},"image":{"@id":"https:\/\/tiekejai.eu\/tiekeju-sarasai\/tiekejai-is-lenkijos\/#primaryimage"},"thumbnailUrl":"https:\/\/tiekejai.eu\/wp-content\/uploads\/2023\/01\/Poland_Suppliers.png","datePublished":"2023-01-22T20:05:36+00:00","dateModified":"2023-09-25T22:04:58+00:00","description":"tarnijad Poolast meie hoolikalt valitud tarnijate nimekiri kuni 750 valitud tarnijast koos filtreerimise ja tasuta \u00f5ppetundidega!","breadcrumb":{"@id":"https:\/\/tiekejai.eu\/tiekeju-sarasai\/tiekejai-is-lenkijos\/#breadcrumb"},"inLanguage":"et","potentialAction":[{"@type":"ReadAction","target":["https:\/\/tiekejai.eu\/tiekeju-sarasai\/tiekejai-is-lenkijos\/"]}]},{"@type":"ImageObject","inLanguage":"et","@id":"https:\/\/tiekejai.eu\/tiekeju-sarasai\/tiekejai-is-lenkijos\/#primaryimage","url":"https:\/\/tiekejai.eu\/wp-content\/uploads\/2023\/01\/Poland_Suppliers.png","contentUrl":"https:\/\/tiekejai.eu\/wp-content\/uploads\/2023\/01\/Poland_Suppliers.png","width":1080,"height":1080,"caption":"Suppliers from Poland"},{"@type":"BreadcrumbList","@id":"https:\/\/tiekejai.eu\/tiekeju-sarasai\/tiekejai-is-lenkijos\/#breadcrumb","itemListElement":[{"@type":"ListItem","position":1,"name":"Home","item":"https:\/\/tiekejai.eu\/"},{"@type":"ListItem","position":2,"name":"Tiek\u0117j\u0173 s\u0105ra\u0161ai","item":"https:\/\/tiekejai.eu\/tiekeju-sarasai\/"},{"@type":"ListItem","position":3,"name":"Tiek\u0117jai i\u0161 Lenkijos"}]},{"@type":"WebSite","@id":"https:\/\/tiekejai.eu\/#website","url":"https:\/\/tiekejai.eu\/","name":"Tiekejai.eu","description":"","publisher":{"@id":"https:\/\/tiekejai.eu\/#organization"},"potentialAction":[{"@type":"SearchAction","target":{"@type":"EntryPoint","urlTemplate":"https:\/\/tiekejai.eu\/?s={search_term_string}"},"query-input":{"@type":"PropertyValueSpecification","valueRequired":true,"valueName":"search_term_string"}}],"inLanguage":"et"},{"@type":"Organization","@id":"https:\/\/tiekejai.eu\/#organization","name":"tiekejai.eu | Kaupade tarnijate ja tootjate otsimine","url":"https:\/\/tiekejai.eu\/","logo":{"@type":"ImageObject","inLanguage":"et","@id":"https:\/\/tiekejai.eu\/#\/schema\/logo\/image\/","url":"http:\/\/tiekejai.eu\/wp-content\/uploads\/2021\/03\/cropped-cropped-Logo-transparent-backround-1.png","contentUrl":"http:\/\/tiekejai.eu\/wp-content\/uploads\/2021\/03\/cropped-cropped-Logo-transparent-backround-1.png","width":65,"height":67,"caption":"Tiekejai.eu | Preki\u0173 tiek\u0117j\u0173 ir gamintoj\u0173 paie\u0161ka"},"image":{"@id":"https:\/\/tiekejai.eu\/#\/schema\/logo\/image\/"},"sameAs":["https:\/\/www.facebook.com\/tiekejai.eu"]}]}},"_links":{"self":[{"href":"https:\/\/tiekejai.eu\/et\/wp-json\/wp\/v2\/product\/1235","targetHints":{"allow":["GET"]}}],"collection":[{"href":"https:\/\/tiekejai.eu\/et\/wp-json\/wp\/v2\/product"}],"about":[{"href":"https:\/\/tiekejai.eu\/et\/wp-json\/wp\/v2\/types\/product"}],"version-history":[{"count":6,"href":"https:\/\/tiekejai.eu\/et\/wp-json\/wp\/v2\/product\/1235\/revisions"}],"predecessor-version":[{"id":1246,"href":"https:\/\/tiekejai.eu\/et\/wp-json\/wp\/v2\/product\/1235\/revisions\/1246"}],"wp:featuredmedia":[{"embeddable":true,"href":"https:\/\/tiekejai.eu\/et\/wp-json\/wp\/v2\/media\/1594"}],"wp:attachment":[{"href":"https:\/\/tiekejai.eu\/et\/wp-json\/wp\/v2\/media?parent=1235"}],"wp:term":[{"taxonomy":"product_brand","embeddable":true,"href":"https:\/\/tiekejai.eu\/et\/wp-json\/wp\/v2\/product_brand?post=1235"},{"taxonomy":"product_cat","embeddable":true,"href":"https:\/\/tiekejai.eu\/et\/wp-json\/wp\/v2\/product_cat?post=1235"},{"taxonomy":"product_tag","embeddable":true,"href":"https:\/\/tiekejai.eu\/et\/wp-json\/wp\/v2\/product_tag?post=1235"}],"curies":[{"name":"wp","href":"https:\/\/api.w.org\/{rel}","templated":true}]}}