{"id":1115,"date":"2023-01-19T19:42:05","date_gmt":"2023-01-19T21:42:05","guid":{"rendered":"https:\/\/tiekejai.eu\/?post_type=product&#038;p=1115"},"modified":"2024-05-01T20:10:13","modified_gmt":"2024-05-01T22:10:13","slug":"riiete-tarnijad","status":"publish","type":"product","link":"https:\/\/tiekejai.eu\/et\/tarnijate-nimekirjad\/riiete-tarnijad\/","title":{"rendered":"R\u00f5ivaste tarnijad"},"content":{"rendered":"<p><strong>R\u00f5ivaste tarnijad<\/strong> on ideaalne valik \u00e4ritegevuseks, riided on inimeste igap\u00e4evaelus h\u00e4davajalikud, nagu ka toit. R\u00f5ivat\u00f6\u00f6stus on \u00fcks kiiremini kasvavaid t\u00f6\u00f6stusharusid maailmas ja paljud tarnijad kasutavad uusimat tehnoloogiat, et parandada oma tootmisprotsesse ja suurendada oma \u00e4rimahtu.<\/p>\n<p><strong>R\u00f5ivaste tarnijad<\/strong> v\u00f5ib p\u00fc\u00fcda rahuldada oma klientide vajadusi, pakkudes laia stiili- ja v\u00e4rvivalikut ning j\u00e4rgides vastutustundlikke tootmistavasid, n\u00e4iteks parandades t\u00f6\u00f6tingimusi ja austades keskkonda. See aitab tagada positiivse kaubam\u00e4rgi maine ja suurema tulu. Lisaks saate t\u00e4nu e-kaubanduse ja interneti \u00fcha kasvavale arengule j\u00f5uda veelgi suurema hulga klientideni. See omakorda aitab suurendada n\u00f5udlust ja mahtu. Konkurents r\u00f5ivaste sektoris on siiski \u00fcsna tugev. Oluline on olla uuenduslik ja leida \u00f5igeid tarnijaid konkurentsiv\u00f5imeliste hindadega, et p\u00fcsida konkurentsiv\u00f5imeline ja rahuldada klientide vajadusi.<\/p>\n<p>Meie veebileht tiekejai.eu pakub professionaalselt koostatud <strong>r\u00f5ivatarnijate nimekirjad.<\/strong>\u00a0Need <strong>r\u00f5ivatarnijad<\/strong> p\u00f5hinevad kvaliteedil, hindadel ja dropshipping- ja hulgim\u00fc\u00fcgi mudelite valikul.<\/p>\n<p><a href=\"https:\/\/tiekejai.eu\/et\/dropshipping\/\">Dropshipping<\/a> on kauplemismudel, mille puhul te kauplete toodetega, ilma et te neid f\u00fc\u00fcsiliselt valdaksite. See t\u00e4hendab, et te tellite kauba otse tarnijalt ja ta toimetab kauba otse teie kliendi koju. See on mugav viis alustada kauplemist ilma suure kapitalita.<\/p>\n<p>Hulgim\u00fc\u00fck on kauplemismudel, mille puhul ostate kaupu hulgi ja m\u00fc\u00fcte need seej\u00e4rel oma klientidele k\u00f5rgema hinnaga. See v\u00f5ib olla kasulik, kui teil on suur kliendibaas v\u00f5i ladu, kus te hoiate oma kaupu Rohkem infot \u00e4rimudelite kohta ja selle kohta, millist valida <a href=\"https:\/\/tiekejai.eu\/et\/dropshipping\/\">siin<\/a>.<\/p>\n<h2><strong>Sobivad r\u00f5ivatarnijad<\/strong><\/h2>\n<p>\u00d5ige r\u00f5ivatarnija valimine v\u00f5ib olla oluline otsus, mis v\u00f5ib m\u00f5jutada teie kaupade kvaliteeti ja usaldusv\u00e4\u00e4rsust. Soovitame p\u00f6\u00f6rata t\u00e4helepanu j\u00e4rgmistele olulistele omadustele:<\/p>\n<ul>\n<li style=\"text-align: left;\">Usaldusv\u00e4\u00e4rsus: peate valima tarnija, kes suudab tagada toodete korrap\u00e4rase ja usaldusv\u00e4\u00e4rse tarnimise.<\/li>\n<li style=\"text-align: left;\">Kvaliteet: kontrollige tarnijate tootmis- ja auditeerimistavasid, et tagada kvaliteetne r\u00f5ivaste kvaliteet.<\/li>\n<li style=\"text-align: left;\">Hind: peate kontrollima tarnijate hinnakonkurentsiv\u00f5imet ja seda, kas nad suudavad pakkuda teie ettev\u00f5ttele sobivat hinda ja marginaali.<\/li>\n<li style=\"text-align: left;\">Vastutustundlikud tootmistavad: peaksite valima tarnija, kes j\u00e4rgib vastutustundlikke tootmistavasid, n\u00e4iteks parandab t\u00f6\u00f6tingimusi ja austab keskkonda.<\/li>\n<li style=\"text-align: left;\">Klienditeenindus: peate valima tarnija, kes pakub head klienditeenindust ja on valmis vastama teie k\u00fcsimustele ja vajadustele.<\/li>\n<\/ul>\n<p>Kokkuv\u00f5te: \u00d5ige r\u00f5ivatarnija on \u00fcks t\u00e4htsamaid otsuseid. T\u00e4nap\u00e4eval v\u00f5ite m\u00fc\u00fca mida iganes, kuid palju parem on alustada t\u00f5siste tarnijatega, kes annavad teile parima, mida nad suudavad. Heade tarnijatega ei pea te hiljem teisi otsima ja kogu \u00e4ri \u00fcmber tegema. L\u00f5ppkokkuv\u00f5ttes peate keskenduma usaldusv\u00e4\u00e4rsusele, kvaliteedile, hinnale, vastutustundlikele tootmistavadele ja klienditeenindusele.<\/p>","protected":false},"excerpt":{"rendered":"<p>Meie <strong>r\u00f5ivatarnijate loetelus<\/strong> leiate tarnijaid, kes pakuvad laia valikut garderoobide, nimesiltide, jalatsite ja aksessuaaride valikut. Tarnijad teevad koost\u00f6\u00f6d dropshipping ja hulgim\u00fc\u00fcgiga.  Hoolikalt valitud ja kontrollitud <strong>riided<\/strong> <strong>tarnijate nimekiri<\/strong> filtreerimisfunktsiooniga, mis v\u00f5imaldab juurdep\u00e4\u00e4su kuni 360-le <strong>r\u00f5ivatarnijad. <\/strong>Tarnijad on p\u00e4rit \u00fcle kogu maailma, sealhulgas Leedust, Poolast, T\u00fcrgist, Itaaliast, Ukrainast ja paljudest teistest riikidest. K\u00f5lab h\u00e4sti? Lisaks k\u00f5igele sellele anname teile tasuta \u00f5ppetunde k\u00f5igest alates e-poe loomisest kuni e-kaubandusv\u00f5rgustike ja reklaamini!<\/p>","protected":false},"featured_media":1528,"template":"","meta":{"_eb_attr":""},"product_brand":[],"product_cat":[46],"product_tag":[],"class_list":{"0":"post-1115","1":"product","2":"type-product","3":"status-publish","4":"has-post-thumbnail","6":"product_cat-tiekeju-sarasai","8":"first","9":"instock","10":"sale","11":"downloadable","12":"shipping-taxable","13":"purchasable","14":"product-type-simple"},"yoast_head":"<!-- This site is optimized with the Yoast SEO Premium plugin v23.6 (Yoast SEO v27.3) - https:\/\/yoast.com\/product\/yoast-seo-premium-wordpress\/ -->\n<title>R\u016bb\u0173 Tiek\u0117jai - Tiekejai.eu<\/title>\n<meta name=\"description\" content=\"Kruop\u0161\u010diai atrinktas r\u016bb\u0173 tiek\u0117j\u0173 s\u0105ra\u0161as su filtravimo funkcija suteiks prieig\u0105 prie 360 r\u016bb\u0173 tiek\u0117j\u0173 i\u0161 viso pasaulio + nemokamos pamokos verslui\" \/>\n<meta name=\"robots\" content=\"index, follow, max-snippet:-1, max-image-preview:large, max-video-preview:-1\" \/>\n<link rel=\"canonical\" href=\"https:\/\/tiekejai.eu\/et\/tarnijate-nimekirjad\/riiete-tarnijad\/\" \/>\n<meta property=\"og:locale\" content=\"et_EE\" \/>\n<meta property=\"og:type\" content=\"article\" \/>\n<meta property=\"og:title\" content=\"R\u016bb\u0173 Tiek\u0117jai\" \/>\n<meta property=\"og:description\" content=\"Kruop\u0161\u010diai atrinktas r\u016bb\u0173 tiek\u0117j\u0173 s\u0105ra\u0161as su filtravimo funkcija suteiks prieig\u0105 prie 360 r\u016bb\u0173 tiek\u0117j\u0173 i\u0161 viso pasaulio + nemokamos pamokos verslui\" \/>\n<meta property=\"og:url\" content=\"https:\/\/tiekejai.eu\/et\/tarnijate-nimekirjad\/riiete-tarnijad\/\" \/>\n<meta property=\"og:site_name\" content=\"Tiekejai.eu\" \/>\n<meta property=\"article:publisher\" content=\"https:\/\/www.facebook.com\/tiekejai.eu\" \/>\n<meta property=\"article:modified_time\" content=\"2024-05-01T22:10:13+00:00\" \/>\n<meta property=\"og:image\" content=\"https:\/\/tiekejai.eu\/wp-content\/uploads\/2023\/01\/rubu_tiekejai.png\" \/>\n\t<meta property=\"og:image:width\" content=\"1080\" \/>\n\t<meta property=\"og:image:height\" content=\"1080\" \/>\n\t<meta property=\"og:image:type\" content=\"image\/png\" \/>\n<meta name=\"twitter:card\" content=\"summary_large_image\" \/>\n<meta name=\"twitter:label1\" content=\"Est. reading time\" \/>\n\t<meta name=\"twitter:data1\" content=\"3 minutit\" \/>\n<script type=\"application\/ld+json\" class=\"yoast-schema-graph\">{\"@context\":\"https:\\\/\\\/schema.org\",\"@graph\":[{\"@type\":\"WebPage\",\"@id\":\"https:\\\/\\\/tiekejai.eu\\\/tiekeju-sarasai\\\/rubu-tiekejai\\\/\",\"url\":\"https:\\\/\\\/tiekejai.eu\\\/tiekeju-sarasai\\\/rubu-tiekejai\\\/\",\"name\":\"R\u016bb\u0173 Tiek\u0117jai - Tiekejai.eu\",\"isPartOf\":{\"@id\":\"https:\\\/\\\/tiekejai.eu\\\/#website\"},\"primaryImageOfPage\":{\"@id\":\"https:\\\/\\\/tiekejai.eu\\\/tiekeju-sarasai\\\/rubu-tiekejai\\\/#primaryimage\"},\"image\":{\"@id\":\"https:\\\/\\\/tiekejai.eu\\\/tiekeju-sarasai\\\/rubu-tiekejai\\\/#primaryimage\"},\"thumbnailUrl\":\"https:\\\/\\\/tiekejai.eu\\\/wp-content\\\/uploads\\\/2023\\\/01\\\/rubu_tiekejai.png\",\"datePublished\":\"2023-01-19T21:42:05+00:00\",\"dateModified\":\"2024-05-01T22:10:13+00:00\",\"description\":\"Kruop\u0161\u010diai atrinktas r\u016bb\u0173 tiek\u0117j\u0173 s\u0105ra\u0161as su filtravimo funkcija suteiks prieig\u0105 prie 360 r\u016bb\u0173 tiek\u0117j\u0173 i\u0161 viso pasaulio + nemokamos pamokos verslui\",\"breadcrumb\":{\"@id\":\"https:\\\/\\\/tiekejai.eu\\\/tiekeju-sarasai\\\/rubu-tiekejai\\\/#breadcrumb\"},\"inLanguage\":\"et\",\"potentialAction\":[{\"@type\":\"ReadAction\",\"target\":[\"https:\\\/\\\/tiekejai.eu\\\/tiekeju-sarasai\\\/rubu-tiekejai\\\/\"]}]},{\"@type\":\"ImageObject\",\"inLanguage\":\"et\",\"@id\":\"https:\\\/\\\/tiekejai.eu\\\/tiekeju-sarasai\\\/rubu-tiekejai\\\/#primaryimage\",\"url\":\"https:\\\/\\\/tiekejai.eu\\\/wp-content\\\/uploads\\\/2023\\\/01\\\/rubu_tiekejai.png\",\"contentUrl\":\"https:\\\/\\\/tiekejai.eu\\\/wp-content\\\/uploads\\\/2023\\\/01\\\/rubu_tiekejai.png\",\"width\":1080,\"height\":1080,\"caption\":\"r\u016bb\u0173 tiek\u0117j\u0173 s\u0105ra\u0161as\"},{\"@type\":\"BreadcrumbList\",\"@id\":\"https:\\\/\\\/tiekejai.eu\\\/tiekeju-sarasai\\\/rubu-tiekejai\\\/#breadcrumb\",\"itemListElement\":[{\"@type\":\"ListItem\",\"position\":1,\"name\":\"Home\",\"item\":\"https:\\\/\\\/tiekejai.eu\\\/\"},{\"@type\":\"ListItem\",\"position\":2,\"name\":\"Tiek\u0117j\u0173 s\u0105ra\u0161ai\",\"item\":\"https:\\\/\\\/tiekejai.eu\\\/tiekeju-sarasai\\\/\"},{\"@type\":\"ListItem\",\"position\":3,\"name\":\"R\u016bb\u0173 Tiek\u0117jai\"}]},{\"@type\":\"WebSite\",\"@id\":\"https:\\\/\\\/tiekejai.eu\\\/#website\",\"url\":\"https:\\\/\\\/tiekejai.eu\\\/\",\"name\":\"Tiekejai.eu\",\"description\":\"\",\"publisher\":{\"@id\":\"https:\\\/\\\/tiekejai.eu\\\/#organization\"},\"potentialAction\":[{\"@type\":\"SearchAction\",\"target\":{\"@type\":\"EntryPoint\",\"urlTemplate\":\"https:\\\/\\\/tiekejai.eu\\\/?s={search_term_string}\"},\"query-input\":{\"@type\":\"PropertyValueSpecification\",\"valueRequired\":true,\"valueName\":\"search_term_string\"}}],\"inLanguage\":\"et\"},{\"@type\":\"Organization\",\"@id\":\"https:\\\/\\\/tiekejai.eu\\\/#organization\",\"name\":\"Tiekejai.eu | Preki\u0173 tiek\u0117j\u0173 ir gamintoj\u0173 paie\u0161ka\",\"url\":\"https:\\\/\\\/tiekejai.eu\\\/\",\"logo\":{\"@type\":\"ImageObject\",\"inLanguage\":\"et\",\"@id\":\"https:\\\/\\\/tiekejai.eu\\\/#\\\/schema\\\/logo\\\/image\\\/\",\"url\":\"http:\\\/\\\/tiekejai.eu\\\/wp-content\\\/uploads\\\/2021\\\/03\\\/cropped-cropped-Logo-transparent-backround-1.png\",\"contentUrl\":\"http:\\\/\\\/tiekejai.eu\\\/wp-content\\\/uploads\\\/2021\\\/03\\\/cropped-cropped-Logo-transparent-backround-1.png\",\"width\":65,\"height\":67,\"caption\":\"Tiekejai.eu | Preki\u0173 tiek\u0117j\u0173 ir gamintoj\u0173 paie\u0161ka\"},\"image\":{\"@id\":\"https:\\\/\\\/tiekejai.eu\\\/#\\\/schema\\\/logo\\\/image\\\/\"},\"sameAs\":[\"https:\\\/\\\/www.facebook.com\\\/tiekejai.eu\"]}]}<\/script>\n<!-- \/ Yoast SEO Premium plugin. -->","yoast_head_json":{"title":"R\u00f5ivaste tarnijad - Tiekejai.eu","description":"Hoolikalt kureeritud r\u00f5ivatarnijate nimekiri koos filtreerimisfunktsiooniga, mis annab teile juurdep\u00e4\u00e4su 360 r\u00f5ivatarnijale \u00fcle kogu maailma + tasuta \u00e4ritunnid.","robots":{"index":"index","follow":"follow","max-snippet":"max-snippet:-1","max-image-preview":"max-image-preview:large","max-video-preview":"max-video-preview:-1"},"canonical":"https:\/\/tiekejai.eu\/et\/tarnijate-nimekirjad\/riiete-tarnijad\/","og_locale":"et_EE","og_type":"article","og_title":"R\u016bb\u0173 Tiek\u0117jai","og_description":"Kruop\u0161\u010diai atrinktas r\u016bb\u0173 tiek\u0117j\u0173 s\u0105ra\u0161as su filtravimo funkcija suteiks prieig\u0105 prie 360 r\u016bb\u0173 tiek\u0117j\u0173 i\u0161 viso pasaulio + nemokamos pamokos verslui","og_url":"https:\/\/tiekejai.eu\/et\/tarnijate-nimekirjad\/riiete-tarnijad\/","og_site_name":"Tiekejai.eu","article_publisher":"https:\/\/www.facebook.com\/tiekejai.eu","article_modified_time":"2024-05-01T22:10:13+00:00","og_image":[{"width":1080,"height":1080,"url":"https:\/\/tiekejai.eu\/wp-content\/uploads\/2023\/01\/rubu_tiekejai.png","type":"image\/png"}],"twitter_card":"summary_large_image","twitter_misc":{"Est. reading time":"3 minutit"},"schema":{"@context":"https:\/\/schema.org","@graph":[{"@type":"WebPage","@id":"https:\/\/tiekejai.eu\/tiekeju-sarasai\/rubu-tiekejai\/","url":"https:\/\/tiekejai.eu\/tiekeju-sarasai\/rubu-tiekejai\/","name":"R\u00f5ivaste tarnijad - Tiekejai.eu","isPartOf":{"@id":"https:\/\/tiekejai.eu\/#website"},"primaryImageOfPage":{"@id":"https:\/\/tiekejai.eu\/tiekeju-sarasai\/rubu-tiekejai\/#primaryimage"},"image":{"@id":"https:\/\/tiekejai.eu\/tiekeju-sarasai\/rubu-tiekejai\/#primaryimage"},"thumbnailUrl":"https:\/\/tiekejai.eu\/wp-content\/uploads\/2023\/01\/rubu_tiekejai.png","datePublished":"2023-01-19T21:42:05+00:00","dateModified":"2024-05-01T22:10:13+00:00","description":"Hoolikalt kureeritud r\u00f5ivatarnijate nimekiri koos filtreerimisfunktsiooniga, mis annab teile juurdep\u00e4\u00e4su 360 r\u00f5ivatarnijale \u00fcle kogu maailma + tasuta \u00e4ritunnid.","breadcrumb":{"@id":"https:\/\/tiekejai.eu\/tiekeju-sarasai\/rubu-tiekejai\/#breadcrumb"},"inLanguage":"et","potentialAction":[{"@type":"ReadAction","target":["https:\/\/tiekejai.eu\/tiekeju-sarasai\/rubu-tiekejai\/"]}]},{"@type":"ImageObject","inLanguage":"et","@id":"https:\/\/tiekejai.eu\/tiekeju-sarasai\/rubu-tiekejai\/#primaryimage","url":"https:\/\/tiekejai.eu\/wp-content\/uploads\/2023\/01\/rubu_tiekejai.png","contentUrl":"https:\/\/tiekejai.eu\/wp-content\/uploads\/2023\/01\/rubu_tiekejai.png","width":1080,"height":1080,"caption":"r\u016bb\u0173 tiek\u0117j\u0173 s\u0105ra\u0161as"},{"@type":"BreadcrumbList","@id":"https:\/\/tiekejai.eu\/tiekeju-sarasai\/rubu-tiekejai\/#breadcrumb","itemListElement":[{"@type":"ListItem","position":1,"name":"Home","item":"https:\/\/tiekejai.eu\/"},{"@type":"ListItem","position":2,"name":"Tiek\u0117j\u0173 s\u0105ra\u0161ai","item":"https:\/\/tiekejai.eu\/tiekeju-sarasai\/"},{"@type":"ListItem","position":3,"name":"R\u016bb\u0173 Tiek\u0117jai"}]},{"@type":"WebSite","@id":"https:\/\/tiekejai.eu\/#website","url":"https:\/\/tiekejai.eu\/","name":"Tiekejai.eu","description":"","publisher":{"@id":"https:\/\/tiekejai.eu\/#organization"},"potentialAction":[{"@type":"SearchAction","target":{"@type":"EntryPoint","urlTemplate":"https:\/\/tiekejai.eu\/?s={search_term_string}"},"query-input":{"@type":"PropertyValueSpecification","valueRequired":true,"valueName":"search_term_string"}}],"inLanguage":"et"},{"@type":"Organization","@id":"https:\/\/tiekejai.eu\/#organization","name":"tiekejai.eu | Kaupade tarnijate ja tootjate otsimine","url":"https:\/\/tiekejai.eu\/","logo":{"@type":"ImageObject","inLanguage":"et","@id":"https:\/\/tiekejai.eu\/#\/schema\/logo\/image\/","url":"http:\/\/tiekejai.eu\/wp-content\/uploads\/2021\/03\/cropped-cropped-Logo-transparent-backround-1.png","contentUrl":"http:\/\/tiekejai.eu\/wp-content\/uploads\/2021\/03\/cropped-cropped-Logo-transparent-backround-1.png","width":65,"height":67,"caption":"Tiekejai.eu | Preki\u0173 tiek\u0117j\u0173 ir gamintoj\u0173 paie\u0161ka"},"image":{"@id":"https:\/\/tiekejai.eu\/#\/schema\/logo\/image\/"},"sameAs":["https:\/\/www.facebook.com\/tiekejai.eu"]}]}},"_links":{"self":[{"href":"https:\/\/tiekejai.eu\/et\/wp-json\/wp\/v2\/product\/1115","targetHints":{"allow":["GET"]}}],"collection":[{"href":"https:\/\/tiekejai.eu\/et\/wp-json\/wp\/v2\/product"}],"about":[{"href":"https:\/\/tiekejai.eu\/et\/wp-json\/wp\/v2\/types\/product"}],"version-history":[{"count":15,"href":"https:\/\/tiekejai.eu\/et\/wp-json\/wp\/v2\/product\/1115\/revisions"}],"predecessor-version":[{"id":1967,"href":"https:\/\/tiekejai.eu\/et\/wp-json\/wp\/v2\/product\/1115\/revisions\/1967"}],"wp:featuredmedia":[{"embeddable":true,"href":"https:\/\/tiekejai.eu\/et\/wp-json\/wp\/v2\/media\/1528"}],"wp:attachment":[{"href":"https:\/\/tiekejai.eu\/et\/wp-json\/wp\/v2\/media?parent=1115"}],"wp:term":[{"taxonomy":"product_brand","embeddable":true,"href":"https:\/\/tiekejai.eu\/et\/wp-json\/wp\/v2\/product_brand?post=1115"},{"taxonomy":"product_cat","embeddable":true,"href":"https:\/\/tiekejai.eu\/et\/wp-json\/wp\/v2\/product_cat?post=1115"},{"taxonomy":"product_tag","embeddable":true,"href":"https:\/\/tiekejai.eu\/et\/wp-json\/wp\/v2\/product_tag?post=1115"}],"curies":[{"name":"wp","href":"https:\/\/api.w.org\/{rel}","templated":true}]}}