{"id":1098,"date":"2023-01-19T19:00:38","date_gmt":"2023-01-19T21:00:38","guid":{"rendered":"https:\/\/tiekejai.eu\/?post_type=product&#038;p=1098"},"modified":"2023-09-25T20:07:07","modified_gmt":"2023-09-25T22:07:07","slug":"dropship-tarnijate-nimekiri","status":"publish","type":"product","link":"https:\/\/tiekejai.eu\/et\/tarnijate-nimekirjad\/dropship-tarnijate-nimekiri\/","title":{"rendered":"Dropship tarnijate nimekiri"},"content":{"rendered":"<p class=\"translation-block\">Kas olete kaupmees, kes otsib usaldusv\u00e4\u00e4rseid dropship- ja hulgim\u00fc\u00fcjaid, et suurendada oma ettev\u00f5tte t\u00f5husust ja kasumit? Siis on meie <strong>tarnijate loend<\/strong> suurep\u00e4rane valik! Pakume professionaalset <strong>dropship tarnijate nimekirja<\/strong> isegi 2500 tarnijaga ja filtreerimisfunktsiooni, et saaksite \u00f5ige tarnija palju kiiremini leida.<\/p>\n<p class=\"translation-block\">Meie <strong>tagasi tarnijate loend<\/strong> annab teile juurdep\u00e4\u00e4su ni\u0161i- ja turukaupadele, mis aitavad teil meelitada rohkem kliente ja suurendada oma sissetulekut. Parimate hindade saamiseks vaadake meie <strong>dropship tarnijate loendit<\/strong>. Filtreerimisfunktsioon v\u00f5imaldab teil mugavuse huvides leida tarnijaid tootekategooria v\u00f5i isegi geograafilise asukoha j\u00e4rgi.<\/p>\n<p class=\"translation-block\">Lisaks pakume laia valikut tarnijaid, kes pakuvad dropship \u00e4rimudelit. See t\u00e4hendab, et te ei pea esemeid ette ostma ja v\u00f5tma \u00fclej\u00e4\u00e4kide riski. <strong>Dropshipi tarnijate loendis<\/strong> olevad tarnijad saadavad tooteid otse teie klientidele, seega peate tooteid tellima ainult siis, kui teil on juba tellimus. See v\u00f5imaldab s\u00e4\u00e4sta palju raha ja aega.<\/p>\n<p>Tarnijate nimekirjast leiate tarnijad, kes pakuvad hulgim\u00fc\u00fcgihindu. See t\u00e4hendab, et suuremate kaubakoguste ostmisel saate palju madalama hinna. See v\u00f5imaldab teil suurendada oma kasumit, kuna saate m\u00fc\u00fca kaupu k\u00f5rgema hinnaga, kuid s\u00e4ilitada siiski konkurentsiv\u00f5imelised hinnad oma klientidele.<\/p>\n<p class=\"translation-block\">Tiekejai.eu professionaalne <strong>dropship tarnijate nimekiri<\/strong> on suurep\u00e4rane lahendus nii uutele kui ka kogenud kaupmeestele, kes soovivad laiendada oma \u00e4riv\u00f5imalusi ja suurendada oma kasumit. \u00c4rge j\u00e4tke kasutamata seda ainulaadset v\u00f5imalust suurendada oma ettev\u00f5tte t\u00f5husust ja kasumit. Tellige meie professionaalne <strong>dropship tarnijate nimekiri<\/strong> kohe ja leidke \u00f5ige tarnija!<\/p>\n<p class=\"translation-block\">Kui teil on investeering ja arvate, et tarnijate nimekiri teid ei aita, v\u00f5ite taotleda <a href=\"https:\/\/tiekejai.eu\/et\/tarnija-otsing\/\" target=\"_self\">tarnijaotsingut<\/a>.<\/p>\n<p>&nbsp;<\/p>\n<p>&nbsp;<\/p>","protected":false},"excerpt":{"rendered":"<p><strong><span style=\"vertical-align: inherit;\"><span style=\"vertical-align: inherit;\">Dropshipi tarnijate nimekiri<\/span><\/span><\/strong><span style=\"vertical-align: inherit;\"><span style=\"vertical-align: inherit;\"> avab tee 2500+ tarnijale. Tarnijad Leedust, L\u00e4tist, Ukrainast, Poolast, Saksamaalt, T\u00fcrgist, Javist, Itaaliast ja teistest maailma ja Euroopa riikidest. <\/span><\/span><strong><span style=\"vertical-align: inherit;\"><span style=\"vertical-align: inherit;\">Dropshipi tarnijate nimekiri<\/span><\/span><\/strong><span style=\"vertical-align: inherit;\"><span style=\"vertical-align: inherit;\"> juurdep\u00e4\u00e4s k\u00f5ige p\u00f5hjalikumale andmebaasile Leedus!<\/span><\/span><!--more--><\/p>\n<p><strong><span style=\"vertical-align: inherit;\"><span style=\"vertical-align: inherit;\">Tarnijate nimekiri<\/span><\/span><\/strong><span style=\"vertical-align: inherit;\"><span style=\"vertical-align: inherit;\"> Te leiate mitte ainult hulgim\u00fc\u00fcgi tarnijaid, vaid ka dropship tarnijaid peaaegu k\u00f5igis kategooriates, sealhulgas - riided, auto\/moto, kodutarbed, elektroonika, m\u00f6\u00f6bel, aiakaubad, m\u00e4nguasjad, turism ja vaba aeg, hooajalised kaubad ja palju muud, ning tarnijate mugav filtreerimine teeb \u00f5ige valiku leidmise palju lihtsamaks.<\/span><\/span><\/p>","protected":false},"featured_media":1523,"template":"","meta":{"_eb_attr":""},"product_brand":[],"product_cat":[46],"product_tag":[],"class_list":{"0":"post-1098","1":"product","2":"type-product","3":"status-publish","4":"has-post-thumbnail","6":"product_cat-tiekeju-sarasai","8":"first","9":"instock","10":"sale","11":"downloadable","12":"shipping-taxable","13":"purchasable","14":"product-type-simple"},"yoast_head":"<!-- This site is optimized with the Yoast SEO Premium plugin v23.6 (Yoast SEO v27.3) - https:\/\/yoast.com\/product\/yoast-seo-premium-wordpress\/ -->\n<title>Rinktinis 2500 dropship Tiek\u0117j\u0173 s\u0105ra\u0161as!<\/title>\n<meta name=\"description\" content=\"Pla\u010diausias ir rinktinis dropship tiek\u0117j\u0173 s\u0105ra\u0161as u\u017e geriausia kaina rinkoje! S\u0105ra\u0161\u0119 rasi net 2500 tiek\u0117j\u0173 su patogiu filtravimu ir verslo pamokomis!\" \/>\n<meta name=\"robots\" content=\"index, follow, max-snippet:-1, max-image-preview:large, max-video-preview:-1\" \/>\n<link rel=\"canonical\" href=\"https:\/\/tiekejai.eu\/et\/tarnijate-nimekirjad\/dropship-tarnijate-nimekiri\/\" \/>\n<meta property=\"og:locale\" content=\"et_EE\" \/>\n<meta property=\"og:type\" content=\"article\" \/>\n<meta property=\"og:title\" content=\"Dropship Tiek\u0117j\u0173 S\u0105ra\u0161as\" \/>\n<meta property=\"og:description\" content=\"Pla\u010diausias ir rinktinis dropship tiek\u0117j\u0173 s\u0105ra\u0161as u\u017e geriausia kaina rinkoje! S\u0105ra\u0161\u0119 rasi net 2500 tiek\u0117j\u0173 su patogiu filtravimu ir verslo pamokomis!\" \/>\n<meta property=\"og:url\" content=\"https:\/\/tiekejai.eu\/et\/tarnijate-nimekirjad\/dropship-tarnijate-nimekiri\/\" \/>\n<meta property=\"og:site_name\" content=\"Tiekejai.eu\" \/>\n<meta property=\"article:publisher\" content=\"https:\/\/www.facebook.com\/tiekejai.eu\" \/>\n<meta property=\"article:modified_time\" content=\"2023-09-25T22:07:07+00:00\" \/>\n<meta property=\"og:image\" content=\"https:\/\/tiekejai.eu\/wp-content\/uploads\/2023\/01\/dropship_tiekeju_sarasas.png\" \/>\n\t<meta property=\"og:image:width\" content=\"1080\" \/>\n\t<meta property=\"og:image:height\" content=\"1080\" \/>\n\t<meta property=\"og:image:type\" content=\"image\/png\" \/>\n<meta name=\"twitter:card\" content=\"summary_large_image\" \/>\n<meta name=\"twitter:label1\" content=\"Est. reading time\" \/>\n\t<meta name=\"twitter:data1\" content=\"2 minutit\" \/>\n<script type=\"application\/ld+json\" class=\"yoast-schema-graph\">{\"@context\":\"https:\\\/\\\/schema.org\",\"@graph\":[{\"@type\":\"WebPage\",\"@id\":\"https:\\\/\\\/tiekejai.eu\\\/tiekeju-sarasai\\\/dropship-tiekeju-sarasas\\\/\",\"url\":\"https:\\\/\\\/tiekejai.eu\\\/tiekeju-sarasai\\\/dropship-tiekeju-sarasas\\\/\",\"name\":\"Rinktinis 2500 dropship Tiek\u0117j\u0173 s\u0105ra\u0161as!\",\"isPartOf\":{\"@id\":\"https:\\\/\\\/tiekejai.eu\\\/#website\"},\"primaryImageOfPage\":{\"@id\":\"https:\\\/\\\/tiekejai.eu\\\/tiekeju-sarasai\\\/dropship-tiekeju-sarasas\\\/#primaryimage\"},\"image\":{\"@id\":\"https:\\\/\\\/tiekejai.eu\\\/tiekeju-sarasai\\\/dropship-tiekeju-sarasas\\\/#primaryimage\"},\"thumbnailUrl\":\"https:\\\/\\\/tiekejai.eu\\\/wp-content\\\/uploads\\\/2023\\\/01\\\/dropship_tiekeju_sarasas.png\",\"datePublished\":\"2023-01-19T21:00:38+00:00\",\"dateModified\":\"2023-09-25T22:07:07+00:00\",\"description\":\"Pla\u010diausias ir rinktinis dropship tiek\u0117j\u0173 s\u0105ra\u0161as u\u017e geriausia kaina rinkoje! S\u0105ra\u0161\u0119 rasi net 2500 tiek\u0117j\u0173 su patogiu filtravimu ir verslo pamokomis!\",\"breadcrumb\":{\"@id\":\"https:\\\/\\\/tiekejai.eu\\\/tiekeju-sarasai\\\/dropship-tiekeju-sarasas\\\/#breadcrumb\"},\"inLanguage\":\"et\",\"potentialAction\":[{\"@type\":\"ReadAction\",\"target\":[\"https:\\\/\\\/tiekejai.eu\\\/tiekeju-sarasai\\\/dropship-tiekeju-sarasas\\\/\"]}]},{\"@type\":\"ImageObject\",\"inLanguage\":\"et\",\"@id\":\"https:\\\/\\\/tiekejai.eu\\\/tiekeju-sarasai\\\/dropship-tiekeju-sarasas\\\/#primaryimage\",\"url\":\"https:\\\/\\\/tiekejai.eu\\\/wp-content\\\/uploads\\\/2023\\\/01\\\/dropship_tiekeju_sarasas.png\",\"contentUrl\":\"https:\\\/\\\/tiekejai.eu\\\/wp-content\\\/uploads\\\/2023\\\/01\\\/dropship_tiekeju_sarasas.png\",\"width\":1080,\"height\":1080,\"caption\":\"dropship tiekejai\"},{\"@type\":\"BreadcrumbList\",\"@id\":\"https:\\\/\\\/tiekejai.eu\\\/tiekeju-sarasai\\\/dropship-tiekeju-sarasas\\\/#breadcrumb\",\"itemListElement\":[{\"@type\":\"ListItem\",\"position\":1,\"name\":\"Home\",\"item\":\"https:\\\/\\\/tiekejai.eu\\\/\"},{\"@type\":\"ListItem\",\"position\":2,\"name\":\"Tiek\u0117j\u0173 s\u0105ra\u0161ai\",\"item\":\"https:\\\/\\\/tiekejai.eu\\\/tiekeju-sarasai\\\/\"},{\"@type\":\"ListItem\",\"position\":3,\"name\":\"Dropship Tiek\u0117j\u0173 S\u0105ra\u0161as\"}]},{\"@type\":\"WebSite\",\"@id\":\"https:\\\/\\\/tiekejai.eu\\\/#website\",\"url\":\"https:\\\/\\\/tiekejai.eu\\\/\",\"name\":\"Tiekejai.eu\",\"description\":\"\",\"publisher\":{\"@id\":\"https:\\\/\\\/tiekejai.eu\\\/#organization\"},\"potentialAction\":[{\"@type\":\"SearchAction\",\"target\":{\"@type\":\"EntryPoint\",\"urlTemplate\":\"https:\\\/\\\/tiekejai.eu\\\/?s={search_term_string}\"},\"query-input\":{\"@type\":\"PropertyValueSpecification\",\"valueRequired\":true,\"valueName\":\"search_term_string\"}}],\"inLanguage\":\"et\"},{\"@type\":\"Organization\",\"@id\":\"https:\\\/\\\/tiekejai.eu\\\/#organization\",\"name\":\"Tiekejai.eu | Preki\u0173 tiek\u0117j\u0173 ir gamintoj\u0173 paie\u0161ka\",\"url\":\"https:\\\/\\\/tiekejai.eu\\\/\",\"logo\":{\"@type\":\"ImageObject\",\"inLanguage\":\"et\",\"@id\":\"https:\\\/\\\/tiekejai.eu\\\/#\\\/schema\\\/logo\\\/image\\\/\",\"url\":\"http:\\\/\\\/tiekejai.eu\\\/wp-content\\\/uploads\\\/2021\\\/03\\\/cropped-cropped-Logo-transparent-backround-1.png\",\"contentUrl\":\"http:\\\/\\\/tiekejai.eu\\\/wp-content\\\/uploads\\\/2021\\\/03\\\/cropped-cropped-Logo-transparent-backround-1.png\",\"width\":65,\"height\":67,\"caption\":\"Tiekejai.eu | Preki\u0173 tiek\u0117j\u0173 ir gamintoj\u0173 paie\u0161ka\"},\"image\":{\"@id\":\"https:\\\/\\\/tiekejai.eu\\\/#\\\/schema\\\/logo\\\/image\\\/\"},\"sameAs\":[\"https:\\\/\\\/www.facebook.com\\\/tiekejai.eu\"]}]}<\/script>\n<!-- \/ Yoast SEO Premium plugin. -->","yoast_head_json":{"title":"Parim 2500 dropshipi tarnija nimekiri!","description":"K\u00f5ige p\u00f5hjalikum ja selektiivsem nimekiri dropship tarnijatest parima hinnaga turul! Leia kuni 2500 dropship tarnijat lihtsa filtreerimise ja \u00e4ritundidega!","robots":{"index":"index","follow":"follow","max-snippet":"max-snippet:-1","max-image-preview":"max-image-preview:large","max-video-preview":"max-video-preview:-1"},"canonical":"https:\/\/tiekejai.eu\/et\/tarnijate-nimekirjad\/dropship-tarnijate-nimekiri\/","og_locale":"et_EE","og_type":"article","og_title":"Dropship Tiek\u0117j\u0173 S\u0105ra\u0161as","og_description":"Pla\u010diausias ir rinktinis dropship tiek\u0117j\u0173 s\u0105ra\u0161as u\u017e geriausia kaina rinkoje! S\u0105ra\u0161\u0119 rasi net 2500 tiek\u0117j\u0173 su patogiu filtravimu ir verslo pamokomis!","og_url":"https:\/\/tiekejai.eu\/et\/tarnijate-nimekirjad\/dropship-tarnijate-nimekiri\/","og_site_name":"Tiekejai.eu","article_publisher":"https:\/\/www.facebook.com\/tiekejai.eu","article_modified_time":"2023-09-25T22:07:07+00:00","og_image":[{"width":1080,"height":1080,"url":"https:\/\/tiekejai.eu\/wp-content\/uploads\/2023\/01\/dropship_tiekeju_sarasas.png","type":"image\/png"}],"twitter_card":"summary_large_image","twitter_misc":{"Est. reading time":"2 minutit"},"schema":{"@context":"https:\/\/schema.org","@graph":[{"@type":"WebPage","@id":"https:\/\/tiekejai.eu\/tiekeju-sarasai\/dropship-tiekeju-sarasas\/","url":"https:\/\/tiekejai.eu\/tiekeju-sarasai\/dropship-tiekeju-sarasas\/","name":"Parim 2500 dropshipi tarnija nimekiri!","isPartOf":{"@id":"https:\/\/tiekejai.eu\/#website"},"primaryImageOfPage":{"@id":"https:\/\/tiekejai.eu\/tiekeju-sarasai\/dropship-tiekeju-sarasas\/#primaryimage"},"image":{"@id":"https:\/\/tiekejai.eu\/tiekeju-sarasai\/dropship-tiekeju-sarasas\/#primaryimage"},"thumbnailUrl":"https:\/\/tiekejai.eu\/wp-content\/uploads\/2023\/01\/dropship_tiekeju_sarasas.png","datePublished":"2023-01-19T21:00:38+00:00","dateModified":"2023-09-25T22:07:07+00:00","description":"K\u00f5ige p\u00f5hjalikum ja selektiivsem nimekiri dropship tarnijatest parima hinnaga turul! Leia kuni 2500 dropship tarnijat lihtsa filtreerimise ja \u00e4ritundidega!","breadcrumb":{"@id":"https:\/\/tiekejai.eu\/tiekeju-sarasai\/dropship-tiekeju-sarasas\/#breadcrumb"},"inLanguage":"et","potentialAction":[{"@type":"ReadAction","target":["https:\/\/tiekejai.eu\/tiekeju-sarasai\/dropship-tiekeju-sarasas\/"]}]},{"@type":"ImageObject","inLanguage":"et","@id":"https:\/\/tiekejai.eu\/tiekeju-sarasai\/dropship-tiekeju-sarasas\/#primaryimage","url":"https:\/\/tiekejai.eu\/wp-content\/uploads\/2023\/01\/dropship_tiekeju_sarasas.png","contentUrl":"https:\/\/tiekejai.eu\/wp-content\/uploads\/2023\/01\/dropship_tiekeju_sarasas.png","width":1080,"height":1080,"caption":"dropship tiekejai"},{"@type":"BreadcrumbList","@id":"https:\/\/tiekejai.eu\/tiekeju-sarasai\/dropship-tiekeju-sarasas\/#breadcrumb","itemListElement":[{"@type":"ListItem","position":1,"name":"Home","item":"https:\/\/tiekejai.eu\/"},{"@type":"ListItem","position":2,"name":"Tiek\u0117j\u0173 s\u0105ra\u0161ai","item":"https:\/\/tiekejai.eu\/tiekeju-sarasai\/"},{"@type":"ListItem","position":3,"name":"Dropship Tiek\u0117j\u0173 S\u0105ra\u0161as"}]},{"@type":"WebSite","@id":"https:\/\/tiekejai.eu\/#website","url":"https:\/\/tiekejai.eu\/","name":"Tiekejai.eu","description":"","publisher":{"@id":"https:\/\/tiekejai.eu\/#organization"},"potentialAction":[{"@type":"SearchAction","target":{"@type":"EntryPoint","urlTemplate":"https:\/\/tiekejai.eu\/?s={search_term_string}"},"query-input":{"@type":"PropertyValueSpecification","valueRequired":true,"valueName":"search_term_string"}}],"inLanguage":"et"},{"@type":"Organization","@id":"https:\/\/tiekejai.eu\/#organization","name":"tiekejai.eu | Kaupade tarnijate ja tootjate otsimine","url":"https:\/\/tiekejai.eu\/","logo":{"@type":"ImageObject","inLanguage":"et","@id":"https:\/\/tiekejai.eu\/#\/schema\/logo\/image\/","url":"http:\/\/tiekejai.eu\/wp-content\/uploads\/2021\/03\/cropped-cropped-Logo-transparent-backround-1.png","contentUrl":"http:\/\/tiekejai.eu\/wp-content\/uploads\/2021\/03\/cropped-cropped-Logo-transparent-backround-1.png","width":65,"height":67,"caption":"Tiekejai.eu | Preki\u0173 tiek\u0117j\u0173 ir gamintoj\u0173 paie\u0161ka"},"image":{"@id":"https:\/\/tiekejai.eu\/#\/schema\/logo\/image\/"},"sameAs":["https:\/\/www.facebook.com\/tiekejai.eu"]}]}},"_links":{"self":[{"href":"https:\/\/tiekejai.eu\/et\/wp-json\/wp\/v2\/product\/1098","targetHints":{"allow":["GET"]}}],"collection":[{"href":"https:\/\/tiekejai.eu\/et\/wp-json\/wp\/v2\/product"}],"about":[{"href":"https:\/\/tiekejai.eu\/et\/wp-json\/wp\/v2\/types\/product"}],"version-history":[{"count":10,"href":"https:\/\/tiekejai.eu\/et\/wp-json\/wp\/v2\/product\/1098\/revisions"}],"predecessor-version":[{"id":1379,"href":"https:\/\/tiekejai.eu\/et\/wp-json\/wp\/v2\/product\/1098\/revisions\/1379"}],"wp:featuredmedia":[{"embeddable":true,"href":"https:\/\/tiekejai.eu\/et\/wp-json\/wp\/v2\/media\/1523"}],"wp:attachment":[{"href":"https:\/\/tiekejai.eu\/et\/wp-json\/wp\/v2\/media?parent=1098"}],"wp:term":[{"taxonomy":"product_brand","embeddable":true,"href":"https:\/\/tiekejai.eu\/et\/wp-json\/wp\/v2\/product_brand?post=1098"},{"taxonomy":"product_cat","embeddable":true,"href":"https:\/\/tiekejai.eu\/et\/wp-json\/wp\/v2\/product_cat?post=1098"},{"taxonomy":"product_tag","embeddable":true,"href":"https:\/\/tiekejai.eu\/et\/wp-json\/wp\/v2\/product_tag?post=1098"}],"curies":[{"name":"wp","href":"https:\/\/api.w.org\/{rel}","templated":true}]}}