{"id":469,"date":"2021-11-09T15:34:09","date_gmt":"2021-11-09T17:34:09","guid":{"rendered":"http:\/\/tiekejai.eu\/?page_id=469"},"modified":"2023-01-18T14:58:32","modified_gmt":"2023-01-18T16:58:32","slug":"privaatsuspoliitika","status":"publish","type":"page","link":"https:\/\/tiekejai.eu\/et\/privaatsuspoliitika\/","title":{"rendered":"Privaatsuspoliitika"},"content":{"rendered":"<p><strong>\u00dclds\u00e4tted<\/strong><\/p>\n\n\n\n<p>K\u00e4esolevad Tiekejai.eu veebisaidi privaatsusreeglid (edaspidi - Reeglid) on koostatud teie (edaspidi - Klient) ja Tiekejai.eu veebisaidi (edaspidi - Veebileht) \u00f5iguste tagamiseks, ettev\u00f5tte kohustuste ja vastutuse kindlaksm\u00e4\u00e4ramiseks. m\u00f5lemad pooled, isikuandmete kaitse reeglid ja muud Veebilehel taotluste esitamisega seotud s\u00e4tted. Taotluse esitamisega kinnitab klient automaatselt, et on k\u00e4esolevate Reeglitega tutvunud ja n\u00f5ustub nendega.<\/p>\n\n\n\n<p>Reegleid peavad j\u00e4rgima k\u00f5ik Tiekejai.eu t\u00f6\u00f6tajad (edaspidi Andmet\u00f6\u00f6tleja) ja volitatud isikud, kes t\u00f6\u00f6tlevad isikuandmeid v\u00f5i saavad neist teada oma t\u00f6\u00f6\u00fclesannete t\u00e4itmisel. Juurdep\u00e4\u00e4su isikuandmetele v\u00f5ib v\u00f5imaldada ainult neile t\u00f6\u00f6tajatele, kelle jaoks see on vajalik nende \u00fclesannete t\u00e4itmiseks.<\/p>\n\n\n\n<p>Tiekejai.eu veebisaiti k\u00fclastades kogume teilt erinevat teavet, et tulevikus paremaid teenuseid pakkuda.<\/p>\n\n\n\n<p>Sellest tulenevalt v\u00f5idakse teil meie veebisaidil tellides v\u00f5i registreerudes paluda sisestada oma e-posti aadress. Postiaadress. K\u00fcll aga v\u00f5ite k\u00fclastada meie veebisaiti anon\u00fc\u00fcmselt.<\/p>\n\n\n\n<p><strong>Milleks me teie teavet kasutame?<\/strong><\/p>\n\n\n\n<p>Mis tahes teavet, mida teilt kogume, v\u00f5idakse kasutada \u00fchel j\u00e4rgmistest viisidest:<\/p>\n\n\n\n<p>Teie kasutuskogemuse isikup\u00e4rastamiseks \u2013 (teie teave aitab meil paremini teie individuaalseid vajadusi rahuldada)<\/p>\n\n\n\n<p>Parandage klienditeenindust \u2013 (teie teave aitab meil teie klienditeeninduse p\u00e4ringutele ja tugivajadustele t\u00f5husamalt vastata)<\/p>\n\n\n\n<p>Perioodiliste v\u00e4rskenduste saatmiseks<\/p>\n\n\n\n<p>email Tellimuse t\u00f6\u00f6tlemiseks antud e-posti aadressi kasutatakse ainult teie tellimusega seotud teabe ja v\u00e4rskenduste saatmiseks.<\/p>\n\n\n\n<p>M\u00e4rkus. Kui soovite tulevikus e-kirjadest loobuda Meilitellimused, iga e-kiri Anname meili allosas tellimusest loobumise nupu<\/p>\n\n\n\n<p><strong>Kuidas me teie teavet kaitseme?<\/strong><\/p>\n\n\n\n<p>Kasutame erinevaid turvameetmeid, et hoida teie isikuandmeid turvalisena, kui sisestate, esitate v\u00f5i neile juurde p\u00e4\u00e4sete.<\/p>\n\n\n\n<p><strong>Kas me avaldame mingit teavet kolmandatele isikutele?<\/strong><\/p>\n\n\n\n<p>Me ei m\u00fc\u00fc, ei vaheta ega edasta teie isikuandmeid muul viisil v\u00e4listele osapooltele. See ei h\u00f5lma usaldusv\u00e4\u00e4rseid kolmandaid isikuid, kes aitavad meil meie veebisaiti hallata, \u00e4ri ajada v\u00f5i teid teenindada, kui need osapooled n\u00f5ustuvad hoidma seda teavet konfidentsiaalsena. V\u00f5ime teie teavet avaldada ka siis, kui usume, et see on asjakohane, et j\u00e4rgida seadusi, j\u00f5ustada meie saidi p\u00f5him\u00f5tteid v\u00f5i kaitsta meie v\u00f5i teiste \u00f5igusi, vara v\u00f5i turvalisust. Isiku tuvastamatut k\u00fclastajateavet v\u00f5idakse aga edastada teistele osapooltele turunduse, reklaami v\u00f5i muudel eesm\u00e4rkidel.<\/p>\n\n\n\n<p><strong>Kolmanda osapoole lingid<\/strong><\/p>\n\n\n\n<p>Aeg-ajalt v\u00f5ime oma \u00e4ran\u00e4gemisel oma veebisaidile lisada v\u00f5i pakkuda kolmandate isikute tooteid v\u00f5i teenuseid. Nendel kolmandate osapoolte veebisaitidel on eraldi ja s\u00f5ltumatud privaatsuspoliitikad. Seet\u00f5ttu ei vastuta me nende lingitud veebisaitide sisu ja tegevuste eest. Sellegipoolest p\u00fc\u00fcame kaitsta oma saidi terviklikkust ja ootame nende saitide kohta tagasisidet.<\/p>\n\n\n\n<p><strong>Leedu Interneti-privaatsuskaitseseaduse j\u00e4rgimine<\/strong><\/p>\n\n\n\n<p>Kuna hindame teie privaatsust, oleme v\u00f5tnud tarvitusele vajalikud ettevaatusabin\u00f5ud Leedu veebip\u00f5hise privaatsuskaitse seaduste j\u00e4rgimiseks. Seet\u00f5ttu ei jaga me teie isikuandmeid kolmandate isikutega ilma teie n\u00f5usolekuta.<\/p>\n\n\n\n<p><strong>Interneti-privaatsuspoliitika<\/strong><\/p>\n\n\n\n<p>See veebip\u00f5hine privaatsuspoliitika kehtib ainult meie veebisaidi kaudu kogutud teabe kohta, mitte v\u00f5rgu\u00fchenduseta kogutud teabe kohta.<\/p>\n\n\n\n<p><strong>Teie n\u00f5usolek<\/strong><\/p>\n\n\n\n<p>Meie veebisaiti kasutades n\u00f5ustute meie privaatsuspoliitikaga.<\/p>\n\n\n\n<p><strong>Muudatused meie privaatsuspoliitikas<\/strong><\/p>\n\n\n\n<p>Kui otsustame oma privaatsuspoliitikat muuta, postitame need muudatused sellele lehele.<\/p>","protected":false},"excerpt":{"rendered":"<p>Bendrosios nuostatos \u0160ios Privatumo internetin\u0117je svetain\u0117je Tiekejai.eu taisykl\u0117s (toliau \u2013 Taisykl\u0117s) sudarytos siekiant u\u017etikrinti J\u016bs\u0173 (toliau \u2013 Klientas) ir internetin\u0117je svetain\u0117je Tiekejai.eu (toliau \u2013 Svetain\u0117) teises, nustatyti abiej\u0173 \u0161ali\u0173 pareigas, atsakomyb\u0119, asmens duomen\u0173 apsaugos taisykles, ir kitas su u\u017eklaus\u0173 pateikimui Svetain\u0117je susijusias nuostatas.&nbsp;Klientas pateikdamas u\u017eklaus\u0105 automati\u0161kai patvirtina, kad su \u0161iomis Taisykl\u0117mis susipa\u017eino ir su jomis&hellip; <br \/> <a class=\"button small blue\" href=\"https:\/\/tiekejai.eu\/et\/privaatsuspoliitika\/\">Loe edasi<\/a><\/p>","protected":false},"author":1,"featured_media":0,"parent":0,"menu_order":0,"comment_status":"closed","ping_status":"closed","template":"","meta":{"_eb_attr":"","footnotes":""},"class_list":["post-469","page","type-page","status-publish","hentry"],"yoast_head":"<!-- This site is optimized with the Yoast SEO Premium plugin v23.6 (Yoast SEO v27.3) - https:\/\/yoast.com\/product\/yoast-seo-premium-wordpress\/ -->\n<title>Privatumo politika - Tiekejai.eu<\/title>\n<meta name=\"robots\" content=\"index, follow, max-snippet:-1, max-image-preview:large, max-video-preview:-1\" \/>\n<link rel=\"canonical\" href=\"https:\/\/tiekejai.eu\/et\/privaatsuspoliitika\/\" \/>\n<meta property=\"og:locale\" content=\"et_EE\" \/>\n<meta property=\"og:type\" content=\"article\" \/>\n<meta property=\"og:title\" content=\"Privatumo politika\" \/>\n<meta property=\"og:description\" content=\"Bendrosios nuostatos \u0160ios Privatumo internetin\u0117je svetain\u0117je Tiekejai.eu taisykl\u0117s (toliau \u2013 Taisykl\u0117s) sudarytos siekiant u\u017etikrinti J\u016bs\u0173 (toliau \u2013 Klientas) ir internetin\u0117je svetain\u0117je Tiekejai.eu (toliau \u2013 Svetain\u0117) teises, nustatyti abiej\u0173 \u0161ali\u0173 pareigas, atsakomyb\u0119, asmens duomen\u0173 apsaugos taisykles, ir kitas su u\u017eklaus\u0173 pateikimui Svetain\u0117je susijusias nuostatas.&nbsp;Klientas pateikdamas u\u017eklaus\u0105 automati\u0161kai patvirtina, kad su \u0161iomis Taisykl\u0117mis susipa\u017eino ir su jomis&hellip; Read more\" \/>\n<meta property=\"og:url\" content=\"https:\/\/tiekejai.eu\/et\/privaatsuspoliitika\/\" \/>\n<meta property=\"og:site_name\" content=\"Tiekejai.eu\" \/>\n<meta property=\"article:publisher\" content=\"https:\/\/www.facebook.com\/tiekejai.eu\" \/>\n<meta property=\"article:modified_time\" content=\"2023-01-18T16:58:32+00:00\" \/>\n<meta name=\"twitter:card\" content=\"summary_large_image\" \/>\n<meta name=\"twitter:label1\" content=\"Est. reading time\" \/>\n\t<meta name=\"twitter:data1\" content=\"3 minutit\" \/>\n<script type=\"application\/ld+json\" class=\"yoast-schema-graph\">{\"@context\":\"https:\\\/\\\/schema.org\",\"@graph\":[{\"@type\":\"WebPage\",\"@id\":\"https:\\\/\\\/tiekejai.eu\\\/privatumo-politika\\\/\",\"url\":\"https:\\\/\\\/tiekejai.eu\\\/privatumo-politika\\\/\",\"name\":\"Privatumo politika - Tiekejai.eu\",\"isPartOf\":{\"@id\":\"https:\\\/\\\/tiekejai.eu\\\/#website\"},\"datePublished\":\"2021-11-09T17:34:09+00:00\",\"dateModified\":\"2023-01-18T16:58:32+00:00\",\"breadcrumb\":{\"@id\":\"https:\\\/\\\/tiekejai.eu\\\/privatumo-politika\\\/#breadcrumb\"},\"inLanguage\":\"et\",\"potentialAction\":[{\"@type\":\"ReadAction\",\"target\":[\"https:\\\/\\\/tiekejai.eu\\\/privatumo-politika\\\/\"]}]},{\"@type\":\"BreadcrumbList\",\"@id\":\"https:\\\/\\\/tiekejai.eu\\\/privatumo-politika\\\/#breadcrumb\",\"itemListElement\":[{\"@type\":\"ListItem\",\"position\":1,\"name\":\"Home\",\"item\":\"https:\\\/\\\/tiekejai.eu\\\/\"},{\"@type\":\"ListItem\",\"position\":2,\"name\":\"Privatumo politika\"}]},{\"@type\":\"WebSite\",\"@id\":\"https:\\\/\\\/tiekejai.eu\\\/#website\",\"url\":\"https:\\\/\\\/tiekejai.eu\\\/\",\"name\":\"Tiekejai.eu\",\"description\":\"\",\"publisher\":{\"@id\":\"https:\\\/\\\/tiekejai.eu\\\/#organization\"},\"potentialAction\":[{\"@type\":\"SearchAction\",\"target\":{\"@type\":\"EntryPoint\",\"urlTemplate\":\"https:\\\/\\\/tiekejai.eu\\\/?s={search_term_string}\"},\"query-input\":{\"@type\":\"PropertyValueSpecification\",\"valueRequired\":true,\"valueName\":\"search_term_string\"}}],\"inLanguage\":\"et\"},{\"@type\":\"Organization\",\"@id\":\"https:\\\/\\\/tiekejai.eu\\\/#organization\",\"name\":\"Tiekejai.eu | Preki\u0173 tiek\u0117j\u0173 ir gamintoj\u0173 paie\u0161ka\",\"url\":\"https:\\\/\\\/tiekejai.eu\\\/\",\"logo\":{\"@type\":\"ImageObject\",\"inLanguage\":\"et\",\"@id\":\"https:\\\/\\\/tiekejai.eu\\\/#\\\/schema\\\/logo\\\/image\\\/\",\"url\":\"http:\\\/\\\/tiekejai.eu\\\/wp-content\\\/uploads\\\/2021\\\/03\\\/cropped-cropped-Logo-transparent-backround-1.png\",\"contentUrl\":\"http:\\\/\\\/tiekejai.eu\\\/wp-content\\\/uploads\\\/2021\\\/03\\\/cropped-cropped-Logo-transparent-backround-1.png\",\"width\":65,\"height\":67,\"caption\":\"Tiekejai.eu | Preki\u0173 tiek\u0117j\u0173 ir gamintoj\u0173 paie\u0161ka\"},\"image\":{\"@id\":\"https:\\\/\\\/tiekejai.eu\\\/#\\\/schema\\\/logo\\\/image\\\/\"},\"sameAs\":[\"https:\\\/\\\/www.facebook.com\\\/tiekejai.eu\"]}]}<\/script>\n<!-- \/ Yoast SEO Premium plugin. -->","yoast_head_json":{"title":"Privaatsuspoliitika - Tiekejai.eu","robots":{"index":"index","follow":"follow","max-snippet":"max-snippet:-1","max-image-preview":"max-image-preview:large","max-video-preview":"max-video-preview:-1"},"canonical":"https:\/\/tiekejai.eu\/et\/privaatsuspoliitika\/","og_locale":"et_EE","og_type":"article","og_title":"Privatumo politika","og_description":"Bendrosios nuostatos \u0160ios Privatumo internetin\u0117je svetain\u0117je Tiekejai.eu taisykl\u0117s (toliau \u2013 Taisykl\u0117s) sudarytos siekiant u\u017etikrinti J\u016bs\u0173 (toliau \u2013 Klientas) ir internetin\u0117je svetain\u0117je Tiekejai.eu (toliau \u2013 Svetain\u0117) teises, nustatyti abiej\u0173 \u0161ali\u0173 pareigas, atsakomyb\u0119, asmens duomen\u0173 apsaugos taisykles, ir kitas su u\u017eklaus\u0173 pateikimui Svetain\u0117je susijusias nuostatas.&nbsp;Klientas pateikdamas u\u017eklaus\u0105 automati\u0161kai patvirtina, kad su \u0161iomis Taisykl\u0117mis susipa\u017eino ir su jomis&hellip; Read more","og_url":"https:\/\/tiekejai.eu\/et\/privaatsuspoliitika\/","og_site_name":"Tiekejai.eu","article_publisher":"https:\/\/www.facebook.com\/tiekejai.eu","article_modified_time":"2023-01-18T16:58:32+00:00","twitter_card":"summary_large_image","twitter_misc":{"Est. reading time":"3 minutit"},"schema":{"@context":"https:\/\/schema.org","@graph":[{"@type":"WebPage","@id":"https:\/\/tiekejai.eu\/privatumo-politika\/","url":"https:\/\/tiekejai.eu\/privatumo-politika\/","name":"Privaatsuspoliitika - Tiekejai.eu","isPartOf":{"@id":"https:\/\/tiekejai.eu\/#website"},"datePublished":"2021-11-09T17:34:09+00:00","dateModified":"2023-01-18T16:58:32+00:00","breadcrumb":{"@id":"https:\/\/tiekejai.eu\/privatumo-politika\/#breadcrumb"},"inLanguage":"et","potentialAction":[{"@type":"ReadAction","target":["https:\/\/tiekejai.eu\/privatumo-politika\/"]}]},{"@type":"BreadcrumbList","@id":"https:\/\/tiekejai.eu\/privatumo-politika\/#breadcrumb","itemListElement":[{"@type":"ListItem","position":1,"name":"Home","item":"https:\/\/tiekejai.eu\/"},{"@type":"ListItem","position":2,"name":"Privatumo politika"}]},{"@type":"WebSite","@id":"https:\/\/tiekejai.eu\/#website","url":"https:\/\/tiekejai.eu\/","name":"Tiekejai.eu","description":"","publisher":{"@id":"https:\/\/tiekejai.eu\/#organization"},"potentialAction":[{"@type":"SearchAction","target":{"@type":"EntryPoint","urlTemplate":"https:\/\/tiekejai.eu\/?s={search_term_string}"},"query-input":{"@type":"PropertyValueSpecification","valueRequired":true,"valueName":"search_term_string"}}],"inLanguage":"et"},{"@type":"Organization","@id":"https:\/\/tiekejai.eu\/#organization","name":"tiekejai.eu | Kaupade tarnijate ja tootjate otsimine","url":"https:\/\/tiekejai.eu\/","logo":{"@type":"ImageObject","inLanguage":"et","@id":"https:\/\/tiekejai.eu\/#\/schema\/logo\/image\/","url":"http:\/\/tiekejai.eu\/wp-content\/uploads\/2021\/03\/cropped-cropped-Logo-transparent-backround-1.png","contentUrl":"http:\/\/tiekejai.eu\/wp-content\/uploads\/2021\/03\/cropped-cropped-Logo-transparent-backround-1.png","width":65,"height":67,"caption":"Tiekejai.eu | Preki\u0173 tiek\u0117j\u0173 ir gamintoj\u0173 paie\u0161ka"},"image":{"@id":"https:\/\/tiekejai.eu\/#\/schema\/logo\/image\/"},"sameAs":["https:\/\/www.facebook.com\/tiekejai.eu"]}]}},"_links":{"self":[{"href":"https:\/\/tiekejai.eu\/et\/wp-json\/wp\/v2\/pages\/469","targetHints":{"allow":["GET"]}}],"collection":[{"href":"https:\/\/tiekejai.eu\/et\/wp-json\/wp\/v2\/pages"}],"about":[{"href":"https:\/\/tiekejai.eu\/et\/wp-json\/wp\/v2\/types\/page"}],"author":[{"embeddable":true,"href":"https:\/\/tiekejai.eu\/et\/wp-json\/wp\/v2\/users\/1"}],"replies":[{"embeddable":true,"href":"https:\/\/tiekejai.eu\/et\/wp-json\/wp\/v2\/comments?post=469"}],"version-history":[{"count":2,"href":"https:\/\/tiekejai.eu\/et\/wp-json\/wp\/v2\/pages\/469\/revisions"}],"predecessor-version":[{"id":1017,"href":"https:\/\/tiekejai.eu\/et\/wp-json\/wp\/v2\/pages\/469\/revisions\/1017"}],"wp:attachment":[{"href":"https:\/\/tiekejai.eu\/et\/wp-json\/wp\/v2\/media?parent=469"}],"curies":[{"name":"wp","href":"https:\/\/api.w.org\/{rel}","templated":true}]}}