{"id":1943,"date":"2024-04-08T21:06:30","date_gmt":"2024-04-08T23:06:30","guid":{"rendered":"https:\/\/tiekejai.eu\/?post_type=product&#038;p=1943"},"modified":"2024-04-08T21:26:39","modified_gmt":"2024-04-08T23:26:39","slug":"suppliers-list-and-trained-ai-assistant","status":"publish","type":"product","link":"https:\/\/tiekejai.eu\/en\/supplier-lists\/suppliers-list-and-trained-ai-assistant\/","title":{"rendered":"Suppliers list with a trained AI Assistant"},"content":{"rendered":"<p style=\"text-align: left;\" class=\"translation-block\"><strong>Try our exclusive offer<\/strong>: a powerful and trained <strong>ChatGPT<\/strong> assistant that uses our business data and a comprehensive list of <strong>2500+ suppliers<\/strong>.  Our <strong>dropship supplier list<\/strong> will open the door to over 2500 suppliers from various countries including Lithuania, Latvia, Ukraine, Poland, Germany, Turkey, USA, Italy and more, you can easily discover the right partner by filtering the suppliers in the supplier list or try the <strong>DI assistant<\/strong>. Our platform provides unlimited access, only a ChatGPT 4 subscription is required to use our assistant.<\/p>\n<p style=\"text-align: left;\" class=\"translation-block\">Starting a business can be quite challenging, but with the right tools you can take your first steps with confidence. We understand that finding reliable suppliers or partners is one of the biggest challenges for new entrepreneurs. That's why we have developed an exclusive solution to make this task easier.<\/p>\n<p style=\"text-align: left;\" class=\"translation-block\">Our list of <strong>2500 suppliers<\/strong> is designed for both new and experienced entrepreneurs looking to expand or start their business. You will find suppliers from a wide range of countries including Lithuania, Latvia, Ukraine, Poland, Germany, Turkey, USA, Italy and more, offering a wide range of products. From clothing and electronics to household items and gardening supplies, you'll find everything you need to make your business a success.<\/p>\n<p style=\"text-align: left;\" class=\"translation-block\">Our <strong>ChatGPT Assistant<\/strong> is another tool in your arsenal. It uses advanced artificial intelligence technology to give you personalised recommendations and advice on how to find the ideal supplier for your business needs. With the assistant, you can ask questions, search for suppliers by category or even geographic location, saving you time and resources.<\/p>\n<p style=\"text-align: left;\" class=\"translation-block\">This combination of an extended <strong>supplier list<\/strong> and a personal <strong>AI assistant<\/strong> is the perfect basis for a successful start-up. Not only does it give you the tools and information you need, but it also reduces the risk of starting a business by helping you plan your purchases efficiently and intelligently.<\/p>\n<p style=\"text-align: left;\">Don't let the challenges of the start-up get in the way of your business dreams. With our supplier list and ChatGPT Assistant, you have everything you need to start your business with confidence and take the first steps towards success.<\/p>\n<p class=\"translation-block\"><strong>Demesio! In order to use the personal assistant trained by suppliers.eu you need a <a href=\"https:\/\/openai.com\" target=\"_self\">open a<\/a><a href=\"https:\/\/openai.com\" target=\"_self\">i<\/a> plus subscription!<\/strong><\/p>","protected":false},"excerpt":{"rendered":"<p style=\"text-align: left;\"><strong>Dream of becoming an entrepreneur? We'll help you make it happen. Discover our unique offer for newcomers: a comprehensive list of 2500+ suppliers and the intuitive ChatGPT assistant. Our supplier list opens the door to a wide selection of suppliers from all over the world, while our ChatGPT Assistant gives you access to tips and recommendations to help you find the right supplier for your business. This is the perfect solution for those taking their first steps in the business world and looking for reliable partners.<\/strong><\/p>","protected":false},"featured_media":1944,"template":"","meta":{"_eb_attr":""},"product_brand":[],"product_cat":[46],"product_tag":[],"class_list":{"0":"post-1943","1":"product","2":"type-product","3":"status-publish","4":"has-post-thumbnail","6":"product_cat-tiekeju-sarasai","8":"first","9":"instock","10":"sale","11":"downloadable","12":"virtual","13":"purchasable","14":"product-type-simple"},"yoast_head":"<!-- This site is optimized with the Yoast SEO Premium plugin v23.6 (Yoast SEO v27.3) - https:\/\/yoast.com\/product\/yoast-seo-premium-wordpress\/ -->\n<title>Tiek\u0117j\u0173 S\u0105ra\u0161as su apmokytu DI Asistentu - Tiekejai.eu<\/title>\n<meta name=\"description\" content=\"Atraskite tinkam\u0105 Tiek\u0117j\u0105 su M\u016bs\u0173 apmokytu ChatGPT asistentu dar lengviau nei anks\u010diau, arba nagrin\u0117jant tiek\u0117j\u0173 s\u0105ra\u0161us kuriuose vir\u0161 2500 tiek\u0117j\u0173\" \/>\n<meta name=\"robots\" content=\"index, follow, max-snippet:-1, max-image-preview:large, max-video-preview:-1\" \/>\n<link rel=\"canonical\" href=\"https:\/\/tiekejai.eu\/en\/supplier-lists\/suppliers-list-and-trained-ai-assistant\/\" \/>\n<meta property=\"og:locale\" content=\"en_US\" \/>\n<meta property=\"og:type\" content=\"article\" \/>\n<meta property=\"og:title\" content=\"Tiek\u0117j\u0173 S\u0105ra\u0161as su apmokytu DI Asistentu\" \/>\n<meta property=\"og:description\" content=\"Atraskite tinkam\u0105 Tiek\u0117j\u0105 su M\u016bs\u0173 apmokytu ChatGPT asistentu dar lengviau nei anks\u010diau, arba nagrin\u0117jant tiek\u0117j\u0173 s\u0105ra\u0161us kuriuose vir\u0161 2500 tiek\u0117j\u0173\" \/>\n<meta property=\"og:url\" content=\"https:\/\/tiekejai.eu\/en\/supplier-lists\/suppliers-list-and-trained-ai-assistant\/\" \/>\n<meta property=\"og:site_name\" content=\"Tiekejai.eu\" \/>\n<meta property=\"article:publisher\" content=\"https:\/\/www.facebook.com\/tiekejai.eu\" \/>\n<meta property=\"article:modified_time\" content=\"2024-04-08T23:26:39+00:00\" \/>\n<meta property=\"og:image\" content=\"https:\/\/tiekejai.eu\/wp-content\/uploads\/2024\/04\/2500_Tiekeju_Sarasas_apmokytas_DI_Asistentas.png\" \/>\n\t<meta property=\"og:image:width\" content=\"1024\" \/>\n\t<meta property=\"og:image:height\" content=\"1024\" \/>\n\t<meta property=\"og:image:type\" content=\"image\/png\" \/>\n<meta name=\"twitter:card\" content=\"summary_large_image\" \/>\n<meta name=\"twitter:label1\" content=\"Est. reading time\" \/>\n\t<meta name=\"twitter:data1\" content=\"2 minutes\" \/>\n<script type=\"application\/ld+json\" class=\"yoast-schema-graph\">{\"@context\":\"https:\\\/\\\/schema.org\",\"@graph\":[{\"@type\":\"WebPage\",\"@id\":\"https:\\\/\\\/tiekejai.eu\\\/tiekeju-sarasai\\\/tiekeju-sarasas-su-apmokytu-di-asistentu\\\/\",\"url\":\"https:\\\/\\\/tiekejai.eu\\\/tiekeju-sarasai\\\/tiekeju-sarasas-su-apmokytu-di-asistentu\\\/\",\"name\":\"Tiek\u0117j\u0173 S\u0105ra\u0161as su apmokytu DI Asistentu - Tiekejai.eu\",\"isPartOf\":{\"@id\":\"https:\\\/\\\/tiekejai.eu\\\/#website\"},\"primaryImageOfPage\":{\"@id\":\"https:\\\/\\\/tiekejai.eu\\\/tiekeju-sarasai\\\/tiekeju-sarasas-su-apmokytu-di-asistentu\\\/#primaryimage\"},\"image\":{\"@id\":\"https:\\\/\\\/tiekejai.eu\\\/tiekeju-sarasai\\\/tiekeju-sarasas-su-apmokytu-di-asistentu\\\/#primaryimage\"},\"thumbnailUrl\":\"https:\\\/\\\/tiekejai.eu\\\/wp-content\\\/uploads\\\/2024\\\/04\\\/2500_Tiekeju_Sarasas_apmokytas_DI_Asistentas.png\",\"datePublished\":\"2024-04-08T23:06:30+00:00\",\"dateModified\":\"2024-04-08T23:26:39+00:00\",\"description\":\"Atraskite tinkam\u0105 Tiek\u0117j\u0105 su M\u016bs\u0173 apmokytu ChatGPT asistentu dar lengviau nei anks\u010diau, arba nagrin\u0117jant tiek\u0117j\u0173 s\u0105ra\u0161us kuriuose vir\u0161 2500 tiek\u0117j\u0173\",\"breadcrumb\":{\"@id\":\"https:\\\/\\\/tiekejai.eu\\\/tiekeju-sarasai\\\/tiekeju-sarasas-su-apmokytu-di-asistentu\\\/#breadcrumb\"},\"inLanguage\":\"en-US\",\"potentialAction\":[{\"@type\":\"ReadAction\",\"target\":[\"https:\\\/\\\/tiekejai.eu\\\/tiekeju-sarasai\\\/tiekeju-sarasas-su-apmokytu-di-asistentu\\\/\"]}]},{\"@type\":\"ImageObject\",\"inLanguage\":\"en-US\",\"@id\":\"https:\\\/\\\/tiekejai.eu\\\/tiekeju-sarasai\\\/tiekeju-sarasas-su-apmokytu-di-asistentu\\\/#primaryimage\",\"url\":\"https:\\\/\\\/tiekejai.eu\\\/wp-content\\\/uploads\\\/2024\\\/04\\\/2500_Tiekeju_Sarasas_apmokytas_DI_Asistentas.png\",\"contentUrl\":\"https:\\\/\\\/tiekejai.eu\\\/wp-content\\\/uploads\\\/2024\\\/04\\\/2500_Tiekeju_Sarasas_apmokytas_DI_Asistentas.png\",\"width\":1024,\"height\":1024,\"caption\":\"Tyrin\u0117k tiek\u0117j\u0173 s\u0105ra\u0161\u0105 ir klausk asmeninio asistento pagalbos!\"},{\"@type\":\"BreadcrumbList\",\"@id\":\"https:\\\/\\\/tiekejai.eu\\\/tiekeju-sarasai\\\/tiekeju-sarasas-su-apmokytu-di-asistentu\\\/#breadcrumb\",\"itemListElement\":[{\"@type\":\"ListItem\",\"position\":1,\"name\":\"Home\",\"item\":\"https:\\\/\\\/tiekejai.eu\\\/\"},{\"@type\":\"ListItem\",\"position\":2,\"name\":\"Tiek\u0117j\u0173 s\u0105ra\u0161ai\",\"item\":\"https:\\\/\\\/tiekejai.eu\\\/tiekeju-sarasai\\\/\"},{\"@type\":\"ListItem\",\"position\":3,\"name\":\"Tiek\u0117j\u0173 S\u0105ra\u0161as su apmokytu DI Asistentu\"}]},{\"@type\":\"WebSite\",\"@id\":\"https:\\\/\\\/tiekejai.eu\\\/#website\",\"url\":\"https:\\\/\\\/tiekejai.eu\\\/\",\"name\":\"Tiekejai.eu\",\"description\":\"\",\"publisher\":{\"@id\":\"https:\\\/\\\/tiekejai.eu\\\/#organization\"},\"potentialAction\":[{\"@type\":\"SearchAction\",\"target\":{\"@type\":\"EntryPoint\",\"urlTemplate\":\"https:\\\/\\\/tiekejai.eu\\\/?s={search_term_string}\"},\"query-input\":{\"@type\":\"PropertyValueSpecification\",\"valueRequired\":true,\"valueName\":\"search_term_string\"}}],\"inLanguage\":\"en-US\"},{\"@type\":\"Organization\",\"@id\":\"https:\\\/\\\/tiekejai.eu\\\/#organization\",\"name\":\"Tiekejai.eu | Preki\u0173 tiek\u0117j\u0173 ir gamintoj\u0173 paie\u0161ka\",\"url\":\"https:\\\/\\\/tiekejai.eu\\\/\",\"logo\":{\"@type\":\"ImageObject\",\"inLanguage\":\"en-US\",\"@id\":\"https:\\\/\\\/tiekejai.eu\\\/#\\\/schema\\\/logo\\\/image\\\/\",\"url\":\"http:\\\/\\\/tiekejai.eu\\\/wp-content\\\/uploads\\\/2021\\\/03\\\/cropped-cropped-Logo-transparent-backround-1.png\",\"contentUrl\":\"http:\\\/\\\/tiekejai.eu\\\/wp-content\\\/uploads\\\/2021\\\/03\\\/cropped-cropped-Logo-transparent-backround-1.png\",\"width\":65,\"height\":67,\"caption\":\"Tiekejai.eu | Preki\u0173 tiek\u0117j\u0173 ir gamintoj\u0173 paie\u0161ka\"},\"image\":{\"@id\":\"https:\\\/\\\/tiekejai.eu\\\/#\\\/schema\\\/logo\\\/image\\\/\"},\"sameAs\":[\"https:\\\/\\\/www.facebook.com\\\/tiekejai.eu\"]}]}<\/script>\n<!-- \/ Yoast SEO Premium plugin. -->","yoast_head_json":{"title":"List of suppliers with a trained DI Assistant - Suppliers.eu","description":"Discover the right Supplier with our trained ChatGPT assistant even easier than before, or by exploring supplier lists of over 2500 suppliers","robots":{"index":"index","follow":"follow","max-snippet":"max-snippet:-1","max-image-preview":"max-image-preview:large","max-video-preview":"max-video-preview:-1"},"canonical":"https:\/\/tiekejai.eu\/en\/supplier-lists\/suppliers-list-and-trained-ai-assistant\/","og_locale":"en_US","og_type":"article","og_title":"Tiek\u0117j\u0173 S\u0105ra\u0161as su apmokytu DI Asistentu","og_description":"Atraskite tinkam\u0105 Tiek\u0117j\u0105 su M\u016bs\u0173 apmokytu ChatGPT asistentu dar lengviau nei anks\u010diau, arba nagrin\u0117jant tiek\u0117j\u0173 s\u0105ra\u0161us kuriuose vir\u0161 2500 tiek\u0117j\u0173","og_url":"https:\/\/tiekejai.eu\/en\/supplier-lists\/suppliers-list-and-trained-ai-assistant\/","og_site_name":"Tiekejai.eu","article_publisher":"https:\/\/www.facebook.com\/tiekejai.eu","article_modified_time":"2024-04-08T23:26:39+00:00","og_image":[{"width":1024,"height":1024,"url":"https:\/\/tiekejai.eu\/wp-content\/uploads\/2024\/04\/2500_Tiekeju_Sarasas_apmokytas_DI_Asistentas.png","type":"image\/png"}],"twitter_card":"summary_large_image","twitter_misc":{"Est. reading time":"2 minutes"},"schema":{"@context":"https:\/\/schema.org","@graph":[{"@type":"WebPage","@id":"https:\/\/tiekejai.eu\/tiekeju-sarasai\/tiekeju-sarasas-su-apmokytu-di-asistentu\/","url":"https:\/\/tiekejai.eu\/tiekeju-sarasai\/tiekeju-sarasas-su-apmokytu-di-asistentu\/","name":"List of suppliers with a trained DI Assistant - Suppliers.eu","isPartOf":{"@id":"https:\/\/tiekejai.eu\/#website"},"primaryImageOfPage":{"@id":"https:\/\/tiekejai.eu\/tiekeju-sarasai\/tiekeju-sarasas-su-apmokytu-di-asistentu\/#primaryimage"},"image":{"@id":"https:\/\/tiekejai.eu\/tiekeju-sarasai\/tiekeju-sarasas-su-apmokytu-di-asistentu\/#primaryimage"},"thumbnailUrl":"https:\/\/tiekejai.eu\/wp-content\/uploads\/2024\/04\/2500_Tiekeju_Sarasas_apmokytas_DI_Asistentas.png","datePublished":"2024-04-08T23:06:30+00:00","dateModified":"2024-04-08T23:26:39+00:00","description":"Discover the right Supplier with our trained ChatGPT assistant even easier than before, or by exploring supplier lists of over 2500 suppliers","breadcrumb":{"@id":"https:\/\/tiekejai.eu\/tiekeju-sarasai\/tiekeju-sarasas-su-apmokytu-di-asistentu\/#breadcrumb"},"inLanguage":"en-US","potentialAction":[{"@type":"ReadAction","target":["https:\/\/tiekejai.eu\/tiekeju-sarasai\/tiekeju-sarasas-su-apmokytu-di-asistentu\/"]}]},{"@type":"ImageObject","inLanguage":"en-US","@id":"https:\/\/tiekejai.eu\/tiekeju-sarasai\/tiekeju-sarasas-su-apmokytu-di-asistentu\/#primaryimage","url":"https:\/\/tiekejai.eu\/wp-content\/uploads\/2024\/04\/2500_Tiekeju_Sarasas_apmokytas_DI_Asistentas.png","contentUrl":"https:\/\/tiekejai.eu\/wp-content\/uploads\/2024\/04\/2500_Tiekeju_Sarasas_apmokytas_DI_Asistentas.png","width":1024,"height":1024,"caption":"Tyrin\u0117k tiek\u0117j\u0173 s\u0105ra\u0161\u0105 ir klausk asmeninio asistento pagalbos!"},{"@type":"BreadcrumbList","@id":"https:\/\/tiekejai.eu\/tiekeju-sarasai\/tiekeju-sarasas-su-apmokytu-di-asistentu\/#breadcrumb","itemListElement":[{"@type":"ListItem","position":1,"name":"Home","item":"https:\/\/tiekejai.eu\/"},{"@type":"ListItem","position":2,"name":"Tiek\u0117j\u0173 s\u0105ra\u0161ai","item":"https:\/\/tiekejai.eu\/tiekeju-sarasai\/"},{"@type":"ListItem","position":3,"name":"Tiek\u0117j\u0173 S\u0105ra\u0161as su apmokytu DI Asistentu"}]},{"@type":"WebSite","@id":"https:\/\/tiekejai.eu\/#website","url":"https:\/\/tiekejai.eu\/","name":"Tiekejai.eu","description":"","publisher":{"@id":"https:\/\/tiekejai.eu\/#organization"},"potentialAction":[{"@type":"SearchAction","target":{"@type":"EntryPoint","urlTemplate":"https:\/\/tiekejai.eu\/?s={search_term_string}"},"query-input":{"@type":"PropertyValueSpecification","valueRequired":true,"valueName":"search_term_string"}}],"inLanguage":"en-US"},{"@type":"Organization","@id":"https:\/\/tiekejai.eu\/#organization","name":"tiekejai.eu | Search for suppliers and manufacturers of goods","url":"https:\/\/tiekejai.eu\/","logo":{"@type":"ImageObject","inLanguage":"en-US","@id":"https:\/\/tiekejai.eu\/#\/schema\/logo\/image\/","url":"http:\/\/tiekejai.eu\/wp-content\/uploads\/2021\/03\/cropped-cropped-Logo-transparent-backround-1.png","contentUrl":"http:\/\/tiekejai.eu\/wp-content\/uploads\/2021\/03\/cropped-cropped-Logo-transparent-backround-1.png","width":65,"height":67,"caption":"Tiekejai.eu | Preki\u0173 tiek\u0117j\u0173 ir gamintoj\u0173 paie\u0161ka"},"image":{"@id":"https:\/\/tiekejai.eu\/#\/schema\/logo\/image\/"},"sameAs":["https:\/\/www.facebook.com\/tiekejai.eu"]}]}},"_links":{"self":[{"href":"https:\/\/tiekejai.eu\/en\/wp-json\/wp\/v2\/product\/1943","targetHints":{"allow":["GET"]}}],"collection":[{"href":"https:\/\/tiekejai.eu\/en\/wp-json\/wp\/v2\/product"}],"about":[{"href":"https:\/\/tiekejai.eu\/en\/wp-json\/wp\/v2\/types\/product"}],"version-history":[{"count":2,"href":"https:\/\/tiekejai.eu\/en\/wp-json\/wp\/v2\/product\/1943\/revisions"}],"predecessor-version":[{"id":1951,"href":"https:\/\/tiekejai.eu\/en\/wp-json\/wp\/v2\/product\/1943\/revisions\/1951"}],"wp:featuredmedia":[{"embeddable":true,"href":"https:\/\/tiekejai.eu\/en\/wp-json\/wp\/v2\/media\/1944"}],"wp:attachment":[{"href":"https:\/\/tiekejai.eu\/en\/wp-json\/wp\/v2\/media?parent=1943"}],"wp:term":[{"taxonomy":"product_brand","embeddable":true,"href":"https:\/\/tiekejai.eu\/en\/wp-json\/wp\/v2\/product_brand?post=1943"},{"taxonomy":"product_cat","embeddable":true,"href":"https:\/\/tiekejai.eu\/en\/wp-json\/wp\/v2\/product_cat?post=1943"},{"taxonomy":"product_tag","embeddable":true,"href":"https:\/\/tiekejai.eu\/en\/wp-json\/wp\/v2\/product_tag?post=1943"}],"curies":[{"name":"wp","href":"https:\/\/api.w.org\/{rel}","templated":true}]}}