{"id":1264,"date":"2023-01-22T20:46:58","date_gmt":"2023-01-22T22:46:58","guid":{"rendered":"https:\/\/tiekejai.eu\/?post_type=product&#038;p=1264"},"modified":"2023-09-25T20:15:21","modified_gmt":"2023-09-25T22:15:21","slug":"suppliers-from-turkey","status":"publish","type":"product","link":"https:\/\/tiekejai.eu\/en\/supplier-lists\/suppliers-from-turkey\/","title":{"rendered":"Suppliers from Turkey"},"content":{"rendered":"<p>Turkey is one of the most advanced wholesale and manufacturing countries in the world. The country is a supplier to many countries in Europe and Asia, and is also an important supplier to the USA and Canada. <strong>Turkish suppliers<\/strong> and producers stand out for several reasons.<\/p>\n<p>Firstly, Turkey is rich in natural resources such as timber, minerals and oil, which enable it to produce a wide range of products such as furniture, construction timber, metal products and petroleum products.<\/p>\n<p>Second, Turkey has an extensive and reliable transport and logistics infrastructure network, which ensures that products can be transported quickly and safely to foreign markets.<\/p>\n<p>Third, <strong>Turkish suppliers<\/strong> and manufacturers are known for their high quality products and competitive prices, which are attractive to foreign buyers.<\/p>\n<p>Fourth, <strong>Turkish producers<\/strong> and suppliers are innovative and adapt to changing market needs, which are essential to compete successfully in a global market.<\/p>\n<p>Finally, <strong>Turkish producers<\/strong> are responsible and take into account the environmental and social issues that are important to ensure long-term success.<\/p>\n<h3 style=\"text-align: center;\">Turkish manufacturers are leaders in many production categories<\/h3>\n<p>Turkey is one of the world's most important textile producing countries. <strong>Turkish suppliers of clothing<\/strong> and manufacturers are known for high-quality fabrics and garments that are made from natural materials such as cotton, flax and wool. The Turkish textile industry is an important export product, especially to Europe and Asia.<\/p>\n<p>Furniture manufacturing is also an important industry in Turkey. <strong>Turkish furniture suppliers<\/strong> and manufacturers are known for high quality, style and functionality. They produce a wide range of furniture, from classic to modern styles, using a variety of materials such as wood, metal and plastic. Turkish furniture production is also an important export product, especially to Europe and Asia.<\/p>\n<p>Turkey is also an important food producing country. <strong>Turkish food suppliers<\/strong> and producers are known for their high quality products such as meat, dairy products, fruit and vegetables. Turkey is an important exporter and supplier of food products to Europe and Asia.<\/p>\n<p>The production of cars and parts is also an important industry in Turkey. <strong>Turkish car suppliers<\/strong> and manufacturers are known for their high quality products and competitive prices. They produce a wide range of automotive parts and are an important supplier to Europe and Asia.<\/p>\n<p>Conclusion, <strong>Turkish producers <\/strong>and suppliers are reliable and competitive suppliers in global markets, with extensive and reliable transport and logistics infrastructure, innovation, high product quality and accountability, which are important for long-term success and reliability.<\/p>\n<p>We also provide individual and targeted <a href=\"https:\/\/tiekejai.eu\/en\/suppliers-sourcing\/\">finding suppliers and producers in turkey<\/a>.<\/p>","protected":false},"excerpt":{"rendered":"<p>Carefully selected <strong>Turkish suppliers<\/strong> lets you choose the right one from a list of up to 170 suppliers. The list includes wholesalers and manufacturers in most categories including clothing, electronics, furniture, etc.<\/p>\n<p>Convenient filtering of suppliers allows you to select the category you want, making your search much easier.<\/p>\n<p>This is one of the most comprehensive lists of Turkish suppliers at the lowest price on the market! When you buy a Turkish supplier list, we'll give you free business lessons; e-shop selection, automation and promotion.<\/p>","protected":false},"featured_media":1595,"template":"","meta":{"_eb_attr":""},"product_brand":[],"product_cat":[46],"product_tag":[],"class_list":{"0":"post-1264","1":"product","2":"type-product","3":"status-publish","4":"has-post-thumbnail","6":"product_cat-tiekeju-sarasai","8":"first","9":"instock","10":"sale","11":"downloadable","12":"shipping-taxable","13":"purchasable","14":"product-type-simple"},"yoast_head":"<!-- This site is optimized with the Yoast SEO Premium plugin v23.6 (Yoast SEO v27.3) - https:\/\/yoast.com\/product\/yoast-seo-premium-wordpress\/ -->\n<title>Turkijos Tiek\u0117jai | 170 tiek\u0117j\u0173<\/title>\n<meta name=\"description\" content=\"Turkijos tiek\u0117jai vienas i\u0161 geriausi\u0173 pasirinkim\u0173 verslui. Turime sukaup\u0119 pla\u010diausius tiek\u0117j\u0173 s\u0105ra\u0161us, bei dirbame individualiai tiek\u0117j\u0173 paie\u0161koje!\" \/>\n<meta name=\"robots\" content=\"index, follow, max-snippet:-1, max-image-preview:large, max-video-preview:-1\" \/>\n<link rel=\"canonical\" href=\"https:\/\/tiekejai.eu\/en\/supplier-lists\/suppliers-from-turkey\/\" \/>\n<meta property=\"og:locale\" content=\"en_US\" \/>\n<meta property=\"og:type\" content=\"article\" \/>\n<meta property=\"og:title\" content=\"Turkijos Tiek\u0117jai\" \/>\n<meta property=\"og:description\" content=\"Turkijos tiek\u0117jai vienas i\u0161 geriausi\u0173 pasirinkim\u0173 verslui. Turime sukaup\u0119 pla\u010diausius tiek\u0117j\u0173 s\u0105ra\u0161us, bei dirbame individualiai tiek\u0117j\u0173 paie\u0161koje!\" \/>\n<meta property=\"og:url\" content=\"https:\/\/tiekejai.eu\/en\/supplier-lists\/suppliers-from-turkey\/\" \/>\n<meta property=\"og:site_name\" content=\"Tiekejai.eu\" \/>\n<meta property=\"article:publisher\" content=\"https:\/\/www.facebook.com\/tiekejai.eu\" \/>\n<meta property=\"article:modified_time\" content=\"2023-09-25T22:15:21+00:00\" \/>\n<meta property=\"og:image\" content=\"https:\/\/tiekejai.eu\/wp-content\/uploads\/2023\/01\/Suppliers_from_turkey.png\" \/>\n\t<meta property=\"og:image:width\" content=\"1080\" \/>\n\t<meta property=\"og:image:height\" content=\"1080\" \/>\n\t<meta property=\"og:image:type\" content=\"image\/png\" \/>\n<meta name=\"twitter:card\" content=\"summary_large_image\" \/>\n<meta name=\"twitter:label1\" content=\"Est. reading time\" \/>\n\t<meta name=\"twitter:data1\" content=\"3 minutes\" \/>\n<script type=\"application\/ld+json\" class=\"yoast-schema-graph\">{\"@context\":\"https:\\\/\\\/schema.org\",\"@graph\":[{\"@type\":\"WebPage\",\"@id\":\"https:\\\/\\\/tiekejai.eu\\\/tiekeju-sarasai\\\/turkijos-tiekejai\\\/\",\"url\":\"https:\\\/\\\/tiekejai.eu\\\/tiekeju-sarasai\\\/turkijos-tiekejai\\\/\",\"name\":\"Turkijos Tiek\u0117jai | 170 tiek\u0117j\u0173\",\"isPartOf\":{\"@id\":\"https:\\\/\\\/tiekejai.eu\\\/#website\"},\"primaryImageOfPage\":{\"@id\":\"https:\\\/\\\/tiekejai.eu\\\/tiekeju-sarasai\\\/turkijos-tiekejai\\\/#primaryimage\"},\"image\":{\"@id\":\"https:\\\/\\\/tiekejai.eu\\\/tiekeju-sarasai\\\/turkijos-tiekejai\\\/#primaryimage\"},\"thumbnailUrl\":\"https:\\\/\\\/tiekejai.eu\\\/wp-content\\\/uploads\\\/2023\\\/01\\\/Suppliers_from_turkey.png\",\"datePublished\":\"2023-01-22T22:46:58+00:00\",\"dateModified\":\"2023-09-25T22:15:21+00:00\",\"description\":\"Turkijos tiek\u0117jai vienas i\u0161 geriausi\u0173 pasirinkim\u0173 verslui. Turime sukaup\u0119 pla\u010diausius tiek\u0117j\u0173 s\u0105ra\u0161us, bei dirbame individualiai tiek\u0117j\u0173 paie\u0161koje!\",\"breadcrumb\":{\"@id\":\"https:\\\/\\\/tiekejai.eu\\\/tiekeju-sarasai\\\/turkijos-tiekejai\\\/#breadcrumb\"},\"inLanguage\":\"en-US\",\"potentialAction\":[{\"@type\":\"ReadAction\",\"target\":[\"https:\\\/\\\/tiekejai.eu\\\/tiekeju-sarasai\\\/turkijos-tiekejai\\\/\"]}]},{\"@type\":\"ImageObject\",\"inLanguage\":\"en-US\",\"@id\":\"https:\\\/\\\/tiekejai.eu\\\/tiekeju-sarasai\\\/turkijos-tiekejai\\\/#primaryimage\",\"url\":\"https:\\\/\\\/tiekejai.eu\\\/wp-content\\\/uploads\\\/2023\\\/01\\\/Suppliers_from_turkey.png\",\"contentUrl\":\"https:\\\/\\\/tiekejai.eu\\\/wp-content\\\/uploads\\\/2023\\\/01\\\/Suppliers_from_turkey.png\",\"width\":1080,\"height\":1080,\"caption\":\"Turkey suppliers\"},{\"@type\":\"BreadcrumbList\",\"@id\":\"https:\\\/\\\/tiekejai.eu\\\/tiekeju-sarasai\\\/turkijos-tiekejai\\\/#breadcrumb\",\"itemListElement\":[{\"@type\":\"ListItem\",\"position\":1,\"name\":\"Home\",\"item\":\"https:\\\/\\\/tiekejai.eu\\\/\"},{\"@type\":\"ListItem\",\"position\":2,\"name\":\"Tiek\u0117j\u0173 s\u0105ra\u0161ai\",\"item\":\"https:\\\/\\\/tiekejai.eu\\\/tiekeju-sarasai\\\/\"},{\"@type\":\"ListItem\",\"position\":3,\"name\":\"Turkijos Tiek\u0117jai\"}]},{\"@type\":\"WebSite\",\"@id\":\"https:\\\/\\\/tiekejai.eu\\\/#website\",\"url\":\"https:\\\/\\\/tiekejai.eu\\\/\",\"name\":\"Tiekejai.eu\",\"description\":\"\",\"publisher\":{\"@id\":\"https:\\\/\\\/tiekejai.eu\\\/#organization\"},\"potentialAction\":[{\"@type\":\"SearchAction\",\"target\":{\"@type\":\"EntryPoint\",\"urlTemplate\":\"https:\\\/\\\/tiekejai.eu\\\/?s={search_term_string}\"},\"query-input\":{\"@type\":\"PropertyValueSpecification\",\"valueRequired\":true,\"valueName\":\"search_term_string\"}}],\"inLanguage\":\"en-US\"},{\"@type\":\"Organization\",\"@id\":\"https:\\\/\\\/tiekejai.eu\\\/#organization\",\"name\":\"Tiekejai.eu | Preki\u0173 tiek\u0117j\u0173 ir gamintoj\u0173 paie\u0161ka\",\"url\":\"https:\\\/\\\/tiekejai.eu\\\/\",\"logo\":{\"@type\":\"ImageObject\",\"inLanguage\":\"en-US\",\"@id\":\"https:\\\/\\\/tiekejai.eu\\\/#\\\/schema\\\/logo\\\/image\\\/\",\"url\":\"http:\\\/\\\/tiekejai.eu\\\/wp-content\\\/uploads\\\/2021\\\/03\\\/cropped-cropped-Logo-transparent-backround-1.png\",\"contentUrl\":\"http:\\\/\\\/tiekejai.eu\\\/wp-content\\\/uploads\\\/2021\\\/03\\\/cropped-cropped-Logo-transparent-backround-1.png\",\"width\":65,\"height\":67,\"caption\":\"Tiekejai.eu | Preki\u0173 tiek\u0117j\u0173 ir gamintoj\u0173 paie\u0161ka\"},\"image\":{\"@id\":\"https:\\\/\\\/tiekejai.eu\\\/#\\\/schema\\\/logo\\\/image\\\/\"},\"sameAs\":[\"https:\\\/\\\/www.facebook.com\\\/tiekejai.eu\"]}]}<\/script>\n<!-- \/ Yoast SEO Premium plugin. -->","yoast_head_json":{"title":"Turkish Suppliers | 170 suppliers","description":"Turkish suppliers are one of the best choices for business. We have the most extensive supplier lists and we work individually to find suppliers!","robots":{"index":"index","follow":"follow","max-snippet":"max-snippet:-1","max-image-preview":"max-image-preview:large","max-video-preview":"max-video-preview:-1"},"canonical":"https:\/\/tiekejai.eu\/en\/supplier-lists\/suppliers-from-turkey\/","og_locale":"en_US","og_type":"article","og_title":"Turkijos Tiek\u0117jai","og_description":"Turkijos tiek\u0117jai vienas i\u0161 geriausi\u0173 pasirinkim\u0173 verslui. Turime sukaup\u0119 pla\u010diausius tiek\u0117j\u0173 s\u0105ra\u0161us, bei dirbame individualiai tiek\u0117j\u0173 paie\u0161koje!","og_url":"https:\/\/tiekejai.eu\/en\/supplier-lists\/suppliers-from-turkey\/","og_site_name":"Tiekejai.eu","article_publisher":"https:\/\/www.facebook.com\/tiekejai.eu","article_modified_time":"2023-09-25T22:15:21+00:00","og_image":[{"width":1080,"height":1080,"url":"https:\/\/tiekejai.eu\/wp-content\/uploads\/2023\/01\/Suppliers_from_turkey.png","type":"image\/png"}],"twitter_card":"summary_large_image","twitter_misc":{"Est. reading time":"3 minutes"},"schema":{"@context":"https:\/\/schema.org","@graph":[{"@type":"WebPage","@id":"https:\/\/tiekejai.eu\/tiekeju-sarasai\/turkijos-tiekejai\/","url":"https:\/\/tiekejai.eu\/tiekeju-sarasai\/turkijos-tiekejai\/","name":"Turkish Suppliers | 170 suppliers","isPartOf":{"@id":"https:\/\/tiekejai.eu\/#website"},"primaryImageOfPage":{"@id":"https:\/\/tiekejai.eu\/tiekeju-sarasai\/turkijos-tiekejai\/#primaryimage"},"image":{"@id":"https:\/\/tiekejai.eu\/tiekeju-sarasai\/turkijos-tiekejai\/#primaryimage"},"thumbnailUrl":"https:\/\/tiekejai.eu\/wp-content\/uploads\/2023\/01\/Suppliers_from_turkey.png","datePublished":"2023-01-22T22:46:58+00:00","dateModified":"2023-09-25T22:15:21+00:00","description":"Turkish suppliers are one of the best choices for business. We have the most extensive supplier lists and we work individually to find suppliers!","breadcrumb":{"@id":"https:\/\/tiekejai.eu\/tiekeju-sarasai\/turkijos-tiekejai\/#breadcrumb"},"inLanguage":"en-US","potentialAction":[{"@type":"ReadAction","target":["https:\/\/tiekejai.eu\/tiekeju-sarasai\/turkijos-tiekejai\/"]}]},{"@type":"ImageObject","inLanguage":"en-US","@id":"https:\/\/tiekejai.eu\/tiekeju-sarasai\/turkijos-tiekejai\/#primaryimage","url":"https:\/\/tiekejai.eu\/wp-content\/uploads\/2023\/01\/Suppliers_from_turkey.png","contentUrl":"https:\/\/tiekejai.eu\/wp-content\/uploads\/2023\/01\/Suppliers_from_turkey.png","width":1080,"height":1080,"caption":"Turkey suppliers"},{"@type":"BreadcrumbList","@id":"https:\/\/tiekejai.eu\/tiekeju-sarasai\/turkijos-tiekejai\/#breadcrumb","itemListElement":[{"@type":"ListItem","position":1,"name":"Home","item":"https:\/\/tiekejai.eu\/"},{"@type":"ListItem","position":2,"name":"Tiek\u0117j\u0173 s\u0105ra\u0161ai","item":"https:\/\/tiekejai.eu\/tiekeju-sarasai\/"},{"@type":"ListItem","position":3,"name":"Turkijos Tiek\u0117jai"}]},{"@type":"WebSite","@id":"https:\/\/tiekejai.eu\/#website","url":"https:\/\/tiekejai.eu\/","name":"Tiekejai.eu","description":"","publisher":{"@id":"https:\/\/tiekejai.eu\/#organization"},"potentialAction":[{"@type":"SearchAction","target":{"@type":"EntryPoint","urlTemplate":"https:\/\/tiekejai.eu\/?s={search_term_string}"},"query-input":{"@type":"PropertyValueSpecification","valueRequired":true,"valueName":"search_term_string"}}],"inLanguage":"en-US"},{"@type":"Organization","@id":"https:\/\/tiekejai.eu\/#organization","name":"tiekejai.eu | Search for suppliers and manufacturers of goods","url":"https:\/\/tiekejai.eu\/","logo":{"@type":"ImageObject","inLanguage":"en-US","@id":"https:\/\/tiekejai.eu\/#\/schema\/logo\/image\/","url":"http:\/\/tiekejai.eu\/wp-content\/uploads\/2021\/03\/cropped-cropped-Logo-transparent-backround-1.png","contentUrl":"http:\/\/tiekejai.eu\/wp-content\/uploads\/2021\/03\/cropped-cropped-Logo-transparent-backround-1.png","width":65,"height":67,"caption":"Tiekejai.eu | Preki\u0173 tiek\u0117j\u0173 ir gamintoj\u0173 paie\u0161ka"},"image":{"@id":"https:\/\/tiekejai.eu\/#\/schema\/logo\/image\/"},"sameAs":["https:\/\/www.facebook.com\/tiekejai.eu"]}]}},"_links":{"self":[{"href":"https:\/\/tiekejai.eu\/en\/wp-json\/wp\/v2\/product\/1264","targetHints":{"allow":["GET"]}}],"collection":[{"href":"https:\/\/tiekejai.eu\/en\/wp-json\/wp\/v2\/product"}],"about":[{"href":"https:\/\/tiekejai.eu\/en\/wp-json\/wp\/v2\/types\/product"}],"version-history":[{"count":3,"href":"https:\/\/tiekejai.eu\/en\/wp-json\/wp\/v2\/product\/1264\/revisions"}],"predecessor-version":[{"id":1271,"href":"https:\/\/tiekejai.eu\/en\/wp-json\/wp\/v2\/product\/1264\/revisions\/1271"}],"wp:featuredmedia":[{"embeddable":true,"href":"https:\/\/tiekejai.eu\/en\/wp-json\/wp\/v2\/media\/1595"}],"wp:attachment":[{"href":"https:\/\/tiekejai.eu\/en\/wp-json\/wp\/v2\/media?parent=1264"}],"wp:term":[{"taxonomy":"product_brand","embeddable":true,"href":"https:\/\/tiekejai.eu\/en\/wp-json\/wp\/v2\/product_brand?post=1264"},{"taxonomy":"product_cat","embeddable":true,"href":"https:\/\/tiekejai.eu\/en\/wp-json\/wp\/v2\/product_cat?post=1264"},{"taxonomy":"product_tag","embeddable":true,"href":"https:\/\/tiekejai.eu\/en\/wp-json\/wp\/v2\/product_tag?post=1264"}],"curies":[{"name":"wp","href":"https:\/\/api.w.org\/{rel}","templated":true}]}}