{"id":1235,"date":"2023-01-22T18:05:36","date_gmt":"2023-01-22T20:05:36","guid":{"rendered":"https:\/\/tiekejai.eu\/?post_type=product&#038;p=1235"},"modified":"2023-09-25T20:04:58","modified_gmt":"2023-09-25T22:04:58","slug":"suppliers-from-poland","status":"publish","type":"product","link":"https:\/\/tiekejai.eu\/en\/supplier-lists\/suppliers-from-poland\/","title":{"rendered":"Suppliers from Poland"},"content":{"rendered":"<p class=\"translation-block\"><strong>Suppliers from Poland<\/strong> is one of the best choices if you are looking for wholesale products or dropshipping options. There are many manufacturers in Poland that offer a wide range of goods, from simple items such as clothing, pet supplies to more complex products such as electronics, cars and countless others.<\/p>\n<p class=\"translation-block\">Wholesale trade in Poland is very popular because this country is a member of the European Union and has well-developed logistics and transport systems that allow for quick and efficient delivery of goods to any European city. In addition, <strong>suppliers from Poland<\/strong> offer good prices and high quality products.<\/p>\n<h4>Introducing Polish suppliers<\/h4>\n<p class=\"translation-block\">Dropshipping is a popular form of trade in which<strong> Polish suppliers<\/strong> deliver goods directly to the buyer, and the dealer works on marketing. This is good in Poland because there are many suppliers from Poland who offer dropshipping services. Dropship suppliers can deliver goods directly to the buyer's home and not only in Poland. This allows dealers to save time and money that would otherwise be spent on shipping. <strong><a href=\"https:\/\/tiekejai.eu\/en\/dropshipping\/\" target=\"_self\">Dropshipping<\/a> is in great demand from Poland because it is near Lithuania, which means that suitable suppliers from Poland will deliver goods almost as well as when buying from Lithuania.<\/strong><\/p>\n<h4>Polish economy<\/h4>\n<p class=\"translation-block\"><a href=\"https:\/\/tiekejai.eu\/en\/suppliers\/\" target=\"_self\">Suppliers<\/a> or <a href=\"https:\/\/tiekejai.eu\/en\/manufacturers\/\" target=\"_self\"> manufacturers<\/a> are also well known for their high quality products. Manufacturers can also offer customized products that meet your requirements. Overall, <strong>suppliers from Poland<\/strong>, wholesale, dropshipping and manufacturers are a good choice if you are looking for quality products at good prices. There are many reliable suppliers and manufacturers in Poland that offer a wide range of goods and good services.<\/p>\n<p class=\"translation-block\">Poland's economy is one of the fastest growing in Europe. Lots of new and innovative suppliers and manufacturers offering their products all over the world. In addition, there are many small and medium-sized enterprises in Poland that offer unique goods and services. <strong>Suppliers from Poland<\/strong> can be a good choice for dealers who are looking for new and unique products for their business.<\/p>\n<p class=\"translation-block\">Je\u015bli masz inwestycj\u0119, ale uwa\u017casz, \u017ce lista dostawc\u00f3w Ci nie pomo\u017ce, zawsze mo\u017cesz z\u0142o\u017cy\u0107 wniosek o indywidualne <a href=\"https:\/\/tiekejai.eu\/en\/suppliers-sourcing\/\" target=\"_self\">wyszukiwanie dla dostawc\u00f3w<\/a> we wszystkich modelach biznesowych.<\/p>","protected":false},"excerpt":{"rendered":"<p class=\"translation-block\"><a href=\"https:\/\/tiekejai.eu\/en\/\" target=\"_self\">Tiekejai.eu<\/a> carefully selected <strong>Polish suppliers<\/strong> will provide access to the widest list of 750 suppliers in Lithuania with the possibility of filtering according to the desired category. Filtering will make your search for suppliers much easier. In the list of suppliers, you will find suppliers of all categories, including clothing, footwear, auto, garden and home, pet products, etc. Suppliers will offer wholesale and dropshipping. In addition to all this, we will provide free business lessons for starting or improving a business, choosing e-stores, automation and advertising.<\/p>","protected":false},"featured_media":1594,"template":"","meta":{"_eb_attr":""},"product_brand":[],"product_cat":[46],"product_tag":[],"class_list":{"0":"post-1235","1":"product","2":"type-product","3":"status-publish","4":"has-post-thumbnail","6":"product_cat-tiekeju-sarasai","8":"first","9":"instock","10":"sale","11":"downloadable","12":"shipping-taxable","13":"purchasable","14":"product-type-simple"},"yoast_head":"<!-- This site is optimized with the Yoast SEO Premium plugin v23.6 (Yoast SEO v27.3) - https:\/\/yoast.com\/product\/yoast-seo-premium-wordpress\/ -->\n<title>Tiek\u0117jai i\u0161 Lenkijos - i\u0161manus pasirinkimas!<\/title>\n<meta name=\"description\" content=\"tiek\u0117jai i\u0161 lenkijos m\u016bs\u0173 kruop\u0161\u010diai atrinkti tiek\u0117jai, kur\u012f sudaro net 750 atrinkt\u0173 tiek\u0117j\u0173 s\u0105ra\u0161as su filtravimu ir nemokamomis pamokomis!\" \/>\n<meta name=\"robots\" content=\"index, follow, max-snippet:-1, max-image-preview:large, max-video-preview:-1\" \/>\n<link rel=\"canonical\" href=\"https:\/\/tiekejai.eu\/en\/supplier-lists\/suppliers-from-poland\/\" \/>\n<meta property=\"og:locale\" content=\"en_US\" \/>\n<meta property=\"og:type\" content=\"article\" \/>\n<meta property=\"og:title\" content=\"Tiek\u0117jai i\u0161 Lenkijos\" \/>\n<meta property=\"og:description\" content=\"tiek\u0117jai i\u0161 lenkijos m\u016bs\u0173 kruop\u0161\u010diai atrinkti tiek\u0117jai, kur\u012f sudaro net 750 atrinkt\u0173 tiek\u0117j\u0173 s\u0105ra\u0161as su filtravimu ir nemokamomis pamokomis!\" \/>\n<meta property=\"og:url\" content=\"https:\/\/tiekejai.eu\/en\/supplier-lists\/suppliers-from-poland\/\" \/>\n<meta property=\"og:site_name\" content=\"Tiekejai.eu\" \/>\n<meta property=\"article:publisher\" content=\"https:\/\/www.facebook.com\/tiekejai.eu\" \/>\n<meta property=\"article:modified_time\" content=\"2023-09-25T22:04:58+00:00\" \/>\n<meta property=\"og:image\" content=\"https:\/\/tiekejai.eu\/wp-content\/uploads\/2023\/01\/Poland_Suppliers.png\" \/>\n\t<meta property=\"og:image:width\" content=\"1080\" \/>\n\t<meta property=\"og:image:height\" content=\"1080\" \/>\n\t<meta property=\"og:image:type\" content=\"image\/png\" \/>\n<meta name=\"twitter:card\" content=\"summary_large_image\" \/>\n<meta name=\"twitter:label1\" content=\"Est. reading time\" \/>\n\t<meta name=\"twitter:data1\" content=\"2 minutes\" \/>\n<script type=\"application\/ld+json\" class=\"yoast-schema-graph\">{\"@context\":\"https:\\\/\\\/schema.org\",\"@graph\":[{\"@type\":\"WebPage\",\"@id\":\"https:\\\/\\\/tiekejai.eu\\\/tiekeju-sarasai\\\/tiekejai-is-lenkijos\\\/\",\"url\":\"https:\\\/\\\/tiekejai.eu\\\/tiekeju-sarasai\\\/tiekejai-is-lenkijos\\\/\",\"name\":\"Tiek\u0117jai i\u0161 Lenkijos - i\u0161manus pasirinkimas!\",\"isPartOf\":{\"@id\":\"https:\\\/\\\/tiekejai.eu\\\/#website\"},\"primaryImageOfPage\":{\"@id\":\"https:\\\/\\\/tiekejai.eu\\\/tiekeju-sarasai\\\/tiekejai-is-lenkijos\\\/#primaryimage\"},\"image\":{\"@id\":\"https:\\\/\\\/tiekejai.eu\\\/tiekeju-sarasai\\\/tiekejai-is-lenkijos\\\/#primaryimage\"},\"thumbnailUrl\":\"https:\\\/\\\/tiekejai.eu\\\/wp-content\\\/uploads\\\/2023\\\/01\\\/Poland_Suppliers.png\",\"datePublished\":\"2023-01-22T20:05:36+00:00\",\"dateModified\":\"2023-09-25T22:04:58+00:00\",\"description\":\"tiek\u0117jai i\u0161 lenkijos m\u016bs\u0173 kruop\u0161\u010diai atrinkti tiek\u0117jai, kur\u012f sudaro net 750 atrinkt\u0173 tiek\u0117j\u0173 s\u0105ra\u0161as su filtravimu ir nemokamomis pamokomis!\",\"breadcrumb\":{\"@id\":\"https:\\\/\\\/tiekejai.eu\\\/tiekeju-sarasai\\\/tiekejai-is-lenkijos\\\/#breadcrumb\"},\"inLanguage\":\"en-US\",\"potentialAction\":[{\"@type\":\"ReadAction\",\"target\":[\"https:\\\/\\\/tiekejai.eu\\\/tiekeju-sarasai\\\/tiekejai-is-lenkijos\\\/\"]}]},{\"@type\":\"ImageObject\",\"inLanguage\":\"en-US\",\"@id\":\"https:\\\/\\\/tiekejai.eu\\\/tiekeju-sarasai\\\/tiekejai-is-lenkijos\\\/#primaryimage\",\"url\":\"https:\\\/\\\/tiekejai.eu\\\/wp-content\\\/uploads\\\/2023\\\/01\\\/Poland_Suppliers.png\",\"contentUrl\":\"https:\\\/\\\/tiekejai.eu\\\/wp-content\\\/uploads\\\/2023\\\/01\\\/Poland_Suppliers.png\",\"width\":1080,\"height\":1080,\"caption\":\"Suppliers from Poland\"},{\"@type\":\"BreadcrumbList\",\"@id\":\"https:\\\/\\\/tiekejai.eu\\\/tiekeju-sarasai\\\/tiekejai-is-lenkijos\\\/#breadcrumb\",\"itemListElement\":[{\"@type\":\"ListItem\",\"position\":1,\"name\":\"Home\",\"item\":\"https:\\\/\\\/tiekejai.eu\\\/\"},{\"@type\":\"ListItem\",\"position\":2,\"name\":\"Tiek\u0117j\u0173 s\u0105ra\u0161ai\",\"item\":\"https:\\\/\\\/tiekejai.eu\\\/tiekeju-sarasai\\\/\"},{\"@type\":\"ListItem\",\"position\":3,\"name\":\"Tiek\u0117jai i\u0161 Lenkijos\"}]},{\"@type\":\"WebSite\",\"@id\":\"https:\\\/\\\/tiekejai.eu\\\/#website\",\"url\":\"https:\\\/\\\/tiekejai.eu\\\/\",\"name\":\"Tiekejai.eu\",\"description\":\"\",\"publisher\":{\"@id\":\"https:\\\/\\\/tiekejai.eu\\\/#organization\"},\"potentialAction\":[{\"@type\":\"SearchAction\",\"target\":{\"@type\":\"EntryPoint\",\"urlTemplate\":\"https:\\\/\\\/tiekejai.eu\\\/?s={search_term_string}\"},\"query-input\":{\"@type\":\"PropertyValueSpecification\",\"valueRequired\":true,\"valueName\":\"search_term_string\"}}],\"inLanguage\":\"en-US\"},{\"@type\":\"Organization\",\"@id\":\"https:\\\/\\\/tiekejai.eu\\\/#organization\",\"name\":\"Tiekejai.eu | Preki\u0173 tiek\u0117j\u0173 ir gamintoj\u0173 paie\u0161ka\",\"url\":\"https:\\\/\\\/tiekejai.eu\\\/\",\"logo\":{\"@type\":\"ImageObject\",\"inLanguage\":\"en-US\",\"@id\":\"https:\\\/\\\/tiekejai.eu\\\/#\\\/schema\\\/logo\\\/image\\\/\",\"url\":\"http:\\\/\\\/tiekejai.eu\\\/wp-content\\\/uploads\\\/2021\\\/03\\\/cropped-cropped-Logo-transparent-backround-1.png\",\"contentUrl\":\"http:\\\/\\\/tiekejai.eu\\\/wp-content\\\/uploads\\\/2021\\\/03\\\/cropped-cropped-Logo-transparent-backround-1.png\",\"width\":65,\"height\":67,\"caption\":\"Tiekejai.eu | Preki\u0173 tiek\u0117j\u0173 ir gamintoj\u0173 paie\u0161ka\"},\"image\":{\"@id\":\"https:\\\/\\\/tiekejai.eu\\\/#\\\/schema\\\/logo\\\/image\\\/\"},\"sameAs\":[\"https:\\\/\\\/www.facebook.com\\\/tiekejai.eu\"]}]}<\/script>\n<!-- \/ Yoast SEO Premium plugin. -->","yoast_head_json":{"title":"Polish suppliers - the smart choice!","description":"suppliers from poland our carefully selected suppliers list of up to 750 selected suppliers with filtering and free lessons!","robots":{"index":"index","follow":"follow","max-snippet":"max-snippet:-1","max-image-preview":"max-image-preview:large","max-video-preview":"max-video-preview:-1"},"canonical":"https:\/\/tiekejai.eu\/en\/supplier-lists\/suppliers-from-poland\/","og_locale":"en_US","og_type":"article","og_title":"Tiek\u0117jai i\u0161 Lenkijos","og_description":"tiek\u0117jai i\u0161 lenkijos m\u016bs\u0173 kruop\u0161\u010diai atrinkti tiek\u0117jai, kur\u012f sudaro net 750 atrinkt\u0173 tiek\u0117j\u0173 s\u0105ra\u0161as su filtravimu ir nemokamomis pamokomis!","og_url":"https:\/\/tiekejai.eu\/en\/supplier-lists\/suppliers-from-poland\/","og_site_name":"Tiekejai.eu","article_publisher":"https:\/\/www.facebook.com\/tiekejai.eu","article_modified_time":"2023-09-25T22:04:58+00:00","og_image":[{"width":1080,"height":1080,"url":"https:\/\/tiekejai.eu\/wp-content\/uploads\/2023\/01\/Poland_Suppliers.png","type":"image\/png"}],"twitter_card":"summary_large_image","twitter_misc":{"Est. reading time":"2 minutes"},"schema":{"@context":"https:\/\/schema.org","@graph":[{"@type":"WebPage","@id":"https:\/\/tiekejai.eu\/tiekeju-sarasai\/tiekejai-is-lenkijos\/","url":"https:\/\/tiekejai.eu\/tiekeju-sarasai\/tiekejai-is-lenkijos\/","name":"Polish suppliers - the smart choice!","isPartOf":{"@id":"https:\/\/tiekejai.eu\/#website"},"primaryImageOfPage":{"@id":"https:\/\/tiekejai.eu\/tiekeju-sarasai\/tiekejai-is-lenkijos\/#primaryimage"},"image":{"@id":"https:\/\/tiekejai.eu\/tiekeju-sarasai\/tiekejai-is-lenkijos\/#primaryimage"},"thumbnailUrl":"https:\/\/tiekejai.eu\/wp-content\/uploads\/2023\/01\/Poland_Suppliers.png","datePublished":"2023-01-22T20:05:36+00:00","dateModified":"2023-09-25T22:04:58+00:00","description":"suppliers from poland our carefully selected suppliers list of up to 750 selected suppliers with filtering and free lessons!","breadcrumb":{"@id":"https:\/\/tiekejai.eu\/tiekeju-sarasai\/tiekejai-is-lenkijos\/#breadcrumb"},"inLanguage":"en-US","potentialAction":[{"@type":"ReadAction","target":["https:\/\/tiekejai.eu\/tiekeju-sarasai\/tiekejai-is-lenkijos\/"]}]},{"@type":"ImageObject","inLanguage":"en-US","@id":"https:\/\/tiekejai.eu\/tiekeju-sarasai\/tiekejai-is-lenkijos\/#primaryimage","url":"https:\/\/tiekejai.eu\/wp-content\/uploads\/2023\/01\/Poland_Suppliers.png","contentUrl":"https:\/\/tiekejai.eu\/wp-content\/uploads\/2023\/01\/Poland_Suppliers.png","width":1080,"height":1080,"caption":"Suppliers from Poland"},{"@type":"BreadcrumbList","@id":"https:\/\/tiekejai.eu\/tiekeju-sarasai\/tiekejai-is-lenkijos\/#breadcrumb","itemListElement":[{"@type":"ListItem","position":1,"name":"Home","item":"https:\/\/tiekejai.eu\/"},{"@type":"ListItem","position":2,"name":"Tiek\u0117j\u0173 s\u0105ra\u0161ai","item":"https:\/\/tiekejai.eu\/tiekeju-sarasai\/"},{"@type":"ListItem","position":3,"name":"Tiek\u0117jai i\u0161 Lenkijos"}]},{"@type":"WebSite","@id":"https:\/\/tiekejai.eu\/#website","url":"https:\/\/tiekejai.eu\/","name":"Tiekejai.eu","description":"","publisher":{"@id":"https:\/\/tiekejai.eu\/#organization"},"potentialAction":[{"@type":"SearchAction","target":{"@type":"EntryPoint","urlTemplate":"https:\/\/tiekejai.eu\/?s={search_term_string}"},"query-input":{"@type":"PropertyValueSpecification","valueRequired":true,"valueName":"search_term_string"}}],"inLanguage":"en-US"},{"@type":"Organization","@id":"https:\/\/tiekejai.eu\/#organization","name":"tiekejai.eu | Search for suppliers and manufacturers of goods","url":"https:\/\/tiekejai.eu\/","logo":{"@type":"ImageObject","inLanguage":"en-US","@id":"https:\/\/tiekejai.eu\/#\/schema\/logo\/image\/","url":"http:\/\/tiekejai.eu\/wp-content\/uploads\/2021\/03\/cropped-cropped-Logo-transparent-backround-1.png","contentUrl":"http:\/\/tiekejai.eu\/wp-content\/uploads\/2021\/03\/cropped-cropped-Logo-transparent-backround-1.png","width":65,"height":67,"caption":"Tiekejai.eu | Preki\u0173 tiek\u0117j\u0173 ir gamintoj\u0173 paie\u0161ka"},"image":{"@id":"https:\/\/tiekejai.eu\/#\/schema\/logo\/image\/"},"sameAs":["https:\/\/www.facebook.com\/tiekejai.eu"]}]}},"_links":{"self":[{"href":"https:\/\/tiekejai.eu\/en\/wp-json\/wp\/v2\/product\/1235","targetHints":{"allow":["GET"]}}],"collection":[{"href":"https:\/\/tiekejai.eu\/en\/wp-json\/wp\/v2\/product"}],"about":[{"href":"https:\/\/tiekejai.eu\/en\/wp-json\/wp\/v2\/types\/product"}],"version-history":[{"count":6,"href":"https:\/\/tiekejai.eu\/en\/wp-json\/wp\/v2\/product\/1235\/revisions"}],"predecessor-version":[{"id":1246,"href":"https:\/\/tiekejai.eu\/en\/wp-json\/wp\/v2\/product\/1235\/revisions\/1246"}],"wp:featuredmedia":[{"embeddable":true,"href":"https:\/\/tiekejai.eu\/en\/wp-json\/wp\/v2\/media\/1594"}],"wp:attachment":[{"href":"https:\/\/tiekejai.eu\/en\/wp-json\/wp\/v2\/media?parent=1235"}],"wp:term":[{"taxonomy":"product_brand","embeddable":true,"href":"https:\/\/tiekejai.eu\/en\/wp-json\/wp\/v2\/product_brand?post=1235"},{"taxonomy":"product_cat","embeddable":true,"href":"https:\/\/tiekejai.eu\/en\/wp-json\/wp\/v2\/product_cat?post=1235"},{"taxonomy":"product_tag","embeddable":true,"href":"https:\/\/tiekejai.eu\/en\/wp-json\/wp\/v2\/product_tag?post=1235"}],"curies":[{"name":"wp","href":"https:\/\/api.w.org\/{rel}","templated":true}]}}