{"id":1115,"date":"2023-01-19T19:42:05","date_gmt":"2023-01-19T21:42:05","guid":{"rendered":"https:\/\/tiekejai.eu\/?post_type=product&#038;p=1115"},"modified":"2024-05-01T20:10:13","modified_gmt":"2024-05-01T22:10:13","slug":"clothing-suppliers","status":"publish","type":"product","link":"https:\/\/tiekejai.eu\/en\/supplier-lists\/clothing-suppliers\/","title":{"rendered":"Clothing suppliers"},"content":{"rendered":"<p><strong>Clothing suppliers<\/strong> is the perfect choice for business, clothing is essential to people's daily lives, just as food is. The clothing industry is one of the fastest growing industries in the world and many suppliers are using the latest technology to improve their production processes and increase their business volume.<\/p>\n<p><strong>Clothing suppliers<\/strong> can strive to meet the needs of its customers by providing a wide range of styles and colours, and by maintaining responsible manufacturing practices such as improving working conditions and respecting the environment. This helps to ensure a positive brand image and increased revenues. In addition, thanks to the ever-growing development of e-commerce and the internet, you can reach even more customers. This in turn helps to increase demand and volume. However, competition in the clothing sector is quite strong. It is important to be innovative and to find the right suppliers at competitive prices in order to stay competitive and meet customer needs.<\/p>\n<p>Our website, tiekejai.eu, offers professionally compiled <strong>lists of clothing suppliers.<\/strong>\u00a0These <strong>clothing suppliers<\/strong> are based on quality, prices and the choice of dropshipping and wholesale trade models.<\/p>\n<p><a href=\"https:\/\/tiekejai.eu\/en\/dropshipping\/\">Dropshipping<\/a> is a trading model in which you trade products without physically holding them. This means that you order the goods directly from the supplier and he delivers the goods directly to your customer's home. This is a convenient way to start trading without a lot of capital.<\/p>\n<p>Wholesaling is a trading model where you buy goods in bulk and then sell them to your customers at a higher price. This can be useful if you have a large customer base, or a warehouse where you keep your goods More about business models and which one to choose <a href=\"https:\/\/tiekejai.eu\/en\/dropshipping\/\">here<\/a>.<\/p>\n<h2><strong>Suitable suppliers of clothing<\/strong><\/h2>\n<p>Choosing the right clothing suppliers can be an important decision that can affect the quality and reliability of your goods. We recommend that you pay attention to the following important characteristics:<\/p>\n<ul>\n<li style=\"text-align: left;\">Reliability: you need to choose a supplier who can guarantee a regular and reliable supply of products.<\/li>\n<li style=\"text-align: left;\">Quality: check suppliers' production and auditing practices to ensure high quality garments.<\/li>\n<li style=\"text-align: left;\">Price: you need to check the price competitiveness of suppliers and whether they can provide the right price and margin for your business.<\/li>\n<li style=\"text-align: left;\">Responsible manufacturing practices: you should choose a supplier that follows responsible manufacturing practices, such as improving working conditions and respecting the environment.<\/li>\n<li style=\"text-align: left;\">Customer service: you need to choose a supplier that provides good customer service and is ready to answer your questions and needs.<\/li>\n<\/ul>\n<p>Conclusion: Having the right clothing suppliers is one of the most important decisions. Nowadays you can sell anything, but it is much better to start with serious suppliers who will give you the best they can. With good suppliers, you won't have to look for others later and redo the whole business. In the end, you need to focus on reliability, quality, price, responsible manufacturing practices and customer service.<\/p>","protected":false},"excerpt":{"rendered":"<p>Our <strong>in the list of suppliers of clothing<\/strong> you will find suppliers who offer a wide range of wardrobes, name badges, footwear and accessories. Suppliers cooperate in dropshipping and wholesaling.  Carefully selected and verified <strong>clothing<\/strong> <strong>list of suppliers<\/strong> with filtering function to access up to 360 <strong>clothing suppliers. <\/strong>Suppliers come from all over the world, including Lithuania, Poland, Turkey, Italy, Ukraine and countless other countries. Sound good? On top of all this, we'll give you free lessons on everything from setting up an e-shop to e-commerce networks to advertising!<\/p>","protected":false},"featured_media":1528,"template":"","meta":{"_eb_attr":""},"product_brand":[],"product_cat":[46],"product_tag":[],"class_list":{"0":"post-1115","1":"product","2":"type-product","3":"status-publish","4":"has-post-thumbnail","6":"product_cat-tiekeju-sarasai","8":"first","9":"instock","10":"sale","11":"downloadable","12":"shipping-taxable","13":"purchasable","14":"product-type-simple"},"yoast_head":"<!-- This site is optimized with the Yoast SEO Premium plugin v23.6 (Yoast SEO v27.4) - https:\/\/yoast.com\/product\/yoast-seo-premium-wordpress\/ -->\n<title>R\u016bb\u0173 Tiek\u0117jai - Tiekejai.eu<\/title>\n<meta name=\"description\" content=\"Kruop\u0161\u010diai atrinktas r\u016bb\u0173 tiek\u0117j\u0173 s\u0105ra\u0161as su filtravimo funkcija suteiks prieig\u0105 prie 360 r\u016bb\u0173 tiek\u0117j\u0173 i\u0161 viso pasaulio + nemokamos pamokos verslui\" \/>\n<meta name=\"robots\" content=\"index, follow, max-snippet:-1, max-image-preview:large, max-video-preview:-1\" \/>\n<link rel=\"canonical\" href=\"https:\/\/tiekejai.eu\/en\/supplier-lists\/clothing-suppliers\/\" \/>\n<meta property=\"og:locale\" content=\"en_US\" \/>\n<meta property=\"og:type\" content=\"article\" \/>\n<meta property=\"og:title\" content=\"R\u016bb\u0173 Tiek\u0117jai\" \/>\n<meta property=\"og:description\" content=\"Kruop\u0161\u010diai atrinktas r\u016bb\u0173 tiek\u0117j\u0173 s\u0105ra\u0161as su filtravimo funkcija suteiks prieig\u0105 prie 360 r\u016bb\u0173 tiek\u0117j\u0173 i\u0161 viso pasaulio + nemokamos pamokos verslui\" \/>\n<meta property=\"og:url\" content=\"https:\/\/tiekejai.eu\/en\/supplier-lists\/clothing-suppliers\/\" \/>\n<meta property=\"og:site_name\" content=\"Tiekejai.eu\" \/>\n<meta property=\"article:publisher\" content=\"https:\/\/www.facebook.com\/tiekejai.eu\" \/>\n<meta property=\"article:modified_time\" content=\"2024-05-01T22:10:13+00:00\" \/>\n<meta property=\"og:image\" content=\"https:\/\/tiekejai.eu\/wp-content\/uploads\/2023\/01\/rubu_tiekejai.png\" \/>\n\t<meta property=\"og:image:width\" content=\"1080\" \/>\n\t<meta property=\"og:image:height\" content=\"1080\" \/>\n\t<meta property=\"og:image:type\" content=\"image\/png\" \/>\n<meta name=\"twitter:card\" content=\"summary_large_image\" \/>\n<meta name=\"twitter:label1\" content=\"Est. reading time\" \/>\n\t<meta name=\"twitter:data1\" content=\"3 minutes\" \/>\n<script type=\"application\/ld+json\" class=\"yoast-schema-graph\">{\"@context\":\"https:\\\/\\\/schema.org\",\"@graph\":[{\"@type\":\"WebPage\",\"@id\":\"https:\\\/\\\/tiekejai.eu\\\/tiekeju-sarasai\\\/rubu-tiekejai\\\/\",\"url\":\"https:\\\/\\\/tiekejai.eu\\\/tiekeju-sarasai\\\/rubu-tiekejai\\\/\",\"name\":\"R\u016bb\u0173 Tiek\u0117jai - Tiekejai.eu\",\"isPartOf\":{\"@id\":\"https:\\\/\\\/tiekejai.eu\\\/#website\"},\"primaryImageOfPage\":{\"@id\":\"https:\\\/\\\/tiekejai.eu\\\/tiekeju-sarasai\\\/rubu-tiekejai\\\/#primaryimage\"},\"image\":{\"@id\":\"https:\\\/\\\/tiekejai.eu\\\/tiekeju-sarasai\\\/rubu-tiekejai\\\/#primaryimage\"},\"thumbnailUrl\":\"https:\\\/\\\/tiekejai.eu\\\/wp-content\\\/uploads\\\/2023\\\/01\\\/rubu_tiekejai.png\",\"datePublished\":\"2023-01-19T21:42:05+00:00\",\"dateModified\":\"2024-05-01T22:10:13+00:00\",\"description\":\"Kruop\u0161\u010diai atrinktas r\u016bb\u0173 tiek\u0117j\u0173 s\u0105ra\u0161as su filtravimo funkcija suteiks prieig\u0105 prie 360 r\u016bb\u0173 tiek\u0117j\u0173 i\u0161 viso pasaulio + nemokamos pamokos verslui\",\"breadcrumb\":{\"@id\":\"https:\\\/\\\/tiekejai.eu\\\/tiekeju-sarasai\\\/rubu-tiekejai\\\/#breadcrumb\"},\"inLanguage\":\"en-US\",\"potentialAction\":[{\"@type\":\"ReadAction\",\"target\":[\"https:\\\/\\\/tiekejai.eu\\\/tiekeju-sarasai\\\/rubu-tiekejai\\\/\"]}]},{\"@type\":\"ImageObject\",\"inLanguage\":\"en-US\",\"@id\":\"https:\\\/\\\/tiekejai.eu\\\/tiekeju-sarasai\\\/rubu-tiekejai\\\/#primaryimage\",\"url\":\"https:\\\/\\\/tiekejai.eu\\\/wp-content\\\/uploads\\\/2023\\\/01\\\/rubu_tiekejai.png\",\"contentUrl\":\"https:\\\/\\\/tiekejai.eu\\\/wp-content\\\/uploads\\\/2023\\\/01\\\/rubu_tiekejai.png\",\"width\":1080,\"height\":1080,\"caption\":\"r\u016bb\u0173 tiek\u0117j\u0173 s\u0105ra\u0161as\"},{\"@type\":\"BreadcrumbList\",\"@id\":\"https:\\\/\\\/tiekejai.eu\\\/tiekeju-sarasai\\\/rubu-tiekejai\\\/#breadcrumb\",\"itemListElement\":[{\"@type\":\"ListItem\",\"position\":1,\"name\":\"Home\",\"item\":\"https:\\\/\\\/tiekejai.eu\\\/\"},{\"@type\":\"ListItem\",\"position\":2,\"name\":\"Tiek\u0117j\u0173 s\u0105ra\u0161ai\",\"item\":\"https:\\\/\\\/tiekejai.eu\\\/tiekeju-sarasai\\\/\"},{\"@type\":\"ListItem\",\"position\":3,\"name\":\"R\u016bb\u0173 Tiek\u0117jai\"}]},{\"@type\":\"WebSite\",\"@id\":\"https:\\\/\\\/tiekejai.eu\\\/#website\",\"url\":\"https:\\\/\\\/tiekejai.eu\\\/\",\"name\":\"Tiekejai.eu\",\"description\":\"\",\"publisher\":{\"@id\":\"https:\\\/\\\/tiekejai.eu\\\/#organization\"},\"potentialAction\":[{\"@type\":\"SearchAction\",\"target\":{\"@type\":\"EntryPoint\",\"urlTemplate\":\"https:\\\/\\\/tiekejai.eu\\\/?s={search_term_string}\"},\"query-input\":{\"@type\":\"PropertyValueSpecification\",\"valueRequired\":true,\"valueName\":\"search_term_string\"}}],\"inLanguage\":\"en-US\"},{\"@type\":\"Organization\",\"@id\":\"https:\\\/\\\/tiekejai.eu\\\/#organization\",\"name\":\"Tiekejai.eu | Preki\u0173 tiek\u0117j\u0173 ir gamintoj\u0173 paie\u0161ka\",\"url\":\"https:\\\/\\\/tiekejai.eu\\\/\",\"logo\":{\"@type\":\"ImageObject\",\"inLanguage\":\"en-US\",\"@id\":\"https:\\\/\\\/tiekejai.eu\\\/#\\\/schema\\\/logo\\\/image\\\/\",\"url\":\"http:\\\/\\\/tiekejai.eu\\\/wp-content\\\/uploads\\\/2021\\\/03\\\/cropped-cropped-Logo-transparent-backround-1.png\",\"contentUrl\":\"http:\\\/\\\/tiekejai.eu\\\/wp-content\\\/uploads\\\/2021\\\/03\\\/cropped-cropped-Logo-transparent-backround-1.png\",\"width\":65,\"height\":67,\"caption\":\"Tiekejai.eu | Preki\u0173 tiek\u0117j\u0173 ir gamintoj\u0173 paie\u0161ka\"},\"image\":{\"@id\":\"https:\\\/\\\/tiekejai.eu\\\/#\\\/schema\\\/logo\\\/image\\\/\"},\"sameAs\":[\"https:\\\/\\\/www.facebook.com\\\/tiekejai.eu\"]}]}<\/script>\n<!-- \/ Yoast SEO Premium plugin. -->","yoast_head_json":{"title":"Clothing Suppliers - Tiekejai.eu","description":"A carefully curated list of clothing suppliers with filtering function giving you access to 360 clothing suppliers from all over the world + free business lessons","robots":{"index":"index","follow":"follow","max-snippet":"max-snippet:-1","max-image-preview":"max-image-preview:large","max-video-preview":"max-video-preview:-1"},"canonical":"https:\/\/tiekejai.eu\/en\/supplier-lists\/clothing-suppliers\/","og_locale":"en_US","og_type":"article","og_title":"R\u016bb\u0173 Tiek\u0117jai","og_description":"Kruop\u0161\u010diai atrinktas r\u016bb\u0173 tiek\u0117j\u0173 s\u0105ra\u0161as su filtravimo funkcija suteiks prieig\u0105 prie 360 r\u016bb\u0173 tiek\u0117j\u0173 i\u0161 viso pasaulio + nemokamos pamokos verslui","og_url":"https:\/\/tiekejai.eu\/en\/supplier-lists\/clothing-suppliers\/","og_site_name":"Tiekejai.eu","article_publisher":"https:\/\/www.facebook.com\/tiekejai.eu","article_modified_time":"2024-05-01T22:10:13+00:00","og_image":[{"width":1080,"height":1080,"url":"https:\/\/tiekejai.eu\/wp-content\/uploads\/2023\/01\/rubu_tiekejai.png","type":"image\/png"}],"twitter_card":"summary_large_image","twitter_misc":{"Est. reading time":"3 minutes"},"schema":{"@context":"https:\/\/schema.org","@graph":[{"@type":"WebPage","@id":"https:\/\/tiekejai.eu\/tiekeju-sarasai\/rubu-tiekejai\/","url":"https:\/\/tiekejai.eu\/tiekeju-sarasai\/rubu-tiekejai\/","name":"Clothing Suppliers - Tiekejai.eu","isPartOf":{"@id":"https:\/\/tiekejai.eu\/#website"},"primaryImageOfPage":{"@id":"https:\/\/tiekejai.eu\/tiekeju-sarasai\/rubu-tiekejai\/#primaryimage"},"image":{"@id":"https:\/\/tiekejai.eu\/tiekeju-sarasai\/rubu-tiekejai\/#primaryimage"},"thumbnailUrl":"https:\/\/tiekejai.eu\/wp-content\/uploads\/2023\/01\/rubu_tiekejai.png","datePublished":"2023-01-19T21:42:05+00:00","dateModified":"2024-05-01T22:10:13+00:00","description":"A carefully curated list of clothing suppliers with filtering function giving you access to 360 clothing suppliers from all over the world + free business lessons","breadcrumb":{"@id":"https:\/\/tiekejai.eu\/tiekeju-sarasai\/rubu-tiekejai\/#breadcrumb"},"inLanguage":"en-US","potentialAction":[{"@type":"ReadAction","target":["https:\/\/tiekejai.eu\/tiekeju-sarasai\/rubu-tiekejai\/"]}]},{"@type":"ImageObject","inLanguage":"en-US","@id":"https:\/\/tiekejai.eu\/tiekeju-sarasai\/rubu-tiekejai\/#primaryimage","url":"https:\/\/tiekejai.eu\/wp-content\/uploads\/2023\/01\/rubu_tiekejai.png","contentUrl":"https:\/\/tiekejai.eu\/wp-content\/uploads\/2023\/01\/rubu_tiekejai.png","width":1080,"height":1080,"caption":"r\u016bb\u0173 tiek\u0117j\u0173 s\u0105ra\u0161as"},{"@type":"BreadcrumbList","@id":"https:\/\/tiekejai.eu\/tiekeju-sarasai\/rubu-tiekejai\/#breadcrumb","itemListElement":[{"@type":"ListItem","position":1,"name":"Home","item":"https:\/\/tiekejai.eu\/"},{"@type":"ListItem","position":2,"name":"Tiek\u0117j\u0173 s\u0105ra\u0161ai","item":"https:\/\/tiekejai.eu\/tiekeju-sarasai\/"},{"@type":"ListItem","position":3,"name":"R\u016bb\u0173 Tiek\u0117jai"}]},{"@type":"WebSite","@id":"https:\/\/tiekejai.eu\/#website","url":"https:\/\/tiekejai.eu\/","name":"Tiekejai.eu","description":"","publisher":{"@id":"https:\/\/tiekejai.eu\/#organization"},"potentialAction":[{"@type":"SearchAction","target":{"@type":"EntryPoint","urlTemplate":"https:\/\/tiekejai.eu\/?s={search_term_string}"},"query-input":{"@type":"PropertyValueSpecification","valueRequired":true,"valueName":"search_term_string"}}],"inLanguage":"en-US"},{"@type":"Organization","@id":"https:\/\/tiekejai.eu\/#organization","name":"tiekejai.eu | Search for suppliers and manufacturers of goods","url":"https:\/\/tiekejai.eu\/","logo":{"@type":"ImageObject","inLanguage":"en-US","@id":"https:\/\/tiekejai.eu\/#\/schema\/logo\/image\/","url":"http:\/\/tiekejai.eu\/wp-content\/uploads\/2021\/03\/cropped-cropped-Logo-transparent-backround-1.png","contentUrl":"http:\/\/tiekejai.eu\/wp-content\/uploads\/2021\/03\/cropped-cropped-Logo-transparent-backround-1.png","width":65,"height":67,"caption":"Tiekejai.eu | Preki\u0173 tiek\u0117j\u0173 ir gamintoj\u0173 paie\u0161ka"},"image":{"@id":"https:\/\/tiekejai.eu\/#\/schema\/logo\/image\/"},"sameAs":["https:\/\/www.facebook.com\/tiekejai.eu"]}]}},"_links":{"self":[{"href":"https:\/\/tiekejai.eu\/en\/wp-json\/wp\/v2\/product\/1115","targetHints":{"allow":["GET"]}}],"collection":[{"href":"https:\/\/tiekejai.eu\/en\/wp-json\/wp\/v2\/product"}],"about":[{"href":"https:\/\/tiekejai.eu\/en\/wp-json\/wp\/v2\/types\/product"}],"version-history":[{"count":15,"href":"https:\/\/tiekejai.eu\/en\/wp-json\/wp\/v2\/product\/1115\/revisions"}],"predecessor-version":[{"id":1967,"href":"https:\/\/tiekejai.eu\/en\/wp-json\/wp\/v2\/product\/1115\/revisions\/1967"}],"wp:featuredmedia":[{"embeddable":true,"href":"https:\/\/tiekejai.eu\/en\/wp-json\/wp\/v2\/media\/1528"}],"wp:attachment":[{"href":"https:\/\/tiekejai.eu\/en\/wp-json\/wp\/v2\/media?parent=1115"}],"wp:term":[{"taxonomy":"product_brand","embeddable":true,"href":"https:\/\/tiekejai.eu\/en\/wp-json\/wp\/v2\/product_brand?post=1115"},{"taxonomy":"product_cat","embeddable":true,"href":"https:\/\/tiekejai.eu\/en\/wp-json\/wp\/v2\/product_cat?post=1115"},{"taxonomy":"product_tag","embeddable":true,"href":"https:\/\/tiekejai.eu\/en\/wp-json\/wp\/v2\/product_tag?post=1115"}],"curies":[{"name":"wp","href":"https:\/\/api.w.org\/{rel}","templated":true}]}}