{"id":1098,"date":"2023-01-19T19:00:38","date_gmt":"2023-01-19T21:00:38","guid":{"rendered":"https:\/\/tiekejai.eu\/?post_type=product&#038;p=1098"},"modified":"2023-09-25T20:07:07","modified_gmt":"2023-09-25T22:07:07","slug":"dropship-supplier-list","status":"publish","type":"product","link":"https:\/\/tiekejai.eu\/en\/supplier-lists\/dropship-supplier-list\/","title":{"rendered":"Dropship Suppliers list"},"content":{"rendered":"<p class=\"translation-block\">Are you a merchant looking for reliable dropship and wholesale suppliers to increase your business efficiency and profits? Then our <strong>dropship supplier list<\/strong> is a great choice! We offer a professional <strong>dropship supplier list<\/strong> with even 2500 suppliers and a filtering function so that you can find the right supplier much faster.<\/p>\n<p class=\"translation-block\">Our <strong>dropship supplier list<\/strong> will give you access to niche and niche products that can help you attract more customers and increase your revenue. Check our <strong>dropship supplier list<\/strong> for the best prices. The filtering function allows you to find suppliers by product category or even geographic location for your convenience.<\/p>\n<p class=\"translation-block\">In addition, we offer a wide selection of suppliers who offer a dropship business model. This means you don't have to buy items in advance and take the risk of leftovers. The suppliers on the <strong>Dropship Supplier List<\/strong> ship products directly to your customers, so you only need to order products when you already have an order. This allows you to save a lot of money and time.<\/p>\n<p>In the list of suppliers you will find suppliers who offer wholesale prices. This means that you will be given a much lower price when you buy larger quantities of goods. This allows you to increase your profits as you can sell goods at a higher price but still maintain competitive prices for your customers.<\/p>\n<p class=\"translation-block\">Tiekejai.eu's professional <strong>dropship supplier list<\/strong> is a great solution for both new and experienced merchants who want to expand their business opportunities and increase their profits. Don't miss this unique opportunity to increase your business efficiency and profits. Order our professional <strong>dropship supplier list<\/strong> now and find the right supplier!<\/p>\n<p class=\"translation-block\">If you have an investment and think that the list of suppliers will not help you, you can apply for <a href=\"https:\/\/tiekejai.eu\/en\/suppliers-sourcing\/\" target=\"_self\">supplier search<\/a>.<\/p>\n<p>&nbsp;<\/p>\n<p>&nbsp;<\/p>","protected":false},"excerpt":{"rendered":"<p><strong><span style=\"vertical-align: inherit;\"><span style=\"vertical-align: inherit;\">List of Dropship suppliers<\/span><\/span><\/strong><span style=\"vertical-align: inherit;\"><span style=\"vertical-align: inherit;\"> will open the way to 2500+ suppliers. Suppliers from Lithuania, Latvia, Ukraine, Poland, Germany, Turkey, Jav, Italy and other countries around the world and Europe. <\/span><\/span><strong><span style=\"vertical-align: inherit;\"><span style=\"vertical-align: inherit;\">List of Dropship suppliers<\/span><\/span><\/strong><span style=\"vertical-align: inherit;\"><span style=\"vertical-align: inherit;\"> access to the most comprehensive database in Lithuania!<\/span><\/span><!--more--><\/p>\n<p><strong><span style=\"vertical-align: inherit;\"><span style=\"vertical-align: inherit;\">List of suppliers<\/span><\/span><\/strong><span style=\"vertical-align: inherit;\"><span style=\"vertical-align: inherit;\"> You will find not only wholesale suppliers, but also dropship suppliers in almost all categories including - clothing, auto\/moto, household goods, electronics, furniture, garden goods, toys, tourism and leisure, seasonal goods and many more, and the convenient filtering of suppliers will make it much easier to find the right choice.<\/span><\/span><\/p>","protected":false},"featured_media":1523,"template":"","meta":{"_eb_attr":""},"product_brand":[],"product_cat":[46],"product_tag":[],"class_list":{"0":"post-1098","1":"product","2":"type-product","3":"status-publish","4":"has-post-thumbnail","6":"product_cat-tiekeju-sarasai","8":"first","9":"instock","10":"sale","11":"downloadable","12":"shipping-taxable","13":"purchasable","14":"product-type-simple"},"yoast_head":"<!-- This site is optimized with the Yoast SEO Premium plugin v23.6 (Yoast SEO v27.3) - https:\/\/yoast.com\/product\/yoast-seo-premium-wordpress\/ -->\n<title>Rinktinis 2500 dropship Tiek\u0117j\u0173 s\u0105ra\u0161as!<\/title>\n<meta name=\"description\" content=\"Pla\u010diausias ir rinktinis dropship tiek\u0117j\u0173 s\u0105ra\u0161as u\u017e geriausia kaina rinkoje! S\u0105ra\u0161\u0119 rasi net 2500 tiek\u0117j\u0173 su patogiu filtravimu ir verslo pamokomis!\" \/>\n<meta name=\"robots\" content=\"index, follow, max-snippet:-1, max-image-preview:large, max-video-preview:-1\" \/>\n<link rel=\"canonical\" href=\"https:\/\/tiekejai.eu\/en\/supplier-lists\/dropship-supplier-list\/\" \/>\n<meta property=\"og:locale\" content=\"en_US\" \/>\n<meta property=\"og:type\" content=\"article\" \/>\n<meta property=\"og:title\" content=\"Dropship Tiek\u0117j\u0173 S\u0105ra\u0161as\" \/>\n<meta property=\"og:description\" content=\"Pla\u010diausias ir rinktinis dropship tiek\u0117j\u0173 s\u0105ra\u0161as u\u017e geriausia kaina rinkoje! S\u0105ra\u0161\u0119 rasi net 2500 tiek\u0117j\u0173 su patogiu filtravimu ir verslo pamokomis!\" \/>\n<meta property=\"og:url\" content=\"https:\/\/tiekejai.eu\/en\/supplier-lists\/dropship-supplier-list\/\" \/>\n<meta property=\"og:site_name\" content=\"Tiekejai.eu\" \/>\n<meta property=\"article:publisher\" content=\"https:\/\/www.facebook.com\/tiekejai.eu\" \/>\n<meta property=\"article:modified_time\" content=\"2023-09-25T22:07:07+00:00\" \/>\n<meta property=\"og:image\" content=\"https:\/\/tiekejai.eu\/wp-content\/uploads\/2023\/01\/dropship_tiekeju_sarasas.png\" \/>\n\t<meta property=\"og:image:width\" content=\"1080\" \/>\n\t<meta property=\"og:image:height\" content=\"1080\" \/>\n\t<meta property=\"og:image:type\" content=\"image\/png\" \/>\n<meta name=\"twitter:card\" content=\"summary_large_image\" \/>\n<meta name=\"twitter:label1\" content=\"Est. reading time\" \/>\n\t<meta name=\"twitter:data1\" content=\"2 minutes\" \/>\n<script type=\"application\/ld+json\" class=\"yoast-schema-graph\">{\"@context\":\"https:\\\/\\\/schema.org\",\"@graph\":[{\"@type\":\"WebPage\",\"@id\":\"https:\\\/\\\/tiekejai.eu\\\/tiekeju-sarasai\\\/dropship-tiekeju-sarasas\\\/\",\"url\":\"https:\\\/\\\/tiekejai.eu\\\/tiekeju-sarasai\\\/dropship-tiekeju-sarasas\\\/\",\"name\":\"Rinktinis 2500 dropship Tiek\u0117j\u0173 s\u0105ra\u0161as!\",\"isPartOf\":{\"@id\":\"https:\\\/\\\/tiekejai.eu\\\/#website\"},\"primaryImageOfPage\":{\"@id\":\"https:\\\/\\\/tiekejai.eu\\\/tiekeju-sarasai\\\/dropship-tiekeju-sarasas\\\/#primaryimage\"},\"image\":{\"@id\":\"https:\\\/\\\/tiekejai.eu\\\/tiekeju-sarasai\\\/dropship-tiekeju-sarasas\\\/#primaryimage\"},\"thumbnailUrl\":\"https:\\\/\\\/tiekejai.eu\\\/wp-content\\\/uploads\\\/2023\\\/01\\\/dropship_tiekeju_sarasas.png\",\"datePublished\":\"2023-01-19T21:00:38+00:00\",\"dateModified\":\"2023-09-25T22:07:07+00:00\",\"description\":\"Pla\u010diausias ir rinktinis dropship tiek\u0117j\u0173 s\u0105ra\u0161as u\u017e geriausia kaina rinkoje! S\u0105ra\u0161\u0119 rasi net 2500 tiek\u0117j\u0173 su patogiu filtravimu ir verslo pamokomis!\",\"breadcrumb\":{\"@id\":\"https:\\\/\\\/tiekejai.eu\\\/tiekeju-sarasai\\\/dropship-tiekeju-sarasas\\\/#breadcrumb\"},\"inLanguage\":\"en-US\",\"potentialAction\":[{\"@type\":\"ReadAction\",\"target\":[\"https:\\\/\\\/tiekejai.eu\\\/tiekeju-sarasai\\\/dropship-tiekeju-sarasas\\\/\"]}]},{\"@type\":\"ImageObject\",\"inLanguage\":\"en-US\",\"@id\":\"https:\\\/\\\/tiekejai.eu\\\/tiekeju-sarasai\\\/dropship-tiekeju-sarasas\\\/#primaryimage\",\"url\":\"https:\\\/\\\/tiekejai.eu\\\/wp-content\\\/uploads\\\/2023\\\/01\\\/dropship_tiekeju_sarasas.png\",\"contentUrl\":\"https:\\\/\\\/tiekejai.eu\\\/wp-content\\\/uploads\\\/2023\\\/01\\\/dropship_tiekeju_sarasas.png\",\"width\":1080,\"height\":1080,\"caption\":\"dropship tiekejai\"},{\"@type\":\"BreadcrumbList\",\"@id\":\"https:\\\/\\\/tiekejai.eu\\\/tiekeju-sarasai\\\/dropship-tiekeju-sarasas\\\/#breadcrumb\",\"itemListElement\":[{\"@type\":\"ListItem\",\"position\":1,\"name\":\"Home\",\"item\":\"https:\\\/\\\/tiekejai.eu\\\/\"},{\"@type\":\"ListItem\",\"position\":2,\"name\":\"Tiek\u0117j\u0173 s\u0105ra\u0161ai\",\"item\":\"https:\\\/\\\/tiekejai.eu\\\/tiekeju-sarasai\\\/\"},{\"@type\":\"ListItem\",\"position\":3,\"name\":\"Dropship Tiek\u0117j\u0173 S\u0105ra\u0161as\"}]},{\"@type\":\"WebSite\",\"@id\":\"https:\\\/\\\/tiekejai.eu\\\/#website\",\"url\":\"https:\\\/\\\/tiekejai.eu\\\/\",\"name\":\"Tiekejai.eu\",\"description\":\"\",\"publisher\":{\"@id\":\"https:\\\/\\\/tiekejai.eu\\\/#organization\"},\"potentialAction\":[{\"@type\":\"SearchAction\",\"target\":{\"@type\":\"EntryPoint\",\"urlTemplate\":\"https:\\\/\\\/tiekejai.eu\\\/?s={search_term_string}\"},\"query-input\":{\"@type\":\"PropertyValueSpecification\",\"valueRequired\":true,\"valueName\":\"search_term_string\"}}],\"inLanguage\":\"en-US\"},{\"@type\":\"Organization\",\"@id\":\"https:\\\/\\\/tiekejai.eu\\\/#organization\",\"name\":\"Tiekejai.eu | Preki\u0173 tiek\u0117j\u0173 ir gamintoj\u0173 paie\u0161ka\",\"url\":\"https:\\\/\\\/tiekejai.eu\\\/\",\"logo\":{\"@type\":\"ImageObject\",\"inLanguage\":\"en-US\",\"@id\":\"https:\\\/\\\/tiekejai.eu\\\/#\\\/schema\\\/logo\\\/image\\\/\",\"url\":\"http:\\\/\\\/tiekejai.eu\\\/wp-content\\\/uploads\\\/2021\\\/03\\\/cropped-cropped-Logo-transparent-backround-1.png\",\"contentUrl\":\"http:\\\/\\\/tiekejai.eu\\\/wp-content\\\/uploads\\\/2021\\\/03\\\/cropped-cropped-Logo-transparent-backround-1.png\",\"width\":65,\"height\":67,\"caption\":\"Tiekejai.eu | Preki\u0173 tiek\u0117j\u0173 ir gamintoj\u0173 paie\u0161ka\"},\"image\":{\"@id\":\"https:\\\/\\\/tiekejai.eu\\\/#\\\/schema\\\/logo\\\/image\\\/\"},\"sameAs\":[\"https:\\\/\\\/www.facebook.com\\\/tiekejai.eu\"]}]}<\/script>\n<!-- \/ Yoast SEO Premium plugin. -->","yoast_head_json":{"title":"Best List of 2500 Dropship Suppliers!","description":"The most comprehensive and selective list of dropship suppliers at the best price on the market! Find up to 2500 dropship suppliers with easy filtering and business lessons!","robots":{"index":"index","follow":"follow","max-snippet":"max-snippet:-1","max-image-preview":"max-image-preview:large","max-video-preview":"max-video-preview:-1"},"canonical":"https:\/\/tiekejai.eu\/en\/supplier-lists\/dropship-supplier-list\/","og_locale":"en_US","og_type":"article","og_title":"Dropship Tiek\u0117j\u0173 S\u0105ra\u0161as","og_description":"Pla\u010diausias ir rinktinis dropship tiek\u0117j\u0173 s\u0105ra\u0161as u\u017e geriausia kaina rinkoje! S\u0105ra\u0161\u0119 rasi net 2500 tiek\u0117j\u0173 su patogiu filtravimu ir verslo pamokomis!","og_url":"https:\/\/tiekejai.eu\/en\/supplier-lists\/dropship-supplier-list\/","og_site_name":"Tiekejai.eu","article_publisher":"https:\/\/www.facebook.com\/tiekejai.eu","article_modified_time":"2023-09-25T22:07:07+00:00","og_image":[{"width":1080,"height":1080,"url":"https:\/\/tiekejai.eu\/wp-content\/uploads\/2023\/01\/dropship_tiekeju_sarasas.png","type":"image\/png"}],"twitter_card":"summary_large_image","twitter_misc":{"Est. reading time":"2 minutes"},"schema":{"@context":"https:\/\/schema.org","@graph":[{"@type":"WebPage","@id":"https:\/\/tiekejai.eu\/tiekeju-sarasai\/dropship-tiekeju-sarasas\/","url":"https:\/\/tiekejai.eu\/tiekeju-sarasai\/dropship-tiekeju-sarasas\/","name":"Best List of 2500 Dropship Suppliers!","isPartOf":{"@id":"https:\/\/tiekejai.eu\/#website"},"primaryImageOfPage":{"@id":"https:\/\/tiekejai.eu\/tiekeju-sarasai\/dropship-tiekeju-sarasas\/#primaryimage"},"image":{"@id":"https:\/\/tiekejai.eu\/tiekeju-sarasai\/dropship-tiekeju-sarasas\/#primaryimage"},"thumbnailUrl":"https:\/\/tiekejai.eu\/wp-content\/uploads\/2023\/01\/dropship_tiekeju_sarasas.png","datePublished":"2023-01-19T21:00:38+00:00","dateModified":"2023-09-25T22:07:07+00:00","description":"The most comprehensive and selective list of dropship suppliers at the best price on the market! Find up to 2500 dropship suppliers with easy filtering and business lessons!","breadcrumb":{"@id":"https:\/\/tiekejai.eu\/tiekeju-sarasai\/dropship-tiekeju-sarasas\/#breadcrumb"},"inLanguage":"en-US","potentialAction":[{"@type":"ReadAction","target":["https:\/\/tiekejai.eu\/tiekeju-sarasai\/dropship-tiekeju-sarasas\/"]}]},{"@type":"ImageObject","inLanguage":"en-US","@id":"https:\/\/tiekejai.eu\/tiekeju-sarasai\/dropship-tiekeju-sarasas\/#primaryimage","url":"https:\/\/tiekejai.eu\/wp-content\/uploads\/2023\/01\/dropship_tiekeju_sarasas.png","contentUrl":"https:\/\/tiekejai.eu\/wp-content\/uploads\/2023\/01\/dropship_tiekeju_sarasas.png","width":1080,"height":1080,"caption":"dropship tiekejai"},{"@type":"BreadcrumbList","@id":"https:\/\/tiekejai.eu\/tiekeju-sarasai\/dropship-tiekeju-sarasas\/#breadcrumb","itemListElement":[{"@type":"ListItem","position":1,"name":"Home","item":"https:\/\/tiekejai.eu\/"},{"@type":"ListItem","position":2,"name":"Tiek\u0117j\u0173 s\u0105ra\u0161ai","item":"https:\/\/tiekejai.eu\/tiekeju-sarasai\/"},{"@type":"ListItem","position":3,"name":"Dropship Tiek\u0117j\u0173 S\u0105ra\u0161as"}]},{"@type":"WebSite","@id":"https:\/\/tiekejai.eu\/#website","url":"https:\/\/tiekejai.eu\/","name":"Tiekejai.eu","description":"","publisher":{"@id":"https:\/\/tiekejai.eu\/#organization"},"potentialAction":[{"@type":"SearchAction","target":{"@type":"EntryPoint","urlTemplate":"https:\/\/tiekejai.eu\/?s={search_term_string}"},"query-input":{"@type":"PropertyValueSpecification","valueRequired":true,"valueName":"search_term_string"}}],"inLanguage":"en-US"},{"@type":"Organization","@id":"https:\/\/tiekejai.eu\/#organization","name":"tiekejai.eu | Search for suppliers and manufacturers of goods","url":"https:\/\/tiekejai.eu\/","logo":{"@type":"ImageObject","inLanguage":"en-US","@id":"https:\/\/tiekejai.eu\/#\/schema\/logo\/image\/","url":"http:\/\/tiekejai.eu\/wp-content\/uploads\/2021\/03\/cropped-cropped-Logo-transparent-backround-1.png","contentUrl":"http:\/\/tiekejai.eu\/wp-content\/uploads\/2021\/03\/cropped-cropped-Logo-transparent-backround-1.png","width":65,"height":67,"caption":"Tiekejai.eu | Preki\u0173 tiek\u0117j\u0173 ir gamintoj\u0173 paie\u0161ka"},"image":{"@id":"https:\/\/tiekejai.eu\/#\/schema\/logo\/image\/"},"sameAs":["https:\/\/www.facebook.com\/tiekejai.eu"]}]}},"_links":{"self":[{"href":"https:\/\/tiekejai.eu\/en\/wp-json\/wp\/v2\/product\/1098","targetHints":{"allow":["GET"]}}],"collection":[{"href":"https:\/\/tiekejai.eu\/en\/wp-json\/wp\/v2\/product"}],"about":[{"href":"https:\/\/tiekejai.eu\/en\/wp-json\/wp\/v2\/types\/product"}],"version-history":[{"count":10,"href":"https:\/\/tiekejai.eu\/en\/wp-json\/wp\/v2\/product\/1098\/revisions"}],"predecessor-version":[{"id":1379,"href":"https:\/\/tiekejai.eu\/en\/wp-json\/wp\/v2\/product\/1098\/revisions\/1379"}],"wp:featuredmedia":[{"embeddable":true,"href":"https:\/\/tiekejai.eu\/en\/wp-json\/wp\/v2\/media\/1523"}],"wp:attachment":[{"href":"https:\/\/tiekejai.eu\/en\/wp-json\/wp\/v2\/media?parent=1098"}],"wp:term":[{"taxonomy":"product_brand","embeddable":true,"href":"https:\/\/tiekejai.eu\/en\/wp-json\/wp\/v2\/product_brand?post=1098"},{"taxonomy":"product_cat","embeddable":true,"href":"https:\/\/tiekejai.eu\/en\/wp-json\/wp\/v2\/product_cat?post=1098"},{"taxonomy":"product_tag","embeddable":true,"href":"https:\/\/tiekejai.eu\/en\/wp-json\/wp\/v2\/product_tag?post=1098"}],"curies":[{"name":"wp","href":"https:\/\/api.w.org\/{rel}","templated":true}]}}