{"id":469,"date":"2021-11-09T15:34:09","date_gmt":"2021-11-09T17:34:09","guid":{"rendered":"http:\/\/tiekejai.eu\/?page_id=469"},"modified":"2023-01-18T14:58:32","modified_gmt":"2023-01-18T16:58:32","slug":"privacy-policy","status":"publish","type":"page","link":"https:\/\/tiekejai.eu\/en\/privacy-policy\/","title":{"rendered":"Privacy Policy"},"content":{"rendered":"<p><strong>General provisions<\/strong><\/p>\n\n\n\n<p>These Privacy rules on the Tiekejai.eu website (hereinafter - the Rules) are drawn up in order to ensure your (hereinafter - the Customer) and the Tiekejai.eu website (hereinafter - the Website) rights, to determine the duties and responsibilities of both parties, personal data protection rules, and other provisions related to submission of requests on the Website. By submitting a request, the customer automatically confirms that he has read and agrees with these Rules.<\/p>\n\n\n\n<p>All employees of Tiekejai.eu (hereinafter referred to as the Data Controller) and authorized persons who process personal data or become aware of them in the course of their duties must comply with the rules. Access to personal data may be granted only to those employees for whom it is necessary to perform their functions.<\/p>\n\n\n\n<p>When visiting the Tiekejai.eu website, we collect various information from you in order to provide better services in the future.<\/p>\n\n\n\n<p>Accordingly, when ordering or registering on our website, you may be asked to enter your email address. Postal address. However, you can visit our website anonymously.<\/p>\n\n\n\n<p><strong>What do we use your information for?<\/strong><\/p>\n\n\n\n<p>Any information we collect from you may be used in one of the following ways:<\/p>\n\n\n\n<p>To personalize your experience \u2013 (your information helps us better meet your individual needs)<\/p>\n\n\n\n<p>Improve customer service - (your information helps us respond more effectively to your customer service inquiries and support needs)<\/p>\n\n\n\n<p>To send periodic updates<\/p>\n\n\n\n<p>email The email address you provide for order processing will only be used to send you information and updates related to your order.<\/p>\n\n\n\n<p>Note: If you ever want to opt out of future emails Mail subscriptions, each e-mail We provide an unsubscribe button at the bottom of the email<\/p>\n\n\n\n<p><strong>How do we protect your information?<\/strong><\/p>\n\n\n\n<p>We use various security measures to keep your personal information secure when you enter, submit or access your personal information.<\/p>\n\n\n\n<p><strong>Do we disclose any information to third parties?<\/strong><\/p>\n\n\n\n<p>We do not sell, trade or otherwise transfer your personal information to outside parties. This does not include trusted third parties who help us operate our website, conduct business or serve you, as long as these parties agree to keep this information confidential. We may also release your information when we believe release is appropriate to comply with the law, enforce our site policies, or protect our or others' rights, property, or safety. However, non-personally identifiable visitor information may be provided to other parties for marketing, advertising or other purposes.<\/p>\n\n\n\n<p><strong>Third party links<\/strong><\/p>\n\n\n\n<p>From time to time, we may, at our discretion, include or offer third-party products or services on our website. These third party websites have separate and independent privacy policies. Therefore, we are not responsible for the content and activities of these linked websites. Nevertheless, we strive to protect the integrity of our site and welcome any feedback about these sites.<\/p>\n\n\n\n<p><strong>Compliance with the Lithuanian Online Privacy Protection Law<\/strong><\/p>\n\n\n\n<p>Because we value your privacy, we have taken the necessary precautions to comply with Lithuanian online privacy protection laws. Therefore, we will not share your personal information with third parties without your consent.<\/p>\n\n\n\n<p><strong>Online Privacy Policy<\/strong><\/p>\n\n\n\n<p>This online privacy policy applies only to information collected through our website and not to information collected offline.<\/p>\n\n\n\n<p><strong>Your consent<\/strong><\/p>\n\n\n\n<p>By using our website, you agree to our privacy policy.<\/p>\n\n\n\n<p><strong>Changes to our privacy policy<\/strong><\/p>\n\n\n\n<p>If we decide to change our privacy policy, we will post those changes on this page.<\/p>","protected":false},"excerpt":{"rendered":"<p>Bendrosios nuostatos \u0160ios Privatumo internetin\u0117je svetain\u0117je Tiekejai.eu taisykl\u0117s (toliau \u2013 Taisykl\u0117s) sudarytos siekiant u\u017etikrinti J\u016bs\u0173 (toliau \u2013 Klientas) ir internetin\u0117je svetain\u0117je Tiekejai.eu (toliau \u2013 Svetain\u0117) teises, nustatyti abiej\u0173 \u0161ali\u0173 pareigas, atsakomyb\u0119, asmens duomen\u0173 apsaugos taisykles, ir kitas su u\u017eklaus\u0173 pateikimui Svetain\u0117je susijusias nuostatas.&nbsp;Klientas pateikdamas u\u017eklaus\u0105 automati\u0161kai patvirtina, kad su \u0161iomis Taisykl\u0117mis susipa\u017eino ir su jomis&hellip; <br \/> <a class=\"button small blue\" href=\"https:\/\/tiekejai.eu\/en\/privacy-policy\/\">Read more<\/a><\/p>","protected":false},"author":1,"featured_media":0,"parent":0,"menu_order":0,"comment_status":"closed","ping_status":"closed","template":"","meta":{"_eb_attr":"","footnotes":""},"class_list":["post-469","page","type-page","status-publish","hentry"],"yoast_head":"<!-- This site is optimized with the Yoast SEO Premium plugin v23.6 (Yoast SEO v27.3) - https:\/\/yoast.com\/product\/yoast-seo-premium-wordpress\/ -->\n<title>Privatumo politika - Tiekejai.eu<\/title>\n<meta name=\"robots\" content=\"index, follow, max-snippet:-1, max-image-preview:large, max-video-preview:-1\" \/>\n<link rel=\"canonical\" href=\"https:\/\/tiekejai.eu\/en\/privacy-policy\/\" \/>\n<meta property=\"og:locale\" content=\"en_US\" \/>\n<meta property=\"og:type\" content=\"article\" \/>\n<meta property=\"og:title\" content=\"Privatumo politika\" \/>\n<meta property=\"og:description\" content=\"Bendrosios nuostatos \u0160ios Privatumo internetin\u0117je svetain\u0117je Tiekejai.eu taisykl\u0117s (toliau \u2013 Taisykl\u0117s) sudarytos siekiant u\u017etikrinti J\u016bs\u0173 (toliau \u2013 Klientas) ir internetin\u0117je svetain\u0117je Tiekejai.eu (toliau \u2013 Svetain\u0117) teises, nustatyti abiej\u0173 \u0161ali\u0173 pareigas, atsakomyb\u0119, asmens duomen\u0173 apsaugos taisykles, ir kitas su u\u017eklaus\u0173 pateikimui Svetain\u0117je susijusias nuostatas.&nbsp;Klientas pateikdamas u\u017eklaus\u0105 automati\u0161kai patvirtina, kad su \u0161iomis Taisykl\u0117mis susipa\u017eino ir su jomis&hellip; Read more\" \/>\n<meta property=\"og:url\" content=\"https:\/\/tiekejai.eu\/en\/privacy-policy\/\" \/>\n<meta property=\"og:site_name\" content=\"Tiekejai.eu\" \/>\n<meta property=\"article:publisher\" content=\"https:\/\/www.facebook.com\/tiekejai.eu\" \/>\n<meta property=\"article:modified_time\" content=\"2023-01-18T16:58:32+00:00\" \/>\n<meta name=\"twitter:card\" content=\"summary_large_image\" \/>\n<meta name=\"twitter:label1\" content=\"Est. reading time\" \/>\n\t<meta name=\"twitter:data1\" content=\"3 minutes\" \/>\n<script type=\"application\/ld+json\" class=\"yoast-schema-graph\">{\"@context\":\"https:\\\/\\\/schema.org\",\"@graph\":[{\"@type\":\"WebPage\",\"@id\":\"https:\\\/\\\/tiekejai.eu\\\/privatumo-politika\\\/\",\"url\":\"https:\\\/\\\/tiekejai.eu\\\/privatumo-politika\\\/\",\"name\":\"Privatumo politika - Tiekejai.eu\",\"isPartOf\":{\"@id\":\"https:\\\/\\\/tiekejai.eu\\\/#website\"},\"datePublished\":\"2021-11-09T17:34:09+00:00\",\"dateModified\":\"2023-01-18T16:58:32+00:00\",\"breadcrumb\":{\"@id\":\"https:\\\/\\\/tiekejai.eu\\\/privatumo-politika\\\/#breadcrumb\"},\"inLanguage\":\"en-US\",\"potentialAction\":[{\"@type\":\"ReadAction\",\"target\":[\"https:\\\/\\\/tiekejai.eu\\\/privatumo-politika\\\/\"]}]},{\"@type\":\"BreadcrumbList\",\"@id\":\"https:\\\/\\\/tiekejai.eu\\\/privatumo-politika\\\/#breadcrumb\",\"itemListElement\":[{\"@type\":\"ListItem\",\"position\":1,\"name\":\"Home\",\"item\":\"https:\\\/\\\/tiekejai.eu\\\/\"},{\"@type\":\"ListItem\",\"position\":2,\"name\":\"Privatumo politika\"}]},{\"@type\":\"WebSite\",\"@id\":\"https:\\\/\\\/tiekejai.eu\\\/#website\",\"url\":\"https:\\\/\\\/tiekejai.eu\\\/\",\"name\":\"Tiekejai.eu\",\"description\":\"\",\"publisher\":{\"@id\":\"https:\\\/\\\/tiekejai.eu\\\/#organization\"},\"potentialAction\":[{\"@type\":\"SearchAction\",\"target\":{\"@type\":\"EntryPoint\",\"urlTemplate\":\"https:\\\/\\\/tiekejai.eu\\\/?s={search_term_string}\"},\"query-input\":{\"@type\":\"PropertyValueSpecification\",\"valueRequired\":true,\"valueName\":\"search_term_string\"}}],\"inLanguage\":\"en-US\"},{\"@type\":\"Organization\",\"@id\":\"https:\\\/\\\/tiekejai.eu\\\/#organization\",\"name\":\"Tiekejai.eu | Preki\u0173 tiek\u0117j\u0173 ir gamintoj\u0173 paie\u0161ka\",\"url\":\"https:\\\/\\\/tiekejai.eu\\\/\",\"logo\":{\"@type\":\"ImageObject\",\"inLanguage\":\"en-US\",\"@id\":\"https:\\\/\\\/tiekejai.eu\\\/#\\\/schema\\\/logo\\\/image\\\/\",\"url\":\"http:\\\/\\\/tiekejai.eu\\\/wp-content\\\/uploads\\\/2021\\\/03\\\/cropped-cropped-Logo-transparent-backround-1.png\",\"contentUrl\":\"http:\\\/\\\/tiekejai.eu\\\/wp-content\\\/uploads\\\/2021\\\/03\\\/cropped-cropped-Logo-transparent-backround-1.png\",\"width\":65,\"height\":67,\"caption\":\"Tiekejai.eu | Preki\u0173 tiek\u0117j\u0173 ir gamintoj\u0173 paie\u0161ka\"},\"image\":{\"@id\":\"https:\\\/\\\/tiekejai.eu\\\/#\\\/schema\\\/logo\\\/image\\\/\"},\"sameAs\":[\"https:\\\/\\\/www.facebook.com\\\/tiekejai.eu\"]}]}<\/script>\n<!-- \/ Yoast SEO Premium plugin. -->","yoast_head_json":{"title":"Privacy Policy - Tiekejai.eu","robots":{"index":"index","follow":"follow","max-snippet":"max-snippet:-1","max-image-preview":"max-image-preview:large","max-video-preview":"max-video-preview:-1"},"canonical":"https:\/\/tiekejai.eu\/en\/privacy-policy\/","og_locale":"en_US","og_type":"article","og_title":"Privatumo politika","og_description":"Bendrosios nuostatos \u0160ios Privatumo internetin\u0117je svetain\u0117je Tiekejai.eu taisykl\u0117s (toliau \u2013 Taisykl\u0117s) sudarytos siekiant u\u017etikrinti J\u016bs\u0173 (toliau \u2013 Klientas) ir internetin\u0117je svetain\u0117je Tiekejai.eu (toliau \u2013 Svetain\u0117) teises, nustatyti abiej\u0173 \u0161ali\u0173 pareigas, atsakomyb\u0119, asmens duomen\u0173 apsaugos taisykles, ir kitas su u\u017eklaus\u0173 pateikimui Svetain\u0117je susijusias nuostatas.&nbsp;Klientas pateikdamas u\u017eklaus\u0105 automati\u0161kai patvirtina, kad su \u0161iomis Taisykl\u0117mis susipa\u017eino ir su jomis&hellip; Read more","og_url":"https:\/\/tiekejai.eu\/en\/privacy-policy\/","og_site_name":"Tiekejai.eu","article_publisher":"https:\/\/www.facebook.com\/tiekejai.eu","article_modified_time":"2023-01-18T16:58:32+00:00","twitter_card":"summary_large_image","twitter_misc":{"Est. reading time":"3 minutes"},"schema":{"@context":"https:\/\/schema.org","@graph":[{"@type":"WebPage","@id":"https:\/\/tiekejai.eu\/privatumo-politika\/","url":"https:\/\/tiekejai.eu\/privatumo-politika\/","name":"Privacy Policy - Tiekejai.eu","isPartOf":{"@id":"https:\/\/tiekejai.eu\/#website"},"datePublished":"2021-11-09T17:34:09+00:00","dateModified":"2023-01-18T16:58:32+00:00","breadcrumb":{"@id":"https:\/\/tiekejai.eu\/privatumo-politika\/#breadcrumb"},"inLanguage":"en-US","potentialAction":[{"@type":"ReadAction","target":["https:\/\/tiekejai.eu\/privatumo-politika\/"]}]},{"@type":"BreadcrumbList","@id":"https:\/\/tiekejai.eu\/privatumo-politika\/#breadcrumb","itemListElement":[{"@type":"ListItem","position":1,"name":"Home","item":"https:\/\/tiekejai.eu\/"},{"@type":"ListItem","position":2,"name":"Privatumo politika"}]},{"@type":"WebSite","@id":"https:\/\/tiekejai.eu\/#website","url":"https:\/\/tiekejai.eu\/","name":"Tiekejai.eu","description":"","publisher":{"@id":"https:\/\/tiekejai.eu\/#organization"},"potentialAction":[{"@type":"SearchAction","target":{"@type":"EntryPoint","urlTemplate":"https:\/\/tiekejai.eu\/?s={search_term_string}"},"query-input":{"@type":"PropertyValueSpecification","valueRequired":true,"valueName":"search_term_string"}}],"inLanguage":"en-US"},{"@type":"Organization","@id":"https:\/\/tiekejai.eu\/#organization","name":"tiekejai.eu | Search for suppliers and manufacturers of goods","url":"https:\/\/tiekejai.eu\/","logo":{"@type":"ImageObject","inLanguage":"en-US","@id":"https:\/\/tiekejai.eu\/#\/schema\/logo\/image\/","url":"http:\/\/tiekejai.eu\/wp-content\/uploads\/2021\/03\/cropped-cropped-Logo-transparent-backround-1.png","contentUrl":"http:\/\/tiekejai.eu\/wp-content\/uploads\/2021\/03\/cropped-cropped-Logo-transparent-backround-1.png","width":65,"height":67,"caption":"Tiekejai.eu | Preki\u0173 tiek\u0117j\u0173 ir gamintoj\u0173 paie\u0161ka"},"image":{"@id":"https:\/\/tiekejai.eu\/#\/schema\/logo\/image\/"},"sameAs":["https:\/\/www.facebook.com\/tiekejai.eu"]}]}},"_links":{"self":[{"href":"https:\/\/tiekejai.eu\/en\/wp-json\/wp\/v2\/pages\/469","targetHints":{"allow":["GET"]}}],"collection":[{"href":"https:\/\/tiekejai.eu\/en\/wp-json\/wp\/v2\/pages"}],"about":[{"href":"https:\/\/tiekejai.eu\/en\/wp-json\/wp\/v2\/types\/page"}],"author":[{"embeddable":true,"href":"https:\/\/tiekejai.eu\/en\/wp-json\/wp\/v2\/users\/1"}],"replies":[{"embeddable":true,"href":"https:\/\/tiekejai.eu\/en\/wp-json\/wp\/v2\/comments?post=469"}],"version-history":[{"count":2,"href":"https:\/\/tiekejai.eu\/en\/wp-json\/wp\/v2\/pages\/469\/revisions"}],"predecessor-version":[{"id":1017,"href":"https:\/\/tiekejai.eu\/en\/wp-json\/wp\/v2\/pages\/469\/revisions\/1017"}],"wp:attachment":[{"href":"https:\/\/tiekejai.eu\/en\/wp-json\/wp\/v2\/media?parent=469"}],"curies":[{"name":"wp","href":"https:\/\/api.w.org\/{rel}","templated":true}]}}