{"id":457,"date":"2021-11-03T19:37:42","date_gmt":"2021-11-03T21:37:42","guid":{"rendered":"http:\/\/tiekejai.eu\/?page_id=457"},"modified":"2021-11-03T19:40:47","modified_gmt":"2021-11-03T21:40:47","slug":"request","status":"publish","type":"page","link":"https:\/\/tiekejai.eu\/en\/request\/","title":{"rendered":"Enquiry"},"content":{"rendered":"<div class=\"wpforms-container wpforms-container-full\" id=\"wpforms-436\"><form id=\"wpforms-form-436\" class=\"wpforms-validate wpforms-form wpforms-ajax-form\" data-formid=\"436\" method=\"post\" enctype=\"multipart\/form-data\" action=\"\/en\/wp-json\/wp\/v2\/pages\/457\" data-token=\"41548ed71176cdd0326802006f712b98\"><noscript class=\"wpforms-error-noscript\">Please enable JavaScript in your browser to complete this form.<\/noscript><div class=\"wpforms-field-container\"><div id=\"wpforms-436-field_0-container\" class=\"wpforms-field wpforms-field-name\" data-field-id=\"0\"><label class=\"wpforms-field-label\" for=\"wpforms-436-field_0\">Vardas arba \u012fmon\u0117 <span class=\"wpforms-required-label\">*<\/span><\/label><input type=\"text\" id=\"wpforms-436-field_0\" class=\"wpforms-field-medium wpforms-field-required\" name=\"wpforms[fields][0]\" required><div class=\"wpforms-field-description\">J\u016bs\u0173 vardas arba \u012fmon\u0117s pavadinimas<\/div><\/div><div id=\"wpforms-436-field_1-container\" class=\"wpforms-field wpforms-field-email\" data-field-id=\"1\"><label class=\"wpforms-field-label\" for=\"wpforms-436-field_1\">Email <span class=\"wpforms-required-label\">*<\/span><\/label><input type=\"email\" id=\"wpforms-436-field_1\" class=\"wpforms-field-medium wpforms-field-required\" name=\"wpforms[fields][1]\" required><div class=\"wpforms-field-description\">J\u016bs\u0173 el pa\u0161to adresas<\/div><\/div><div id=\"wpforms-436-field_2-container\" class=\"wpforms-field wpforms-field-textarea\" data-field-id=\"2\"><label class=\"wpforms-field-label\" for=\"wpforms-436-field_2\">\u017dinut\u0117 <span class=\"wpforms-required-label\">*<\/span><\/label><textarea id=\"wpforms-436-field_2\" class=\"wpforms-field-medium wpforms-field-required\" name=\"wpforms[fields][2]\" required><\/textarea><div class=\"wpforms-field-description\">Nurodykite kuo daugiau informacijos, koki\u0173 preki\u0173 tiek\u0117jai ar gamintojai reikalingi, kokioje \u0161alyje ir kit\u0105 informacij\u0105.<\/div><\/div><div id=\"wpforms-436-field_3-container\" class=\"wpforms-field wpforms-field-checkbox wpforms-list-inline\" data-field-id=\"3\"><label class=\"wpforms-field-label\" for=\"wpforms-436-field_3\">Pasirinkite kokia paie\u0161ka domina <span class=\"wpforms-required-label\">*<\/span><\/label><ul id=\"wpforms-436-field_3\" class=\"wpforms-field-required wpforms-image-choices wpforms-image-choices-modern\"><li class=\"choice-1 depth-1 wpforms-image-choices-item\"><label class=\"wpforms-field-label-inline\" for=\"wpforms-436-field_3_1\" tabindex=\"0\"><input type=\"checkbox\" id=\"wpforms-436-field_3_1\" class=\"wpforms-screen-reader-element\" name=\"wpforms[fields][3][]\" value=\"Gamintojai ir OEM gamyba\" tabindex=\"-1\" required ><span class=\"wpforms-image-choices-label\">Gamintojai ir OEM gamyba<\/span><\/label><\/li><li class=\"choice-2 depth-1 wpforms-image-choices-item\"><label class=\"wpforms-field-label-inline\" for=\"wpforms-436-field_3_2\" tabindex=\"0\"><input type=\"checkbox\" id=\"wpforms-436-field_3_2\" class=\"wpforms-screen-reader-element\" name=\"wpforms[fields][3][]\" value=\"Didmenin\u0117 prekyba\" tabindex=\"-1\" required ><span class=\"wpforms-image-choices-label\">Didmenin\u0117 prekyba<\/span><\/label><\/li><li class=\"choice-3 depth-1 wpforms-image-choices-item\"><label class=\"wpforms-field-label-inline\" for=\"wpforms-436-field_3_3\" tabindex=\"0\"><input type=\"checkbox\" id=\"wpforms-436-field_3_3\" class=\"wpforms-screen-reader-element\" name=\"wpforms[fields][3][]\" value=\"Dropshippingas\" tabindex=\"-1\" required ><span class=\"wpforms-image-choices-label\">Dropshippingas<\/span><\/label><\/li><\/ul><div class=\"wpforms-field-description\">Jei neradote tinkamos kategorijos, pa\u017eym\u0117kite bet k\u0105 ir susisiekite! Rasime kompromis\u0105.<\/div><\/div><div id=\"wpforms-436-field_5-container\" class=\"wpforms-field wpforms-field-radio\" data-field-id=\"5\"><label class=\"wpforms-field-label\" for=\"wpforms-436-field_5\">Kokios prek\u0117s domina? <span class=\"wpforms-required-label\">*<\/span><\/label><ul id=\"wpforms-436-field_5\" class=\"wpforms-field-required\"><li class=\"choice-1 depth-1\"><input type=\"radio\" id=\"wpforms-436-field_5_1\" name=\"wpforms[fields][5]\" value=\"Drabu\u017eiai, avalyn\u0117\" required ><label class=\"wpforms-field-label-inline\" for=\"wpforms-436-field_5_1\">Drabu\u017eiai, avalyn\u0117<\/label><\/li><li class=\"choice-2 depth-1\"><input type=\"radio\" id=\"wpforms-436-field_5_2\" name=\"wpforms[fields][5]\" value=\"Auto moto bei j\u0173 detal\u0117s\" required ><label class=\"wpforms-field-label-inline\" for=\"wpforms-436-field_5_2\">Auto moto bei j\u0173 detal\u0117s<\/label><\/li><li class=\"choice-3 depth-1\"><input type=\"radio\" id=\"wpforms-436-field_5_3\" name=\"wpforms[fields][5]\" value=\"Maistas, d\u017eiovinti ir liofilizuoti vaisiai\" required ><label class=\"wpforms-field-label-inline\" for=\"wpforms-436-field_5_3\">Maistas, d\u017eiovinti ir liofilizuoti vaisiai<\/label><\/li><li class=\"choice-4 depth-1\"><input type=\"radio\" id=\"wpforms-436-field_5_4\" name=\"wpforms[fields][5]\" value=\"Elektronika ir mobilieji telefonai\" required ><label class=\"wpforms-field-label-inline\" for=\"wpforms-436-field_5_4\">Elektronika ir mobilieji telefonai<\/label><\/li><li class=\"choice-5 depth-1\"><input type=\"radio\" id=\"wpforms-436-field_5_5\" name=\"wpforms[fields][5]\" value=\"Sportas ir papildai, laisvalaikio prek\u0117s\" required ><label class=\"wpforms-field-label-inline\" for=\"wpforms-436-field_5_5\">Sportas ir papildai, laisvalaikio prek\u0117s<\/label><\/li><li class=\"choice-6 depth-1\"><input type=\"radio\" id=\"wpforms-436-field_5_6\" name=\"wpforms[fields][5]\" value=\"Papuo\u0161alai ir Laikrod\u017eiai\" required ><label class=\"wpforms-field-label-inline\" for=\"wpforms-436-field_5_6\">Papuo\u0161alai ir Laikrod\u017eiai<\/label><\/li><li class=\"choice-7 depth-1\"><input type=\"radio\" id=\"wpforms-436-field_5_7\" name=\"wpforms[fields][5]\" value=\"Gro\u017eio priemon\u0117s, kvepalai ir kosmetika\" required ><label class=\"wpforms-field-label-inline\" for=\"wpforms-436-field_5_7\">Gro\u017eio priemon\u0117s, kvepalai ir kosmetika<\/label><\/li><li class=\"choice-8 depth-1\"><input type=\"radio\" id=\"wpforms-436-field_5_8\" name=\"wpforms[fields][5]\" value=\"Gyv\u016bnai ir aksesuarai\" required ><label class=\"wpforms-field-label-inline\" for=\"wpforms-436-field_5_8\">Gyv\u016bnai ir aksesuarai<\/label><\/li><li class=\"choice-9 depth-1\"><input type=\"radio\" id=\"wpforms-436-field_5_9\" name=\"wpforms[fields][5]\" value=\"Apsaugos ir dezinfekcin\u0117s priemon\u0117s\" required ><label class=\"wpforms-field-label-inline\" for=\"wpforms-436-field_5_9\">Apsaugos ir dezinfekcin\u0117s priemon\u0117s<\/label><\/li><li class=\"choice-10 depth-1\"><input type=\"radio\" id=\"wpforms-436-field_5_10\" name=\"wpforms[fields][5]\" value=\"Baldai ir nam\u0173 interjeras\" required ><label class=\"wpforms-field-label-inline\" for=\"wpforms-436-field_5_10\">Baldai ir nam\u0173 interjeras<\/label><\/li><li class=\"choice-11 depth-1\"><input type=\"radio\" id=\"wpforms-436-field_5_11\" name=\"wpforms[fields][5]\" value=\"Med\u017eiagos\" required ><label class=\"wpforms-field-label-inline\" for=\"wpforms-436-field_5_11\">Med\u017eiagos<\/label><\/li><li class=\"choice-12 depth-1\"><input type=\"radio\" id=\"wpforms-436-field_5_12\" name=\"wpforms[fields][5]\" value=\"\u017daliavos\" required ><label class=\"wpforms-field-label-inline\" for=\"wpforms-436-field_5_12\">\u017daliavos<\/label><\/li><li class=\"choice-13 depth-1\"><input type=\"radio\" id=\"wpforms-436-field_5_13\" name=\"wpforms[fields][5]\" value=\"Neradau tinkamos kategorijos\" required ><label class=\"wpforms-field-label-inline\" for=\"wpforms-436-field_5_13\">Neradau tinkamos kategorijos<\/label><\/li><\/ul><div class=\"wpforms-field-description\">Pasirinkite labiausiai sau tinkama kategorij\u0105.<\/div><\/div><div id=\"wpforms-436-field_8-container\" class=\"wpforms-field wpforms-field-radio\" data-field-id=\"8\"><label class=\"wpforms-field-label\" for=\"wpforms-436-field_8\">Met\u0173 apyvarta? <span class=\"wpforms-required-label\">*<\/span><\/label><ul id=\"wpforms-436-field_8\" class=\"wpforms-field-required\"><li class=\"choice-1 depth-1\"><input type=\"radio\" id=\"wpforms-436-field_8_1\" name=\"wpforms[fields][8]\" value=\"0-10000\" required ><label class=\"wpforms-field-label-inline\" for=\"wpforms-436-field_8_1\">0-10000<\/label><\/li><li class=\"choice-2 depth-1\"><input type=\"radio\" id=\"wpforms-436-field_8_2\" name=\"wpforms[fields][8]\" value=\"10000-30000\" required ><label class=\"wpforms-field-label-inline\" for=\"wpforms-436-field_8_2\">10000-30000<\/label><\/li><li class=\"choice-3 depth-1\"><input type=\"radio\" id=\"wpforms-436-field_8_3\" name=\"wpforms[fields][8]\" value=\"30000-100000\" required ><label class=\"wpforms-field-label-inline\" for=\"wpforms-436-field_8_3\">30000-100000<\/label><\/li><li class=\"choice-4 depth-1\"><input type=\"radio\" id=\"wpforms-436-field_8_4\" name=\"wpforms[fields][8]\" value=\"100000-1000000\" required ><label class=\"wpforms-field-label-inline\" for=\"wpforms-436-field_8_4\">100000-1000000<\/label><\/li><li class=\"choice-5 depth-1\"><input type=\"radio\" id=\"wpforms-436-field_8_5\" name=\"wpforms[fields][8]\" value=\"1000000-10000000\" required ><label class=\"wpforms-field-label-inline\" for=\"wpforms-436-field_8_5\">1000000-10000000<\/label><\/li><li class=\"choice-6 depth-1\"><input type=\"radio\" id=\"wpforms-436-field_8_6\" name=\"wpforms[fields][8]\" value=\"Neradau tinkamo atsakymo\" required ><label class=\"wpforms-field-label-inline\" for=\"wpforms-436-field_8_6\">Neradau tinkamo atsakymo<\/label><\/li><\/ul><div class=\"wpforms-field-description\">Pasirinkite kokiais kiekiais planuojate pirkti i\u0161 gamintoj\u0173<\/div><\/div><\/div><div class=\"wpforms-submit-container\"><input type=\"hidden\" name=\"wpforms[id]\" value=\"436\"><input type=\"hidden\" name=\"wpforms[author]\" value=\"1\"><button type=\"submit\" name=\"wpforms[submit]\" id=\"wpforms-submit-436\" class=\"wpforms-submit\" data-alt-text=\"Siun\u010diama\" data-submit-text=\"Si\u0173sti\" aria-live=\"assertive\" value=\"wpforms-submit\">Si\u0173sti<\/button><img decoding=\"async\" src=\"https:\/\/tiekejai.eu\/wp-content\/plugins\/wpforms\/assets\/images\/submit-spin.svg\" class=\"wpforms-submit-spinner\" style=\"display: none;\" width=\"26\" height=\"26\" alt=\"Loading\"><\/div><\/form><\/div>  <!-- .wpforms-container -->","protected":false},"excerpt":{"rendered":"","protected":false},"author":1,"featured_media":0,"parent":0,"menu_order":0,"comment_status":"closed","ping_status":"closed","template":"","meta":{"_eb_attr":"","footnotes":""},"class_list":["post-457","page","type-page","status-publish","hentry"],"yoast_head":"<!-- This site is optimized with the Yoast SEO Premium plugin v23.6 (Yoast SEO v27.3) - https:\/\/yoast.com\/product\/yoast-seo-premium-wordpress\/ -->\n<title>U\u017eklausa - Tiekejai.eu<\/title>\n<meta name=\"description\" content=\"Pasirinkite kokie preki\u0173 tiek\u0117jai ar gamintojai jus domina uzpildant form\u0105 ir mes susisieksime ! Preki\u0173 tiek\u0117j\u0173 ir gamintoj\u0173 paie\u0161ka\" \/>\n<meta name=\"robots\" content=\"index, follow, max-snippet:-1, max-image-preview:large, max-video-preview:-1\" \/>\n<link rel=\"canonical\" href=\"https:\/\/tiekejai.eu\/en\/request\/\" \/>\n<meta property=\"og:locale\" content=\"en_US\" \/>\n<meta property=\"og:type\" content=\"article\" \/>\n<meta property=\"og:title\" content=\"U\u017eklausa\" \/>\n<meta property=\"og:description\" content=\"Pasirinkite kokie preki\u0173 tiek\u0117jai ar gamintojai jus domina uzpildant form\u0105 ir mes susisieksime ! Preki\u0173 tiek\u0117j\u0173 ir gamintoj\u0173 paie\u0161ka\" \/>\n<meta property=\"og:url\" content=\"https:\/\/tiekejai.eu\/en\/request\/\" \/>\n<meta property=\"og:site_name\" content=\"Tiekejai.eu\" \/>\n<meta property=\"article:publisher\" content=\"https:\/\/www.facebook.com\/tiekejai.eu\" \/>\n<meta property=\"article:modified_time\" content=\"2021-11-03T21:40:47+00:00\" \/>\n<meta name=\"twitter:card\" content=\"summary_large_image\" \/>\n<script type=\"application\/ld+json\" class=\"yoast-schema-graph\">{\"@context\":\"https:\\\/\\\/schema.org\",\"@graph\":[{\"@type\":\"WebPage\",\"@id\":\"https:\\\/\\\/tiekejai.eu\\\/uzklausa\\\/\",\"url\":\"https:\\\/\\\/tiekejai.eu\\\/uzklausa\\\/\",\"name\":\"U\u017eklausa - Tiekejai.eu\",\"isPartOf\":{\"@id\":\"https:\\\/\\\/tiekejai.eu\\\/#website\"},\"datePublished\":\"2021-11-03T21:37:42+00:00\",\"dateModified\":\"2021-11-03T21:40:47+00:00\",\"description\":\"Pasirinkite kokie preki\u0173 tiek\u0117jai ar gamintojai jus domina uzpildant form\u0105 ir mes susisieksime ! Preki\u0173 tiek\u0117j\u0173 ir gamintoj\u0173 paie\u0161ka\",\"breadcrumb\":{\"@id\":\"https:\\\/\\\/tiekejai.eu\\\/uzklausa\\\/#breadcrumb\"},\"inLanguage\":\"en-US\",\"potentialAction\":[{\"@type\":\"ReadAction\",\"target\":[\"https:\\\/\\\/tiekejai.eu\\\/uzklausa\\\/\"]}]},{\"@type\":\"BreadcrumbList\",\"@id\":\"https:\\\/\\\/tiekejai.eu\\\/uzklausa\\\/#breadcrumb\",\"itemListElement\":[{\"@type\":\"ListItem\",\"position\":1,\"name\":\"Home\",\"item\":\"https:\\\/\\\/tiekejai.eu\\\/\"},{\"@type\":\"ListItem\",\"position\":2,\"name\":\"U\u017eklausa\"}]},{\"@type\":\"WebSite\",\"@id\":\"https:\\\/\\\/tiekejai.eu\\\/#website\",\"url\":\"https:\\\/\\\/tiekejai.eu\\\/\",\"name\":\"Tiekejai.eu\",\"description\":\"\",\"publisher\":{\"@id\":\"https:\\\/\\\/tiekejai.eu\\\/#organization\"},\"potentialAction\":[{\"@type\":\"SearchAction\",\"target\":{\"@type\":\"EntryPoint\",\"urlTemplate\":\"https:\\\/\\\/tiekejai.eu\\\/?s={search_term_string}\"},\"query-input\":{\"@type\":\"PropertyValueSpecification\",\"valueRequired\":true,\"valueName\":\"search_term_string\"}}],\"inLanguage\":\"en-US\"},{\"@type\":\"Organization\",\"@id\":\"https:\\\/\\\/tiekejai.eu\\\/#organization\",\"name\":\"Tiekejai.eu | Preki\u0173 tiek\u0117j\u0173 ir gamintoj\u0173 paie\u0161ka\",\"url\":\"https:\\\/\\\/tiekejai.eu\\\/\",\"logo\":{\"@type\":\"ImageObject\",\"inLanguage\":\"en-US\",\"@id\":\"https:\\\/\\\/tiekejai.eu\\\/#\\\/schema\\\/logo\\\/image\\\/\",\"url\":\"http:\\\/\\\/tiekejai.eu\\\/wp-content\\\/uploads\\\/2021\\\/03\\\/cropped-cropped-Logo-transparent-backround-1.png\",\"contentUrl\":\"http:\\\/\\\/tiekejai.eu\\\/wp-content\\\/uploads\\\/2021\\\/03\\\/cropped-cropped-Logo-transparent-backround-1.png\",\"width\":65,\"height\":67,\"caption\":\"Tiekejai.eu | Preki\u0173 tiek\u0117j\u0173 ir gamintoj\u0173 paie\u0161ka\"},\"image\":{\"@id\":\"https:\\\/\\\/tiekejai.eu\\\/#\\\/schema\\\/logo\\\/image\\\/\"},\"sameAs\":[\"https:\\\/\\\/www.facebook.com\\\/tiekejai.eu\"]}]}<\/script>\n<!-- \/ Yoast SEO Premium plugin. -->","yoast_head_json":{"title":"Enquiry - Tiekejai.eu","description":"Please choose which suppliers or manufacturers you are interested in by filling in the form and we will contact you ! Search for suppliers and manufacturers","robots":{"index":"index","follow":"follow","max-snippet":"max-snippet:-1","max-image-preview":"max-image-preview:large","max-video-preview":"max-video-preview:-1"},"canonical":"https:\/\/tiekejai.eu\/en\/request\/","og_locale":"en_US","og_type":"article","og_title":"U\u017eklausa","og_description":"Pasirinkite kokie preki\u0173 tiek\u0117jai ar gamintojai jus domina uzpildant form\u0105 ir mes susisieksime ! Preki\u0173 tiek\u0117j\u0173 ir gamintoj\u0173 paie\u0161ka","og_url":"https:\/\/tiekejai.eu\/en\/request\/","og_site_name":"Tiekejai.eu","article_publisher":"https:\/\/www.facebook.com\/tiekejai.eu","article_modified_time":"2021-11-03T21:40:47+00:00","twitter_card":"summary_large_image","schema":{"@context":"https:\/\/schema.org","@graph":[{"@type":"WebPage","@id":"https:\/\/tiekejai.eu\/uzklausa\/","url":"https:\/\/tiekejai.eu\/uzklausa\/","name":"Enquiry - Tiekejai.eu","isPartOf":{"@id":"https:\/\/tiekejai.eu\/#website"},"datePublished":"2021-11-03T21:37:42+00:00","dateModified":"2021-11-03T21:40:47+00:00","description":"Please choose which suppliers or manufacturers you are interested in by filling in the form and we will contact you ! Search for suppliers and manufacturers","breadcrumb":{"@id":"https:\/\/tiekejai.eu\/uzklausa\/#breadcrumb"},"inLanguage":"en-US","potentialAction":[{"@type":"ReadAction","target":["https:\/\/tiekejai.eu\/uzklausa\/"]}]},{"@type":"BreadcrumbList","@id":"https:\/\/tiekejai.eu\/uzklausa\/#breadcrumb","itemListElement":[{"@type":"ListItem","position":1,"name":"Home","item":"https:\/\/tiekejai.eu\/"},{"@type":"ListItem","position":2,"name":"U\u017eklausa"}]},{"@type":"WebSite","@id":"https:\/\/tiekejai.eu\/#website","url":"https:\/\/tiekejai.eu\/","name":"Tiekejai.eu","description":"","publisher":{"@id":"https:\/\/tiekejai.eu\/#organization"},"potentialAction":[{"@type":"SearchAction","target":{"@type":"EntryPoint","urlTemplate":"https:\/\/tiekejai.eu\/?s={search_term_string}"},"query-input":{"@type":"PropertyValueSpecification","valueRequired":true,"valueName":"search_term_string"}}],"inLanguage":"en-US"},{"@type":"Organization","@id":"https:\/\/tiekejai.eu\/#organization","name":"tiekejai.eu | Search for suppliers and manufacturers of goods","url":"https:\/\/tiekejai.eu\/","logo":{"@type":"ImageObject","inLanguage":"en-US","@id":"https:\/\/tiekejai.eu\/#\/schema\/logo\/image\/","url":"http:\/\/tiekejai.eu\/wp-content\/uploads\/2021\/03\/cropped-cropped-Logo-transparent-backround-1.png","contentUrl":"http:\/\/tiekejai.eu\/wp-content\/uploads\/2021\/03\/cropped-cropped-Logo-transparent-backround-1.png","width":65,"height":67,"caption":"Tiekejai.eu | Preki\u0173 tiek\u0117j\u0173 ir gamintoj\u0173 paie\u0161ka"},"image":{"@id":"https:\/\/tiekejai.eu\/#\/schema\/logo\/image\/"},"sameAs":["https:\/\/www.facebook.com\/tiekejai.eu"]}]}},"_links":{"self":[{"href":"https:\/\/tiekejai.eu\/en\/wp-json\/wp\/v2\/pages\/457","targetHints":{"allow":["GET"]}}],"collection":[{"href":"https:\/\/tiekejai.eu\/en\/wp-json\/wp\/v2\/pages"}],"about":[{"href":"https:\/\/tiekejai.eu\/en\/wp-json\/wp\/v2\/types\/page"}],"author":[{"embeddable":true,"href":"https:\/\/tiekejai.eu\/en\/wp-json\/wp\/v2\/users\/1"}],"replies":[{"embeddable":true,"href":"https:\/\/tiekejai.eu\/en\/wp-json\/wp\/v2\/comments?post=457"}],"version-history":[{"count":1,"href":"https:\/\/tiekejai.eu\/en\/wp-json\/wp\/v2\/pages\/457\/revisions"}],"predecessor-version":[{"id":458,"href":"https:\/\/tiekejai.eu\/en\/wp-json\/wp\/v2\/pages\/457\/revisions\/458"}],"wp:attachment":[{"href":"https:\/\/tiekejai.eu\/en\/wp-json\/wp\/v2\/media?parent=457"}],"curies":[{"name":"wp","href":"https:\/\/api.w.org\/{rel}","templated":true}]}}